{"id":111147,"date":"2025-03-12T13:47:31","date_gmt":"2025-03-12T17:47:31","guid":{"rendered":"https:\/\/liberchem.com\/?post_type=product&#038;p=111147"},"modified":"2025-06-01T14:06:52","modified_gmt":"2025-06-01T18:06:52","slug":"acide-tornade","status":"publish","type":"product","link":"https:\/\/liberchem.com\/en\/produits\/acide-tornade\/","title":{"rendered":"ACIDE TORNADE"},"content":{"rendered":"","protected":false},"excerpt":{"rendered":"<p class=\"p2\"><b>ACID CLEANER FOR IRON AND MANGANESE-MINERAL DEPOSITS <\/b><b><\/b><\/p>\n<p class=\"p3\">Designed to clean dairy equipment. Phosphoric and nitric acid based acid to remove iron and complex mineral deposits such as manganese. Concentration of 30 ml per 37 L of water (1 oz per 10 gal).<\/p>","protected":false},"featured_media":112577,"template":"","meta":{"_acf_changed":false},"product_brand":[],"product_cat":[138],"product_tag":[155,159,158,191],"class_list":{"0":"post-111147","1":"product","2":"type-product","3":"status-publish","4":"has-post-thumbnail","6":"product_cat-ferme-laitiere","7":"product_tag-concentre","8":"product_tag-depot-manganese-et-mineraux","9":"product_tag-eau-dure","10":"product_tag-ferme-traditionnel","11":"pa_categorie-acides","12":"pa_format-1040l","13":"pa_format-200l","14":"pa_format-20l","15":"pa_format-55l","17":"first","18":"instock","19":"taxable","20":"shipping-taxable","21":"purchasable","22":"product-type-variable"},"acf":[],"yoast_head":"<!-- This site is optimized with the Yoast SEO plugin v27.3 - https:\/\/yoast.com\/product\/yoast-seo-wordpress\/ -->\n<title>ACIDE TORNADE - Liberchem<\/title>\n<meta name=\"description\" content=\"D\u00e9couvrez notre nettoyant acide pour d\u00e9p\u00f4t de fer et mangan\u00e8se-min\u00e9raux, efficace pour nettoyer les \u00e9quipements laitiers avec une concentration de 30 ml pour 37 L d\u2019eau.\" \/>\n<meta name=\"robots\" content=\"index, follow, max-snippet:-1, max-image-preview:large, max-video-preview:-1\" \/>\n<link rel=\"canonical\" href=\"https:\/\/liberchem.com\/en\/products\/acide-tornade\/\" \/>\n<meta property=\"og:locale\" content=\"en_US\" \/>\n<meta property=\"og:type\" content=\"article\" \/>\n<meta property=\"og:title\" content=\"ACIDE TORNADE - Liberchem\" \/>\n<meta property=\"og:description\" content=\"D\u00e9couvrez notre nettoyant acide pour d\u00e9p\u00f4t de fer et mangan\u00e8se-min\u00e9raux, efficace pour nettoyer les \u00e9quipements laitiers avec une concentration de 30 ml pour 37 L d\u2019eau.\" \/>\n<meta property=\"og:url\" content=\"https:\/\/liberchem.com\/en\/products\/acide-tornade\/\" \/>\n<meta property=\"og:site_name\" content=\"Liberchem\" \/>\n<meta property=\"article:modified_time\" content=\"2025-06-01T18:06:52+00:00\" \/>\n<meta property=\"og:image\" content=\"https:\/\/liberchem.com\/wp-content\/uploads\/2025\/04\/Acide-Tornade_20L.jpg\" \/>\n\t<meta property=\"og:image:width\" content=\"1100\" \/>\n\t<meta property=\"og:image:height\" content=\"1422\" \/>\n\t<meta property=\"og:image:type\" content=\"image\/jpeg\" \/>\n<meta name=\"twitter:card\" content=\"summary_large_image\" \/>\n<meta name=\"twitter:label1\" content=\"Est. reading time\" \/>\n\t<meta name=\"twitter:data1\" content=\"1 minute\" \/>\n<script type=\"application\/ld+json\" class=\"yoast-schema-graph\">{\"@context\":\"https:\\\/\\\/schema.org\",\"@graph\":[{\"@type\":\"WebPage\",\"@id\":\"https:\\\/\\\/liberchem.com\\\/produits\\\/acide-tornade\\\/\",\"url\":\"https:\\\/\\\/liberchem.com\\\/produits\\\/acide-tornade\\\/\",\"name\":\"ACIDE TORNADE - Liberchem\",\"isPartOf\":{\"@id\":\"https:\\\/\\\/liberchem.com\\\/#website\"},\"primaryImageOfPage\":{\"@id\":\"https:\\\/\\\/liberchem.com\\\/produits\\\/acide-tornade\\\/#primaryimage\"},\"image\":{\"@id\":\"https:\\\/\\\/liberchem.com\\\/produits\\\/acide-tornade\\\/#primaryimage\"},\"thumbnailUrl\":\"https:\\\/\\\/liberchem.com\\\/wp-content\\\/uploads\\\/2025\\\/04\\\/Acide-Tornade_20L.jpg\",\"datePublished\":\"2025-03-12T17:47:31+00:00\",\"dateModified\":\"2025-06-01T18:06:52+00:00\",\"description\":\"D\u00e9couvrez notre nettoyant acide pour d\u00e9p\u00f4t de fer et mangan\u00e8se-min\u00e9raux, efficace pour nettoyer les \u00e9quipements laitiers avec une concentration de 30 ml pour 37 L d\u2019eau.\",\"breadcrumb\":{\"@id\":\"https:\\\/\\\/liberchem.com\\\/produits\\\/acide-tornade\\\/#breadcrumb\"},\"inLanguage\":\"en-CA\",\"potentialAction\":[{\"@type\":\"ReadAction\",\"target\":[\"https:\\\/\\\/liberchem.com\\\/produits\\\/acide-tornade\\\/\"]}]},{\"@type\":\"ImageObject\",\"inLanguage\":\"en-CA\",\"@id\":\"https:\\\/\\\/liberchem.com\\\/produits\\\/acide-tornade\\\/#primaryimage\",\"url\":\"https:\\\/\\\/liberchem.com\\\/wp-content\\\/uploads\\\/2025\\\/04\\\/Acide-Tornade_20L.jpg\",\"contentUrl\":\"https:\\\/\\\/liberchem.com\\\/wp-content\\\/uploads\\\/2025\\\/04\\\/Acide-Tornade_20L.jpg\",\"width\":1100,\"height\":1422},{\"@type\":\"BreadcrumbList\",\"@id\":\"https:\\\/\\\/liberchem.com\\\/produits\\\/acide-tornade\\\/#breadcrumb\",\"itemListElement\":[{\"@type\":\"ListItem\",\"position\":1,\"name\":\"Accueil\",\"item\":\"https:\\\/\\\/liberchem.com\\\/\"},{\"@type\":\"ListItem\",\"position\":2,\"name\":\"Produits\",\"item\":\"https:\\\/\\\/liberchem.com\\\/produits\\\/\"},{\"@type\":\"ListItem\",\"position\":3,\"name\":\"ACIDE TORNADE\"}]},{\"@type\":\"WebSite\",\"@id\":\"https:\\\/\\\/liberchem.com\\\/#website\",\"url\":\"https:\\\/\\\/liberchem.com\\\/\",\"name\":\"Liberchem\",\"description\":\"Entreprise de produits chimiques\",\"potentialAction\":[{\"@type\":\"SearchAction\",\"target\":{\"@type\":\"EntryPoint\",\"urlTemplate\":\"https:\\\/\\\/liberchem.com\\\/?s={search_term_string}\"},\"query-input\":{\"@type\":\"PropertyValueSpecification\",\"valueRequired\":true,\"valueName\":\"search_term_string\"}}],\"inLanguage\":\"en-CA\"}]}<\/script>\n<!-- \/ Yoast SEO plugin. -->","yoast_head_json":{"title":"TORNADO ACID - Liberchem","description":"Discover our acid cleaner for iron and manganese-mineral deposits, effective for cleaning dairy equipment with a concentration of 30 ml per 37 L of water.","robots":{"index":"index","follow":"follow","max-snippet":"max-snippet:-1","max-image-preview":"max-image-preview:large","max-video-preview":"max-video-preview:-1"},"canonical":"https:\/\/liberchem.com\/en\/products\/acide-tornade\/","og_locale":"en_US","og_type":"article","og_title":"ACIDE TORNADE - Liberchem","og_description":"D\u00e9couvrez notre nettoyant acide pour d\u00e9p\u00f4t de fer et mangan\u00e8se-min\u00e9raux, efficace pour nettoyer les \u00e9quipements laitiers avec une concentration de 30 ml pour 37 L d\u2019eau.","og_url":"https:\/\/liberchem.com\/en\/products\/acide-tornade\/","og_site_name":"Liberchem","article_modified_time":"2025-06-01T18:06:52+00:00","og_image":[{"width":1100,"height":1422,"url":"https:\/\/liberchem.com\/wp-content\/uploads\/2025\/04\/Acide-Tornade_20L.jpg","type":"image\/jpeg"}],"twitter_card":"summary_large_image","twitter_misc":{"Est. reading time":"1 minute"},"schema":{"@context":"https:\/\/schema.org","@graph":[{"@type":"WebPage","@id":"https:\/\/liberchem.com\/produits\/acide-tornade\/","url":"https:\/\/liberchem.com\/produits\/acide-tornade\/","name":"TORNADO ACID - Liberchem","isPartOf":{"@id":"https:\/\/liberchem.com\/#website"},"primaryImageOfPage":{"@id":"https:\/\/liberchem.com\/produits\/acide-tornade\/#primaryimage"},"image":{"@id":"https:\/\/liberchem.com\/produits\/acide-tornade\/#primaryimage"},"thumbnailUrl":"https:\/\/liberchem.com\/wp-content\/uploads\/2025\/04\/Acide-Tornade_20L.jpg","datePublished":"2025-03-12T17:47:31+00:00","dateModified":"2025-06-01T18:06:52+00:00","description":"Discover our acid cleaner for iron and manganese-mineral deposits, effective for cleaning dairy equipment with a concentration of 30 ml per 37 L of water.","breadcrumb":{"@id":"https:\/\/liberchem.com\/produits\/acide-tornade\/#breadcrumb"},"inLanguage":"en-CA","potentialAction":[{"@type":"ReadAction","target":["https:\/\/liberchem.com\/produits\/acide-tornade\/"]}]},{"@type":"ImageObject","inLanguage":"en-CA","@id":"https:\/\/liberchem.com\/produits\/acide-tornade\/#primaryimage","url":"https:\/\/liberchem.com\/wp-content\/uploads\/2025\/04\/Acide-Tornade_20L.jpg","contentUrl":"https:\/\/liberchem.com\/wp-content\/uploads\/2025\/04\/Acide-Tornade_20L.jpg","width":1100,"height":1422},{"@type":"BreadcrumbList","@id":"https:\/\/liberchem.com\/produits\/acide-tornade\/#breadcrumb","itemListElement":[{"@type":"ListItem","position":1,"name":"Accueil","item":"https:\/\/liberchem.com\/"},{"@type":"ListItem","position":2,"name":"Produits","item":"https:\/\/liberchem.com\/produits\/"},{"@type":"ListItem","position":3,"name":"ACIDE TORNADE"}]},{"@type":"WebSite","@id":"https:\/\/liberchem.com\/#website","url":"https:\/\/liberchem.com\/","name":"Liberchem","description":"Chemical company","potentialAction":[{"@type":"SearchAction","target":{"@type":"EntryPoint","urlTemplate":"https:\/\/liberchem.com\/?s={search_term_string}"},"query-input":{"@type":"PropertyValueSpecification","valueRequired":true,"valueName":"search_term_string"}}],"inLanguage":"en-CA"}]}},"_links":{"self":[{"href":"https:\/\/liberchem.com\/en\/wp-json\/wp\/v2\/product\/111147","targetHints":{"allow":["GET"]}}],"collection":[{"href":"https:\/\/liberchem.com\/en\/wp-json\/wp\/v2\/product"}],"about":[{"href":"https:\/\/liberchem.com\/en\/wp-json\/wp\/v2\/types\/product"}],"wp:featuredmedia":[{"embeddable":true,"href":"https:\/\/liberchem.com\/en\/wp-json\/wp\/v2\/media\/112577"}],"wp:attachment":[{"href":"https:\/\/liberchem.com\/en\/wp-json\/wp\/v2\/media?parent=111147"}],"wp:term":[{"taxonomy":"product_brand","embeddable":true,"href":"https:\/\/liberchem.com\/en\/wp-json\/wp\/v2\/product_brand?post=111147"},{"taxonomy":"product_cat","embeddable":true,"href":"https:\/\/liberchem.com\/en\/wp-json\/wp\/v2\/product_cat?post=111147"},{"taxonomy":"product_tag","embeddable":true,"href":"https:\/\/liberchem.com\/en\/wp-json\/wp\/v2\/product_tag?post=111147"}],"curies":[{"name":"wp","href":"https:\/\/api.w.org\/{rel}","templated":true}]}}