{"id":111197,"date":"2025-03-14T13:19:08","date_gmt":"2025-03-14T17:19:08","guid":{"rendered":"https:\/\/liberchem.com\/?post_type=product&#038;p=111197"},"modified":"2025-10-06T10:09:32","modified_gmt":"2025-10-06T14:09:32","slug":"hoof-pro-green-rtu","status":"publish","type":"product","link":"https:\/\/liberchem.com\/en\/produits\/hoof-pro-green-rtu\/","title":{"rendered":"HOOF PRO GREEN RTU"},"content":{"rendered":"","protected":false},"excerpt":{"rendered":"<p class=\"p1\"><i>EFFECTIVE FOOT BATH, GOOD FOR YOUR<\/i><\/p>\n<p class=\"p1\"><i>COWS, FOR YOU AND THE ENVIRONMENT<\/i><\/p>\n<p class=\"p1\"><span class=\"s1\">Liberchem is taking up the challenge by offering you a foot bath, composed of a formula based on essential oils, a bactericide and a natural fungicide without using formaldehyde and copper sulfate. <b>BENEFITS : <\/b><\/span>\u2022 Non-toxic, non-corrosive, safe to handle for the environment and the user. \u2022 Contains complex broad-spectrum fungicides and bactericides. \u2022 Effective against spirochete bacteria which are one of the causes of digital dermatitis. \u2022 Prevents contagion and spread in your herd. \u2022 Fights infections and helps wounds heal.<\/p>\n<p>THIS SOLUTION IS SUITABLE FOR DIRECT APPLICATION WITH AN AUTOMATIC OR MANUAL SPRAY SYSTEM, DEPENDING ON THE QUANTITY DELIVERED AND THE DIRT OF THE PAWS.<\/p>","protected":false},"featured_media":112600,"template":"","meta":{"_acf_changed":false},"product_brand":[200,215,209,207,213,219,217,211,221,205],"product_cat":[138],"product_tag":[167],"class_list":{"0":"post-111197","1":"product","2":"type-product","3":"status-publish","4":"has-post-thumbnail","6":"product_brand-agro-2","7":"product_brand-archway-dairy-solution-2","8":"product_brand-beaudry-estrie-2","9":"product_brand-beaudry-morin-2","10":"product_brand-depanneur-agricole-2","11":"product_brand-distribution-jp-service-2","12":"product_brand-dubreuil-equipements-2","13":"product_brand-dundas-2","14":"product_brand-equipements-eric-grondin-2","15":"product_brand-jolco-2","16":"product_cat-ferme-laitiere","17":"product_tag-produit-ecologique","18":"pa_categorie-soin-des-pattes","19":"pa_format-1040l","20":"pa_format-200l","21":"pa_format-20l","22":"pa_format-55l","24":"first","25":"instock","26":"taxable","27":"shipping-taxable","28":"purchasable","29":"product-type-variable"},"acf":[],"yoast_head":"<!-- This site is optimized with the Yoast SEO plugin v27.5 - https:\/\/yoast.com\/product\/yoast-seo-wordpress\/ -->\n<title>HOOF PRO GREEN RTU - Liberchem<\/title>\n<meta name=\"description\" content=\"D\u00e9couvrez notre bain de pieds \u00e0 base d&#039;huiles essentielles, un traitement non-toxique et efficace contre les infections et les bact\u00e9ries.\" \/>\n<meta name=\"robots\" content=\"index, follow, max-snippet:-1, max-image-preview:large, max-video-preview:-1\" \/>\n<link rel=\"canonical\" href=\"https:\/\/liberchem.com\/en\/products\/hoof-pro-green-rtu\/\" \/>\n<meta property=\"og:locale\" content=\"en_US\" \/>\n<meta property=\"og:type\" content=\"article\" \/>\n<meta property=\"og:title\" content=\"HOOF PRO GREEN RTU - Liberchem\" \/>\n<meta property=\"og:description\" content=\"D\u00e9couvrez notre bain de pieds \u00e0 base d&#039;huiles essentielles, un traitement non-toxique et efficace contre les infections et les bact\u00e9ries.\" \/>\n<meta property=\"og:url\" content=\"https:\/\/liberchem.com\/en\/products\/hoof-pro-green-rtu\/\" \/>\n<meta property=\"og:site_name\" content=\"Liberchem\" \/>\n<meta property=\"article:modified_time\" content=\"2025-10-06T14:09:32+00:00\" \/>\n<meta property=\"og:image\" content=\"https:\/\/liberchem.com\/wp-content\/uploads\/2025\/04\/HOOF-Pro-green-rtu_55L.jpg\" \/>\n\t<meta property=\"og:image:width\" content=\"1500\" \/>\n\t<meta property=\"og:image:height\" content=\"1500\" \/>\n\t<meta property=\"og:image:type\" content=\"image\/jpeg\" \/>\n<meta name=\"twitter:card\" content=\"summary_large_image\" \/>\n<meta name=\"twitter:label1\" content=\"Est. reading time\" \/>\n\t<meta name=\"twitter:data1\" content=\"1 minute\" \/>\n<script type=\"application\/ld+json\" class=\"yoast-schema-graph\">{\"@context\":\"https:\\\/\\\/schema.org\",\"@graph\":[{\"@type\":\"WebPage\",\"@id\":\"https:\\\/\\\/liberchem.com\\\/produits\\\/hoof-pro-green-rtu\\\/\",\"url\":\"https:\\\/\\\/liberchem.com\\\/produits\\\/hoof-pro-green-rtu\\\/\",\"name\":\"HOOF PRO GREEN RTU - Liberchem\",\"isPartOf\":{\"@id\":\"https:\\\/\\\/liberchem.com\\\/#website\"},\"primaryImageOfPage\":{\"@id\":\"https:\\\/\\\/liberchem.com\\\/produits\\\/hoof-pro-green-rtu\\\/#primaryimage\"},\"image\":{\"@id\":\"https:\\\/\\\/liberchem.com\\\/produits\\\/hoof-pro-green-rtu\\\/#primaryimage\"},\"thumbnailUrl\":\"https:\\\/\\\/liberchem.com\\\/wp-content\\\/uploads\\\/2025\\\/04\\\/HOOF-Pro-green-rtu_55L.jpg\",\"datePublished\":\"2025-03-14T17:19:08+00:00\",\"dateModified\":\"2025-10-06T14:09:32+00:00\",\"description\":\"D\u00e9couvrez notre bain de pieds \u00e0 base d'huiles essentielles, un traitement non-toxique et efficace contre les infections et les bact\u00e9ries.\",\"breadcrumb\":{\"@id\":\"https:\\\/\\\/liberchem.com\\\/produits\\\/hoof-pro-green-rtu\\\/#breadcrumb\"},\"inLanguage\":\"en-CA\",\"potentialAction\":[{\"@type\":\"ReadAction\",\"target\":[\"https:\\\/\\\/liberchem.com\\\/produits\\\/hoof-pro-green-rtu\\\/\"]}]},{\"@type\":\"ImageObject\",\"inLanguage\":\"en-CA\",\"@id\":\"https:\\\/\\\/liberchem.com\\\/produits\\\/hoof-pro-green-rtu\\\/#primaryimage\",\"url\":\"https:\\\/\\\/liberchem.com\\\/wp-content\\\/uploads\\\/2025\\\/04\\\/HOOF-Pro-green-rtu_55L.jpg\",\"contentUrl\":\"https:\\\/\\\/liberchem.com\\\/wp-content\\\/uploads\\\/2025\\\/04\\\/HOOF-Pro-green-rtu_55L.jpg\",\"width\":1500,\"height\":1500},{\"@type\":\"BreadcrumbList\",\"@id\":\"https:\\\/\\\/liberchem.com\\\/produits\\\/hoof-pro-green-rtu\\\/#breadcrumb\",\"itemListElement\":[{\"@type\":\"ListItem\",\"position\":1,\"name\":\"Accueil\",\"item\":\"https:\\\/\\\/liberchem.com\\\/\"},{\"@type\":\"ListItem\",\"position\":2,\"name\":\"Produits\",\"item\":\"https:\\\/\\\/liberchem.com\\\/produits\\\/\"},{\"@type\":\"ListItem\",\"position\":3,\"name\":\"HOOF PRO GREEN RTU\"}]},{\"@type\":\"WebSite\",\"@id\":\"https:\\\/\\\/liberchem.com\\\/#website\",\"url\":\"https:\\\/\\\/liberchem.com\\\/\",\"name\":\"Liberchem\",\"description\":\"Entreprise de produits chimiques\",\"potentialAction\":[{\"@type\":\"SearchAction\",\"target\":{\"@type\":\"EntryPoint\",\"urlTemplate\":\"https:\\\/\\\/liberchem.com\\\/?s={search_term_string}\"},\"query-input\":{\"@type\":\"PropertyValueSpecification\",\"valueRequired\":true,\"valueName\":\"search_term_string\"}}],\"inLanguage\":\"en-CA\"}]}<\/script>\n<!-- \/ Yoast SEO plugin. -->","yoast_head_json":{"title":"HOOF PRO GREEN RTU - Liberchem","description":"Discover our essential oil foot bath, a non-toxic and effective treatment against infections and bacteria.","robots":{"index":"index","follow":"follow","max-snippet":"max-snippet:-1","max-image-preview":"max-image-preview:large","max-video-preview":"max-video-preview:-1"},"canonical":"https:\/\/liberchem.com\/en\/products\/hoof-pro-green-rtu\/","og_locale":"en_US","og_type":"article","og_title":"HOOF PRO GREEN RTU - Liberchem","og_description":"D\u00e9couvrez notre bain de pieds \u00e0 base d'huiles essentielles, un traitement non-toxique et efficace contre les infections et les bact\u00e9ries.","og_url":"https:\/\/liberchem.com\/en\/products\/hoof-pro-green-rtu\/","og_site_name":"Liberchem","article_modified_time":"2025-10-06T14:09:32+00:00","og_image":[{"width":1500,"height":1500,"url":"https:\/\/liberchem.com\/wp-content\/uploads\/2025\/04\/HOOF-Pro-green-rtu_55L.jpg","type":"image\/jpeg"}],"twitter_card":"summary_large_image","twitter_misc":{"Est. reading time":"1 minute"},"schema":{"@context":"https:\/\/schema.org","@graph":[{"@type":"WebPage","@id":"https:\/\/liberchem.com\/produits\/hoof-pro-green-rtu\/","url":"https:\/\/liberchem.com\/produits\/hoof-pro-green-rtu\/","name":"HOOF PRO GREEN RTU - Liberchem","isPartOf":{"@id":"https:\/\/liberchem.com\/#website"},"primaryImageOfPage":{"@id":"https:\/\/liberchem.com\/produits\/hoof-pro-green-rtu\/#primaryimage"},"image":{"@id":"https:\/\/liberchem.com\/produits\/hoof-pro-green-rtu\/#primaryimage"},"thumbnailUrl":"https:\/\/liberchem.com\/wp-content\/uploads\/2025\/04\/HOOF-Pro-green-rtu_55L.jpg","datePublished":"2025-03-14T17:19:08+00:00","dateModified":"2025-10-06T14:09:32+00:00","description":"Discover our essential oil foot bath, a non-toxic and effective treatment against infections and bacteria.","breadcrumb":{"@id":"https:\/\/liberchem.com\/produits\/hoof-pro-green-rtu\/#breadcrumb"},"inLanguage":"en-CA","potentialAction":[{"@type":"ReadAction","target":["https:\/\/liberchem.com\/produits\/hoof-pro-green-rtu\/"]}]},{"@type":"ImageObject","inLanguage":"en-CA","@id":"https:\/\/liberchem.com\/produits\/hoof-pro-green-rtu\/#primaryimage","url":"https:\/\/liberchem.com\/wp-content\/uploads\/2025\/04\/HOOF-Pro-green-rtu_55L.jpg","contentUrl":"https:\/\/liberchem.com\/wp-content\/uploads\/2025\/04\/HOOF-Pro-green-rtu_55L.jpg","width":1500,"height":1500},{"@type":"BreadcrumbList","@id":"https:\/\/liberchem.com\/produits\/hoof-pro-green-rtu\/#breadcrumb","itemListElement":[{"@type":"ListItem","position":1,"name":"Accueil","item":"https:\/\/liberchem.com\/"},{"@type":"ListItem","position":2,"name":"Produits","item":"https:\/\/liberchem.com\/produits\/"},{"@type":"ListItem","position":3,"name":"HOOF PRO GREEN RTU"}]},{"@type":"WebSite","@id":"https:\/\/liberchem.com\/#website","url":"https:\/\/liberchem.com\/","name":"Liberchem","description":"Chemical company","potentialAction":[{"@type":"SearchAction","target":{"@type":"EntryPoint","urlTemplate":"https:\/\/liberchem.com\/?s={search_term_string}"},"query-input":{"@type":"PropertyValueSpecification","valueRequired":true,"valueName":"search_term_string"}}],"inLanguage":"en-CA"}]}},"_links":{"self":[{"href":"https:\/\/liberchem.com\/en\/wp-json\/wp\/v2\/product\/111197","targetHints":{"allow":["GET"]}}],"collection":[{"href":"https:\/\/liberchem.com\/en\/wp-json\/wp\/v2\/product"}],"about":[{"href":"https:\/\/liberchem.com\/en\/wp-json\/wp\/v2\/types\/product"}],"wp:featuredmedia":[{"embeddable":true,"href":"https:\/\/liberchem.com\/en\/wp-json\/wp\/v2\/media\/112600"}],"wp:attachment":[{"href":"https:\/\/liberchem.com\/en\/wp-json\/wp\/v2\/media?parent=111197"}],"wp:term":[{"taxonomy":"product_brand","embeddable":true,"href":"https:\/\/liberchem.com\/en\/wp-json\/wp\/v2\/product_brand?post=111197"},{"taxonomy":"product_cat","embeddable":true,"href":"https:\/\/liberchem.com\/en\/wp-json\/wp\/v2\/product_cat?post=111197"},{"taxonomy":"product_tag","embeddable":true,"href":"https:\/\/liberchem.com\/en\/wp-json\/wp\/v2\/product_tag?post=111197"}],"curies":[{"name":"wp","href":"https:\/\/api.w.org\/{rel}","templated":true}]}}