{"id":111211,"date":"2025-03-17T13:50:07","date_gmt":"2025-03-17T17:50:07","guid":{"rendered":"https:\/\/liberchem.com\/?post_type=product&#038;p=111211"},"modified":"2025-09-03T15:44:34","modified_gmt":"2025-09-03T19:44:34","slug":"lingette-marathon","status":"publish","type":"product","link":"https:\/\/liberchem.com\/en\/produits\/lingette-marathon\/","title":{"rendered":"MARATHON WIPE LC-6401"},"content":{"rendered":"","protected":false},"excerpt":{"rendered":"<p class=\"p1\"><b>THE ONE-STEP SOLUTION! <\/b><b><\/b><\/p>\n<p class=\"p1\">MARATHON LC-6401 are antiseptic-soaked teat wipes for preparing teats before milking. By reducing the bacterial population on the teats, they help prevent and control mastitis in dairy cows.<\/p>\n<p class=\"p1\">The ingredients used to soak MARATHON LC-6401 wipes dry quickly and do not require the use of a paper towel to dry the teats before applying the milking machine. Emollients provide softness to the teat skin and prevent chapping.<\/p>\n<p class=\"p1\">Fast-acting disinfection. No residue in milk.<\/p>\n<p class=\"p1\"><b>ACTIVE INGREDIENTS: <\/b><b><\/b><\/p>\n<p class=\"p2\">Chlorhexidine acetate 0.002% w\/v, ethanol 50 % w\/v, lanolin 2 % w\/v.<\/p>\n<p class=\"p1\"><b>DIN: <\/b><b><\/b><\/p>\n<p class=\"p2\">02355574<\/p>","protected":false},"featured_media":111207,"template":"","meta":{"_acf_changed":false},"product_brand":[199],"product_cat":[138],"product_tag":[141,191],"class_list":{"0":"post-111211","1":"product","2":"type-product","3":"status-publish","4":"has-post-thumbnail","6":"product_brand-agro","7":"product_cat-ferme-laitiere","8":"product_tag-economique","9":"product_tag-ferme-traditionnel","10":"pa_categorie-lave-pis","11":"pa_format-2-x-1200","13":"first","14":"instock","15":"taxable","16":"shipping-taxable","17":"purchasable","18":"product-type-variable"},"acf":[],"yoast_head":"<!-- This site is optimized with the Yoast SEO plugin v27.5 - https:\/\/yoast.com\/product\/yoast-seo-wordpress\/ -->\n<title>LINGETTE MARATHON LC-6401 - Liberchem<\/title>\n<meta name=\"description\" content=\"Lavettes antiseptiques MARATHON LC-6401 pour la pr\u00e9vention des mammites, d\u00e9sinfection rapide et sans r\u00e9sidu, pr\u00e9servent la peau des trayons.\" \/>\n<meta name=\"robots\" content=\"index, follow, max-snippet:-1, max-image-preview:large, max-video-preview:-1\" \/>\n<link rel=\"canonical\" href=\"https:\/\/liberchem.com\/en\/products\/lingette-marathon\/\" \/>\n<meta property=\"og:locale\" content=\"en_US\" \/>\n<meta property=\"og:type\" content=\"article\" \/>\n<meta property=\"og:title\" content=\"Lingettes Marathon LC-6401 - Liberchem\" \/>\n<meta property=\"og:description\" content=\"Lingettes imbib\u00e9es d\u2019antiseptique pour pr\u00e9parer les trayons avant la traite.\" \/>\n<meta property=\"og:url\" content=\"https:\/\/liberchem.com\/en\/products\/lingette-marathon\/\" \/>\n<meta property=\"og:site_name\" content=\"Liberchem\" \/>\n<meta property=\"article:modified_time\" content=\"2025-09-03T19:44:34+00:00\" \/>\n<meta property=\"og:image\" content=\"https:\/\/liberchem.com\/wp-content\/uploads\/2025\/03\/lingette-maraton.png\" \/>\n\t<meta property=\"og:image:width\" content=\"1003\" \/>\n\t<meta property=\"og:image:height\" content=\"710\" \/>\n\t<meta property=\"og:image:type\" content=\"image\/png\" \/>\n<meta name=\"twitter:card\" content=\"summary_large_image\" \/>\n<meta name=\"twitter:label1\" content=\"Est. reading time\" \/>\n\t<meta name=\"twitter:data1\" content=\"1 minute\" \/>\n<script type=\"application\/ld+json\" class=\"yoast-schema-graph\">{\"@context\":\"https:\\\/\\\/schema.org\",\"@graph\":[{\"@type\":\"WebPage\",\"@id\":\"https:\\\/\\\/liberchem.com\\\/produits\\\/lingette-marathon\\\/\",\"url\":\"https:\\\/\\\/liberchem.com\\\/produits\\\/lingette-marathon\\\/\",\"name\":\"LINGETTE MARATHON LC-6401 - Liberchem\",\"isPartOf\":{\"@id\":\"https:\\\/\\\/liberchem.com\\\/#website\"},\"primaryImageOfPage\":{\"@id\":\"https:\\\/\\\/liberchem.com\\\/produits\\\/lingette-marathon\\\/#primaryimage\"},\"image\":{\"@id\":\"https:\\\/\\\/liberchem.com\\\/produits\\\/lingette-marathon\\\/#primaryimage\"},\"thumbnailUrl\":\"https:\\\/\\\/liberchem.com\\\/wp-content\\\/uploads\\\/2025\\\/03\\\/lingette-maraton.png\",\"datePublished\":\"2025-03-17T17:50:07+00:00\",\"dateModified\":\"2025-09-03T19:44:34+00:00\",\"description\":\"Lavettes antiseptiques MARATHON LC-6401 pour la pr\u00e9vention des mammites, d\u00e9sinfection rapide et sans r\u00e9sidu, pr\u00e9servent la peau des trayons.\",\"breadcrumb\":{\"@id\":\"https:\\\/\\\/liberchem.com\\\/produits\\\/lingette-marathon\\\/#breadcrumb\"},\"inLanguage\":\"en-CA\",\"potentialAction\":[{\"@type\":\"ReadAction\",\"target\":[\"https:\\\/\\\/liberchem.com\\\/produits\\\/lingette-marathon\\\/\"]}]},{\"@type\":\"ImageObject\",\"inLanguage\":\"en-CA\",\"@id\":\"https:\\\/\\\/liberchem.com\\\/produits\\\/lingette-marathon\\\/#primaryimage\",\"url\":\"https:\\\/\\\/liberchem.com\\\/wp-content\\\/uploads\\\/2025\\\/03\\\/lingette-maraton.png\",\"contentUrl\":\"https:\\\/\\\/liberchem.com\\\/wp-content\\\/uploads\\\/2025\\\/03\\\/lingette-maraton.png\",\"width\":1003,\"height\":710},{\"@type\":\"BreadcrumbList\",\"@id\":\"https:\\\/\\\/liberchem.com\\\/produits\\\/lingette-marathon\\\/#breadcrumb\",\"itemListElement\":[{\"@type\":\"ListItem\",\"position\":1,\"name\":\"Accueil\",\"item\":\"https:\\\/\\\/liberchem.com\\\/\"},{\"@type\":\"ListItem\",\"position\":2,\"name\":\"Produits\",\"item\":\"https:\\\/\\\/liberchem.com\\\/produits\\\/\"},{\"@type\":\"ListItem\",\"position\":3,\"name\":\"LINGETTE MARATHON LC-6401\"}]},{\"@type\":\"WebSite\",\"@id\":\"https:\\\/\\\/liberchem.com\\\/#website\",\"url\":\"https:\\\/\\\/liberchem.com\\\/\",\"name\":\"Liberchem\",\"description\":\"Entreprise de produits chimiques\",\"potentialAction\":[{\"@type\":\"SearchAction\",\"target\":{\"@type\":\"EntryPoint\",\"urlTemplate\":\"https:\\\/\\\/liberchem.com\\\/?s={search_term_string}\"},\"query-input\":{\"@type\":\"PropertyValueSpecification\",\"valueRequired\":true,\"valueName\":\"search_term_string\"}}],\"inLanguage\":\"en-CA\"}]}<\/script>\n<!-- \/ Yoast SEO plugin. -->","yoast_head_json":{"title":"MARATHON WIPE LC-6401 - Liberchem","description":"MARATHON LC-6401 antiseptic wipes for mastitis prevention, rapid and residue-free disinfection, preserve teat skin.","robots":{"index":"index","follow":"follow","max-snippet":"max-snippet:-1","max-image-preview":"max-image-preview:large","max-video-preview":"max-video-preview:-1"},"canonical":"https:\/\/liberchem.com\/en\/products\/lingette-marathon\/","og_locale":"en_US","og_type":"article","og_title":"Lingettes Marathon LC-6401 - Liberchem","og_description":"Lingettes imbib\u00e9es d\u2019antiseptique pour pr\u00e9parer les trayons avant la traite.","og_url":"https:\/\/liberchem.com\/en\/products\/lingette-marathon\/","og_site_name":"Liberchem","article_modified_time":"2025-09-03T19:44:34+00:00","og_image":[{"width":1003,"height":710,"url":"https:\/\/liberchem.com\/wp-content\/uploads\/2025\/03\/lingette-maraton.png","type":"image\/png"}],"twitter_card":"summary_large_image","twitter_misc":{"Est. reading time":"1 minute"},"schema":{"@context":"https:\/\/schema.org","@graph":[{"@type":"WebPage","@id":"https:\/\/liberchem.com\/produits\/lingette-marathon\/","url":"https:\/\/liberchem.com\/produits\/lingette-marathon\/","name":"MARATHON WIPE LC-6401 - Liberchem","isPartOf":{"@id":"https:\/\/liberchem.com\/#website"},"primaryImageOfPage":{"@id":"https:\/\/liberchem.com\/produits\/lingette-marathon\/#primaryimage"},"image":{"@id":"https:\/\/liberchem.com\/produits\/lingette-marathon\/#primaryimage"},"thumbnailUrl":"https:\/\/liberchem.com\/wp-content\/uploads\/2025\/03\/lingette-maraton.png","datePublished":"2025-03-17T17:50:07+00:00","dateModified":"2025-09-03T19:44:34+00:00","description":"MARATHON LC-6401 antiseptic wipes for mastitis prevention, rapid and residue-free disinfection, preserve teat skin.","breadcrumb":{"@id":"https:\/\/liberchem.com\/produits\/lingette-marathon\/#breadcrumb"},"inLanguage":"en-CA","potentialAction":[{"@type":"ReadAction","target":["https:\/\/liberchem.com\/produits\/lingette-marathon\/"]}]},{"@type":"ImageObject","inLanguage":"en-CA","@id":"https:\/\/liberchem.com\/produits\/lingette-marathon\/#primaryimage","url":"https:\/\/liberchem.com\/wp-content\/uploads\/2025\/03\/lingette-maraton.png","contentUrl":"https:\/\/liberchem.com\/wp-content\/uploads\/2025\/03\/lingette-maraton.png","width":1003,"height":710},{"@type":"BreadcrumbList","@id":"https:\/\/liberchem.com\/produits\/lingette-marathon\/#breadcrumb","itemListElement":[{"@type":"ListItem","position":1,"name":"Accueil","item":"https:\/\/liberchem.com\/"},{"@type":"ListItem","position":2,"name":"Produits","item":"https:\/\/liberchem.com\/produits\/"},{"@type":"ListItem","position":3,"name":"LINGETTE MARATHON LC-6401"}]},{"@type":"WebSite","@id":"https:\/\/liberchem.com\/#website","url":"https:\/\/liberchem.com\/","name":"Liberchem","description":"Chemical company","potentialAction":[{"@type":"SearchAction","target":{"@type":"EntryPoint","urlTemplate":"https:\/\/liberchem.com\/?s={search_term_string}"},"query-input":{"@type":"PropertyValueSpecification","valueRequired":true,"valueName":"search_term_string"}}],"inLanguage":"en-CA"}]}},"_links":{"self":[{"href":"https:\/\/liberchem.com\/en\/wp-json\/wp\/v2\/product\/111211","targetHints":{"allow":["GET"]}}],"collection":[{"href":"https:\/\/liberchem.com\/en\/wp-json\/wp\/v2\/product"}],"about":[{"href":"https:\/\/liberchem.com\/en\/wp-json\/wp\/v2\/types\/product"}],"wp:featuredmedia":[{"embeddable":true,"href":"https:\/\/liberchem.com\/en\/wp-json\/wp\/v2\/media\/111207"}],"wp:attachment":[{"href":"https:\/\/liberchem.com\/en\/wp-json\/wp\/v2\/media?parent=111211"}],"wp:term":[{"taxonomy":"product_brand","embeddable":true,"href":"https:\/\/liberchem.com\/en\/wp-json\/wp\/v2\/product_brand?post=111211"},{"taxonomy":"product_cat","embeddable":true,"href":"https:\/\/liberchem.com\/en\/wp-json\/wp\/v2\/product_cat?post=111211"},{"taxonomy":"product_tag","embeddable":true,"href":"https:\/\/liberchem.com\/en\/wp-json\/wp\/v2\/product_tag?post=111211"}],"curies":[{"name":"wp","href":"https:\/\/api.w.org\/{rel}","templated":true}]}}