{"id":111214,"date":"2025-03-17T14:14:35","date_gmt":"2025-03-17T18:14:35","guid":{"rendered":"https:\/\/liberchem.com\/?post_type=product&#038;p=111214"},"modified":"2025-09-03T15:46:31","modified_gmt":"2025-09-03T19:46:31","slug":"iodet","status":"publish","type":"product","link":"https:\/\/liberchem.com\/en\/produits\/iodet\/","title":{"rendered":"IODET"},"content":{"rendered":"","protected":false},"excerpt":{"rendered":"<p class=\"p1\"><b>IODINE-BASED ANTISEPTIC UDDER WASH SOLUTION <\/b><b><\/b><\/p>\n<p class=\"p1\">Used in a hygiene program in preparation for milking, IODET helps prevent and control mastitis by reducing bacteria on the udders and teats of cows. When added to water, this solution requires the use of a single-use towel and a second towel for drying the teats.<\/p>\n<p class=\"p1\"><b>BENEFITS : <\/b><b><\/b><\/p>\n<p class=\"p2\">Effective<\/p>\n<p class=\"p2\">Gentle on the skin<\/p>\n<p class=\"p2\">Economic<\/p>\n<p class=\"p1\"><b>DIN: <\/b><b><\/b><\/p>\n<p class=\"p4\">02454521<\/p>","protected":false},"featured_media":112507,"template":"","meta":{"_acf_changed":false},"product_brand":[199],"product_cat":[138],"product_tag":[141,191],"class_list":{"0":"post-111214","1":"product","2":"type-product","3":"status-publish","4":"has-post-thumbnail","6":"product_brand-agro","7":"product_cat-ferme-laitiere","8":"product_tag-economique","9":"product_tag-ferme-traditionnel","10":"pa_categorie-lave-pis","11":"pa_format-1040l","12":"pa_format-10-l","13":"pa_format-200l","14":"pa_format-20l","15":"pa_format-55l","17":"first","18":"instock","19":"taxable","20":"shipping-taxable","21":"purchasable","22":"product-type-variable"},"acf":[],"yoast_head":"<!-- This site is optimized with the Yoast SEO plugin v27.5 - https:\/\/yoast.com\/product\/yoast-seo-wordpress\/ -->\n<title>IODET - Liberchem<\/title>\n<meta name=\"description\" content=\"IODET, solution antiseptique \u00e0 base d\u2019iode, pr\u00e9vient les mammites en r\u00e9duisant les bact\u00e9ries sur les trayons, avec s\u00e9chage \u00e0 l\u2019aide de serviettes jetables.\" \/>\n<meta name=\"robots\" content=\"index, follow, max-snippet:-1, max-image-preview:large, max-video-preview:-1\" \/>\n<link rel=\"canonical\" href=\"https:\/\/liberchem.com\/en\/products\/iodet\/\" \/>\n<meta property=\"og:locale\" content=\"en_US\" \/>\n<meta property=\"og:type\" content=\"article\" \/>\n<meta property=\"og:title\" content=\"IODET - Liberchem\" \/>\n<meta property=\"og:description\" content=\"IODET, solution antiseptique \u00e0 base d\u2019iode, pr\u00e9vient les mammites en r\u00e9duisant les bact\u00e9ries sur les trayons, avec s\u00e9chage \u00e0 l\u2019aide de serviettes jetables.\" \/>\n<meta property=\"og:url\" content=\"https:\/\/liberchem.com\/en\/products\/iodet\/\" \/>\n<meta property=\"og:site_name\" content=\"Liberchem\" \/>\n<meta property=\"article:modified_time\" content=\"2025-09-03T19:46:31+00:00\" \/>\n<meta property=\"og:image\" content=\"https:\/\/liberchem.com\/wp-content\/uploads\/2025\/03\/Iodet_20L.jpg\" \/>\n\t<meta property=\"og:image:width\" content=\"1100\" \/>\n\t<meta property=\"og:image:height\" content=\"1422\" \/>\n\t<meta property=\"og:image:type\" content=\"image\/jpeg\" \/>\n<meta name=\"twitter:card\" content=\"summary_large_image\" \/>\n<meta name=\"twitter:label1\" content=\"Est. reading time\" \/>\n\t<meta name=\"twitter:data1\" content=\"1 minute\" \/>\n<script type=\"application\/ld+json\" class=\"yoast-schema-graph\">{\"@context\":\"https:\\\/\\\/schema.org\",\"@graph\":[{\"@type\":\"WebPage\",\"@id\":\"https:\\\/\\\/liberchem.com\\\/produits\\\/iodet\\\/\",\"url\":\"https:\\\/\\\/liberchem.com\\\/produits\\\/iodet\\\/\",\"name\":\"IODET - Liberchem\",\"isPartOf\":{\"@id\":\"https:\\\/\\\/liberchem.com\\\/#website\"},\"primaryImageOfPage\":{\"@id\":\"https:\\\/\\\/liberchem.com\\\/produits\\\/iodet\\\/#primaryimage\"},\"image\":{\"@id\":\"https:\\\/\\\/liberchem.com\\\/produits\\\/iodet\\\/#primaryimage\"},\"thumbnailUrl\":\"https:\\\/\\\/liberchem.com\\\/wp-content\\\/uploads\\\/2025\\\/03\\\/Iodet_20L.jpg\",\"datePublished\":\"2025-03-17T18:14:35+00:00\",\"dateModified\":\"2025-09-03T19:46:31+00:00\",\"description\":\"IODET, solution antiseptique \u00e0 base d\u2019iode, pr\u00e9vient les mammites en r\u00e9duisant les bact\u00e9ries sur les trayons, avec s\u00e9chage \u00e0 l\u2019aide de serviettes jetables.\",\"breadcrumb\":{\"@id\":\"https:\\\/\\\/liberchem.com\\\/produits\\\/iodet\\\/#breadcrumb\"},\"inLanguage\":\"en-CA\",\"potentialAction\":[{\"@type\":\"ReadAction\",\"target\":[\"https:\\\/\\\/liberchem.com\\\/produits\\\/iodet\\\/\"]}]},{\"@type\":\"ImageObject\",\"inLanguage\":\"en-CA\",\"@id\":\"https:\\\/\\\/liberchem.com\\\/produits\\\/iodet\\\/#primaryimage\",\"url\":\"https:\\\/\\\/liberchem.com\\\/wp-content\\\/uploads\\\/2025\\\/03\\\/Iodet_20L.jpg\",\"contentUrl\":\"https:\\\/\\\/liberchem.com\\\/wp-content\\\/uploads\\\/2025\\\/03\\\/Iodet_20L.jpg\",\"width\":1100,\"height\":1422},{\"@type\":\"BreadcrumbList\",\"@id\":\"https:\\\/\\\/liberchem.com\\\/produits\\\/iodet\\\/#breadcrumb\",\"itemListElement\":[{\"@type\":\"ListItem\",\"position\":1,\"name\":\"Accueil\",\"item\":\"https:\\\/\\\/liberchem.com\\\/\"},{\"@type\":\"ListItem\",\"position\":2,\"name\":\"Produits\",\"item\":\"https:\\\/\\\/liberchem.com\\\/produits\\\/\"},{\"@type\":\"ListItem\",\"position\":3,\"name\":\"IODET\"}]},{\"@type\":\"WebSite\",\"@id\":\"https:\\\/\\\/liberchem.com\\\/#website\",\"url\":\"https:\\\/\\\/liberchem.com\\\/\",\"name\":\"Liberchem\",\"description\":\"Entreprise de produits chimiques\",\"potentialAction\":[{\"@type\":\"SearchAction\",\"target\":{\"@type\":\"EntryPoint\",\"urlTemplate\":\"https:\\\/\\\/liberchem.com\\\/?s={search_term_string}\"},\"query-input\":{\"@type\":\"PropertyValueSpecification\",\"valueRequired\":true,\"valueName\":\"search_term_string\"}}],\"inLanguage\":\"en-CA\"}]}<\/script>\n<!-- \/ Yoast SEO plugin. -->","yoast_head_json":{"title":"IODET - Liberchem","description":"IODET, an iodine-based antiseptic solution, prevents mastitis by reducing bacteria on the teats, with drying using disposable towels.","robots":{"index":"index","follow":"follow","max-snippet":"max-snippet:-1","max-image-preview":"max-image-preview:large","max-video-preview":"max-video-preview:-1"},"canonical":"https:\/\/liberchem.com\/en\/products\/iodet\/","og_locale":"en_US","og_type":"article","og_title":"IODET - Liberchem","og_description":"IODET, solution antiseptique \u00e0 base d\u2019iode, pr\u00e9vient les mammites en r\u00e9duisant les bact\u00e9ries sur les trayons, avec s\u00e9chage \u00e0 l\u2019aide de serviettes jetables.","og_url":"https:\/\/liberchem.com\/en\/products\/iodet\/","og_site_name":"Liberchem","article_modified_time":"2025-09-03T19:46:31+00:00","og_image":[{"width":1100,"height":1422,"url":"https:\/\/liberchem.com\/wp-content\/uploads\/2025\/03\/Iodet_20L.jpg","type":"image\/jpeg"}],"twitter_card":"summary_large_image","twitter_misc":{"Est. reading time":"1 minute"},"schema":{"@context":"https:\/\/schema.org","@graph":[{"@type":"WebPage","@id":"https:\/\/liberchem.com\/produits\/iodet\/","url":"https:\/\/liberchem.com\/produits\/iodet\/","name":"IODET - Liberchem","isPartOf":{"@id":"https:\/\/liberchem.com\/#website"},"primaryImageOfPage":{"@id":"https:\/\/liberchem.com\/produits\/iodet\/#primaryimage"},"image":{"@id":"https:\/\/liberchem.com\/produits\/iodet\/#primaryimage"},"thumbnailUrl":"https:\/\/liberchem.com\/wp-content\/uploads\/2025\/03\/Iodet_20L.jpg","datePublished":"2025-03-17T18:14:35+00:00","dateModified":"2025-09-03T19:46:31+00:00","description":"IODET, an iodine-based antiseptic solution, prevents mastitis by reducing bacteria on the teats, with drying using disposable towels.","breadcrumb":{"@id":"https:\/\/liberchem.com\/produits\/iodet\/#breadcrumb"},"inLanguage":"en-CA","potentialAction":[{"@type":"ReadAction","target":["https:\/\/liberchem.com\/produits\/iodet\/"]}]},{"@type":"ImageObject","inLanguage":"en-CA","@id":"https:\/\/liberchem.com\/produits\/iodet\/#primaryimage","url":"https:\/\/liberchem.com\/wp-content\/uploads\/2025\/03\/Iodet_20L.jpg","contentUrl":"https:\/\/liberchem.com\/wp-content\/uploads\/2025\/03\/Iodet_20L.jpg","width":1100,"height":1422},{"@type":"BreadcrumbList","@id":"https:\/\/liberchem.com\/produits\/iodet\/#breadcrumb","itemListElement":[{"@type":"ListItem","position":1,"name":"Accueil","item":"https:\/\/liberchem.com\/"},{"@type":"ListItem","position":2,"name":"Produits","item":"https:\/\/liberchem.com\/produits\/"},{"@type":"ListItem","position":3,"name":"IODET"}]},{"@type":"WebSite","@id":"https:\/\/liberchem.com\/#website","url":"https:\/\/liberchem.com\/","name":"Liberchem","description":"Chemical company","potentialAction":[{"@type":"SearchAction","target":{"@type":"EntryPoint","urlTemplate":"https:\/\/liberchem.com\/?s={search_term_string}"},"query-input":{"@type":"PropertyValueSpecification","valueRequired":true,"valueName":"search_term_string"}}],"inLanguage":"en-CA"}]}},"_links":{"self":[{"href":"https:\/\/liberchem.com\/en\/wp-json\/wp\/v2\/product\/111214","targetHints":{"allow":["GET"]}}],"collection":[{"href":"https:\/\/liberchem.com\/en\/wp-json\/wp\/v2\/product"}],"about":[{"href":"https:\/\/liberchem.com\/en\/wp-json\/wp\/v2\/types\/product"}],"wp:featuredmedia":[{"embeddable":true,"href":"https:\/\/liberchem.com\/en\/wp-json\/wp\/v2\/media\/112507"}],"wp:attachment":[{"href":"https:\/\/liberchem.com\/en\/wp-json\/wp\/v2\/media?parent=111214"}],"wp:term":[{"taxonomy":"product_brand","embeddable":true,"href":"https:\/\/liberchem.com\/en\/wp-json\/wp\/v2\/product_brand?post=111214"},{"taxonomy":"product_cat","embeddable":true,"href":"https:\/\/liberchem.com\/en\/wp-json\/wp\/v2\/product_cat?post=111214"},{"taxonomy":"product_tag","embeddable":true,"href":"https:\/\/liberchem.com\/en\/wp-json\/wp\/v2\/product_tag?post=111214"}],"curies":[{"name":"wp","href":"https:\/\/api.w.org\/{rel}","templated":true}]}}