{"id":111319,"date":"2025-03-18T08:34:05","date_gmt":"2025-03-18T12:34:05","guid":{"rendered":"https:\/\/liberchem.com\/?post_type=product&#038;p=111319"},"modified":"2026-03-21T19:18:44","modified_gmt":"2026-03-21T23:18:44","slug":"max-r","status":"publish","type":"product","link":"https:\/\/liberchem.com\/en\/produits\/max-r\/","title":{"rendered":"MAX-R"},"content":{"rendered":"","protected":false},"excerpt":{"rendered":"<p class=\"p1\">MAX-R is an antiseptic teat dip, designed to be applied by milking robots and spray systems, for use after milking. Contains chlorhexidine, 5 % glycerin and emollients used as an aid to protect and condition teats. Lanolin is added to the formula to promote teat repair.<\/p>\n<p class=\"p2\"><b>BENEFITS : <\/b><b><\/b><\/p>\n<p class=\"p3\">Designed for robots<\/p>\n<p class=\"p3\">Adheres very well to the teats<\/p>\n<p class=\"p3\">Does not stain<\/p>\n<p class=\"p2\"><b>DIN: <\/b><b><\/b><\/p>\n<p class=\"p5\">02455773<\/p>","protected":false},"featured_media":112608,"template":"","meta":{"_acf_changed":false},"product_brand":[199],"product_cat":[138],"product_tag":[155,141,191,161],"class_list":{"0":"post-111319","1":"product","2":"type-product","3":"status-publish","4":"has-post-thumbnail","6":"product_brand-agro","7":"product_cat-ferme-laitiere","8":"product_tag-concentre","9":"product_tag-economique","10":"product_tag-ferme-traditionnel","11":"product_tag-produit-pour-robot","12":"pa_categorie-bain-de-trayons-a-base-de-chlorhexidine","13":"pa_format-1040l","14":"pa_format-200l","15":"pa_format-20l","16":"pa_format-55l","18":"first","19":"instock","20":"taxable","21":"shipping-taxable","22":"purchasable","23":"product-type-variable"},"acf":[],"yoast_head":"<!-- This site is optimized with the Yoast SEO plugin v27.5 - https:\/\/yoast.com\/product\/yoast-seo-wordpress\/ -->\n<title>MAX-R - Liberchem<\/title>\n<meta name=\"description\" content=\".MAX-R est un bain de trayons antiseptique, id\u00e9al pour robots de traite, contenant chlorhexidine et \u00e9mollients pour prot\u00e9ger et r\u00e9parer les trayons.\" \/>\n<meta name=\"robots\" content=\"index, follow, max-snippet:-1, max-image-preview:large, max-video-preview:-1\" \/>\n<link rel=\"canonical\" href=\"https:\/\/liberchem.com\/en\/products\/max-r\/\" \/>\n<meta property=\"og:locale\" content=\"en_US\" \/>\n<meta property=\"og:type\" content=\"article\" \/>\n<meta property=\"og:title\" content=\"MAX-R - Liberchem\" \/>\n<meta property=\"og:description\" content=\".MAX-R est un bain de trayons antiseptique, id\u00e9al pour robots de traite, contenant chlorhexidine et \u00e9mollients pour prot\u00e9ger et r\u00e9parer les trayons.\" \/>\n<meta property=\"og:url\" content=\"https:\/\/liberchem.com\/en\/products\/max-r\/\" \/>\n<meta property=\"og:site_name\" content=\"Liberchem\" \/>\n<meta property=\"article:modified_time\" content=\"2026-03-21T23:18:44+00:00\" \/>\n<meta property=\"og:image\" content=\"https:\/\/liberchem.com\/wp-content\/uploads\/2025\/04\/Max-R_20L.jpg\" \/>\n\t<meta property=\"og:image:width\" content=\"1100\" \/>\n\t<meta property=\"og:image:height\" content=\"1422\" \/>\n\t<meta property=\"og:image:type\" content=\"image\/jpeg\" \/>\n<meta name=\"twitter:card\" content=\"summary_large_image\" \/>\n<meta name=\"twitter:label1\" content=\"Est. reading time\" \/>\n\t<meta name=\"twitter:data1\" content=\"1 minute\" \/>\n<script type=\"application\/ld+json\" class=\"yoast-schema-graph\">{\"@context\":\"https:\\\/\\\/schema.org\",\"@graph\":[{\"@type\":\"WebPage\",\"@id\":\"https:\\\/\\\/liberchem.com\\\/produits\\\/max-r\\\/\",\"url\":\"https:\\\/\\\/liberchem.com\\\/produits\\\/max-r\\\/\",\"name\":\"MAX-R - Liberchem\",\"isPartOf\":{\"@id\":\"https:\\\/\\\/liberchem.com\\\/#website\"},\"primaryImageOfPage\":{\"@id\":\"https:\\\/\\\/liberchem.com\\\/produits\\\/max-r\\\/#primaryimage\"},\"image\":{\"@id\":\"https:\\\/\\\/liberchem.com\\\/produits\\\/max-r\\\/#primaryimage\"},\"thumbnailUrl\":\"https:\\\/\\\/liberchem.com\\\/wp-content\\\/uploads\\\/2025\\\/04\\\/Max-R_20L.jpg\",\"datePublished\":\"2025-03-18T12:34:05+00:00\",\"dateModified\":\"2026-03-21T23:18:44+00:00\",\"description\":\".MAX-R est un bain de trayons antiseptique, id\u00e9al pour robots de traite, contenant chlorhexidine et \u00e9mollients pour prot\u00e9ger et r\u00e9parer les trayons.\",\"breadcrumb\":{\"@id\":\"https:\\\/\\\/liberchem.com\\\/produits\\\/max-r\\\/#breadcrumb\"},\"inLanguage\":\"en-CA\",\"potentialAction\":[{\"@type\":\"ReadAction\",\"target\":[\"https:\\\/\\\/liberchem.com\\\/produits\\\/max-r\\\/\"]}]},{\"@type\":\"ImageObject\",\"inLanguage\":\"en-CA\",\"@id\":\"https:\\\/\\\/liberchem.com\\\/produits\\\/max-r\\\/#primaryimage\",\"url\":\"https:\\\/\\\/liberchem.com\\\/wp-content\\\/uploads\\\/2025\\\/04\\\/Max-R_20L.jpg\",\"contentUrl\":\"https:\\\/\\\/liberchem.com\\\/wp-content\\\/uploads\\\/2025\\\/04\\\/Max-R_20L.jpg\",\"width\":1100,\"height\":1422},{\"@type\":\"BreadcrumbList\",\"@id\":\"https:\\\/\\\/liberchem.com\\\/produits\\\/max-r\\\/#breadcrumb\",\"itemListElement\":[{\"@type\":\"ListItem\",\"position\":1,\"name\":\"Accueil\",\"item\":\"https:\\\/\\\/liberchem.com\\\/\"},{\"@type\":\"ListItem\",\"position\":2,\"name\":\"Produits\",\"item\":\"https:\\\/\\\/liberchem.com\\\/produits\\\/\"},{\"@type\":\"ListItem\",\"position\":3,\"name\":\"MAX-R\"}]},{\"@type\":\"WebSite\",\"@id\":\"https:\\\/\\\/liberchem.com\\\/#website\",\"url\":\"https:\\\/\\\/liberchem.com\\\/\",\"name\":\"Liberchem\",\"description\":\"Entreprise de produits chimiques\",\"potentialAction\":[{\"@type\":\"SearchAction\",\"target\":{\"@type\":\"EntryPoint\",\"urlTemplate\":\"https:\\\/\\\/liberchem.com\\\/?s={search_term_string}\"},\"query-input\":{\"@type\":\"PropertyValueSpecification\",\"valueRequired\":true,\"valueName\":\"search_term_string\"}}],\"inLanguage\":\"en-CA\"}]}<\/script>\n<!-- \/ Yoast SEO plugin. -->","yoast_head_json":{"title":"MAX-R - Liberchem","description":".MAX-R is an antiseptic teat dip, ideal for milking robots, containing chlorhexidine and emollients to protect and repair teats.","robots":{"index":"index","follow":"follow","max-snippet":"max-snippet:-1","max-image-preview":"max-image-preview:large","max-video-preview":"max-video-preview:-1"},"canonical":"https:\/\/liberchem.com\/en\/products\/max-r\/","og_locale":"en_US","og_type":"article","og_title":"MAX-R - Liberchem","og_description":".MAX-R est un bain de trayons antiseptique, id\u00e9al pour robots de traite, contenant chlorhexidine et \u00e9mollients pour prot\u00e9ger et r\u00e9parer les trayons.","og_url":"https:\/\/liberchem.com\/en\/products\/max-r\/","og_site_name":"Liberchem","article_modified_time":"2026-03-21T23:18:44+00:00","og_image":[{"width":1100,"height":1422,"url":"https:\/\/liberchem.com\/wp-content\/uploads\/2025\/04\/Max-R_20L.jpg","type":"image\/jpeg"}],"twitter_card":"summary_large_image","twitter_misc":{"Est. reading time":"1 minute"},"schema":{"@context":"https:\/\/schema.org","@graph":[{"@type":"WebPage","@id":"https:\/\/liberchem.com\/produits\/max-r\/","url":"https:\/\/liberchem.com\/produits\/max-r\/","name":"MAX-R - Liberchem","isPartOf":{"@id":"https:\/\/liberchem.com\/#website"},"primaryImageOfPage":{"@id":"https:\/\/liberchem.com\/produits\/max-r\/#primaryimage"},"image":{"@id":"https:\/\/liberchem.com\/produits\/max-r\/#primaryimage"},"thumbnailUrl":"https:\/\/liberchem.com\/wp-content\/uploads\/2025\/04\/Max-R_20L.jpg","datePublished":"2025-03-18T12:34:05+00:00","dateModified":"2026-03-21T23:18:44+00:00","description":".MAX-R is an antiseptic teat dip, ideal for milking robots, containing chlorhexidine and emollients to protect and repair teats.","breadcrumb":{"@id":"https:\/\/liberchem.com\/produits\/max-r\/#breadcrumb"},"inLanguage":"en-CA","potentialAction":[{"@type":"ReadAction","target":["https:\/\/liberchem.com\/produits\/max-r\/"]}]},{"@type":"ImageObject","inLanguage":"en-CA","@id":"https:\/\/liberchem.com\/produits\/max-r\/#primaryimage","url":"https:\/\/liberchem.com\/wp-content\/uploads\/2025\/04\/Max-R_20L.jpg","contentUrl":"https:\/\/liberchem.com\/wp-content\/uploads\/2025\/04\/Max-R_20L.jpg","width":1100,"height":1422},{"@type":"BreadcrumbList","@id":"https:\/\/liberchem.com\/produits\/max-r\/#breadcrumb","itemListElement":[{"@type":"ListItem","position":1,"name":"Accueil","item":"https:\/\/liberchem.com\/"},{"@type":"ListItem","position":2,"name":"Produits","item":"https:\/\/liberchem.com\/produits\/"},{"@type":"ListItem","position":3,"name":"MAX-R"}]},{"@type":"WebSite","@id":"https:\/\/liberchem.com\/#website","url":"https:\/\/liberchem.com\/","name":"Liberchem","description":"Chemical company","potentialAction":[{"@type":"SearchAction","target":{"@type":"EntryPoint","urlTemplate":"https:\/\/liberchem.com\/?s={search_term_string}"},"query-input":{"@type":"PropertyValueSpecification","valueRequired":true,"valueName":"search_term_string"}}],"inLanguage":"en-CA"}]}},"_links":{"self":[{"href":"https:\/\/liberchem.com\/en\/wp-json\/wp\/v2\/product\/111319","targetHints":{"allow":["GET"]}}],"collection":[{"href":"https:\/\/liberchem.com\/en\/wp-json\/wp\/v2\/product"}],"about":[{"href":"https:\/\/liberchem.com\/en\/wp-json\/wp\/v2\/types\/product"}],"wp:featuredmedia":[{"embeddable":true,"href":"https:\/\/liberchem.com\/en\/wp-json\/wp\/v2\/media\/112608"}],"wp:attachment":[{"href":"https:\/\/liberchem.com\/en\/wp-json\/wp\/v2\/media?parent=111319"}],"wp:term":[{"taxonomy":"product_brand","embeddable":true,"href":"https:\/\/liberchem.com\/en\/wp-json\/wp\/v2\/product_brand?post=111319"},{"taxonomy":"product_cat","embeddable":true,"href":"https:\/\/liberchem.com\/en\/wp-json\/wp\/v2\/product_cat?post=111319"},{"taxonomy":"product_tag","embeddable":true,"href":"https:\/\/liberchem.com\/en\/wp-json\/wp\/v2\/product_tag?post=111319"}],"curies":[{"name":"wp","href":"https:\/\/api.w.org\/{rel}","templated":true}]}}