{"id":111332,"date":"2025-03-18T08:40:43","date_gmt":"2025-03-18T12:40:43","guid":{"rendered":"https:\/\/liberchem.com\/?post_type=product&#038;p=111332"},"modified":"2025-09-03T15:45:39","modified_gmt":"2025-09-03T19:45:39","slug":"max-v","status":"publish","type":"product","link":"https:\/\/liberchem.com\/en\/produits\/max-v\/","title":{"rendered":"MAX-V"},"content":{"rendered":"","protected":false},"excerpt":{"rendered":"<p class=\"p1\">MAX-V is a very thick antiseptic teat dip based on chlorhexidine and 11,4 % glycerin, for use after milking dairy cows. This solution is applied using a dipping cup. The protective film creates a highly effective barrier against infections. Lanolin is added to the formula to promote teat repair.<\/p>\n<p class=\"p2\"><b>BENEFITS : <\/b><b><\/b><\/p>\n<p class=\"p3\">Highly visible, blue<\/p>\n<p class=\"p3\">No waste<\/p>\n<p class=\"p3\">Easy to clean<\/p>\n<p class=\"p2\"><b>DIN: <\/b><b><\/b><\/p>\n<p class=\"p7\">02455765<\/p>","protected":false},"featured_media":112621,"template":"","meta":{"_acf_changed":false},"product_brand":[199],"product_cat":[138],"product_tag":[155,191],"class_list":{"0":"post-111332","1":"product","2":"type-product","3":"status-publish","4":"has-post-thumbnail","6":"product_brand-agro","7":"product_cat-ferme-laitiere","8":"product_tag-concentre","9":"product_tag-ferme-traditionnel","10":"pa_categorie-bain-de-trayons-a-base-de-chlorhexidine","11":"pa_format-1040l","12":"pa_format-200l","13":"pa_format-20l","14":"pa_format-55l","16":"first","17":"instock","18":"taxable","19":"shipping-taxable","20":"purchasable","21":"product-type-variable"},"acf":[],"yoast_head":"<!-- This site is optimized with the Yoast SEO plugin v27.3 - https:\/\/yoast.com\/product\/yoast-seo-wordpress\/ -->\n<title>MAX-V - Liberchem<\/title>\n<meta name=\"description\" content=\"MAX-V est un bain de trayons antiseptique \u00e9pais \u00e0 base de chlorhexidine et glyc\u00e9rine, offrant une barri\u00e8re efficace contre les infections apr\u00e8s la traite.\" \/>\n<meta name=\"robots\" content=\"index, follow, max-snippet:-1, max-image-preview:large, max-video-preview:-1\" \/>\n<link rel=\"canonical\" href=\"https:\/\/liberchem.com\/en\/products\/max-v\/\" \/>\n<meta property=\"og:locale\" content=\"en_US\" \/>\n<meta property=\"og:type\" content=\"article\" \/>\n<meta property=\"og:title\" content=\"MAX-V - Liberchem\" \/>\n<meta property=\"og:description\" content=\"MAX-V est un bain de trayons antiseptique \u00e9pais \u00e0 base de chlorhexidine et glyc\u00e9rine, offrant une barri\u00e8re efficace contre les infections apr\u00e8s la traite.\" \/>\n<meta property=\"og:url\" content=\"https:\/\/liberchem.com\/en\/products\/max-v\/\" \/>\n<meta property=\"og:site_name\" content=\"Liberchem\" \/>\n<meta property=\"article:modified_time\" content=\"2025-09-03T19:45:39+00:00\" \/>\n<meta property=\"og:image\" content=\"https:\/\/liberchem.com\/wp-content\/uploads\/2025\/03\/Max-V_20L.jpg\" \/>\n\t<meta property=\"og:image:width\" content=\"1100\" \/>\n\t<meta property=\"og:image:height\" content=\"1422\" \/>\n\t<meta property=\"og:image:type\" content=\"image\/jpeg\" \/>\n<meta name=\"twitter:card\" content=\"summary_large_image\" \/>\n<meta name=\"twitter:label1\" content=\"Est. reading time\" \/>\n\t<meta name=\"twitter:data1\" content=\"1 minute\" \/>\n<script type=\"application\/ld+json\" class=\"yoast-schema-graph\">{\"@context\":\"https:\\\/\\\/schema.org\",\"@graph\":[{\"@type\":\"WebPage\",\"@id\":\"https:\\\/\\\/liberchem.com\\\/produits\\\/max-v\\\/\",\"url\":\"https:\\\/\\\/liberchem.com\\\/produits\\\/max-v\\\/\",\"name\":\"MAX-V - Liberchem\",\"isPartOf\":{\"@id\":\"https:\\\/\\\/liberchem.com\\\/#website\"},\"primaryImageOfPage\":{\"@id\":\"https:\\\/\\\/liberchem.com\\\/produits\\\/max-v\\\/#primaryimage\"},\"image\":{\"@id\":\"https:\\\/\\\/liberchem.com\\\/produits\\\/max-v\\\/#primaryimage\"},\"thumbnailUrl\":\"https:\\\/\\\/liberchem.com\\\/wp-content\\\/uploads\\\/2025\\\/03\\\/Max-V_20L.jpg\",\"datePublished\":\"2025-03-18T12:40:43+00:00\",\"dateModified\":\"2025-09-03T19:45:39+00:00\",\"description\":\"MAX-V est un bain de trayons antiseptique \u00e9pais \u00e0 base de chlorhexidine et glyc\u00e9rine, offrant une barri\u00e8re efficace contre les infections apr\u00e8s la traite.\",\"breadcrumb\":{\"@id\":\"https:\\\/\\\/liberchem.com\\\/produits\\\/max-v\\\/#breadcrumb\"},\"inLanguage\":\"en-CA\",\"potentialAction\":[{\"@type\":\"ReadAction\",\"target\":[\"https:\\\/\\\/liberchem.com\\\/produits\\\/max-v\\\/\"]}]},{\"@type\":\"ImageObject\",\"inLanguage\":\"en-CA\",\"@id\":\"https:\\\/\\\/liberchem.com\\\/produits\\\/max-v\\\/#primaryimage\",\"url\":\"https:\\\/\\\/liberchem.com\\\/wp-content\\\/uploads\\\/2025\\\/03\\\/Max-V_20L.jpg\",\"contentUrl\":\"https:\\\/\\\/liberchem.com\\\/wp-content\\\/uploads\\\/2025\\\/03\\\/Max-V_20L.jpg\",\"width\":1100,\"height\":1422},{\"@type\":\"BreadcrumbList\",\"@id\":\"https:\\\/\\\/liberchem.com\\\/produits\\\/max-v\\\/#breadcrumb\",\"itemListElement\":[{\"@type\":\"ListItem\",\"position\":1,\"name\":\"Accueil\",\"item\":\"https:\\\/\\\/liberchem.com\\\/\"},{\"@type\":\"ListItem\",\"position\":2,\"name\":\"Produits\",\"item\":\"https:\\\/\\\/liberchem.com\\\/produits\\\/\"},{\"@type\":\"ListItem\",\"position\":3,\"name\":\"MAX-V\"}]},{\"@type\":\"WebSite\",\"@id\":\"https:\\\/\\\/liberchem.com\\\/#website\",\"url\":\"https:\\\/\\\/liberchem.com\\\/\",\"name\":\"Liberchem\",\"description\":\"Entreprise de produits chimiques\",\"potentialAction\":[{\"@type\":\"SearchAction\",\"target\":{\"@type\":\"EntryPoint\",\"urlTemplate\":\"https:\\\/\\\/liberchem.com\\\/?s={search_term_string}\"},\"query-input\":{\"@type\":\"PropertyValueSpecification\",\"valueRequired\":true,\"valueName\":\"search_term_string\"}}],\"inLanguage\":\"en-CA\"}]}<\/script>\n<!-- \/ Yoast SEO plugin. -->","yoast_head_json":{"title":"MAX-V - Liberchem","description":"MAX-V is a thick antiseptic teat dip based on chlorhexidine and glycerin, providing an effective barrier against infections after milking.","robots":{"index":"index","follow":"follow","max-snippet":"max-snippet:-1","max-image-preview":"max-image-preview:large","max-video-preview":"max-video-preview:-1"},"canonical":"https:\/\/liberchem.com\/en\/products\/max-v\/","og_locale":"en_US","og_type":"article","og_title":"MAX-V - Liberchem","og_description":"MAX-V est un bain de trayons antiseptique \u00e9pais \u00e0 base de chlorhexidine et glyc\u00e9rine, offrant une barri\u00e8re efficace contre les infections apr\u00e8s la traite.","og_url":"https:\/\/liberchem.com\/en\/products\/max-v\/","og_site_name":"Liberchem","article_modified_time":"2025-09-03T19:45:39+00:00","og_image":[{"width":1100,"height":1422,"url":"https:\/\/liberchem.com\/wp-content\/uploads\/2025\/03\/Max-V_20L.jpg","type":"image\/jpeg"}],"twitter_card":"summary_large_image","twitter_misc":{"Est. reading time":"1 minute"},"schema":{"@context":"https:\/\/schema.org","@graph":[{"@type":"WebPage","@id":"https:\/\/liberchem.com\/produits\/max-v\/","url":"https:\/\/liberchem.com\/produits\/max-v\/","name":"MAX-V - Liberchem","isPartOf":{"@id":"https:\/\/liberchem.com\/#website"},"primaryImageOfPage":{"@id":"https:\/\/liberchem.com\/produits\/max-v\/#primaryimage"},"image":{"@id":"https:\/\/liberchem.com\/produits\/max-v\/#primaryimage"},"thumbnailUrl":"https:\/\/liberchem.com\/wp-content\/uploads\/2025\/03\/Max-V_20L.jpg","datePublished":"2025-03-18T12:40:43+00:00","dateModified":"2025-09-03T19:45:39+00:00","description":"MAX-V is a thick antiseptic teat dip based on chlorhexidine and glycerin, providing an effective barrier against infections after milking.","breadcrumb":{"@id":"https:\/\/liberchem.com\/produits\/max-v\/#breadcrumb"},"inLanguage":"en-CA","potentialAction":[{"@type":"ReadAction","target":["https:\/\/liberchem.com\/produits\/max-v\/"]}]},{"@type":"ImageObject","inLanguage":"en-CA","@id":"https:\/\/liberchem.com\/produits\/max-v\/#primaryimage","url":"https:\/\/liberchem.com\/wp-content\/uploads\/2025\/03\/Max-V_20L.jpg","contentUrl":"https:\/\/liberchem.com\/wp-content\/uploads\/2025\/03\/Max-V_20L.jpg","width":1100,"height":1422},{"@type":"BreadcrumbList","@id":"https:\/\/liberchem.com\/produits\/max-v\/#breadcrumb","itemListElement":[{"@type":"ListItem","position":1,"name":"Accueil","item":"https:\/\/liberchem.com\/"},{"@type":"ListItem","position":2,"name":"Produits","item":"https:\/\/liberchem.com\/produits\/"},{"@type":"ListItem","position":3,"name":"MAX-V"}]},{"@type":"WebSite","@id":"https:\/\/liberchem.com\/#website","url":"https:\/\/liberchem.com\/","name":"Liberchem","description":"Chemical company","potentialAction":[{"@type":"SearchAction","target":{"@type":"EntryPoint","urlTemplate":"https:\/\/liberchem.com\/?s={search_term_string}"},"query-input":{"@type":"PropertyValueSpecification","valueRequired":true,"valueName":"search_term_string"}}],"inLanguage":"en-CA"}]}},"_links":{"self":[{"href":"https:\/\/liberchem.com\/en\/wp-json\/wp\/v2\/product\/111332","targetHints":{"allow":["GET"]}}],"collection":[{"href":"https:\/\/liberchem.com\/en\/wp-json\/wp\/v2\/product"}],"about":[{"href":"https:\/\/liberchem.com\/en\/wp-json\/wp\/v2\/types\/product"}],"wp:featuredmedia":[{"embeddable":true,"href":"https:\/\/liberchem.com\/en\/wp-json\/wp\/v2\/media\/112621"}],"wp:attachment":[{"href":"https:\/\/liberchem.com\/en\/wp-json\/wp\/v2\/media?parent=111332"}],"wp:term":[{"taxonomy":"product_brand","embeddable":true,"href":"https:\/\/liberchem.com\/en\/wp-json\/wp\/v2\/product_brand?post=111332"},{"taxonomy":"product_cat","embeddable":true,"href":"https:\/\/liberchem.com\/en\/wp-json\/wp\/v2\/product_cat?post=111332"},{"taxonomy":"product_tag","embeddable":true,"href":"https:\/\/liberchem.com\/en\/wp-json\/wp\/v2\/product_tag?post=111332"}],"curies":[{"name":"wp","href":"https:\/\/api.w.org\/{rel}","templated":true}]}}