{"id":111343,"date":"2025-03-18T10:47:43","date_gmt":"2025-03-18T14:47:43","guid":{"rendered":"https:\/\/liberchem.com\/?post_type=product&#038;p=111343"},"modified":"2025-09-03T15:43:35","modified_gmt":"2025-09-03T19:43:35","slug":"peroxeur","status":"publish","type":"product","link":"https:\/\/liberchem.com\/en\/produits\/peroxeur\/","title":{"rendered":"PEROXEUR"},"content":{"rendered":"","protected":false},"excerpt":{"rendered":"<p class=\"p1\"><span class=\"s1\"><b>PEROXEUR <\/b><\/span><b>CODE: 104303 <\/b><b><\/b><\/p>\n<p class=\"p2\">Sanitizer and cleaning additive. Designed for sanitizing and cleaning dairy equipment. 27% hydrogen peroxide solution that eliminates chlorine in the detergent phase when added to concentrated detergent. The best environmentally friendly chlorine replacement. Leaves no residue in wastewater sent to the pit, improving manure quality.<\/p>\n<p class=\"p2\"><b>CONCENTRATION: <\/b>minimum of 250 ppm in the detergent phase and pre-treatment sanitation.<\/p>","protected":false},"featured_media":112473,"template":"","meta":{"_acf_changed":false},"product_brand":[199],"product_cat":[138],"product_tag":[155,159,158,141,191,167,161],"class_list":{"0":"post-111343","1":"product","2":"type-product","3":"status-publish","4":"has-post-thumbnail","6":"product_brand-agro","7":"product_cat-ferme-laitiere","8":"product_tag-concentre","9":"product_tag-depot-manganese-et-mineraux","10":"product_tag-eau-dure","11":"product_tag-economique","12":"product_tag-ferme-traditionnel","13":"product_tag-produit-ecologique","14":"product_tag-produit-pour-robot","15":"pa_categorie-peroxyde","16":"pa_format-1040l","17":"pa_format-200l","18":"pa_format-20l","19":"pa_format-55l","21":"first","22":"instock","23":"taxable","24":"shipping-taxable","25":"purchasable","26":"product-type-variable"},"acf":[],"yoast_head":"<!-- This site is optimized with the Yoast SEO plugin v27.4 - https:\/\/yoast.com\/product\/yoast-seo-wordpress\/ -->\n<title>PEROXEUR - Liberchem<\/title>\n<meta name=\"description\" content=\"PEROXEUR est un assainisseur \u00e9cologique pour \u00e9quipements laitiers, remplace le chlore et am\u00e9liore la qualit\u00e9 des fumiers sans r\u00e9sidus.\" \/>\n<meta name=\"robots\" content=\"index, follow, max-snippet:-1, max-image-preview:large, max-video-preview:-1\" \/>\n<link rel=\"canonical\" href=\"https:\/\/liberchem.com\/en\/products\/peroxeur\/\" \/>\n<meta property=\"og:locale\" content=\"en_US\" \/>\n<meta property=\"og:type\" content=\"article\" \/>\n<meta property=\"og:title\" content=\"PEROXEUR - Liberchem\" \/>\n<meta property=\"og:description\" content=\"PEROXEUR est un assainisseur \u00e9cologique pour \u00e9quipements laitiers, remplace le chlore et am\u00e9liore la qualit\u00e9 des fumiers sans r\u00e9sidus.\" \/>\n<meta property=\"og:url\" content=\"https:\/\/liberchem.com\/en\/products\/peroxeur\/\" \/>\n<meta property=\"og:site_name\" content=\"Liberchem\" \/>\n<meta property=\"article:modified_time\" content=\"2025-09-03T19:43:35+00:00\" \/>\n<meta property=\"og:image\" content=\"https:\/\/liberchem.com\/wp-content\/uploads\/2025\/03\/Peroxeur_20L.jpg\" \/>\n\t<meta property=\"og:image:width\" content=\"1100\" \/>\n\t<meta property=\"og:image:height\" content=\"1422\" \/>\n\t<meta property=\"og:image:type\" content=\"image\/jpeg\" \/>\n<meta name=\"twitter:card\" content=\"summary_large_image\" \/>\n<meta name=\"twitter:label1\" content=\"Est. reading time\" \/>\n\t<meta name=\"twitter:data1\" content=\"1 minute\" \/>\n<script type=\"application\/ld+json\" class=\"yoast-schema-graph\">{\"@context\":\"https:\\\/\\\/schema.org\",\"@graph\":[{\"@type\":\"WebPage\",\"@id\":\"https:\\\/\\\/liberchem.com\\\/produits\\\/peroxeur\\\/\",\"url\":\"https:\\\/\\\/liberchem.com\\\/produits\\\/peroxeur\\\/\",\"name\":\"PEROXEUR - Liberchem\",\"isPartOf\":{\"@id\":\"https:\\\/\\\/liberchem.com\\\/#website\"},\"primaryImageOfPage\":{\"@id\":\"https:\\\/\\\/liberchem.com\\\/produits\\\/peroxeur\\\/#primaryimage\"},\"image\":{\"@id\":\"https:\\\/\\\/liberchem.com\\\/produits\\\/peroxeur\\\/#primaryimage\"},\"thumbnailUrl\":\"https:\\\/\\\/liberchem.com\\\/wp-content\\\/uploads\\\/2025\\\/03\\\/Peroxeur_20L.jpg\",\"datePublished\":\"2025-03-18T14:47:43+00:00\",\"dateModified\":\"2025-09-03T19:43:35+00:00\",\"description\":\"PEROXEUR est un assainisseur \u00e9cologique pour \u00e9quipements laitiers, remplace le chlore et am\u00e9liore la qualit\u00e9 des fumiers sans r\u00e9sidus.\",\"breadcrumb\":{\"@id\":\"https:\\\/\\\/liberchem.com\\\/produits\\\/peroxeur\\\/#breadcrumb\"},\"inLanguage\":\"en-CA\",\"potentialAction\":[{\"@type\":\"ReadAction\",\"target\":[\"https:\\\/\\\/liberchem.com\\\/produits\\\/peroxeur\\\/\"]}]},{\"@type\":\"ImageObject\",\"inLanguage\":\"en-CA\",\"@id\":\"https:\\\/\\\/liberchem.com\\\/produits\\\/peroxeur\\\/#primaryimage\",\"url\":\"https:\\\/\\\/liberchem.com\\\/wp-content\\\/uploads\\\/2025\\\/03\\\/Peroxeur_20L.jpg\",\"contentUrl\":\"https:\\\/\\\/liberchem.com\\\/wp-content\\\/uploads\\\/2025\\\/03\\\/Peroxeur_20L.jpg\",\"width\":1100,\"height\":1422},{\"@type\":\"BreadcrumbList\",\"@id\":\"https:\\\/\\\/liberchem.com\\\/produits\\\/peroxeur\\\/#breadcrumb\",\"itemListElement\":[{\"@type\":\"ListItem\",\"position\":1,\"name\":\"Accueil\",\"item\":\"https:\\\/\\\/liberchem.com\\\/\"},{\"@type\":\"ListItem\",\"position\":2,\"name\":\"Produits\",\"item\":\"https:\\\/\\\/liberchem.com\\\/produits\\\/\"},{\"@type\":\"ListItem\",\"position\":3,\"name\":\"PEROXEUR\"}]},{\"@type\":\"WebSite\",\"@id\":\"https:\\\/\\\/liberchem.com\\\/#website\",\"url\":\"https:\\\/\\\/liberchem.com\\\/\",\"name\":\"Liberchem\",\"description\":\"Entreprise de produits chimiques\",\"potentialAction\":[{\"@type\":\"SearchAction\",\"target\":{\"@type\":\"EntryPoint\",\"urlTemplate\":\"https:\\\/\\\/liberchem.com\\\/?s={search_term_string}\"},\"query-input\":{\"@type\":\"PropertyValueSpecification\",\"valueRequired\":true,\"valueName\":\"search_term_string\"}}],\"inLanguage\":\"en-CA\"}]}<\/script>\n<!-- \/ Yoast SEO plugin. -->","yoast_head_json":{"title":"PEROXEUR - Liberchem","description":"PEROXEUR is an ecological sanitizer for dairy equipment, replaces chlorine and improves the quality of manure without residue.","robots":{"index":"index","follow":"follow","max-snippet":"max-snippet:-1","max-image-preview":"max-image-preview:large","max-video-preview":"max-video-preview:-1"},"canonical":"https:\/\/liberchem.com\/en\/products\/peroxeur\/","og_locale":"en_US","og_type":"article","og_title":"PEROXEUR - Liberchem","og_description":"PEROXEUR est un assainisseur \u00e9cologique pour \u00e9quipements laitiers, remplace le chlore et am\u00e9liore la qualit\u00e9 des fumiers sans r\u00e9sidus.","og_url":"https:\/\/liberchem.com\/en\/products\/peroxeur\/","og_site_name":"Liberchem","article_modified_time":"2025-09-03T19:43:35+00:00","og_image":[{"width":1100,"height":1422,"url":"https:\/\/liberchem.com\/wp-content\/uploads\/2025\/03\/Peroxeur_20L.jpg","type":"image\/jpeg"}],"twitter_card":"summary_large_image","twitter_misc":{"Est. reading time":"1 minute"},"schema":{"@context":"https:\/\/schema.org","@graph":[{"@type":"WebPage","@id":"https:\/\/liberchem.com\/produits\/peroxeur\/","url":"https:\/\/liberchem.com\/produits\/peroxeur\/","name":"PEROXEUR - Liberchem","isPartOf":{"@id":"https:\/\/liberchem.com\/#website"},"primaryImageOfPage":{"@id":"https:\/\/liberchem.com\/produits\/peroxeur\/#primaryimage"},"image":{"@id":"https:\/\/liberchem.com\/produits\/peroxeur\/#primaryimage"},"thumbnailUrl":"https:\/\/liberchem.com\/wp-content\/uploads\/2025\/03\/Peroxeur_20L.jpg","datePublished":"2025-03-18T14:47:43+00:00","dateModified":"2025-09-03T19:43:35+00:00","description":"PEROXEUR is an ecological sanitizer for dairy equipment, replaces chlorine and improves the quality of manure without residue.","breadcrumb":{"@id":"https:\/\/liberchem.com\/produits\/peroxeur\/#breadcrumb"},"inLanguage":"en-CA","potentialAction":[{"@type":"ReadAction","target":["https:\/\/liberchem.com\/produits\/peroxeur\/"]}]},{"@type":"ImageObject","inLanguage":"en-CA","@id":"https:\/\/liberchem.com\/produits\/peroxeur\/#primaryimage","url":"https:\/\/liberchem.com\/wp-content\/uploads\/2025\/03\/Peroxeur_20L.jpg","contentUrl":"https:\/\/liberchem.com\/wp-content\/uploads\/2025\/03\/Peroxeur_20L.jpg","width":1100,"height":1422},{"@type":"BreadcrumbList","@id":"https:\/\/liberchem.com\/produits\/peroxeur\/#breadcrumb","itemListElement":[{"@type":"ListItem","position":1,"name":"Accueil","item":"https:\/\/liberchem.com\/"},{"@type":"ListItem","position":2,"name":"Produits","item":"https:\/\/liberchem.com\/produits\/"},{"@type":"ListItem","position":3,"name":"PEROXEUR"}]},{"@type":"WebSite","@id":"https:\/\/liberchem.com\/#website","url":"https:\/\/liberchem.com\/","name":"Liberchem","description":"Chemical company","potentialAction":[{"@type":"SearchAction","target":{"@type":"EntryPoint","urlTemplate":"https:\/\/liberchem.com\/?s={search_term_string}"},"query-input":{"@type":"PropertyValueSpecification","valueRequired":true,"valueName":"search_term_string"}}],"inLanguage":"en-CA"}]}},"_links":{"self":[{"href":"https:\/\/liberchem.com\/en\/wp-json\/wp\/v2\/product\/111343","targetHints":{"allow":["GET"]}}],"collection":[{"href":"https:\/\/liberchem.com\/en\/wp-json\/wp\/v2\/product"}],"about":[{"href":"https:\/\/liberchem.com\/en\/wp-json\/wp\/v2\/types\/product"}],"wp:featuredmedia":[{"embeddable":true,"href":"https:\/\/liberchem.com\/en\/wp-json\/wp\/v2\/media\/112473"}],"wp:attachment":[{"href":"https:\/\/liberchem.com\/en\/wp-json\/wp\/v2\/media?parent=111343"}],"wp:term":[{"taxonomy":"product_brand","embeddable":true,"href":"https:\/\/liberchem.com\/en\/wp-json\/wp\/v2\/product_brand?post=111343"},{"taxonomy":"product_cat","embeddable":true,"href":"https:\/\/liberchem.com\/en\/wp-json\/wp\/v2\/product_cat?post=111343"},{"taxonomy":"product_tag","embeddable":true,"href":"https:\/\/liberchem.com\/en\/wp-json\/wp\/v2\/product_tag?post=111343"}],"curies":[{"name":"wp","href":"https:\/\/api.w.org\/{rel}","templated":true}]}}