{"id":111362,"date":"2025-03-18T11:35:26","date_gmt":"2025-03-18T15:35:26","guid":{"rendered":"https:\/\/liberchem.com\/?post_type=product&#038;p=111362"},"modified":"2026-03-02T15:42:00","modified_gmt":"2026-03-02T20:42:00","slug":"double-action","status":"publish","type":"product","link":"https:\/\/liberchem.com\/en\/produits\/double-action\/","title":{"rendered":"DOUBLE ACTION"},"content":{"rendered":"","protected":false},"excerpt":{"rendered":"<p>This powder laundry detergent cleans and sanitizes. It contains a bleaching and sanitizing agent when organic chlorine comes into contact with water, in combination with a surfactant. The oxidizing molecules are activated and penetrate dirt and attack bacteria, resulting in optimal sanitization. In addition, organic chlorine is gentle on fabrics to extend their useful life.<\/p>\n<ul>\n<li>Ideal for teat cleaning wipes.<\/li>\n<li>Softens the fabrics for better udder comfort.<\/li>\n<li>The use of Double Action detergent ensures high-level cleaning, while sanitizing fabrics.<\/li>\n<li>Towels can be used damp 6 hours after spinning following washing, saving electricity from the dryer.<\/li>\n<li>Whitening, deodorizing and disinfecting<\/li>\n<\/ul>","protected":false},"featured_media":114596,"template":"","meta":{"_acf_changed":false},"product_brand":[200,209,207,213,219,217,221,205],"product_cat":[135,138,136],"product_tag":[156,155,157,191,160],"class_list":{"0":"post-111362","1":"product","2":"type-product","3":"status-publish","4":"has-post-thumbnail","6":"product_brand-agro-2","7":"product_brand-beaudry-estrie-2","8":"product_brand-beaudry-morin-2","9":"product_brand-depanneur-agricole-2","10":"product_brand-distribution-jp-service-2","11":"product_brand-dubreuil-equipements-2","12":"product_brand-equipements-eric-grondin-2","13":"product_brand-jolco-2","14":"product_cat-ferme-avicole","15":"product_cat-ferme-laitiere","16":"product_cat-ferme-porcine","17":"product_tag-chlore","18":"product_tag-concentre","19":"product_tag-eau-froide","20":"product_tag-ferme-traditionnel","21":"product_tag-produit-en-poudre","22":"pa_categorie-detergent-a-lessive","23":"pa_format-20-kg","25":"first","26":"instock","27":"taxable","28":"shipping-taxable","29":"purchasable","30":"product-type-variable"},"acf":[],"yoast_head":"<!-- This site is optimized with the Yoast SEO plugin v27.3 - https:\/\/yoast.com\/product\/yoast-seo-wordpress\/ -->\n<title>DOUBLE ACTION - Liberchem<\/title>\n<meta name=\"description\" content=\"D\u00e9tergent en poudre pour linge, nettoie et assainit avec chlore organique cr\u00e9ant du peroxyde d\u2019hydrog\u00e8ne, id\u00e9al pour trayons et serviettes.\" \/>\n<meta name=\"robots\" content=\"index, follow, max-snippet:-1, max-image-preview:large, max-video-preview:-1\" \/>\n<link rel=\"canonical\" href=\"https:\/\/liberchem.com\/en\/products\/double-action\/\" \/>\n<meta property=\"og:locale\" content=\"en_US\" \/>\n<meta property=\"og:type\" content=\"article\" \/>\n<meta property=\"og:title\" content=\"ACIDE 100 - Liberchem\" \/>\n<meta property=\"og:description\" content=\"Nettoyant acide \u00e9conomique pour \u00e9quipements laitiers. \u00c9limine le calcaire sans r\u00e9sidu. Formul\u00e9 \u00e0 base d&#039;acide phosphorique et sulfurique.\" \/>\n<meta property=\"og:url\" content=\"https:\/\/liberchem.com\/en\/products\/double-action\/\" \/>\n<meta property=\"og:site_name\" content=\"Liberchem\" \/>\n<meta property=\"article:modified_time\" content=\"2026-03-02T20:42:00+00:00\" \/>\n<meta property=\"og:image\" content=\"https:\/\/liberchem.com\/wp-content\/uploads\/2023\/12\/acide100.png\" \/>\n\t<meta property=\"og:image:width\" content=\"763\" \/>\n\t<meta property=\"og:image:height\" content=\"513\" \/>\n\t<meta property=\"og:image:type\" content=\"image\/png\" \/>\n<meta name=\"twitter:card\" content=\"summary_large_image\" \/>\n<meta name=\"twitter:label1\" content=\"Est. reading time\" \/>\n\t<meta name=\"twitter:data1\" content=\"1 minute\" \/>\n<script type=\"application\/ld+json\" class=\"yoast-schema-graph\">{\"@context\":\"https:\\\/\\\/schema.org\",\"@graph\":[{\"@type\":\"WebPage\",\"@id\":\"https:\\\/\\\/liberchem.com\\\/produits\\\/double-action\\\/\",\"url\":\"https:\\\/\\\/liberchem.com\\\/produits\\\/double-action\\\/\",\"name\":\"DOUBLE ACTION - Liberchem\",\"isPartOf\":{\"@id\":\"https:\\\/\\\/liberchem.com\\\/#website\"},\"primaryImageOfPage\":{\"@id\":\"https:\\\/\\\/liberchem.com\\\/produits\\\/double-action\\\/#primaryimage\"},\"image\":{\"@id\":\"https:\\\/\\\/liberchem.com\\\/produits\\\/double-action\\\/#primaryimage\"},\"thumbnailUrl\":\"https:\\\/\\\/liberchem.com\\\/wp-content\\\/uploads\\\/Double-Action-20Kg.jpg\",\"datePublished\":\"2025-03-18T15:35:26+00:00\",\"dateModified\":\"2026-03-02T20:42:00+00:00\",\"description\":\"D\u00e9tergent en poudre pour linge, nettoie et assainit avec chlore organique cr\u00e9ant du peroxyde d\u2019hydrog\u00e8ne, id\u00e9al pour trayons et serviettes.\",\"breadcrumb\":{\"@id\":\"https:\\\/\\\/liberchem.com\\\/produits\\\/double-action\\\/#breadcrumb\"},\"inLanguage\":\"en-CA\",\"potentialAction\":[{\"@type\":\"ReadAction\",\"target\":[\"https:\\\/\\\/liberchem.com\\\/produits\\\/double-action\\\/\"]}]},{\"@type\":\"ImageObject\",\"inLanguage\":\"en-CA\",\"@id\":\"https:\\\/\\\/liberchem.com\\\/produits\\\/double-action\\\/#primaryimage\",\"url\":\"https:\\\/\\\/liberchem.com\\\/wp-content\\\/uploads\\\/Double-Action-20Kg.jpg\",\"contentUrl\":\"https:\\\/\\\/liberchem.com\\\/wp-content\\\/uploads\\\/Double-Action-20Kg.jpg\",\"width\":1791,\"height\":2045},{\"@type\":\"BreadcrumbList\",\"@id\":\"https:\\\/\\\/liberchem.com\\\/produits\\\/double-action\\\/#breadcrumb\",\"itemListElement\":[{\"@type\":\"ListItem\",\"position\":1,\"name\":\"Accueil\",\"item\":\"https:\\\/\\\/liberchem.com\\\/\"},{\"@type\":\"ListItem\",\"position\":2,\"name\":\"Produits\",\"item\":\"https:\\\/\\\/liberchem.com\\\/produits\\\/\"},{\"@type\":\"ListItem\",\"position\":3,\"name\":\"DOUBLE ACTION\"}]},{\"@type\":\"WebSite\",\"@id\":\"https:\\\/\\\/liberchem.com\\\/#website\",\"url\":\"https:\\\/\\\/liberchem.com\\\/\",\"name\":\"Liberchem\",\"description\":\"Entreprise de produits chimiques\",\"potentialAction\":[{\"@type\":\"SearchAction\",\"target\":{\"@type\":\"EntryPoint\",\"urlTemplate\":\"https:\\\/\\\/liberchem.com\\\/?s={search_term_string}\"},\"query-input\":{\"@type\":\"PropertyValueSpecification\",\"valueRequired\":true,\"valueName\":\"search_term_string\"}}],\"inLanguage\":\"en-CA\"}]}<\/script>\n<!-- \/ Yoast SEO plugin. -->","yoast_head_json":{"title":"DOUBLE ACTION - Liberchem","description":"Powder laundry detergent, cleans and sanitizes with organic chlorine creating hydrogen peroxide, ideal for teats and towels.","robots":{"index":"index","follow":"follow","max-snippet":"max-snippet:-1","max-image-preview":"max-image-preview:large","max-video-preview":"max-video-preview:-1"},"canonical":"https:\/\/liberchem.com\/en\/products\/double-action\/","og_locale":"en_US","og_type":"article","og_title":"ACIDE 100 - Liberchem","og_description":"Nettoyant acide \u00e9conomique pour \u00e9quipements laitiers. \u00c9limine le calcaire sans r\u00e9sidu. Formul\u00e9 \u00e0 base d'acide phosphorique et sulfurique.","og_url":"https:\/\/liberchem.com\/en\/products\/double-action\/","og_site_name":"Liberchem","article_modified_time":"2026-03-02T20:42:00+00:00","og_image":[{"width":763,"height":513,"url":"https:\/\/liberchem.com\/wp-content\/uploads\/2023\/12\/acide100.png","type":"image\/png"}],"twitter_card":"summary_large_image","twitter_misc":{"Est. reading time":"1 minute"},"schema":{"@context":"https:\/\/schema.org","@graph":[{"@type":"WebPage","@id":"https:\/\/liberchem.com\/produits\/double-action\/","url":"https:\/\/liberchem.com\/produits\/double-action\/","name":"DOUBLE ACTION - Liberchem","isPartOf":{"@id":"https:\/\/liberchem.com\/#website"},"primaryImageOfPage":{"@id":"https:\/\/liberchem.com\/produits\/double-action\/#primaryimage"},"image":{"@id":"https:\/\/liberchem.com\/produits\/double-action\/#primaryimage"},"thumbnailUrl":"https:\/\/liberchem.com\/wp-content\/uploads\/Double-Action-20Kg.jpg","datePublished":"2025-03-18T15:35:26+00:00","dateModified":"2026-03-02T20:42:00+00:00","description":"Powder laundry detergent, cleans and sanitizes with organic chlorine creating hydrogen peroxide, ideal for teats and towels.","breadcrumb":{"@id":"https:\/\/liberchem.com\/produits\/double-action\/#breadcrumb"},"inLanguage":"en-CA","potentialAction":[{"@type":"ReadAction","target":["https:\/\/liberchem.com\/produits\/double-action\/"]}]},{"@type":"ImageObject","inLanguage":"en-CA","@id":"https:\/\/liberchem.com\/produits\/double-action\/#primaryimage","url":"https:\/\/liberchem.com\/wp-content\/uploads\/Double-Action-20Kg.jpg","contentUrl":"https:\/\/liberchem.com\/wp-content\/uploads\/Double-Action-20Kg.jpg","width":1791,"height":2045},{"@type":"BreadcrumbList","@id":"https:\/\/liberchem.com\/produits\/double-action\/#breadcrumb","itemListElement":[{"@type":"ListItem","position":1,"name":"Accueil","item":"https:\/\/liberchem.com\/"},{"@type":"ListItem","position":2,"name":"Produits","item":"https:\/\/liberchem.com\/produits\/"},{"@type":"ListItem","position":3,"name":"DOUBLE ACTION"}]},{"@type":"WebSite","@id":"https:\/\/liberchem.com\/#website","url":"https:\/\/liberchem.com\/","name":"Liberchem","description":"Chemical company","potentialAction":[{"@type":"SearchAction","target":{"@type":"EntryPoint","urlTemplate":"https:\/\/liberchem.com\/?s={search_term_string}"},"query-input":{"@type":"PropertyValueSpecification","valueRequired":true,"valueName":"search_term_string"}}],"inLanguage":"en-CA"}]}},"_links":{"self":[{"href":"https:\/\/liberchem.com\/en\/wp-json\/wp\/v2\/product\/111362","targetHints":{"allow":["GET"]}}],"collection":[{"href":"https:\/\/liberchem.com\/en\/wp-json\/wp\/v2\/product"}],"about":[{"href":"https:\/\/liberchem.com\/en\/wp-json\/wp\/v2\/types\/product"}],"wp:featuredmedia":[{"embeddable":true,"href":"https:\/\/liberchem.com\/en\/wp-json\/wp\/v2\/media\/114596"}],"wp:attachment":[{"href":"https:\/\/liberchem.com\/en\/wp-json\/wp\/v2\/media?parent=111362"}],"wp:term":[{"taxonomy":"product_brand","embeddable":true,"href":"https:\/\/liberchem.com\/en\/wp-json\/wp\/v2\/product_brand?post=111362"},{"taxonomy":"product_cat","embeddable":true,"href":"https:\/\/liberchem.com\/en\/wp-json\/wp\/v2\/product_cat?post=111362"},{"taxonomy":"product_tag","embeddable":true,"href":"https:\/\/liberchem.com\/en\/wp-json\/wp\/v2\/product_tag?post=111362"}],"curies":[{"name":"wp","href":"https:\/\/api.w.org\/{rel}","templated":true}]}}