{"id":111366,"date":"2025-03-18T11:56:07","date_gmt":"2025-03-18T15:56:07","guid":{"rendered":"https:\/\/liberchem.com\/?post_type=product&#038;p=111366"},"modified":"2025-10-22T15:50:17","modified_gmt":"2025-10-22T19:50:17","slug":"agri-kleen-360","status":"publish","type":"product","link":"https:\/\/liberchem.com\/en\/produits\/agri-kleen-360\/","title":{"rendered":"AGRI-KLEEN 360"},"content":{"rendered":"","protected":false},"excerpt":{"rendered":"<p><b>AGRI-KLEEN 360<\/b><\/p>\n<p>Chlorinated alkaline detergent for livestock buildings.<\/p>\n<p>AGRI-KLEEN 360 is a highly concentrated chlorinated alkaline foaming cleaner. It penetrates and lifts dirt such as fats, proteins and organic matter, such as manure.<\/p>\n<ul>\n<li>Highly effective product Safe on all metals and concrete<\/li>\n<li>Contains chlorine in the form of sodium hypochlorite<\/li>\n<li>Moderate alkalinity<\/li>\n<li>Very foamy<\/li>\n<li>Solvent-free<\/li>\n<\/ul>","protected":false},"featured_media":112585,"template":"","meta":{"_acf_changed":false},"product_brand":[200,209,207,213,219,217,221,205],"product_cat":[135,138,136],"product_tag":[156,155,191,161],"class_list":{"0":"post-111366","1":"product","2":"type-product","3":"status-publish","4":"has-post-thumbnail","6":"product_brand-agro-2","7":"product_brand-beaudry-estrie-2","8":"product_brand-beaudry-morin-2","9":"product_brand-depanneur-agricole-2","10":"product_brand-distribution-jp-service-2","11":"product_brand-dubreuil-equipements-2","12":"product_brand-equipements-eric-grondin-2","13":"product_brand-jolco-2","14":"product_cat-ferme-avicole","15":"product_cat-ferme-laitiere","16":"product_cat-ferme-porcine","17":"product_tag-chlore","18":"product_tag-concentre","19":"product_tag-ferme-traditionnel","20":"product_tag-produit-pour-robot","21":"pa_categorie-nettoyant-externe-dequipements","22":"pa_format-1040l","23":"pa_format-200l","24":"pa_format-20l","25":"pa_format-55l","27":"first","28":"instock","29":"taxable","30":"shipping-taxable","31":"purchasable","32":"product-type-variable"},"acf":[],"yoast_head":"<!-- This site is optimized with the Yoast SEO plugin v27.5 - https:\/\/yoast.com\/product\/yoast-seo-wordpress\/ -->\n<title>AGRI-KLEEN 360 - Liberchem<\/title>\n<meta name=\"description\" content=\"AGRI-KLEEN 360, nettoyant alcalin chlor\u00e9 moussant concentr\u00e9, \u00e9limine efficacement mati\u00e8res grasses et organiques, s\u00fbr pour m\u00e9taux et b\u00e9ton, sans solvant.\" \/>\n<meta name=\"robots\" content=\"index, follow, max-snippet:-1, max-image-preview:large, max-video-preview:-1\" \/>\n<link rel=\"canonical\" href=\"https:\/\/liberchem.com\/en\/products\/agri-kleen-360\/\" \/>\n<meta property=\"og:locale\" content=\"en_US\" \/>\n<meta property=\"og:type\" content=\"article\" \/>\n<meta property=\"og:title\" content=\"AGRI-KLEEN 360 - Liberchem\" \/>\n<meta property=\"og:description\" content=\"D\u00e9tergent Alcalin Chlor\u00e9 pour B\u00e2timent d\u2019\u00e9levage.\" \/>\n<meta property=\"og:url\" content=\"https:\/\/liberchem.com\/en\/products\/agri-kleen-360\/\" \/>\n<meta property=\"og:site_name\" content=\"Liberchem\" \/>\n<meta property=\"article:modified_time\" content=\"2025-10-22T19:50:17+00:00\" \/>\n<meta property=\"og:image\" content=\"https:\/\/liberchem.com\/wp-content\/uploads\/2025\/04\/Agri-Kleen-360_20L.jpg\" \/>\n\t<meta property=\"og:image:width\" content=\"1100\" \/>\n\t<meta property=\"og:image:height\" content=\"1422\" \/>\n\t<meta property=\"og:image:type\" content=\"image\/jpeg\" \/>\n<meta name=\"twitter:card\" content=\"summary_large_image\" \/>\n<meta name=\"twitter:label1\" content=\"Est. reading time\" \/>\n\t<meta name=\"twitter:data1\" content=\"1 minute\" \/>\n<script type=\"application\/ld+json\" class=\"yoast-schema-graph\">{\"@context\":\"https:\\\/\\\/schema.org\",\"@graph\":[{\"@type\":\"WebPage\",\"@id\":\"https:\\\/\\\/liberchem.com\\\/produits\\\/agri-kleen-360\\\/\",\"url\":\"https:\\\/\\\/liberchem.com\\\/produits\\\/agri-kleen-360\\\/\",\"name\":\"AGRI-KLEEN 360 - Liberchem\",\"isPartOf\":{\"@id\":\"https:\\\/\\\/liberchem.com\\\/#website\"},\"primaryImageOfPage\":{\"@id\":\"https:\\\/\\\/liberchem.com\\\/produits\\\/agri-kleen-360\\\/#primaryimage\"},\"image\":{\"@id\":\"https:\\\/\\\/liberchem.com\\\/produits\\\/agri-kleen-360\\\/#primaryimage\"},\"thumbnailUrl\":\"https:\\\/\\\/liberchem.com\\\/wp-content\\\/uploads\\\/2025\\\/04\\\/Agri-Kleen-360_20L.jpg\",\"datePublished\":\"2025-03-18T15:56:07+00:00\",\"dateModified\":\"2025-10-22T19:50:17+00:00\",\"description\":\"AGRI-KLEEN 360, nettoyant alcalin chlor\u00e9 moussant concentr\u00e9, \u00e9limine efficacement mati\u00e8res grasses et organiques, s\u00fbr pour m\u00e9taux et b\u00e9ton, sans solvant.\",\"breadcrumb\":{\"@id\":\"https:\\\/\\\/liberchem.com\\\/produits\\\/agri-kleen-360\\\/#breadcrumb\"},\"inLanguage\":\"en-CA\",\"potentialAction\":[{\"@type\":\"ReadAction\",\"target\":[\"https:\\\/\\\/liberchem.com\\\/produits\\\/agri-kleen-360\\\/\"]}]},{\"@type\":\"ImageObject\",\"inLanguage\":\"en-CA\",\"@id\":\"https:\\\/\\\/liberchem.com\\\/produits\\\/agri-kleen-360\\\/#primaryimage\",\"url\":\"https:\\\/\\\/liberchem.com\\\/wp-content\\\/uploads\\\/2025\\\/04\\\/Agri-Kleen-360_20L.jpg\",\"contentUrl\":\"https:\\\/\\\/liberchem.com\\\/wp-content\\\/uploads\\\/2025\\\/04\\\/Agri-Kleen-360_20L.jpg\",\"width\":1100,\"height\":1422},{\"@type\":\"BreadcrumbList\",\"@id\":\"https:\\\/\\\/liberchem.com\\\/produits\\\/agri-kleen-360\\\/#breadcrumb\",\"itemListElement\":[{\"@type\":\"ListItem\",\"position\":1,\"name\":\"Accueil\",\"item\":\"https:\\\/\\\/liberchem.com\\\/\"},{\"@type\":\"ListItem\",\"position\":2,\"name\":\"Produits\",\"item\":\"https:\\\/\\\/liberchem.com\\\/produits\\\/\"},{\"@type\":\"ListItem\",\"position\":3,\"name\":\"AGRI-KLEEN 360\"}]},{\"@type\":\"WebSite\",\"@id\":\"https:\\\/\\\/liberchem.com\\\/#website\",\"url\":\"https:\\\/\\\/liberchem.com\\\/\",\"name\":\"Liberchem\",\"description\":\"Entreprise de produits chimiques\",\"potentialAction\":[{\"@type\":\"SearchAction\",\"target\":{\"@type\":\"EntryPoint\",\"urlTemplate\":\"https:\\\/\\\/liberchem.com\\\/?s={search_term_string}\"},\"query-input\":{\"@type\":\"PropertyValueSpecification\",\"valueRequired\":true,\"valueName\":\"search_term_string\"}}],\"inLanguage\":\"en-CA\"}]}<\/script>\n<!-- \/ Yoast SEO plugin. -->","yoast_head_json":{"title":"AGRI-KLEEN 360 - Liberchem","description":"AGRI-KLEEN 360, nettoyant alcalin chlor\u00e9 moussant concentr\u00e9, \u00e9limine efficacement mati\u00e8res grasses et organiques, s\u00fbr pour m\u00e9taux et b\u00e9ton, sans solvant.","robots":{"index":"index","follow":"follow","max-snippet":"max-snippet:-1","max-image-preview":"max-image-preview:large","max-video-preview":"max-video-preview:-1"},"canonical":"https:\/\/liberchem.com\/en\/products\/agri-kleen-360\/","og_locale":"en_US","og_type":"article","og_title":"AGRI-KLEEN 360 - Liberchem","og_description":"D\u00e9tergent Alcalin Chlor\u00e9 pour B\u00e2timent d\u2019\u00e9levage.","og_url":"https:\/\/liberchem.com\/en\/products\/agri-kleen-360\/","og_site_name":"Liberchem","article_modified_time":"2025-10-22T19:50:17+00:00","og_image":[{"width":1100,"height":1422,"url":"https:\/\/liberchem.com\/wp-content\/uploads\/2025\/04\/Agri-Kleen-360_20L.jpg","type":"image\/jpeg"}],"twitter_card":"summary_large_image","twitter_misc":{"Est. reading time":"1 minute"},"schema":{"@context":"https:\/\/schema.org","@graph":[{"@type":"WebPage","@id":"https:\/\/liberchem.com\/produits\/agri-kleen-360\/","url":"https:\/\/liberchem.com\/produits\/agri-kleen-360\/","name":"AGRI-KLEEN 360 - Liberchem","isPartOf":{"@id":"https:\/\/liberchem.com\/#website"},"primaryImageOfPage":{"@id":"https:\/\/liberchem.com\/produits\/agri-kleen-360\/#primaryimage"},"image":{"@id":"https:\/\/liberchem.com\/produits\/agri-kleen-360\/#primaryimage"},"thumbnailUrl":"https:\/\/liberchem.com\/wp-content\/uploads\/2025\/04\/Agri-Kleen-360_20L.jpg","datePublished":"2025-03-18T15:56:07+00:00","dateModified":"2025-10-22T19:50:17+00:00","description":"AGRI-KLEEN 360, nettoyant alcalin chlor\u00e9 moussant concentr\u00e9, \u00e9limine efficacement mati\u00e8res grasses et organiques, s\u00fbr pour m\u00e9taux et b\u00e9ton, sans solvant.","breadcrumb":{"@id":"https:\/\/liberchem.com\/produits\/agri-kleen-360\/#breadcrumb"},"inLanguage":"en-CA","potentialAction":[{"@type":"ReadAction","target":["https:\/\/liberchem.com\/produits\/agri-kleen-360\/"]}]},{"@type":"ImageObject","inLanguage":"en-CA","@id":"https:\/\/liberchem.com\/produits\/agri-kleen-360\/#primaryimage","url":"https:\/\/liberchem.com\/wp-content\/uploads\/2025\/04\/Agri-Kleen-360_20L.jpg","contentUrl":"https:\/\/liberchem.com\/wp-content\/uploads\/2025\/04\/Agri-Kleen-360_20L.jpg","width":1100,"height":1422},{"@type":"BreadcrumbList","@id":"https:\/\/liberchem.com\/produits\/agri-kleen-360\/#breadcrumb","itemListElement":[{"@type":"ListItem","position":1,"name":"Accueil","item":"https:\/\/liberchem.com\/"},{"@type":"ListItem","position":2,"name":"Produits","item":"https:\/\/liberchem.com\/produits\/"},{"@type":"ListItem","position":3,"name":"AGRI-KLEEN 360"}]},{"@type":"WebSite","@id":"https:\/\/liberchem.com\/#website","url":"https:\/\/liberchem.com\/","name":"Liberchem","description":"Chemical company","potentialAction":[{"@type":"SearchAction","target":{"@type":"EntryPoint","urlTemplate":"https:\/\/liberchem.com\/?s={search_term_string}"},"query-input":{"@type":"PropertyValueSpecification","valueRequired":true,"valueName":"search_term_string"}}],"inLanguage":"en-CA"}]}},"_links":{"self":[{"href":"https:\/\/liberchem.com\/en\/wp-json\/wp\/v2\/product\/111366","targetHints":{"allow":["GET"]}}],"collection":[{"href":"https:\/\/liberchem.com\/en\/wp-json\/wp\/v2\/product"}],"about":[{"href":"https:\/\/liberchem.com\/en\/wp-json\/wp\/v2\/types\/product"}],"wp:featuredmedia":[{"embeddable":true,"href":"https:\/\/liberchem.com\/en\/wp-json\/wp\/v2\/media\/112585"}],"wp:attachment":[{"href":"https:\/\/liberchem.com\/en\/wp-json\/wp\/v2\/media?parent=111366"}],"wp:term":[{"taxonomy":"product_brand","embeddable":true,"href":"https:\/\/liberchem.com\/en\/wp-json\/wp\/v2\/product_brand?post=111366"},{"taxonomy":"product_cat","embeddable":true,"href":"https:\/\/liberchem.com\/en\/wp-json\/wp\/v2\/product_cat?post=111366"},{"taxonomy":"product_tag","embeddable":true,"href":"https:\/\/liberchem.com\/en\/wp-json\/wp\/v2\/product_tag?post=111366"}],"curies":[{"name":"wp","href":"https:\/\/api.w.org\/{rel}","templated":true}]}}