{"id":111378,"date":"2025-03-18T14:06:22","date_gmt":"2025-03-18T18:06:22","guid":{"rendered":"https:\/\/liberchem.com\/?post_type=product&#038;p=111378"},"modified":"2026-04-14T14:14:47","modified_gmt":"2026-04-14T18:14:47","slug":"agri-cid-360","status":"publish","type":"product","link":"https:\/\/liberchem.com\/en\/produits\/agri-cid-360\/","title":{"rendered":"AGRI-CID 360"},"content":{"rendered":"","protected":false},"excerpt":{"rendered":"<p class=\"p1\">AGRI-CID 360 is a liquid acidifier for drinking water for farm animals.<\/p>\n<p class=\"p1\">It removes accumulated minerals and lowers the pH of drinking water for poultry and swine. Reducing pH improves the effectiveness of cleaning agents, chlorination, or antibiotics administered in the water, which is essential for optimal performance.<\/p>\n<p class=\"p1\">BENEFITS :<\/p>\n<p><span class=\"s4\">Keeps water lines clean <\/span><\/p>\n<p><span class=\"s4\">Reduces biofilms and limescale buildup <\/span><\/p>\n<p><span class=\"s4\">Allows for more efficient chlorination Easy dosage <\/span><\/p>","protected":false},"featured_media":112871,"template":"","meta":{"_acf_changed":false},"product_brand":[200,209,207,213,219,217,221,205],"product_cat":[135,136],"product_tag":[155,167],"class_list":{"0":"post-111378","1":"product","2":"type-product","3":"status-publish","4":"has-post-thumbnail","6":"product_brand-agro-2","7":"product_brand-beaudry-estrie-2","8":"product_brand-beaudry-morin-2","9":"product_brand-depanneur-agricole-2","10":"product_brand-distribution-jp-service-2","11":"product_brand-dubreuil-equipements-2","12":"product_brand-equipements-eric-grondin-2","13":"product_brand-jolco-2","14":"product_cat-ferme-avicole","15":"product_cat-ferme-porcine","16":"product_tag-concentre","17":"product_tag-produit-ecologique","18":"pa_categorie-acides","19":"pa_format-1040l","20":"pa_format-200l","21":"pa_format-20l","22":"pa_format-55l","24":"first","25":"instock","26":"taxable","27":"shipping-taxable","28":"purchasable","29":"product-type-variable"},"acf":[],"yoast_head":"<!-- This site is optimized with the Yoast SEO plugin v27.5 - https:\/\/yoast.com\/product\/yoast-seo-wordpress\/ -->\n<title>AGRI-CID 360 - Liberchem<\/title>\n<meta name=\"description\" content=\"AGRI-CID 360 est un acidifiant liquide qui r\u00e9duit le pH de l&#039;eau d&#039;abreuvement des animaux, am\u00e9liorant ainsi leur sant\u00e9 et leurs performances.\" \/>\n<meta name=\"robots\" content=\"index, follow, max-snippet:-1, max-image-preview:large, max-video-preview:-1\" \/>\n<link rel=\"canonical\" href=\"https:\/\/liberchem.com\/en\/products\/agri-cid-360\/\" \/>\n<meta property=\"og:locale\" content=\"en_US\" \/>\n<meta property=\"og:type\" content=\"article\" \/>\n<meta property=\"og:title\" content=\"AGRI-CID 360 - Liberchem\" \/>\n<meta property=\"og:description\" content=\"Acidifiant liquide pour l\u2019eau d\u2019abreuvement des animaux de la ferme.\" \/>\n<meta property=\"og:url\" content=\"https:\/\/liberchem.com\/en\/products\/agri-cid-360\/\" \/>\n<meta property=\"og:site_name\" content=\"Liberchem\" \/>\n<meta property=\"article:modified_time\" content=\"2026-04-14T18:14:47+00:00\" \/>\n<meta property=\"og:image\" content=\"https:\/\/liberchem.com\/wp-content\/uploads\/2025\/05\/Agri-CID_55L-clair.jpg\" \/>\n\t<meta property=\"og:image:width\" content=\"1500\" \/>\n\t<meta property=\"og:image:height\" content=\"1500\" \/>\n\t<meta property=\"og:image:type\" content=\"image\/jpeg\" \/>\n<meta name=\"twitter:card\" content=\"summary_large_image\" \/>\n<meta name=\"twitter:label1\" content=\"Est. reading time\" \/>\n\t<meta name=\"twitter:data1\" content=\"1 minute\" \/>\n<script type=\"application\/ld+json\" class=\"yoast-schema-graph\">{\"@context\":\"https:\\\/\\\/schema.org\",\"@graph\":[{\"@type\":\"WebPage\",\"@id\":\"https:\\\/\\\/liberchem.com\\\/produits\\\/agri-cid-360\\\/\",\"url\":\"https:\\\/\\\/liberchem.com\\\/produits\\\/agri-cid-360\\\/\",\"name\":\"AGRI-CID 360 - Liberchem\",\"isPartOf\":{\"@id\":\"https:\\\/\\\/liberchem.com\\\/#website\"},\"primaryImageOfPage\":{\"@id\":\"https:\\\/\\\/liberchem.com\\\/produits\\\/agri-cid-360\\\/#primaryimage\"},\"image\":{\"@id\":\"https:\\\/\\\/liberchem.com\\\/produits\\\/agri-cid-360\\\/#primaryimage\"},\"thumbnailUrl\":\"https:\\\/\\\/liberchem.com\\\/wp-content\\\/uploads\\\/2025\\\/05\\\/Agri-CID_20L-clair.jpg\",\"datePublished\":\"2025-03-18T18:06:22+00:00\",\"dateModified\":\"2026-04-14T18:14:47+00:00\",\"description\":\"AGRI-CID 360 est un acidifiant liquide qui r\u00e9duit le pH de l'eau d'abreuvement des animaux, am\u00e9liorant ainsi leur sant\u00e9 et leurs performances.\",\"breadcrumb\":{\"@id\":\"https:\\\/\\\/liberchem.com\\\/produits\\\/agri-cid-360\\\/#breadcrumb\"},\"inLanguage\":\"en-CA\",\"potentialAction\":[{\"@type\":\"ReadAction\",\"target\":[\"https:\\\/\\\/liberchem.com\\\/produits\\\/agri-cid-360\\\/\"]}]},{\"@type\":\"ImageObject\",\"inLanguage\":\"en-CA\",\"@id\":\"https:\\\/\\\/liberchem.com\\\/produits\\\/agri-cid-360\\\/#primaryimage\",\"url\":\"https:\\\/\\\/liberchem.com\\\/wp-content\\\/uploads\\\/2025\\\/05\\\/Agri-CID_20L-clair.jpg\",\"contentUrl\":\"https:\\\/\\\/liberchem.com\\\/wp-content\\\/uploads\\\/2025\\\/05\\\/Agri-CID_20L-clair.jpg\",\"width\":1100,\"height\":1422},{\"@type\":\"BreadcrumbList\",\"@id\":\"https:\\\/\\\/liberchem.com\\\/produits\\\/agri-cid-360\\\/#breadcrumb\",\"itemListElement\":[{\"@type\":\"ListItem\",\"position\":1,\"name\":\"Accueil\",\"item\":\"https:\\\/\\\/liberchem.com\\\/\"},{\"@type\":\"ListItem\",\"position\":2,\"name\":\"Produits\",\"item\":\"https:\\\/\\\/liberchem.com\\\/produits\\\/\"},{\"@type\":\"ListItem\",\"position\":3,\"name\":\"AGRI-CID 360\"}]},{\"@type\":\"WebSite\",\"@id\":\"https:\\\/\\\/liberchem.com\\\/#website\",\"url\":\"https:\\\/\\\/liberchem.com\\\/\",\"name\":\"Liberchem\",\"description\":\"Entreprise de produits chimiques\",\"potentialAction\":[{\"@type\":\"SearchAction\",\"target\":{\"@type\":\"EntryPoint\",\"urlTemplate\":\"https:\\\/\\\/liberchem.com\\\/?s={search_term_string}\"},\"query-input\":{\"@type\":\"PropertyValueSpecification\",\"valueRequired\":true,\"valueName\":\"search_term_string\"}}],\"inLanguage\":\"en-CA\"}]}<\/script>\n<!-- \/ Yoast SEO plugin. -->","yoast_head_json":{"title":"AGRI-CID 360 - Liberchem","description":"AGRI-CID 360 is a liquid acidifier that reduces the pH of animal drinking water, improving animal health and performance.","robots":{"index":"index","follow":"follow","max-snippet":"max-snippet:-1","max-image-preview":"max-image-preview:large","max-video-preview":"max-video-preview:-1"},"canonical":"https:\/\/liberchem.com\/en\/products\/agri-cid-360\/","og_locale":"en_US","og_type":"article","og_title":"AGRI-CID 360 - Liberchem","og_description":"Acidifiant liquide pour l\u2019eau d\u2019abreuvement des animaux de la ferme.","og_url":"https:\/\/liberchem.com\/en\/products\/agri-cid-360\/","og_site_name":"Liberchem","article_modified_time":"2026-04-14T18:14:47+00:00","og_image":[{"width":1500,"height":1500,"url":"https:\/\/liberchem.com\/wp-content\/uploads\/2025\/05\/Agri-CID_55L-clair.jpg","type":"image\/jpeg"}],"twitter_card":"summary_large_image","twitter_misc":{"Est. reading time":"1 minute"},"schema":{"@context":"https:\/\/schema.org","@graph":[{"@type":"WebPage","@id":"https:\/\/liberchem.com\/produits\/agri-cid-360\/","url":"https:\/\/liberchem.com\/produits\/agri-cid-360\/","name":"AGRI-CID 360 - Liberchem","isPartOf":{"@id":"https:\/\/liberchem.com\/#website"},"primaryImageOfPage":{"@id":"https:\/\/liberchem.com\/produits\/agri-cid-360\/#primaryimage"},"image":{"@id":"https:\/\/liberchem.com\/produits\/agri-cid-360\/#primaryimage"},"thumbnailUrl":"https:\/\/liberchem.com\/wp-content\/uploads\/2025\/05\/Agri-CID_20L-clair.jpg","datePublished":"2025-03-18T18:06:22+00:00","dateModified":"2026-04-14T18:14:47+00:00","description":"AGRI-CID 360 is a liquid acidifier that reduces the pH of animal drinking water, improving animal health and performance.","breadcrumb":{"@id":"https:\/\/liberchem.com\/produits\/agri-cid-360\/#breadcrumb"},"inLanguage":"en-CA","potentialAction":[{"@type":"ReadAction","target":["https:\/\/liberchem.com\/produits\/agri-cid-360\/"]}]},{"@type":"ImageObject","inLanguage":"en-CA","@id":"https:\/\/liberchem.com\/produits\/agri-cid-360\/#primaryimage","url":"https:\/\/liberchem.com\/wp-content\/uploads\/2025\/05\/Agri-CID_20L-clair.jpg","contentUrl":"https:\/\/liberchem.com\/wp-content\/uploads\/2025\/05\/Agri-CID_20L-clair.jpg","width":1100,"height":1422},{"@type":"BreadcrumbList","@id":"https:\/\/liberchem.com\/produits\/agri-cid-360\/#breadcrumb","itemListElement":[{"@type":"ListItem","position":1,"name":"Accueil","item":"https:\/\/liberchem.com\/"},{"@type":"ListItem","position":2,"name":"Produits","item":"https:\/\/liberchem.com\/produits\/"},{"@type":"ListItem","position":3,"name":"AGRI-CID 360"}]},{"@type":"WebSite","@id":"https:\/\/liberchem.com\/#website","url":"https:\/\/liberchem.com\/","name":"Liberchem","description":"Chemical company","potentialAction":[{"@type":"SearchAction","target":{"@type":"EntryPoint","urlTemplate":"https:\/\/liberchem.com\/?s={search_term_string}"},"query-input":{"@type":"PropertyValueSpecification","valueRequired":true,"valueName":"search_term_string"}}],"inLanguage":"en-CA"}]}},"_links":{"self":[{"href":"https:\/\/liberchem.com\/en\/wp-json\/wp\/v2\/product\/111378","targetHints":{"allow":["GET"]}}],"collection":[{"href":"https:\/\/liberchem.com\/en\/wp-json\/wp\/v2\/product"}],"about":[{"href":"https:\/\/liberchem.com\/en\/wp-json\/wp\/v2\/types\/product"}],"wp:featuredmedia":[{"embeddable":true,"href":"https:\/\/liberchem.com\/en\/wp-json\/wp\/v2\/media\/112871"}],"wp:attachment":[{"href":"https:\/\/liberchem.com\/en\/wp-json\/wp\/v2\/media?parent=111378"}],"wp:term":[{"taxonomy":"product_brand","embeddable":true,"href":"https:\/\/liberchem.com\/en\/wp-json\/wp\/v2\/product_brand?post=111378"},{"taxonomy":"product_cat","embeddable":true,"href":"https:\/\/liberchem.com\/en\/wp-json\/wp\/v2\/product_cat?post=111378"},{"taxonomy":"product_tag","embeddable":true,"href":"https:\/\/liberchem.com\/en\/wp-json\/wp\/v2\/product_tag?post=111378"}],"curies":[{"name":"wp","href":"https:\/\/api.w.org\/{rel}","templated":true}]}}