{"id":111392,"date":"2025-03-18T14:26:46","date_gmt":"2025-03-18T18:26:46","guid":{"rendered":"https:\/\/liberchem.com\/?post_type=product&#038;p=111392"},"modified":"2026-03-21T19:13:20","modified_gmt":"2026-03-21T23:13:20","slug":"bioxy-enviro","status":"publish","type":"product","link":"https:\/\/liberchem.com\/en\/produits\/bioxy-enviro\/","title":{"rendered":"BIOXY ENVIRO"},"content":{"rendered":"","protected":false},"excerpt":{"rendered":"<p>BIOXY ENVIRO is a powder that generates 3 disinfectants;<\/p>\n<p>Quaternary Ammonium, Hydrogen Peroxide and a neutral peracetic acid, setting a new industry standard as the first broad-spectrum, environmentally friendly disinfectant to eliminate the most difficult-to-control pathogens.<\/p>\n<p>BIOXY ENVIRO is a powder which, once dissolved in water,<\/p>\n<p>produces three active disinfectants; a peroxyacetic agent, hydrogen peroxide and two fourth generation quaternary chains and all at a practically neutral pH, therefore safe for users.<\/p>\n<p>BIOXY ENVIRO is a disinfectant used for hundreds of applications<\/p>\n<p>in the agricultural community, such as fumigation, foot baths, cleaning and general disinfection. The powder decomposes quickly and leaves no trace in the environment, in addition to having no microbial resistance.<\/p>\n<p>DIN: 02431734<\/p>","protected":false},"featured_media":111398,"template":"","meta":{"_acf_changed":false},"product_brand":[200],"product_cat":[135,138,136],"product_tag":[155,157,167,160,165],"class_list":{"0":"post-111392","1":"product","2":"type-product","3":"status-publish","4":"has-post-thumbnail","6":"product_brand-agro-2","7":"product_cat-ferme-avicole","8":"product_cat-ferme-laitiere","9":"product_cat-ferme-porcine","10":"product_tag-concentre","11":"product_tag-eau-froide","12":"product_tag-produit-ecologique","13":"product_tag-produit-en-poudre","14":"product_tag-traitement-choc","15":"pa_categorie-desinfectants-de-surfaces","16":"pa_format-20-kg","17":"pa_format-4-kg","19":"first","20":"instock","21":"taxable","22":"shipping-taxable","23":"purchasable","24":"product-type-variable"},"acf":[],"yoast_head":"<!-- This site is optimized with the Yoast SEO plugin v27.5 - https:\/\/yoast.com\/product\/yoast-seo-wordpress\/ -->\n<title>BIOXY ENVIRO - Liberchem<\/title>\n<meta name=\"description\" content=\"BIOXY ENVIRO est un d\u00e9sinfectant \u00e9cologique en poudre qui g\u00e9n\u00e8re trois agents actifs pour \u00e9liminer efficacement les pathog\u00e8nes, sans r\u00e9sidu.\" \/>\n<meta name=\"robots\" content=\"index, follow, max-snippet:-1, max-image-preview:large, max-video-preview:-1\" \/>\n<link rel=\"canonical\" href=\"https:\/\/liberchem.com\/en\/products\/bioxy-enviro\/\" \/>\n<meta property=\"og:locale\" content=\"en_US\" \/>\n<meta property=\"og:type\" content=\"article\" \/>\n<meta property=\"og:title\" content=\"ACIDE 100 - Liberchem\" \/>\n<meta property=\"og:description\" content=\"Nettoyant acide \u00e9conomique pour \u00e9quipements laitiers. \u00c9limine le calcaire sans r\u00e9sidu. Formul\u00e9 \u00e0 base d&#039;acide phosphorique et sulfurique.\" \/>\n<meta property=\"og:url\" content=\"https:\/\/liberchem.com\/en\/products\/bioxy-enviro\/\" \/>\n<meta property=\"og:site_name\" content=\"Liberchem\" \/>\n<meta property=\"article:modified_time\" content=\"2026-03-21T23:13:20+00:00\" \/>\n<meta property=\"og:image\" content=\"https:\/\/liberchem.com\/wp-content\/uploads\/2023\/12\/acide100.png\" \/>\n\t<meta property=\"og:image:width\" content=\"763\" \/>\n\t<meta property=\"og:image:height\" content=\"513\" \/>\n\t<meta property=\"og:image:type\" content=\"image\/png\" \/>\n<meta name=\"twitter:card\" content=\"summary_large_image\" \/>\n<meta name=\"twitter:label1\" content=\"Est. reading time\" \/>\n\t<meta name=\"twitter:data1\" content=\"1 minute\" \/>\n<script type=\"application\/ld+json\" class=\"yoast-schema-graph\">{\"@context\":\"https:\\\/\\\/schema.org\",\"@graph\":[{\"@type\":\"WebPage\",\"@id\":\"https:\\\/\\\/liberchem.com\\\/produits\\\/bioxy-enviro\\\/\",\"url\":\"https:\\\/\\\/liberchem.com\\\/produits\\\/bioxy-enviro\\\/\",\"name\":\"BIOXY ENVIRO - Liberchem\",\"isPartOf\":{\"@id\":\"https:\\\/\\\/liberchem.com\\\/#website\"},\"primaryImageOfPage\":{\"@id\":\"https:\\\/\\\/liberchem.com\\\/produits\\\/bioxy-enviro\\\/#primaryimage\"},\"image\":{\"@id\":\"https:\\\/\\\/liberchem.com\\\/produits\\\/bioxy-enviro\\\/#primaryimage\"},\"thumbnailUrl\":\"https:\\\/\\\/liberchem.com\\\/wp-content\\\/uploads\\\/2025\\\/03\\\/BioxyEnviro_grande-scaled.jpg\",\"datePublished\":\"2025-03-18T18:26:46+00:00\",\"dateModified\":\"2026-03-21T23:13:20+00:00\",\"description\":\"BIOXY ENVIRO est un d\u00e9sinfectant \u00e9cologique en poudre qui g\u00e9n\u00e8re trois agents actifs pour \u00e9liminer efficacement les pathog\u00e8nes, sans r\u00e9sidu.\",\"breadcrumb\":{\"@id\":\"https:\\\/\\\/liberchem.com\\\/produits\\\/bioxy-enviro\\\/#breadcrumb\"},\"inLanguage\":\"en-CA\",\"potentialAction\":[{\"@type\":\"ReadAction\",\"target\":[\"https:\\\/\\\/liberchem.com\\\/produits\\\/bioxy-enviro\\\/\"]}]},{\"@type\":\"ImageObject\",\"inLanguage\":\"en-CA\",\"@id\":\"https:\\\/\\\/liberchem.com\\\/produits\\\/bioxy-enviro\\\/#primaryimage\",\"url\":\"https:\\\/\\\/liberchem.com\\\/wp-content\\\/uploads\\\/2025\\\/03\\\/BioxyEnviro_grande-scaled.jpg\",\"contentUrl\":\"https:\\\/\\\/liberchem.com\\\/wp-content\\\/uploads\\\/2025\\\/03\\\/BioxyEnviro_grande-scaled.jpg\",\"width\":1707,\"height\":2560},{\"@type\":\"BreadcrumbList\",\"@id\":\"https:\\\/\\\/liberchem.com\\\/produits\\\/bioxy-enviro\\\/#breadcrumb\",\"itemListElement\":[{\"@type\":\"ListItem\",\"position\":1,\"name\":\"Accueil\",\"item\":\"https:\\\/\\\/liberchem.com\\\/\"},{\"@type\":\"ListItem\",\"position\":2,\"name\":\"Produits\",\"item\":\"https:\\\/\\\/liberchem.com\\\/produits\\\/\"},{\"@type\":\"ListItem\",\"position\":3,\"name\":\"BIOXY ENVIRO\"}]},{\"@type\":\"WebSite\",\"@id\":\"https:\\\/\\\/liberchem.com\\\/#website\",\"url\":\"https:\\\/\\\/liberchem.com\\\/\",\"name\":\"Liberchem\",\"description\":\"Entreprise de produits chimiques\",\"potentialAction\":[{\"@type\":\"SearchAction\",\"target\":{\"@type\":\"EntryPoint\",\"urlTemplate\":\"https:\\\/\\\/liberchem.com\\\/?s={search_term_string}\"},\"query-input\":{\"@type\":\"PropertyValueSpecification\",\"valueRequired\":true,\"valueName\":\"search_term_string\"}}],\"inLanguage\":\"en-CA\"}]}<\/script>\n<!-- \/ Yoast SEO plugin. -->","yoast_head_json":{"title":"BIOXY ENVIRO - Liberchem","description":"BIOXY ENVIRO is an eco-friendly powder disinfectant that generates three active agents to effectively eliminate pathogens, without residue.","robots":{"index":"index","follow":"follow","max-snippet":"max-snippet:-1","max-image-preview":"max-image-preview:large","max-video-preview":"max-video-preview:-1"},"canonical":"https:\/\/liberchem.com\/en\/products\/bioxy-enviro\/","og_locale":"en_US","og_type":"article","og_title":"ACIDE 100 - Liberchem","og_description":"Nettoyant acide \u00e9conomique pour \u00e9quipements laitiers. \u00c9limine le calcaire sans r\u00e9sidu. Formul\u00e9 \u00e0 base d'acide phosphorique et sulfurique.","og_url":"https:\/\/liberchem.com\/en\/products\/bioxy-enviro\/","og_site_name":"Liberchem","article_modified_time":"2026-03-21T23:13:20+00:00","og_image":[{"width":763,"height":513,"url":"https:\/\/liberchem.com\/wp-content\/uploads\/2023\/12\/acide100.png","type":"image\/png"}],"twitter_card":"summary_large_image","twitter_misc":{"Est. reading time":"1 minute"},"schema":{"@context":"https:\/\/schema.org","@graph":[{"@type":"WebPage","@id":"https:\/\/liberchem.com\/produits\/bioxy-enviro\/","url":"https:\/\/liberchem.com\/produits\/bioxy-enviro\/","name":"BIOXY ENVIRO - Liberchem","isPartOf":{"@id":"https:\/\/liberchem.com\/#website"},"primaryImageOfPage":{"@id":"https:\/\/liberchem.com\/produits\/bioxy-enviro\/#primaryimage"},"image":{"@id":"https:\/\/liberchem.com\/produits\/bioxy-enviro\/#primaryimage"},"thumbnailUrl":"https:\/\/liberchem.com\/wp-content\/uploads\/2025\/03\/BioxyEnviro_grande-scaled.jpg","datePublished":"2025-03-18T18:26:46+00:00","dateModified":"2026-03-21T23:13:20+00:00","description":"BIOXY ENVIRO is an eco-friendly powder disinfectant that generates three active agents to effectively eliminate pathogens, without residue.","breadcrumb":{"@id":"https:\/\/liberchem.com\/produits\/bioxy-enviro\/#breadcrumb"},"inLanguage":"en-CA","potentialAction":[{"@type":"ReadAction","target":["https:\/\/liberchem.com\/produits\/bioxy-enviro\/"]}]},{"@type":"ImageObject","inLanguage":"en-CA","@id":"https:\/\/liberchem.com\/produits\/bioxy-enviro\/#primaryimage","url":"https:\/\/liberchem.com\/wp-content\/uploads\/2025\/03\/BioxyEnviro_grande-scaled.jpg","contentUrl":"https:\/\/liberchem.com\/wp-content\/uploads\/2025\/03\/BioxyEnviro_grande-scaled.jpg","width":1707,"height":2560},{"@type":"BreadcrumbList","@id":"https:\/\/liberchem.com\/produits\/bioxy-enviro\/#breadcrumb","itemListElement":[{"@type":"ListItem","position":1,"name":"Accueil","item":"https:\/\/liberchem.com\/"},{"@type":"ListItem","position":2,"name":"Produits","item":"https:\/\/liberchem.com\/produits\/"},{"@type":"ListItem","position":3,"name":"BIOXY ENVIRO"}]},{"@type":"WebSite","@id":"https:\/\/liberchem.com\/#website","url":"https:\/\/liberchem.com\/","name":"Liberchem","description":"Chemical company","potentialAction":[{"@type":"SearchAction","target":{"@type":"EntryPoint","urlTemplate":"https:\/\/liberchem.com\/?s={search_term_string}"},"query-input":{"@type":"PropertyValueSpecification","valueRequired":true,"valueName":"search_term_string"}}],"inLanguage":"en-CA"}]}},"_links":{"self":[{"href":"https:\/\/liberchem.com\/en\/wp-json\/wp\/v2\/product\/111392","targetHints":{"allow":["GET"]}}],"collection":[{"href":"https:\/\/liberchem.com\/en\/wp-json\/wp\/v2\/product"}],"about":[{"href":"https:\/\/liberchem.com\/en\/wp-json\/wp\/v2\/types\/product"}],"wp:featuredmedia":[{"embeddable":true,"href":"https:\/\/liberchem.com\/en\/wp-json\/wp\/v2\/media\/111398"}],"wp:attachment":[{"href":"https:\/\/liberchem.com\/en\/wp-json\/wp\/v2\/media?parent=111392"}],"wp:term":[{"taxonomy":"product_brand","embeddable":true,"href":"https:\/\/liberchem.com\/en\/wp-json\/wp\/v2\/product_brand?post=111392"},{"taxonomy":"product_cat","embeddable":true,"href":"https:\/\/liberchem.com\/en\/wp-json\/wp\/v2\/product_cat?post=111392"},{"taxonomy":"product_tag","embeddable":true,"href":"https:\/\/liberchem.com\/en\/wp-json\/wp\/v2\/product_tag?post=111392"}],"curies":[{"name":"wp","href":"https:\/\/api.w.org\/{rel}","templated":true}]}}