{"id":111405,"date":"2025-03-18T14:48:15","date_gmt":"2025-03-18T18:48:15","guid":{"rendered":"https:\/\/liberchem.com\/?post_type=product&#038;p=111405"},"modified":"2025-10-06T10:08:38","modified_gmt":"2025-10-06T14:08:38","slug":"bioxy-plus","status":"publish","type":"product","link":"https:\/\/liberchem.com\/en\/produits\/bioxy-plus\/","title":{"rendered":"BIOXY PLUS"},"content":{"rendered":"","protected":false},"excerpt":{"rendered":"<p class=\"p1\">BIOXY + is a powder product that generates peracetic acid in water. BIOXY + has been<\/p>\n<p>designed to sanitize surfaces that come into contact with food. BIOXY+ also acts<\/p>\n<p>well in tanks, evaporators, pasteurizers, aseptic rooms, fillers etc.,<\/p>\n<p>dairy and beverage plants, and other food and beverage processing plants<\/p>\n<p>meats. BIOXY + is also ideal for sanitizing water tanks connected to the treatment of<\/p>\n<p>waters. BIOXY + is non-foaming. BIOXY + is ideal for sanitizing surfaces and<\/p>\n<p>equipment in animal farms. BIOXY + is also used as an agent<\/p>\n<p>cleaner for cleaning animal cages.<\/p>\n<p class=\"p1\">INSTRUCTIONS FOR USE<\/p>\n<p>Use BIOXY + on equipment that has been previously washed.<\/p>\n<p>Use BIOXY + at a concentration of 0.2 to 2% (2 to 20 g BIOXY + per liter). Leave this<\/p>\n<p>solution in contact with food surfaces for at least 10 minutes; then<\/p>\n<p>rinse thoroughly with drinking water.<\/p>","protected":false},"featured_media":111400,"template":"","meta":{"_acf_changed":false},"product_brand":[200,215,209,207,213,219,217,211,221,205],"product_cat":[135,138,136,22],"product_tag":[155,157,167,160,165],"class_list":{"0":"post-111405","1":"product","2":"type-product","3":"status-publish","4":"has-post-thumbnail","6":"product_brand-agro-2","7":"product_brand-archway-dairy-solution-2","8":"product_brand-beaudry-estrie-2","9":"product_brand-beaudry-morin-2","10":"product_brand-depanneur-agricole-2","11":"product_brand-distribution-jp-service-2","12":"product_brand-dubreuil-equipements-2","13":"product_brand-dundas-2","14":"product_brand-equipements-eric-grondin-2","15":"product_brand-jolco-2","16":"product_cat-ferme-avicole","17":"product_cat-ferme-laitiere","18":"product_cat-ferme-porcine","19":"product_cat-produits-specialises","20":"product_tag-concentre","21":"product_tag-eau-froide","22":"product_tag-produit-ecologique","23":"product_tag-produit-en-poudre","24":"product_tag-traitement-choc","25":"pa_categorie-desinfectants-de-surfaces","26":"pa_format-20-kg","27":"pa_format-4-kg","29":"first","30":"instock","31":"taxable","32":"shipping-taxable","33":"purchasable","34":"product-type-variable"},"acf":[],"yoast_head":"<!-- This site is optimized with the Yoast SEO plugin v27.5 - https:\/\/yoast.com\/product\/yoast-seo-wordpress\/ -->\n<title>BIOXY PLUS - Liberchem<\/title>\n<meta name=\"description\" content=\"BIOXY PLUS est une poudre qui g\u00e9n\u00e8re de l&#039;acide perac\u00e9tique pour assainir efficacement les surfaces alimentaires et les \u00e9quipements dans l&#039;industrie agroalimentaire et les fermes.\" \/>\n<meta name=\"robots\" content=\"index, follow, max-snippet:-1, max-image-preview:large, max-video-preview:-1\" \/>\n<link rel=\"canonical\" href=\"https:\/\/liberchem.com\/en\/products\/bioxy-plus\/\" \/>\n<meta property=\"og:locale\" content=\"en_US\" \/>\n<meta property=\"og:type\" content=\"article\" \/>\n<meta property=\"og:title\" content=\"ACIDE 100 - Liberchem\" \/>\n<meta property=\"og:description\" content=\"Nettoyant acide \u00e9conomique pour \u00e9quipements laitiers. \u00c9limine le calcaire sans r\u00e9sidu. Formul\u00e9 \u00e0 base d&#039;acide phosphorique et sulfurique.\" \/>\n<meta property=\"og:url\" content=\"https:\/\/liberchem.com\/en\/products\/bioxy-plus\/\" \/>\n<meta property=\"og:site_name\" content=\"Liberchem\" \/>\n<meta property=\"article:modified_time\" content=\"2025-10-06T14:08:38+00:00\" \/>\n<meta property=\"og:image\" content=\"https:\/\/liberchem.com\/wp-content\/uploads\/2023\/12\/acide100.png\" \/>\n\t<meta property=\"og:image:width\" content=\"763\" \/>\n\t<meta property=\"og:image:height\" content=\"513\" \/>\n\t<meta property=\"og:image:type\" content=\"image\/png\" \/>\n<meta name=\"twitter:card\" content=\"summary_large_image\" \/>\n<meta name=\"twitter:label1\" content=\"Est. reading time\" \/>\n\t<meta name=\"twitter:data1\" content=\"1 minute\" \/>\n<script type=\"application\/ld+json\" class=\"yoast-schema-graph\">{\"@context\":\"https:\\\/\\\/schema.org\",\"@graph\":[{\"@type\":\"WebPage\",\"@id\":\"https:\\\/\\\/liberchem.com\\\/produits\\\/bioxy-plus\\\/\",\"url\":\"https:\\\/\\\/liberchem.com\\\/produits\\\/bioxy-plus\\\/\",\"name\":\"BIOXY PLUS - Liberchem\",\"isPartOf\":{\"@id\":\"https:\\\/\\\/liberchem.com\\\/#website\"},\"primaryImageOfPage\":{\"@id\":\"https:\\\/\\\/liberchem.com\\\/produits\\\/bioxy-plus\\\/#primaryimage\"},\"image\":{\"@id\":\"https:\\\/\\\/liberchem.com\\\/produits\\\/bioxy-plus\\\/#primaryimage\"},\"thumbnailUrl\":\"https:\\\/\\\/liberchem.com\\\/wp-content\\\/uploads\\\/2025\\\/03\\\/Bioxyplus20kg-scaled.jpg\",\"datePublished\":\"2025-03-18T18:48:15+00:00\",\"dateModified\":\"2025-10-06T14:08:38+00:00\",\"description\":\"BIOXY PLUS est une poudre qui g\u00e9n\u00e8re de l'acide perac\u00e9tique pour assainir efficacement les surfaces alimentaires et les \u00e9quipements dans l'industrie agroalimentaire et les fermes.\",\"breadcrumb\":{\"@id\":\"https:\\\/\\\/liberchem.com\\\/produits\\\/bioxy-plus\\\/#breadcrumb\"},\"inLanguage\":\"en-CA\",\"potentialAction\":[{\"@type\":\"ReadAction\",\"target\":[\"https:\\\/\\\/liberchem.com\\\/produits\\\/bioxy-plus\\\/\"]}]},{\"@type\":\"ImageObject\",\"inLanguage\":\"en-CA\",\"@id\":\"https:\\\/\\\/liberchem.com\\\/produits\\\/bioxy-plus\\\/#primaryimage\",\"url\":\"https:\\\/\\\/liberchem.com\\\/wp-content\\\/uploads\\\/2025\\\/03\\\/Bioxyplus20kg-scaled.jpg\",\"contentUrl\":\"https:\\\/\\\/liberchem.com\\\/wp-content\\\/uploads\\\/2025\\\/03\\\/Bioxyplus20kg-scaled.jpg\",\"width\":1707,\"height\":2560},{\"@type\":\"BreadcrumbList\",\"@id\":\"https:\\\/\\\/liberchem.com\\\/produits\\\/bioxy-plus\\\/#breadcrumb\",\"itemListElement\":[{\"@type\":\"ListItem\",\"position\":1,\"name\":\"Accueil\",\"item\":\"https:\\\/\\\/liberchem.com\\\/\"},{\"@type\":\"ListItem\",\"position\":2,\"name\":\"Produits\",\"item\":\"https:\\\/\\\/liberchem.com\\\/produits\\\/\"},{\"@type\":\"ListItem\",\"position\":3,\"name\":\"BIOXY PLUS\"}]},{\"@type\":\"WebSite\",\"@id\":\"https:\\\/\\\/liberchem.com\\\/#website\",\"url\":\"https:\\\/\\\/liberchem.com\\\/\",\"name\":\"Liberchem\",\"description\":\"Entreprise de produits chimiques\",\"potentialAction\":[{\"@type\":\"SearchAction\",\"target\":{\"@type\":\"EntryPoint\",\"urlTemplate\":\"https:\\\/\\\/liberchem.com\\\/?s={search_term_string}\"},\"query-input\":{\"@type\":\"PropertyValueSpecification\",\"valueRequired\":true,\"valueName\":\"search_term_string\"}}],\"inLanguage\":\"en-CA\"}]}<\/script>\n<!-- \/ Yoast SEO plugin. -->","yoast_head_json":{"title":"BIOXY PLUS - Liberchem","description":"BIOXY PLUS is a powder that generates peracetic acid to effectively sanitize food surfaces and equipment in the food industry and on farms.","robots":{"index":"index","follow":"follow","max-snippet":"max-snippet:-1","max-image-preview":"max-image-preview:large","max-video-preview":"max-video-preview:-1"},"canonical":"https:\/\/liberchem.com\/en\/products\/bioxy-plus\/","og_locale":"en_US","og_type":"article","og_title":"ACIDE 100 - Liberchem","og_description":"Nettoyant acide \u00e9conomique pour \u00e9quipements laitiers. \u00c9limine le calcaire sans r\u00e9sidu. Formul\u00e9 \u00e0 base d'acide phosphorique et sulfurique.","og_url":"https:\/\/liberchem.com\/en\/products\/bioxy-plus\/","og_site_name":"Liberchem","article_modified_time":"2025-10-06T14:08:38+00:00","og_image":[{"width":763,"height":513,"url":"https:\/\/liberchem.com\/wp-content\/uploads\/2023\/12\/acide100.png","type":"image\/png"}],"twitter_card":"summary_large_image","twitter_misc":{"Est. reading time":"1 minute"},"schema":{"@context":"https:\/\/schema.org","@graph":[{"@type":"WebPage","@id":"https:\/\/liberchem.com\/produits\/bioxy-plus\/","url":"https:\/\/liberchem.com\/produits\/bioxy-plus\/","name":"BIOXY PLUS - Liberchem","isPartOf":{"@id":"https:\/\/liberchem.com\/#website"},"primaryImageOfPage":{"@id":"https:\/\/liberchem.com\/produits\/bioxy-plus\/#primaryimage"},"image":{"@id":"https:\/\/liberchem.com\/produits\/bioxy-plus\/#primaryimage"},"thumbnailUrl":"https:\/\/liberchem.com\/wp-content\/uploads\/2025\/03\/Bioxyplus20kg-scaled.jpg","datePublished":"2025-03-18T18:48:15+00:00","dateModified":"2025-10-06T14:08:38+00:00","description":"BIOXY PLUS is a powder that generates peracetic acid to effectively sanitize food surfaces and equipment in the food industry and on farms.","breadcrumb":{"@id":"https:\/\/liberchem.com\/produits\/bioxy-plus\/#breadcrumb"},"inLanguage":"en-CA","potentialAction":[{"@type":"ReadAction","target":["https:\/\/liberchem.com\/produits\/bioxy-plus\/"]}]},{"@type":"ImageObject","inLanguage":"en-CA","@id":"https:\/\/liberchem.com\/produits\/bioxy-plus\/#primaryimage","url":"https:\/\/liberchem.com\/wp-content\/uploads\/2025\/03\/Bioxyplus20kg-scaled.jpg","contentUrl":"https:\/\/liberchem.com\/wp-content\/uploads\/2025\/03\/Bioxyplus20kg-scaled.jpg","width":1707,"height":2560},{"@type":"BreadcrumbList","@id":"https:\/\/liberchem.com\/produits\/bioxy-plus\/#breadcrumb","itemListElement":[{"@type":"ListItem","position":1,"name":"Accueil","item":"https:\/\/liberchem.com\/"},{"@type":"ListItem","position":2,"name":"Produits","item":"https:\/\/liberchem.com\/produits\/"},{"@type":"ListItem","position":3,"name":"BIOXY PLUS"}]},{"@type":"WebSite","@id":"https:\/\/liberchem.com\/#website","url":"https:\/\/liberchem.com\/","name":"Liberchem","description":"Chemical company","potentialAction":[{"@type":"SearchAction","target":{"@type":"EntryPoint","urlTemplate":"https:\/\/liberchem.com\/?s={search_term_string}"},"query-input":{"@type":"PropertyValueSpecification","valueRequired":true,"valueName":"search_term_string"}}],"inLanguage":"en-CA"}]}},"_links":{"self":[{"href":"https:\/\/liberchem.com\/en\/wp-json\/wp\/v2\/product\/111405","targetHints":{"allow":["GET"]}}],"collection":[{"href":"https:\/\/liberchem.com\/en\/wp-json\/wp\/v2\/product"}],"about":[{"href":"https:\/\/liberchem.com\/en\/wp-json\/wp\/v2\/types\/product"}],"wp:featuredmedia":[{"embeddable":true,"href":"https:\/\/liberchem.com\/en\/wp-json\/wp\/v2\/media\/111400"}],"wp:attachment":[{"href":"https:\/\/liberchem.com\/en\/wp-json\/wp\/v2\/media?parent=111405"}],"wp:term":[{"taxonomy":"product_brand","embeddable":true,"href":"https:\/\/liberchem.com\/en\/wp-json\/wp\/v2\/product_brand?post=111405"},{"taxonomy":"product_cat","embeddable":true,"href":"https:\/\/liberchem.com\/en\/wp-json\/wp\/v2\/product_cat?post=111405"},{"taxonomy":"product_tag","embeddable":true,"href":"https:\/\/liberchem.com\/en\/wp-json\/wp\/v2\/product_tag?post=111405"}],"curies":[{"name":"wp","href":"https:\/\/api.w.org\/{rel}","templated":true}]}}