{"id":111429,"date":"2025-03-19T10:16:09","date_gmt":"2025-03-19T14:16:09","guid":{"rendered":"https:\/\/liberchem.com\/?post_type=product&#038;p=111429"},"modified":"2026-04-14T14:23:38","modified_gmt":"2026-04-14T18:23:38","slug":"lc-2010","status":"publish","type":"product","link":"https:\/\/liberchem.com\/en\/produits\/lc-2010\/","title":{"rendered":"LC-2010"},"content":{"rendered":"","protected":false},"excerpt":{"rendered":"<p class=\"p1\"><b>CONCENTRATED INDUSTRIAL DEGREASER <\/b><b><\/b><\/p>\n<p class=\"p2\">LC-2010 is a powerful, highly concentrated neutral cleaning\/degreasing solvent blend designed to remove grease and oil deposits used in mechanical bearings during maintenance. It is also suitable for degreasing frames, industrial machinery, and surface cleaning of mechanical parts. It is non-toxic, biodegradable, and not regulated for road transport.<\/p>","protected":false},"featured_media":112756,"template":"","meta":{"_acf_changed":false},"product_brand":[200,209,207,213,219,217,221,205],"product_cat":[135,138,136],"product_tag":[155,141,191,161,165],"class_list":{"0":"post-111429","1":"product","2":"type-product","3":"status-publish","4":"has-post-thumbnail","6":"product_brand-agro-2","7":"product_brand-beaudry-estrie-2","8":"product_brand-beaudry-morin-2","9":"product_brand-depanneur-agricole-2","10":"product_brand-distribution-jp-service-2","11":"product_brand-dubreuil-equipements-2","12":"product_brand-equipements-eric-grondin-2","13":"product_brand-jolco-2","14":"product_cat-ferme-avicole","15":"product_cat-ferme-laitiere","16":"product_cat-ferme-porcine","17":"product_tag-concentre","18":"product_tag-economique","19":"product_tag-ferme-traditionnel","20":"product_tag-produit-pour-robot","21":"product_tag-traitement-choc","22":"pa_categorie-nettoyant-externe-dequipements","23":"pa_format-1040l","24":"pa_format-200l","25":"pa_format-20l","26":"pa_format-55l","28":"first","29":"instock","30":"taxable","31":"shipping-taxable","32":"purchasable","33":"product-type-variable"},"acf":[],"yoast_head":"<!-- This site is optimized with the Yoast SEO plugin v27.5 - https:\/\/yoast.com\/product\/yoast-seo-wordpress\/ -->\n<title>LC-2010 - Liberchem<\/title>\n<meta name=\"description\" content=\"D\u00e9couvrez le d\u00e9graisseur industriel concentr\u00e9 LC-2010, un nettoyant puissant et biod\u00e9gradable, id\u00e9al pour l\u2019entretien des machines et pi\u00e8ces m\u00e9caniques.\" \/>\n<meta name=\"robots\" content=\"index, follow, max-snippet:-1, max-image-preview:large, max-video-preview:-1\" \/>\n<link rel=\"canonical\" href=\"https:\/\/liberchem.com\/en\/products\/lc-2010\/\" \/>\n<meta property=\"og:locale\" content=\"en_US\" \/>\n<meta property=\"og:type\" content=\"article\" \/>\n<meta property=\"og:title\" content=\"ACIDE 100 - Liberchem\" \/>\n<meta property=\"og:description\" content=\"Nettoyant acide \u00e9conomique pour \u00e9quipements laitiers. \u00c9limine le calcaire sans r\u00e9sidu. Formul\u00e9 \u00e0 base d&#039;acide phosphorique et sulfurique.\" \/>\n<meta property=\"og:url\" content=\"https:\/\/liberchem.com\/en\/products\/lc-2010\/\" \/>\n<meta property=\"og:site_name\" content=\"Liberchem\" \/>\n<meta property=\"article:modified_time\" content=\"2026-04-14T18:23:38+00:00\" \/>\n<meta property=\"og:image\" content=\"https:\/\/liberchem.com\/wp-content\/uploads\/2023\/12\/acide100.png\" \/>\n\t<meta property=\"og:image:width\" content=\"763\" \/>\n\t<meta property=\"og:image:height\" content=\"513\" \/>\n\t<meta property=\"og:image:type\" content=\"image\/png\" \/>\n<meta name=\"twitter:card\" content=\"summary_large_image\" \/>\n<meta name=\"twitter:label1\" content=\"Est. reading time\" \/>\n\t<meta name=\"twitter:data1\" content=\"1 minute\" \/>\n<script type=\"application\/ld+json\" class=\"yoast-schema-graph\">{\"@context\":\"https:\\\/\\\/schema.org\",\"@graph\":[{\"@type\":\"WebPage\",\"@id\":\"https:\\\/\\\/liberchem.com\\\/produits\\\/lc-2010\\\/\",\"url\":\"https:\\\/\\\/liberchem.com\\\/produits\\\/lc-2010\\\/\",\"name\":\"LC-2010 - Liberchem\",\"isPartOf\":{\"@id\":\"https:\\\/\\\/liberchem.com\\\/#website\"},\"primaryImageOfPage\":{\"@id\":\"https:\\\/\\\/liberchem.com\\\/produits\\\/lc-2010\\\/#primaryimage\"},\"image\":{\"@id\":\"https:\\\/\\\/liberchem.com\\\/produits\\\/lc-2010\\\/#primaryimage\"},\"thumbnailUrl\":\"https:\\\/\\\/liberchem.com\\\/wp-content\\\/uploads\\\/2025\\\/04\\\/LC-2010_20L.jpg\",\"datePublished\":\"2025-03-19T14:16:09+00:00\",\"dateModified\":\"2026-04-14T18:23:38+00:00\",\"description\":\"D\u00e9couvrez le d\u00e9graisseur industriel concentr\u00e9 LC-2010, un nettoyant puissant et biod\u00e9gradable, id\u00e9al pour l\u2019entretien des machines et pi\u00e8ces m\u00e9caniques.\",\"breadcrumb\":{\"@id\":\"https:\\\/\\\/liberchem.com\\\/produits\\\/lc-2010\\\/#breadcrumb\"},\"inLanguage\":\"en-CA\",\"potentialAction\":[{\"@type\":\"ReadAction\",\"target\":[\"https:\\\/\\\/liberchem.com\\\/produits\\\/lc-2010\\\/\"]}]},{\"@type\":\"ImageObject\",\"inLanguage\":\"en-CA\",\"@id\":\"https:\\\/\\\/liberchem.com\\\/produits\\\/lc-2010\\\/#primaryimage\",\"url\":\"https:\\\/\\\/liberchem.com\\\/wp-content\\\/uploads\\\/2025\\\/04\\\/LC-2010_20L.jpg\",\"contentUrl\":\"https:\\\/\\\/liberchem.com\\\/wp-content\\\/uploads\\\/2025\\\/04\\\/LC-2010_20L.jpg\",\"width\":1100,\"height\":1422},{\"@type\":\"BreadcrumbList\",\"@id\":\"https:\\\/\\\/liberchem.com\\\/produits\\\/lc-2010\\\/#breadcrumb\",\"itemListElement\":[{\"@type\":\"ListItem\",\"position\":1,\"name\":\"Accueil\",\"item\":\"https:\\\/\\\/liberchem.com\\\/\"},{\"@type\":\"ListItem\",\"position\":2,\"name\":\"Produits\",\"item\":\"https:\\\/\\\/liberchem.com\\\/produits\\\/\"},{\"@type\":\"ListItem\",\"position\":3,\"name\":\"LC-2010\"}]},{\"@type\":\"WebSite\",\"@id\":\"https:\\\/\\\/liberchem.com\\\/#website\",\"url\":\"https:\\\/\\\/liberchem.com\\\/\",\"name\":\"Liberchem\",\"description\":\"Entreprise de produits chimiques\",\"potentialAction\":[{\"@type\":\"SearchAction\",\"target\":{\"@type\":\"EntryPoint\",\"urlTemplate\":\"https:\\\/\\\/liberchem.com\\\/?s={search_term_string}\"},\"query-input\":{\"@type\":\"PropertyValueSpecification\",\"valueRequired\":true,\"valueName\":\"search_term_string\"}}],\"inLanguage\":\"en-CA\"}]}<\/script>\n<!-- \/ Yoast SEO plugin. -->","yoast_head_json":{"title":"LC-2010 - Liberchem","description":"Discover the LC-2010 concentrated industrial degreaser, a powerful and biodegradable cleaner, ideal for the maintenance of machines and mechanical parts.","robots":{"index":"index","follow":"follow","max-snippet":"max-snippet:-1","max-image-preview":"max-image-preview:large","max-video-preview":"max-video-preview:-1"},"canonical":"https:\/\/liberchem.com\/en\/products\/lc-2010\/","og_locale":"en_US","og_type":"article","og_title":"ACIDE 100 - Liberchem","og_description":"Nettoyant acide \u00e9conomique pour \u00e9quipements laitiers. \u00c9limine le calcaire sans r\u00e9sidu. Formul\u00e9 \u00e0 base d'acide phosphorique et sulfurique.","og_url":"https:\/\/liberchem.com\/en\/products\/lc-2010\/","og_site_name":"Liberchem","article_modified_time":"2026-04-14T18:23:38+00:00","og_image":[{"width":763,"height":513,"url":"https:\/\/liberchem.com\/wp-content\/uploads\/2023\/12\/acide100.png","type":"image\/png"}],"twitter_card":"summary_large_image","twitter_misc":{"Est. reading time":"1 minute"},"schema":{"@context":"https:\/\/schema.org","@graph":[{"@type":"WebPage","@id":"https:\/\/liberchem.com\/produits\/lc-2010\/","url":"https:\/\/liberchem.com\/produits\/lc-2010\/","name":"LC-2010 - Liberchem","isPartOf":{"@id":"https:\/\/liberchem.com\/#website"},"primaryImageOfPage":{"@id":"https:\/\/liberchem.com\/produits\/lc-2010\/#primaryimage"},"image":{"@id":"https:\/\/liberchem.com\/produits\/lc-2010\/#primaryimage"},"thumbnailUrl":"https:\/\/liberchem.com\/wp-content\/uploads\/2025\/04\/LC-2010_20L.jpg","datePublished":"2025-03-19T14:16:09+00:00","dateModified":"2026-04-14T18:23:38+00:00","description":"Discover the LC-2010 concentrated industrial degreaser, a powerful and biodegradable cleaner, ideal for the maintenance of machines and mechanical parts.","breadcrumb":{"@id":"https:\/\/liberchem.com\/produits\/lc-2010\/#breadcrumb"},"inLanguage":"en-CA","potentialAction":[{"@type":"ReadAction","target":["https:\/\/liberchem.com\/produits\/lc-2010\/"]}]},{"@type":"ImageObject","inLanguage":"en-CA","@id":"https:\/\/liberchem.com\/produits\/lc-2010\/#primaryimage","url":"https:\/\/liberchem.com\/wp-content\/uploads\/2025\/04\/LC-2010_20L.jpg","contentUrl":"https:\/\/liberchem.com\/wp-content\/uploads\/2025\/04\/LC-2010_20L.jpg","width":1100,"height":1422},{"@type":"BreadcrumbList","@id":"https:\/\/liberchem.com\/produits\/lc-2010\/#breadcrumb","itemListElement":[{"@type":"ListItem","position":1,"name":"Accueil","item":"https:\/\/liberchem.com\/"},{"@type":"ListItem","position":2,"name":"Produits","item":"https:\/\/liberchem.com\/produits\/"},{"@type":"ListItem","position":3,"name":"LC-2010"}]},{"@type":"WebSite","@id":"https:\/\/liberchem.com\/#website","url":"https:\/\/liberchem.com\/","name":"Liberchem","description":"Chemical company","potentialAction":[{"@type":"SearchAction","target":{"@type":"EntryPoint","urlTemplate":"https:\/\/liberchem.com\/?s={search_term_string}"},"query-input":{"@type":"PropertyValueSpecification","valueRequired":true,"valueName":"search_term_string"}}],"inLanguage":"en-CA"}]}},"_links":{"self":[{"href":"https:\/\/liberchem.com\/en\/wp-json\/wp\/v2\/product\/111429","targetHints":{"allow":["GET"]}}],"collection":[{"href":"https:\/\/liberchem.com\/en\/wp-json\/wp\/v2\/product"}],"about":[{"href":"https:\/\/liberchem.com\/en\/wp-json\/wp\/v2\/types\/product"}],"wp:featuredmedia":[{"embeddable":true,"href":"https:\/\/liberchem.com\/en\/wp-json\/wp\/v2\/media\/112756"}],"wp:attachment":[{"href":"https:\/\/liberchem.com\/en\/wp-json\/wp\/v2\/media?parent=111429"}],"wp:term":[{"taxonomy":"product_brand","embeddable":true,"href":"https:\/\/liberchem.com\/en\/wp-json\/wp\/v2\/product_brand?post=111429"},{"taxonomy":"product_cat","embeddable":true,"href":"https:\/\/liberchem.com\/en\/wp-json\/wp\/v2\/product_cat?post=111429"},{"taxonomy":"product_tag","embeddable":true,"href":"https:\/\/liberchem.com\/en\/wp-json\/wp\/v2\/product_tag?post=111429"}],"curies":[{"name":"wp","href":"https:\/\/api.w.org\/{rel}","templated":true}]}}