{"id":111438,"date":"2025-03-19T10:30:46","date_gmt":"2025-03-19T14:30:46","guid":{"rendered":"https:\/\/liberchem.com\/?post_type=product&#038;p=111438"},"modified":"2026-04-14T14:32:51","modified_gmt":"2026-04-14T18:32:51","slug":"lobevac-c","status":"publish","type":"product","link":"https:\/\/liberchem.com\/en\/produits\/lobevac-c\/","title":{"rendered":"LOBEVAC-C"},"content":{"rendered":"","protected":false},"excerpt":{"rendered":"<p class=\"p2\">LOBEVAC-C is a unique product designed for the maintenance of lobe vacuum pumps during maintenance and servicing operations.<\/p>\n<p class=\"p2\">Acts on three levels at once:<b><\/b><\/p>\n<p class=\"p3\">\u2022 Detergent: composition of three surfactants selected to penetrate and dislodge organic deposits such as grease residues, proteins etc. while generating a compact foam on the entire metal surface of the piping and exposed parts of the vacuum pump.<\/p>\n<p class=\"p3\">\u2022 Multifunctional agent: increased effectiveness in dislodging crystal deposits such as calcium, iron, rust and other traces of metal degraded by hydrogen peroxide or chlorine.<\/p>\n<p class=\"p4\">\u2022 Dispersant: A powerful polymer-based dispersant acts as a chemical barrier against the re-deposition of materials dislodged during the cleaning operation and ensures good removal of all residues when purging the pipes<\/p>","protected":false},"featured_media":112521,"template":"","meta":{"_acf_changed":false},"product_brand":[200],"product_cat":[135,138,136],"product_tag":[155,141,191,161,165],"class_list":{"0":"post-111438","1":"product","2":"type-product","3":"status-publish","4":"has-post-thumbnail","6":"product_brand-agro-2","7":"product_cat-ferme-avicole","8":"product_cat-ferme-laitiere","9":"product_cat-ferme-porcine","10":"product_tag-concentre","11":"product_tag-economique","12":"product_tag-ferme-traditionnel","13":"product_tag-produit-pour-robot","14":"product_tag-traitement-choc","15":"pa_categorie-nettoyant-externe-dequipements","16":"pa_format-10-l","17":"pa_format-200l","18":"pa_format-20l","19":"pa_format-55l","21":"first","22":"instock","23":"taxable","24":"shipping-taxable","25":"purchasable","26":"product-type-variable"},"acf":[],"yoast_head":"<!-- This site is optimized with the Yoast SEO plugin v27.4 - https:\/\/yoast.com\/product\/yoast-seo-wordpress\/ -->\n<title>LOBEVAC-C - Liberchem<\/title>\n<meta name=\"description\" content=\"D\u00e9couvrez LOBEVAC-C, un produit unique pour l\u2019entretien des pompes vacuum \u00e0 lobe, agissant comme d\u00e9tergent, agent multifonctionnel et dispersant.\" \/>\n<meta name=\"robots\" content=\"index, follow, max-snippet:-1, max-image-preview:large, max-video-preview:-1\" \/>\n<link rel=\"canonical\" href=\"https:\/\/liberchem.com\/en\/products\/lobevac-c\/\" \/>\n<meta property=\"og:locale\" content=\"en_US\" \/>\n<meta property=\"og:type\" content=\"article\" \/>\n<meta property=\"og:title\" content=\"ACIDE 100 - Liberchem\" \/>\n<meta property=\"og:description\" content=\"Nettoyant acide \u00e9conomique pour \u00e9quipements laitiers. \u00c9limine le calcaire sans r\u00e9sidu. Formul\u00e9 \u00e0 base d&#039;acide phosphorique et sulfurique.\" \/>\n<meta property=\"og:url\" content=\"https:\/\/liberchem.com\/en\/products\/lobevac-c\/\" \/>\n<meta property=\"og:site_name\" content=\"Liberchem\" \/>\n<meta property=\"article:modified_time\" content=\"2026-04-14T18:32:51+00:00\" \/>\n<meta property=\"og:image\" content=\"https:\/\/liberchem.com\/wp-content\/uploads\/2023\/12\/acide100.png\" \/>\n\t<meta property=\"og:image:width\" content=\"763\" \/>\n\t<meta property=\"og:image:height\" content=\"513\" \/>\n\t<meta property=\"og:image:type\" content=\"image\/png\" \/>\n<meta name=\"twitter:card\" content=\"summary_large_image\" \/>\n<meta name=\"twitter:label1\" content=\"Est. reading time\" \/>\n\t<meta name=\"twitter:data1\" content=\"1 minute\" \/>\n<script type=\"application\/ld+json\" class=\"yoast-schema-graph\">{\"@context\":\"https:\\\/\\\/schema.org\",\"@graph\":[{\"@type\":\"WebPage\",\"@id\":\"https:\\\/\\\/liberchem.com\\\/produits\\\/lobevac-c\\\/\",\"url\":\"https:\\\/\\\/liberchem.com\\\/produits\\\/lobevac-c\\\/\",\"name\":\"LOBEVAC-C - Liberchem\",\"isPartOf\":{\"@id\":\"https:\\\/\\\/liberchem.com\\\/#website\"},\"primaryImageOfPage\":{\"@id\":\"https:\\\/\\\/liberchem.com\\\/produits\\\/lobevac-c\\\/#primaryimage\"},\"image\":{\"@id\":\"https:\\\/\\\/liberchem.com\\\/produits\\\/lobevac-c\\\/#primaryimage\"},\"thumbnailUrl\":\"https:\\\/\\\/liberchem.com\\\/wp-content\\\/uploads\\\/2025\\\/03\\\/Lobevac-C_20L.jpg\",\"datePublished\":\"2025-03-19T14:30:46+00:00\",\"dateModified\":\"2026-04-14T18:32:51+00:00\",\"description\":\"D\u00e9couvrez LOBEVAC-C, un produit unique pour l\u2019entretien des pompes vacuum \u00e0 lobe, agissant comme d\u00e9tergent, agent multifonctionnel et dispersant.\",\"breadcrumb\":{\"@id\":\"https:\\\/\\\/liberchem.com\\\/produits\\\/lobevac-c\\\/#breadcrumb\"},\"inLanguage\":\"en-CA\",\"potentialAction\":[{\"@type\":\"ReadAction\",\"target\":[\"https:\\\/\\\/liberchem.com\\\/produits\\\/lobevac-c\\\/\"]}]},{\"@type\":\"ImageObject\",\"inLanguage\":\"en-CA\",\"@id\":\"https:\\\/\\\/liberchem.com\\\/produits\\\/lobevac-c\\\/#primaryimage\",\"url\":\"https:\\\/\\\/liberchem.com\\\/wp-content\\\/uploads\\\/2025\\\/03\\\/Lobevac-C_20L.jpg\",\"contentUrl\":\"https:\\\/\\\/liberchem.com\\\/wp-content\\\/uploads\\\/2025\\\/03\\\/Lobevac-C_20L.jpg\",\"width\":1100,\"height\":1422},{\"@type\":\"BreadcrumbList\",\"@id\":\"https:\\\/\\\/liberchem.com\\\/produits\\\/lobevac-c\\\/#breadcrumb\",\"itemListElement\":[{\"@type\":\"ListItem\",\"position\":1,\"name\":\"Accueil\",\"item\":\"https:\\\/\\\/liberchem.com\\\/\"},{\"@type\":\"ListItem\",\"position\":2,\"name\":\"Produits\",\"item\":\"https:\\\/\\\/liberchem.com\\\/produits\\\/\"},{\"@type\":\"ListItem\",\"position\":3,\"name\":\"LOBEVAC-C\"}]},{\"@type\":\"WebSite\",\"@id\":\"https:\\\/\\\/liberchem.com\\\/#website\",\"url\":\"https:\\\/\\\/liberchem.com\\\/\",\"name\":\"Liberchem\",\"description\":\"Entreprise de produits chimiques\",\"potentialAction\":[{\"@type\":\"SearchAction\",\"target\":{\"@type\":\"EntryPoint\",\"urlTemplate\":\"https:\\\/\\\/liberchem.com\\\/?s={search_term_string}\"},\"query-input\":{\"@type\":\"PropertyValueSpecification\",\"valueRequired\":true,\"valueName\":\"search_term_string\"}}],\"inLanguage\":\"en-CA\"}]}<\/script>\n<!-- \/ Yoast SEO plugin. -->","yoast_head_json":{"title":"LOBEVAC-C - Liberchem","description":"Discover LOBEVAC-C, a unique product for the maintenance of lobe vacuum pumps, acting as a detergent, multifunctional agent and dispersant.","robots":{"index":"index","follow":"follow","max-snippet":"max-snippet:-1","max-image-preview":"max-image-preview:large","max-video-preview":"max-video-preview:-1"},"canonical":"https:\/\/liberchem.com\/en\/products\/lobevac-c\/","og_locale":"en_US","og_type":"article","og_title":"ACIDE 100 - Liberchem","og_description":"Nettoyant acide \u00e9conomique pour \u00e9quipements laitiers. \u00c9limine le calcaire sans r\u00e9sidu. Formul\u00e9 \u00e0 base d'acide phosphorique et sulfurique.","og_url":"https:\/\/liberchem.com\/en\/products\/lobevac-c\/","og_site_name":"Liberchem","article_modified_time":"2026-04-14T18:32:51+00:00","og_image":[{"width":763,"height":513,"url":"https:\/\/liberchem.com\/wp-content\/uploads\/2023\/12\/acide100.png","type":"image\/png"}],"twitter_card":"summary_large_image","twitter_misc":{"Est. reading time":"1 minute"},"schema":{"@context":"https:\/\/schema.org","@graph":[{"@type":"WebPage","@id":"https:\/\/liberchem.com\/produits\/lobevac-c\/","url":"https:\/\/liberchem.com\/produits\/lobevac-c\/","name":"LOBEVAC-C - Liberchem","isPartOf":{"@id":"https:\/\/liberchem.com\/#website"},"primaryImageOfPage":{"@id":"https:\/\/liberchem.com\/produits\/lobevac-c\/#primaryimage"},"image":{"@id":"https:\/\/liberchem.com\/produits\/lobevac-c\/#primaryimage"},"thumbnailUrl":"https:\/\/liberchem.com\/wp-content\/uploads\/2025\/03\/Lobevac-C_20L.jpg","datePublished":"2025-03-19T14:30:46+00:00","dateModified":"2026-04-14T18:32:51+00:00","description":"Discover LOBEVAC-C, a unique product for the maintenance of lobe vacuum pumps, acting as a detergent, multifunctional agent and dispersant.","breadcrumb":{"@id":"https:\/\/liberchem.com\/produits\/lobevac-c\/#breadcrumb"},"inLanguage":"en-CA","potentialAction":[{"@type":"ReadAction","target":["https:\/\/liberchem.com\/produits\/lobevac-c\/"]}]},{"@type":"ImageObject","inLanguage":"en-CA","@id":"https:\/\/liberchem.com\/produits\/lobevac-c\/#primaryimage","url":"https:\/\/liberchem.com\/wp-content\/uploads\/2025\/03\/Lobevac-C_20L.jpg","contentUrl":"https:\/\/liberchem.com\/wp-content\/uploads\/2025\/03\/Lobevac-C_20L.jpg","width":1100,"height":1422},{"@type":"BreadcrumbList","@id":"https:\/\/liberchem.com\/produits\/lobevac-c\/#breadcrumb","itemListElement":[{"@type":"ListItem","position":1,"name":"Accueil","item":"https:\/\/liberchem.com\/"},{"@type":"ListItem","position":2,"name":"Produits","item":"https:\/\/liberchem.com\/produits\/"},{"@type":"ListItem","position":3,"name":"LOBEVAC-C"}]},{"@type":"WebSite","@id":"https:\/\/liberchem.com\/#website","url":"https:\/\/liberchem.com\/","name":"Liberchem","description":"Chemical company","potentialAction":[{"@type":"SearchAction","target":{"@type":"EntryPoint","urlTemplate":"https:\/\/liberchem.com\/?s={search_term_string}"},"query-input":{"@type":"PropertyValueSpecification","valueRequired":true,"valueName":"search_term_string"}}],"inLanguage":"en-CA"}]}},"_links":{"self":[{"href":"https:\/\/liberchem.com\/en\/wp-json\/wp\/v2\/product\/111438","targetHints":{"allow":["GET"]}}],"collection":[{"href":"https:\/\/liberchem.com\/en\/wp-json\/wp\/v2\/product"}],"about":[{"href":"https:\/\/liberchem.com\/en\/wp-json\/wp\/v2\/types\/product"}],"wp:featuredmedia":[{"embeddable":true,"href":"https:\/\/liberchem.com\/en\/wp-json\/wp\/v2\/media\/112521"}],"wp:attachment":[{"href":"https:\/\/liberchem.com\/en\/wp-json\/wp\/v2\/media?parent=111438"}],"wp:term":[{"taxonomy":"product_brand","embeddable":true,"href":"https:\/\/liberchem.com\/en\/wp-json\/wp\/v2\/product_brand?post=111438"},{"taxonomy":"product_cat","embeddable":true,"href":"https:\/\/liberchem.com\/en\/wp-json\/wp\/v2\/product_cat?post=111438"},{"taxonomy":"product_tag","embeddable":true,"href":"https:\/\/liberchem.com\/en\/wp-json\/wp\/v2\/product_tag?post=111438"}],"curies":[{"name":"wp","href":"https:\/\/api.w.org\/{rel}","templated":true}]}}