{"id":111449,"date":"2025-03-19T11:00:42","date_gmt":"2025-03-19T15:00:42","guid":{"rendered":"https:\/\/liberchem.com\/?post_type=product&#038;p=111449"},"modified":"2025-10-06T10:08:10","modified_gmt":"2025-10-06T14:08:10","slug":"ss-shine","status":"publish","type":"product","link":"https:\/\/liberchem.com\/en\/produits\/ss-shine\/","title":{"rendered":"SS-SHINE"},"content":{"rendered":"","protected":false},"excerpt":{"rendered":"<p class=\"p2\"><b>SS-SHINE <\/b>is a concentrated liquid cleaning product based on phosphoric acid, corrosion inhibitor and surfactants which has excellent wetting and foaming characteristics. <b>SS-SHINE <\/b>can be used for foam cleaning of hoods, machine frames, metal surfaces. <b>SS-SHINE <\/b>is specially formulated to penetrate deposits accumulated in several layers and thus allows metal surfaces to be cleaned quickly. <b>SS-SHINE <\/b>is highly foaming and rinses easily. Self-foaming and safe for aluminum.<\/p>\n<p class=\"p3\"><b>APPLICATIONS:<\/b><b><\/b><\/p>\n<p class=\"p4\">The quantity of <b>SS-SHINE <\/b>The amount of cleaning agent to use depends on the type of dirt and the metal surface to be cleaned. For best results, apply using a foam gun. Can be applied by spraying or dipping, a concentration of 5 to 10 TP4T mixed with water is recommended. A higher concentration (up to 25 TP4T) can be used.<\/p>","protected":false},"featured_media":112484,"template":"","meta":{"_acf_changed":false},"product_brand":[200,215,209,207,213,219,217,211,221,205],"product_cat":[135,138,136],"product_tag":[155,141,191,165],"class_list":{"0":"post-111449","1":"product","2":"type-product","3":"status-publish","4":"has-post-thumbnail","6":"product_brand-agro-2","7":"product_brand-archway-dairy-solution-2","8":"product_brand-beaudry-estrie-2","9":"product_brand-beaudry-morin-2","10":"product_brand-depanneur-agricole-2","11":"product_brand-distribution-jp-service-2","12":"product_brand-dubreuil-equipements-2","13":"product_brand-dundas-2","14":"product_brand-equipements-eric-grondin-2","15":"product_brand-jolco-2","16":"product_cat-ferme-avicole","17":"product_cat-ferme-laitiere","18":"product_cat-ferme-porcine","19":"product_tag-concentre","20":"product_tag-economique","21":"product_tag-ferme-traditionnel","22":"product_tag-traitement-choc","23":"pa_categorie-nettoyant-externe-dequipements","24":"pa_format-20l","25":"pa_format-4x4l","27":"first","28":"instock","29":"taxable","30":"shipping-taxable","31":"purchasable","32":"product-type-variable"},"acf":[],"yoast_head":"<!-- This site is optimized with the Yoast SEO plugin v27.5 - https:\/\/yoast.com\/product\/yoast-seo-wordpress\/ -->\n<title>SS-SHINE - Liberchem<\/title>\n<meta name=\"description\" content=\"D\u00e9couvrez SS-SHINE, un nettoyant liquide concentr\u00e9 \u00e0 base d\u2019acides phosphoriques, id\u00e9al pour le nettoyage \u00e0 la mousse des surfaces m\u00e9talliques.\" \/>\n<meta name=\"robots\" content=\"index, follow, max-snippet:-1, max-image-preview:large, max-video-preview:-1\" \/>\n<link rel=\"canonical\" href=\"https:\/\/liberchem.com\/en\/products\/ss-shine\/\" \/>\n<meta property=\"og:locale\" content=\"en_US\" \/>\n<meta property=\"og:type\" content=\"article\" \/>\n<meta property=\"og:title\" content=\"ACIDE 100 - Liberchem\" \/>\n<meta property=\"og:description\" content=\"Nettoyant acide \u00e9conomique pour \u00e9quipements laitiers. \u00c9limine le calcaire sans r\u00e9sidu. Formul\u00e9 \u00e0 base d&#039;acide phosphorique et sulfurique.\" \/>\n<meta property=\"og:url\" content=\"https:\/\/liberchem.com\/en\/products\/ss-shine\/\" \/>\n<meta property=\"og:site_name\" content=\"Liberchem\" \/>\n<meta property=\"article:modified_time\" content=\"2025-10-06T14:08:10+00:00\" \/>\n<meta property=\"og:image\" content=\"https:\/\/liberchem.com\/wp-content\/uploads\/2023\/12\/acide100.png\" \/>\n\t<meta property=\"og:image:width\" content=\"763\" \/>\n\t<meta property=\"og:image:height\" content=\"513\" \/>\n\t<meta property=\"og:image:type\" content=\"image\/png\" \/>\n<meta name=\"twitter:card\" content=\"summary_large_image\" \/>\n<meta name=\"twitter:label1\" content=\"Est. reading time\" \/>\n\t<meta name=\"twitter:data1\" content=\"1 minute\" \/>\n<script type=\"application\/ld+json\" class=\"yoast-schema-graph\">{\"@context\":\"https:\\\/\\\/schema.org\",\"@graph\":[{\"@type\":\"WebPage\",\"@id\":\"https:\\\/\\\/liberchem.com\\\/produits\\\/ss-shine\\\/\",\"url\":\"https:\\\/\\\/liberchem.com\\\/produits\\\/ss-shine\\\/\",\"name\":\"SS-SHINE - Liberchem\",\"isPartOf\":{\"@id\":\"https:\\\/\\\/liberchem.com\\\/#website\"},\"primaryImageOfPage\":{\"@id\":\"https:\\\/\\\/liberchem.com\\\/produits\\\/ss-shine\\\/#primaryimage\"},\"image\":{\"@id\":\"https:\\\/\\\/liberchem.com\\\/produits\\\/ss-shine\\\/#primaryimage\"},\"thumbnailUrl\":\"https:\\\/\\\/liberchem.com\\\/wp-content\\\/uploads\\\/2025\\\/03\\\/SS-Shine_20L.jpg\",\"datePublished\":\"2025-03-19T15:00:42+00:00\",\"dateModified\":\"2025-10-06T14:08:10+00:00\",\"description\":\"D\u00e9couvrez SS-SHINE, un nettoyant liquide concentr\u00e9 \u00e0 base d\u2019acides phosphoriques, id\u00e9al pour le nettoyage \u00e0 la mousse des surfaces m\u00e9talliques.\",\"breadcrumb\":{\"@id\":\"https:\\\/\\\/liberchem.com\\\/produits\\\/ss-shine\\\/#breadcrumb\"},\"inLanguage\":\"en-CA\",\"potentialAction\":[{\"@type\":\"ReadAction\",\"target\":[\"https:\\\/\\\/liberchem.com\\\/produits\\\/ss-shine\\\/\"]}]},{\"@type\":\"ImageObject\",\"inLanguage\":\"en-CA\",\"@id\":\"https:\\\/\\\/liberchem.com\\\/produits\\\/ss-shine\\\/#primaryimage\",\"url\":\"https:\\\/\\\/liberchem.com\\\/wp-content\\\/uploads\\\/2025\\\/03\\\/SS-Shine_20L.jpg\",\"contentUrl\":\"https:\\\/\\\/liberchem.com\\\/wp-content\\\/uploads\\\/2025\\\/03\\\/SS-Shine_20L.jpg\",\"width\":1100,\"height\":1422},{\"@type\":\"BreadcrumbList\",\"@id\":\"https:\\\/\\\/liberchem.com\\\/produits\\\/ss-shine\\\/#breadcrumb\",\"itemListElement\":[{\"@type\":\"ListItem\",\"position\":1,\"name\":\"Accueil\",\"item\":\"https:\\\/\\\/liberchem.com\\\/\"},{\"@type\":\"ListItem\",\"position\":2,\"name\":\"Produits\",\"item\":\"https:\\\/\\\/liberchem.com\\\/produits\\\/\"},{\"@type\":\"ListItem\",\"position\":3,\"name\":\"SS-SHINE\"}]},{\"@type\":\"WebSite\",\"@id\":\"https:\\\/\\\/liberchem.com\\\/#website\",\"url\":\"https:\\\/\\\/liberchem.com\\\/\",\"name\":\"Liberchem\",\"description\":\"Entreprise de produits chimiques\",\"potentialAction\":[{\"@type\":\"SearchAction\",\"target\":{\"@type\":\"EntryPoint\",\"urlTemplate\":\"https:\\\/\\\/liberchem.com\\\/?s={search_term_string}\"},\"query-input\":{\"@type\":\"PropertyValueSpecification\",\"valueRequired\":true,\"valueName\":\"search_term_string\"}}],\"inLanguage\":\"en-CA\"}]}<\/script>\n<!-- \/ Yoast SEO plugin. -->","yoast_head_json":{"title":"SS-SHINE - Liberchem","description":"Discover SS-SHINE, a concentrated liquid cleaner based on phosphoric acids, ideal for foam cleaning of metal surfaces.","robots":{"index":"index","follow":"follow","max-snippet":"max-snippet:-1","max-image-preview":"max-image-preview:large","max-video-preview":"max-video-preview:-1"},"canonical":"https:\/\/liberchem.com\/en\/products\/ss-shine\/","og_locale":"en_US","og_type":"article","og_title":"ACIDE 100 - Liberchem","og_description":"Nettoyant acide \u00e9conomique pour \u00e9quipements laitiers. \u00c9limine le calcaire sans r\u00e9sidu. Formul\u00e9 \u00e0 base d'acide phosphorique et sulfurique.","og_url":"https:\/\/liberchem.com\/en\/products\/ss-shine\/","og_site_name":"Liberchem","article_modified_time":"2025-10-06T14:08:10+00:00","og_image":[{"width":763,"height":513,"url":"https:\/\/liberchem.com\/wp-content\/uploads\/2023\/12\/acide100.png","type":"image\/png"}],"twitter_card":"summary_large_image","twitter_misc":{"Est. reading time":"1 minute"},"schema":{"@context":"https:\/\/schema.org","@graph":[{"@type":"WebPage","@id":"https:\/\/liberchem.com\/produits\/ss-shine\/","url":"https:\/\/liberchem.com\/produits\/ss-shine\/","name":"SS-SHINE - Liberchem","isPartOf":{"@id":"https:\/\/liberchem.com\/#website"},"primaryImageOfPage":{"@id":"https:\/\/liberchem.com\/produits\/ss-shine\/#primaryimage"},"image":{"@id":"https:\/\/liberchem.com\/produits\/ss-shine\/#primaryimage"},"thumbnailUrl":"https:\/\/liberchem.com\/wp-content\/uploads\/2025\/03\/SS-Shine_20L.jpg","datePublished":"2025-03-19T15:00:42+00:00","dateModified":"2025-10-06T14:08:10+00:00","description":"Discover SS-SHINE, a concentrated liquid cleaner based on phosphoric acids, ideal for foam cleaning of metal surfaces.","breadcrumb":{"@id":"https:\/\/liberchem.com\/produits\/ss-shine\/#breadcrumb"},"inLanguage":"en-CA","potentialAction":[{"@type":"ReadAction","target":["https:\/\/liberchem.com\/produits\/ss-shine\/"]}]},{"@type":"ImageObject","inLanguage":"en-CA","@id":"https:\/\/liberchem.com\/produits\/ss-shine\/#primaryimage","url":"https:\/\/liberchem.com\/wp-content\/uploads\/2025\/03\/SS-Shine_20L.jpg","contentUrl":"https:\/\/liberchem.com\/wp-content\/uploads\/2025\/03\/SS-Shine_20L.jpg","width":1100,"height":1422},{"@type":"BreadcrumbList","@id":"https:\/\/liberchem.com\/produits\/ss-shine\/#breadcrumb","itemListElement":[{"@type":"ListItem","position":1,"name":"Accueil","item":"https:\/\/liberchem.com\/"},{"@type":"ListItem","position":2,"name":"Produits","item":"https:\/\/liberchem.com\/produits\/"},{"@type":"ListItem","position":3,"name":"SS-SHINE"}]},{"@type":"WebSite","@id":"https:\/\/liberchem.com\/#website","url":"https:\/\/liberchem.com\/","name":"Liberchem","description":"Chemical company","potentialAction":[{"@type":"SearchAction","target":{"@type":"EntryPoint","urlTemplate":"https:\/\/liberchem.com\/?s={search_term_string}"},"query-input":{"@type":"PropertyValueSpecification","valueRequired":true,"valueName":"search_term_string"}}],"inLanguage":"en-CA"}]}},"_links":{"self":[{"href":"https:\/\/liberchem.com\/en\/wp-json\/wp\/v2\/product\/111449","targetHints":{"allow":["GET"]}}],"collection":[{"href":"https:\/\/liberchem.com\/en\/wp-json\/wp\/v2\/product"}],"about":[{"href":"https:\/\/liberchem.com\/en\/wp-json\/wp\/v2\/types\/product"}],"wp:featuredmedia":[{"embeddable":true,"href":"https:\/\/liberchem.com\/en\/wp-json\/wp\/v2\/media\/112484"}],"wp:attachment":[{"href":"https:\/\/liberchem.com\/en\/wp-json\/wp\/v2\/media?parent=111449"}],"wp:term":[{"taxonomy":"product_brand","embeddable":true,"href":"https:\/\/liberchem.com\/en\/wp-json\/wp\/v2\/product_brand?post=111449"},{"taxonomy":"product_cat","embeddable":true,"href":"https:\/\/liberchem.com\/en\/wp-json\/wp\/v2\/product_cat?post=111449"},{"taxonomy":"product_tag","embeddable":true,"href":"https:\/\/liberchem.com\/en\/wp-json\/wp\/v2\/product_tag?post=111449"}],"curies":[{"name":"wp","href":"https:\/\/api.w.org\/{rel}","templated":true}]}}