{"id":111481,"date":"2025-03-19T14:37:58","date_gmt":"2025-03-19T18:37:58","guid":{"rendered":"https:\/\/liberchem.com\/?post_type=product&#038;p=111481"},"modified":"2025-10-22T15:46:33","modified_gmt":"2025-10-22T19:46:33","slug":"alogel-70","status":"publish","type":"product","link":"https:\/\/liberchem.com\/en\/produits\/alogel-70\/","title":{"rendered":"ALOGEL-70"},"content":{"rendered":"","protected":false},"excerpt":{"rendered":"<p class=\"p1\"><b>WATERLESS HAND SANITIZER <\/b><b><\/b><\/p>\n<p class=\"p2\">Gentle skin disinfectant gel. Kills 99.9% of germs in 15 seconds. Works against germs that cause colds, flu, gastrointestinal infections, and diseases that can be transmitted from one herd to another.<\/p>\n<p class=\"p2\">NPN: 80098316<\/p>","protected":false},"featured_media":112745,"template":"","meta":{"_acf_changed":false},"product_brand":[200,209,207,213,219,217,221,205],"product_cat":[135,138,136,22],"product_tag":[167],"class_list":{"0":"post-111481","1":"product","2":"type-product","3":"status-publish","4":"has-post-thumbnail","6":"product_brand-agro-2","7":"product_brand-beaudry-estrie-2","8":"product_brand-beaudry-morin-2","9":"product_brand-depanneur-agricole-2","10":"product_brand-distribution-jp-service-2","11":"product_brand-dubreuil-equipements-2","12":"product_brand-equipements-eric-grondin-2","13":"product_brand-jolco-2","14":"product_cat-ferme-avicole","15":"product_cat-ferme-laitiere","16":"product_cat-ferme-porcine","17":"product_cat-produits-specialises","18":"product_tag-produit-ecologique","19":"pa_categorie-desinfectants-pour-les-mains","20":"pa_format-4x4l","22":"first","23":"instock","24":"taxable","25":"shipping-taxable","26":"purchasable","27":"product-type-variable"},"acf":[],"yoast_head":"<!-- This site is optimized with the Yoast SEO plugin v27.3 - https:\/\/yoast.com\/product\/yoast-seo-wordpress\/ -->\n<title>ALOGEL-70 - Liberchem<\/title>\n<meta name=\"description\" content=\"Le d\u00e9sinfectant \u00e0 mains sans eau est un gel doux qui \u00e9limine 99,9 % des microbes en 15 secondes, prot\u00e9geant contre diverses maladies transmissibles.\" \/>\n<meta name=\"robots\" content=\"index, follow, max-snippet:-1, max-image-preview:large, max-video-preview:-1\" \/>\n<link rel=\"canonical\" href=\"https:\/\/liberchem.com\/en\/products\/alogel-70\/\" \/>\n<meta property=\"og:locale\" content=\"en_US\" \/>\n<meta property=\"og:type\" content=\"article\" \/>\n<meta property=\"og:title\" content=\"ALOGEL-70 - Liberchem\" \/>\n<meta property=\"og:description\" content=\"Le d\u00e9sinfectant \u00e0 mains sans eau est un gel doux qui \u00e9limine 99,9 % des microbes en 15 secondes, prot\u00e9geant contre diverses maladies transmissibles.\" \/>\n<meta property=\"og:url\" content=\"https:\/\/liberchem.com\/en\/products\/alogel-70\/\" \/>\n<meta property=\"og:site_name\" content=\"Liberchem\" \/>\n<meta property=\"article:modified_time\" content=\"2025-10-22T19:46:33+00:00\" \/>\n<meta property=\"og:image\" content=\"https:\/\/liberchem.com\/wp-content\/uploads\/2025\/04\/Alogel-70-4L-1.jpg\" \/>\n\t<meta property=\"og:image:width\" content=\"1024\" \/>\n\t<meta property=\"og:image:height\" content=\"1024\" \/>\n\t<meta property=\"og:image:type\" content=\"image\/jpeg\" \/>\n<meta name=\"twitter:card\" content=\"summary_large_image\" \/>\n<meta name=\"twitter:label1\" content=\"Est. reading time\" \/>\n\t<meta name=\"twitter:data1\" content=\"1 minute\" \/>\n<script type=\"application\/ld+json\" class=\"yoast-schema-graph\">{\"@context\":\"https:\\\/\\\/schema.org\",\"@graph\":[{\"@type\":\"WebPage\",\"@id\":\"https:\\\/\\\/liberchem.com\\\/produits\\\/alogel-70\\\/\",\"url\":\"https:\\\/\\\/liberchem.com\\\/produits\\\/alogel-70\\\/\",\"name\":\"ALOGEL-70 - Liberchem\",\"isPartOf\":{\"@id\":\"https:\\\/\\\/liberchem.com\\\/#website\"},\"primaryImageOfPage\":{\"@id\":\"https:\\\/\\\/liberchem.com\\\/produits\\\/alogel-70\\\/#primaryimage\"},\"image\":{\"@id\":\"https:\\\/\\\/liberchem.com\\\/produits\\\/alogel-70\\\/#primaryimage\"},\"thumbnailUrl\":\"https:\\\/\\\/liberchem.com\\\/wp-content\\\/uploads\\\/2025\\\/04\\\/Alogel-70-4L-1.jpg\",\"datePublished\":\"2025-03-19T18:37:58+00:00\",\"dateModified\":\"2025-10-22T19:46:33+00:00\",\"description\":\"Le d\u00e9sinfectant \u00e0 mains sans eau est un gel doux qui \u00e9limine 99,9 % des microbes en 15 secondes, prot\u00e9geant contre diverses maladies transmissibles.\",\"breadcrumb\":{\"@id\":\"https:\\\/\\\/liberchem.com\\\/produits\\\/alogel-70\\\/#breadcrumb\"},\"inLanguage\":\"en-CA\",\"potentialAction\":[{\"@type\":\"ReadAction\",\"target\":[\"https:\\\/\\\/liberchem.com\\\/produits\\\/alogel-70\\\/\"]}]},{\"@type\":\"ImageObject\",\"inLanguage\":\"en-CA\",\"@id\":\"https:\\\/\\\/liberchem.com\\\/produits\\\/alogel-70\\\/#primaryimage\",\"url\":\"https:\\\/\\\/liberchem.com\\\/wp-content\\\/uploads\\\/2025\\\/04\\\/Alogel-70-4L-1.jpg\",\"contentUrl\":\"https:\\\/\\\/liberchem.com\\\/wp-content\\\/uploads\\\/2025\\\/04\\\/Alogel-70-4L-1.jpg\",\"width\":1024,\"height\":1024},{\"@type\":\"BreadcrumbList\",\"@id\":\"https:\\\/\\\/liberchem.com\\\/produits\\\/alogel-70\\\/#breadcrumb\",\"itemListElement\":[{\"@type\":\"ListItem\",\"position\":1,\"name\":\"Accueil\",\"item\":\"https:\\\/\\\/liberchem.com\\\/\"},{\"@type\":\"ListItem\",\"position\":2,\"name\":\"Produits\",\"item\":\"https:\\\/\\\/liberchem.com\\\/produits\\\/\"},{\"@type\":\"ListItem\",\"position\":3,\"name\":\"ALOGEL-70\"}]},{\"@type\":\"WebSite\",\"@id\":\"https:\\\/\\\/liberchem.com\\\/#website\",\"url\":\"https:\\\/\\\/liberchem.com\\\/\",\"name\":\"Liberchem\",\"description\":\"Entreprise de produits chimiques\",\"potentialAction\":[{\"@type\":\"SearchAction\",\"target\":{\"@type\":\"EntryPoint\",\"urlTemplate\":\"https:\\\/\\\/liberchem.com\\\/?s={search_term_string}\"},\"query-input\":{\"@type\":\"PropertyValueSpecification\",\"valueRequired\":true,\"valueName\":\"search_term_string\"}}],\"inLanguage\":\"en-CA\"}]}<\/script>\n<!-- \/ Yoast SEO plugin. -->","yoast_head_json":{"title":"ALOGEL-70 - Liberchem","description":"Waterless Hand Sanitizer is a gentle gel that kills 99.9% of germs in 15 seconds, protecting against various communicable diseases.","robots":{"index":"index","follow":"follow","max-snippet":"max-snippet:-1","max-image-preview":"max-image-preview:large","max-video-preview":"max-video-preview:-1"},"canonical":"https:\/\/liberchem.com\/en\/products\/alogel-70\/","og_locale":"en_US","og_type":"article","og_title":"ALOGEL-70 - Liberchem","og_description":"Le d\u00e9sinfectant \u00e0 mains sans eau est un gel doux qui \u00e9limine 99,9 % des microbes en 15 secondes, prot\u00e9geant contre diverses maladies transmissibles.","og_url":"https:\/\/liberchem.com\/en\/products\/alogel-70\/","og_site_name":"Liberchem","article_modified_time":"2025-10-22T19:46:33+00:00","og_image":[{"width":1024,"height":1024,"url":"https:\/\/liberchem.com\/wp-content\/uploads\/2025\/04\/Alogel-70-4L-1.jpg","type":"image\/jpeg"}],"twitter_card":"summary_large_image","twitter_misc":{"Est. reading time":"1 minute"},"schema":{"@context":"https:\/\/schema.org","@graph":[{"@type":"WebPage","@id":"https:\/\/liberchem.com\/produits\/alogel-70\/","url":"https:\/\/liberchem.com\/produits\/alogel-70\/","name":"ALOGEL-70 - Liberchem","isPartOf":{"@id":"https:\/\/liberchem.com\/#website"},"primaryImageOfPage":{"@id":"https:\/\/liberchem.com\/produits\/alogel-70\/#primaryimage"},"image":{"@id":"https:\/\/liberchem.com\/produits\/alogel-70\/#primaryimage"},"thumbnailUrl":"https:\/\/liberchem.com\/wp-content\/uploads\/2025\/04\/Alogel-70-4L-1.jpg","datePublished":"2025-03-19T18:37:58+00:00","dateModified":"2025-10-22T19:46:33+00:00","description":"Waterless Hand Sanitizer is a gentle gel that kills 99.9% of germs in 15 seconds, protecting against various communicable diseases.","breadcrumb":{"@id":"https:\/\/liberchem.com\/produits\/alogel-70\/#breadcrumb"},"inLanguage":"en-CA","potentialAction":[{"@type":"ReadAction","target":["https:\/\/liberchem.com\/produits\/alogel-70\/"]}]},{"@type":"ImageObject","inLanguage":"en-CA","@id":"https:\/\/liberchem.com\/produits\/alogel-70\/#primaryimage","url":"https:\/\/liberchem.com\/wp-content\/uploads\/2025\/04\/Alogel-70-4L-1.jpg","contentUrl":"https:\/\/liberchem.com\/wp-content\/uploads\/2025\/04\/Alogel-70-4L-1.jpg","width":1024,"height":1024},{"@type":"BreadcrumbList","@id":"https:\/\/liberchem.com\/produits\/alogel-70\/#breadcrumb","itemListElement":[{"@type":"ListItem","position":1,"name":"Accueil","item":"https:\/\/liberchem.com\/"},{"@type":"ListItem","position":2,"name":"Produits","item":"https:\/\/liberchem.com\/produits\/"},{"@type":"ListItem","position":3,"name":"ALOGEL-70"}]},{"@type":"WebSite","@id":"https:\/\/liberchem.com\/#website","url":"https:\/\/liberchem.com\/","name":"Liberchem","description":"Chemical company","potentialAction":[{"@type":"SearchAction","target":{"@type":"EntryPoint","urlTemplate":"https:\/\/liberchem.com\/?s={search_term_string}"},"query-input":{"@type":"PropertyValueSpecification","valueRequired":true,"valueName":"search_term_string"}}],"inLanguage":"en-CA"}]}},"_links":{"self":[{"href":"https:\/\/liberchem.com\/en\/wp-json\/wp\/v2\/product\/111481","targetHints":{"allow":["GET"]}}],"collection":[{"href":"https:\/\/liberchem.com\/en\/wp-json\/wp\/v2\/product"}],"about":[{"href":"https:\/\/liberchem.com\/en\/wp-json\/wp\/v2\/types\/product"}],"wp:featuredmedia":[{"embeddable":true,"href":"https:\/\/liberchem.com\/en\/wp-json\/wp\/v2\/media\/112745"}],"wp:attachment":[{"href":"https:\/\/liberchem.com\/en\/wp-json\/wp\/v2\/media?parent=111481"}],"wp:term":[{"taxonomy":"product_brand","embeddable":true,"href":"https:\/\/liberchem.com\/en\/wp-json\/wp\/v2\/product_brand?post=111481"},{"taxonomy":"product_cat","embeddable":true,"href":"https:\/\/liberchem.com\/en\/wp-json\/wp\/v2\/product_cat?post=111481"},{"taxonomy":"product_tag","embeddable":true,"href":"https:\/\/liberchem.com\/en\/wp-json\/wp\/v2\/product_tag?post=111481"}],"curies":[{"name":"wp","href":"https:\/\/api.w.org\/{rel}","templated":true}]}}