{"id":111489,"date":"2025-03-19T15:32:53","date_gmt":"2025-03-19T19:32:53","guid":{"rendered":"https:\/\/liberchem.com\/?post_type=product&#038;p=111489"},"modified":"2025-10-06T10:06:49","modified_gmt":"2025-10-06T14:06:49","slug":"orange-plus","status":"publish","type":"product","link":"https:\/\/liberchem.com\/en\/produits\/orange-plus\/","title":{"rendered":"ORANGE PLUS"},"content":{"rendered":"","protected":false},"excerpt":{"rendered":"<p class=\"p2\"><b>ORANGE PLUS <\/b>is a natural citrus-based hand cleanser that effectively dissolves grease and oil stains. Contains emollients to prevent hands from drying out.<\/p>\n<p class=\"p2\"><b>ORANGE PLUS <\/b>Contains pumice particles (pumice stone) which dislodge dirt from the hands.<\/p>\n<p class=\"p3\"><b>ORANGE PLUS <\/b>Cleans varnish, lacquer, printing ink, tar, carbon, rust, asphalt, graphite, as well as certain paints, resins, urethane, adhesives.<\/p>","protected":false},"featured_media":112549,"template":"","meta":{"_acf_changed":false},"product_brand":[200,215,209,207,213,219,217,211,221,205],"product_cat":[135,138,136,22],"product_tag":[141],"class_list":{"0":"post-111489","1":"product","2":"type-product","3":"status-publish","4":"has-post-thumbnail","6":"product_brand-agro-2","7":"product_brand-archway-dairy-solution-2","8":"product_brand-beaudry-estrie-2","9":"product_brand-beaudry-morin-2","10":"product_brand-depanneur-agricole-2","11":"product_brand-distribution-jp-service-2","12":"product_brand-dubreuil-equipements-2","13":"product_brand-dundas-2","14":"product_brand-equipements-eric-grondin-2","15":"product_brand-jolco-2","16":"product_cat-ferme-avicole","17":"product_cat-ferme-laitiere","18":"product_cat-ferme-porcine","19":"product_cat-produits-specialises","20":"product_tag-economique","21":"pa_categorie-savon-pour-les-mains","22":"pa_format-4x4l","24":"first","25":"instock","26":"taxable","27":"shipping-taxable","28":"purchasable","29":"product-type-variable"},"acf":[],"yoast_head":"<!-- This site is optimized with the Yoast SEO plugin v27.3 - https:\/\/yoast.com\/product\/yoast-seo-wordpress\/ -->\n<title>ORANGE PLUS - Liberchem<\/title>\n<meta name=\"description\" content=\"ORANGE PLUS est un nettoyant \u00e0 mains \u00e0 base d&#039;agrumes, efficace pour dissoudre graisses et huiles tout en pr\u00e9servant l&#039;hydratation gr\u00e2ce \u00e0 ses \u00e9mollients.\" \/>\n<meta name=\"robots\" content=\"index, follow, max-snippet:-1, max-image-preview:large, max-video-preview:-1\" \/>\n<link rel=\"canonical\" href=\"https:\/\/liberchem.com\/en\/products\/orange-plus\/\" \/>\n<meta property=\"og:locale\" content=\"en_US\" \/>\n<meta property=\"og:type\" content=\"article\" \/>\n<meta property=\"og:title\" content=\"ORANGE PLUS - Liberchem\" \/>\n<meta property=\"og:description\" content=\"ORANGE PLUS est un nettoyant \u00e0 mains \u00e0 base d&#039;agrumes, efficace pour dissoudre graisses et huiles tout en pr\u00e9servant l&#039;hydratation gr\u00e2ce \u00e0 ses \u00e9mollients.\" \/>\n<meta property=\"og:url\" content=\"https:\/\/liberchem.com\/en\/products\/orange-plus\/\" \/>\n<meta property=\"og:site_name\" content=\"Liberchem\" \/>\n<meta property=\"article:modified_time\" content=\"2025-10-06T14:06:49+00:00\" \/>\n<meta property=\"og:image\" content=\"https:\/\/liberchem.com\/wp-content\/uploads\/2025\/03\/Orange-Plus-4L.jpg\" \/>\n\t<meta property=\"og:image:width\" content=\"1024\" \/>\n\t<meta property=\"og:image:height\" content=\"1024\" \/>\n\t<meta property=\"og:image:type\" content=\"image\/jpeg\" \/>\n<meta name=\"twitter:card\" content=\"summary_large_image\" \/>\n<meta name=\"twitter:label1\" content=\"Est. reading time\" \/>\n\t<meta name=\"twitter:data1\" content=\"1 minute\" \/>\n<script type=\"application\/ld+json\" class=\"yoast-schema-graph\">{\"@context\":\"https:\\\/\\\/schema.org\",\"@graph\":[{\"@type\":\"WebPage\",\"@id\":\"https:\\\/\\\/liberchem.com\\\/produits\\\/orange-plus\\\/\",\"url\":\"https:\\\/\\\/liberchem.com\\\/produits\\\/orange-plus\\\/\",\"name\":\"ORANGE PLUS - Liberchem\",\"isPartOf\":{\"@id\":\"https:\\\/\\\/liberchem.com\\\/#website\"},\"primaryImageOfPage\":{\"@id\":\"https:\\\/\\\/liberchem.com\\\/produits\\\/orange-plus\\\/#primaryimage\"},\"image\":{\"@id\":\"https:\\\/\\\/liberchem.com\\\/produits\\\/orange-plus\\\/#primaryimage\"},\"thumbnailUrl\":\"https:\\\/\\\/liberchem.com\\\/wp-content\\\/uploads\\\/2025\\\/03\\\/Orange-Plus-4L.jpg\",\"datePublished\":\"2025-03-19T19:32:53+00:00\",\"dateModified\":\"2025-10-06T14:06:49+00:00\",\"description\":\"ORANGE PLUS est un nettoyant \u00e0 mains \u00e0 base d'agrumes, efficace pour dissoudre graisses et huiles tout en pr\u00e9servant l'hydratation gr\u00e2ce \u00e0 ses \u00e9mollients.\",\"breadcrumb\":{\"@id\":\"https:\\\/\\\/liberchem.com\\\/produits\\\/orange-plus\\\/#breadcrumb\"},\"inLanguage\":\"en-CA\",\"potentialAction\":[{\"@type\":\"ReadAction\",\"target\":[\"https:\\\/\\\/liberchem.com\\\/produits\\\/orange-plus\\\/\"]}]},{\"@type\":\"ImageObject\",\"inLanguage\":\"en-CA\",\"@id\":\"https:\\\/\\\/liberchem.com\\\/produits\\\/orange-plus\\\/#primaryimage\",\"url\":\"https:\\\/\\\/liberchem.com\\\/wp-content\\\/uploads\\\/2025\\\/03\\\/Orange-Plus-4L.jpg\",\"contentUrl\":\"https:\\\/\\\/liberchem.com\\\/wp-content\\\/uploads\\\/2025\\\/03\\\/Orange-Plus-4L.jpg\",\"width\":1024,\"height\":1024},{\"@type\":\"BreadcrumbList\",\"@id\":\"https:\\\/\\\/liberchem.com\\\/produits\\\/orange-plus\\\/#breadcrumb\",\"itemListElement\":[{\"@type\":\"ListItem\",\"position\":1,\"name\":\"Accueil\",\"item\":\"https:\\\/\\\/liberchem.com\\\/\"},{\"@type\":\"ListItem\",\"position\":2,\"name\":\"Produits\",\"item\":\"https:\\\/\\\/liberchem.com\\\/produits\\\/\"},{\"@type\":\"ListItem\",\"position\":3,\"name\":\"ORANGE PLUS\"}]},{\"@type\":\"WebSite\",\"@id\":\"https:\\\/\\\/liberchem.com\\\/#website\",\"url\":\"https:\\\/\\\/liberchem.com\\\/\",\"name\":\"Liberchem\",\"description\":\"Entreprise de produits chimiques\",\"potentialAction\":[{\"@type\":\"SearchAction\",\"target\":{\"@type\":\"EntryPoint\",\"urlTemplate\":\"https:\\\/\\\/liberchem.com\\\/?s={search_term_string}\"},\"query-input\":{\"@type\":\"PropertyValueSpecification\",\"valueRequired\":true,\"valueName\":\"search_term_string\"}}],\"inLanguage\":\"en-CA\"}]}<\/script>\n<!-- \/ Yoast SEO plugin. -->","yoast_head_json":{"title":"ORANGE PLUS - Liberchem","description":"ORANGE PLUS is a citrus-based hand cleanser that effectively dissolves grease and oils while preserving moisture thanks to its emollients.","robots":{"index":"index","follow":"follow","max-snippet":"max-snippet:-1","max-image-preview":"max-image-preview:large","max-video-preview":"max-video-preview:-1"},"canonical":"https:\/\/liberchem.com\/en\/products\/orange-plus\/","og_locale":"en_US","og_type":"article","og_title":"ORANGE PLUS - Liberchem","og_description":"ORANGE PLUS est un nettoyant \u00e0 mains \u00e0 base d'agrumes, efficace pour dissoudre graisses et huiles tout en pr\u00e9servant l'hydratation gr\u00e2ce \u00e0 ses \u00e9mollients.","og_url":"https:\/\/liberchem.com\/en\/products\/orange-plus\/","og_site_name":"Liberchem","article_modified_time":"2025-10-06T14:06:49+00:00","og_image":[{"width":1024,"height":1024,"url":"https:\/\/liberchem.com\/wp-content\/uploads\/2025\/03\/Orange-Plus-4L.jpg","type":"image\/jpeg"}],"twitter_card":"summary_large_image","twitter_misc":{"Est. reading time":"1 minute"},"schema":{"@context":"https:\/\/schema.org","@graph":[{"@type":"WebPage","@id":"https:\/\/liberchem.com\/produits\/orange-plus\/","url":"https:\/\/liberchem.com\/produits\/orange-plus\/","name":"ORANGE PLUS - Liberchem","isPartOf":{"@id":"https:\/\/liberchem.com\/#website"},"primaryImageOfPage":{"@id":"https:\/\/liberchem.com\/produits\/orange-plus\/#primaryimage"},"image":{"@id":"https:\/\/liberchem.com\/produits\/orange-plus\/#primaryimage"},"thumbnailUrl":"https:\/\/liberchem.com\/wp-content\/uploads\/2025\/03\/Orange-Plus-4L.jpg","datePublished":"2025-03-19T19:32:53+00:00","dateModified":"2025-10-06T14:06:49+00:00","description":"ORANGE PLUS is a citrus-based hand cleanser that effectively dissolves grease and oils while preserving moisture thanks to its emollients.","breadcrumb":{"@id":"https:\/\/liberchem.com\/produits\/orange-plus\/#breadcrumb"},"inLanguage":"en-CA","potentialAction":[{"@type":"ReadAction","target":["https:\/\/liberchem.com\/produits\/orange-plus\/"]}]},{"@type":"ImageObject","inLanguage":"en-CA","@id":"https:\/\/liberchem.com\/produits\/orange-plus\/#primaryimage","url":"https:\/\/liberchem.com\/wp-content\/uploads\/2025\/03\/Orange-Plus-4L.jpg","contentUrl":"https:\/\/liberchem.com\/wp-content\/uploads\/2025\/03\/Orange-Plus-4L.jpg","width":1024,"height":1024},{"@type":"BreadcrumbList","@id":"https:\/\/liberchem.com\/produits\/orange-plus\/#breadcrumb","itemListElement":[{"@type":"ListItem","position":1,"name":"Accueil","item":"https:\/\/liberchem.com\/"},{"@type":"ListItem","position":2,"name":"Produits","item":"https:\/\/liberchem.com\/produits\/"},{"@type":"ListItem","position":3,"name":"ORANGE PLUS"}]},{"@type":"WebSite","@id":"https:\/\/liberchem.com\/#website","url":"https:\/\/liberchem.com\/","name":"Liberchem","description":"Chemical company","potentialAction":[{"@type":"SearchAction","target":{"@type":"EntryPoint","urlTemplate":"https:\/\/liberchem.com\/?s={search_term_string}"},"query-input":{"@type":"PropertyValueSpecification","valueRequired":true,"valueName":"search_term_string"}}],"inLanguage":"en-CA"}]}},"_links":{"self":[{"href":"https:\/\/liberchem.com\/en\/wp-json\/wp\/v2\/product\/111489","targetHints":{"allow":["GET"]}}],"collection":[{"href":"https:\/\/liberchem.com\/en\/wp-json\/wp\/v2\/product"}],"about":[{"href":"https:\/\/liberchem.com\/en\/wp-json\/wp\/v2\/types\/product"}],"wp:featuredmedia":[{"embeddable":true,"href":"https:\/\/liberchem.com\/en\/wp-json\/wp\/v2\/media\/112549"}],"wp:attachment":[{"href":"https:\/\/liberchem.com\/en\/wp-json\/wp\/v2\/media?parent=111489"}],"wp:term":[{"taxonomy":"product_brand","embeddable":true,"href":"https:\/\/liberchem.com\/en\/wp-json\/wp\/v2\/product_brand?post=111489"},{"taxonomy":"product_cat","embeddable":true,"href":"https:\/\/liberchem.com\/en\/wp-json\/wp\/v2\/product_cat?post=111489"},{"taxonomy":"product_tag","embeddable":true,"href":"https:\/\/liberchem.com\/en\/wp-json\/wp\/v2\/product_tag?post=111489"}],"curies":[{"name":"wp","href":"https:\/\/api.w.org\/{rel}","templated":true}]}}