{"id":112917,"date":"2025-05-05T10:02:47","date_gmt":"2025-05-05T14:02:47","guid":{"rendered":"https:\/\/liberchem.com\/?post_type=product&#038;p=112917"},"modified":"2025-06-01T15:43:44","modified_gmt":"2025-06-01T19:43:44","slug":"libewipe-rtu","status":"publish","type":"product","link":"https:\/\/liberchem.com\/en\/produits\/libewipe-rtu\/","title":{"rendered":"LIBEWIPE-RTU"},"content":{"rendered":"","protected":false},"excerpt":{"rendered":"<p class=\"p2\">DISINFECTANT WIPES<\/p>\n<p>ALKYL DIMETHYL ETHYLBENZYL AMMONIUM CHLORIDE 0.14% W\/W, BENZALKONIUM CHLORIDE 0.14% W\/W<\/p>\n<p class=\"p2\">\u2022 One-step surface disinfectant wipe<\/p>\n<p class=\"p2\">\u2022 Cleans \/ disinfects \/ deodorizes<\/p>\n<p>\u2022 Eliminates 99% bacteria*<\/p>\n<p class=\"p2\">* Salmonella enterica (Salmonella) (ATCC 10708), Escherichia coli (E. coli) (ATCC 11229), and Escherichia coli (E. coli) O157:H7 (ATCC 43895)<\/p>\n<p class=\"p2\">\u2022 Chlorine-free \/ Alcohol-free<\/p>\n<p class=\"p2\">\u2022 Economical format<\/p>\n<p class=\"p2\">\u2022 Very strong fiber<\/p>\n<p class=\"p3\">\u2022 Quantity 2400 wipes (2\u00d71200) 20*23 c<\/p>\n<p class=\"p3\">\u2022 DIN #02504650<\/p>\n<p>&nbsp;<\/p>","protected":false},"featured_media":112922,"template":"","meta":{"_acf_changed":false},"product_brand":[],"product_cat":[22],"product_tag":[195,141,191],"class_list":{"0":"post-112917","1":"product","2":"type-product","3":"status-publish","4":"has-post-thumbnail","6":"product_cat-produits-specialises","7":"product_tag-agriculture-en-serre","8":"product_tag-economique","9":"product_tag-ferme-traditionnel","10":"pa_categorie-desinfectants-de-surfaces","11":"pa_format-2-x-1200","13":"first","14":"instock","15":"taxable","16":"shipping-taxable","17":"purchasable","18":"product-type-variable"},"acf":[],"yoast_head":"<!-- This site is optimized with the Yoast SEO plugin v27.5 - https:\/\/yoast.com\/product\/yoast-seo-wordpress\/ -->\n<title>LIBEWIPE-RTU - Liberchem<\/title>\n<meta name=\"description\" content=\"D\u00e9couvrez nos lingettes d\u00e9sinfectantes, id\u00e9ales pour nettoyer, d\u00e9sinfecter et d\u00e9sodoriser efficacement toutes vos surfaces. \u00c9liminez 99% des bact\u00e9ries sans chlore ni alcool.\" \/>\n<meta name=\"robots\" content=\"index, follow, max-snippet:-1, max-image-preview:large, max-video-preview:-1\" \/>\n<link rel=\"canonical\" href=\"https:\/\/liberchem.com\/en\/products\/libewipe-rtu\/\" \/>\n<meta property=\"og:locale\" content=\"en_US\" \/>\n<meta property=\"og:type\" content=\"article\" \/>\n<meta property=\"og:title\" content=\"ACIDE 100 - Liberchem\" \/>\n<meta property=\"og:description\" content=\"Nettoyant acide \u00e9conomique pour \u00e9quipements laitiers. \u00c9limine le calcaire sans r\u00e9sidu. Formul\u00e9 \u00e0 base d&#039;acide phosphorique et sulfurique.\" \/>\n<meta property=\"og:url\" content=\"https:\/\/liberchem.com\/en\/products\/libewipe-rtu\/\" \/>\n<meta property=\"og:site_name\" content=\"Liberchem\" \/>\n<meta property=\"article:modified_time\" content=\"2025-06-01T19:43:44+00:00\" \/>\n<meta property=\"og:image\" content=\"https:\/\/liberchem.com\/wp-content\/uploads\/2023\/12\/acide100.png\" \/>\n\t<meta property=\"og:image:width\" content=\"763\" \/>\n\t<meta property=\"og:image:height\" content=\"513\" \/>\n\t<meta property=\"og:image:type\" content=\"image\/png\" \/>\n<meta name=\"twitter:card\" content=\"summary_large_image\" \/>\n<meta name=\"twitter:label1\" content=\"Est. reading time\" \/>\n\t<meta name=\"twitter:data1\" content=\"1 minute\" \/>\n<script type=\"application\/ld+json\" class=\"yoast-schema-graph\">{\"@context\":\"https:\\\/\\\/schema.org\",\"@graph\":[{\"@type\":\"WebPage\",\"@id\":\"https:\\\/\\\/liberchem.com\\\/produits\\\/libewipe-rtu\\\/\",\"url\":\"https:\\\/\\\/liberchem.com\\\/produits\\\/libewipe-rtu\\\/\",\"name\":\"LIBEWIPE-RTU - Liberchem\",\"isPartOf\":{\"@id\":\"https:\\\/\\\/liberchem.com\\\/#website\"},\"primaryImageOfPage\":{\"@id\":\"https:\\\/\\\/liberchem.com\\\/produits\\\/libewipe-rtu\\\/#primaryimage\"},\"image\":{\"@id\":\"https:\\\/\\\/liberchem.com\\\/produits\\\/libewipe-rtu\\\/#primaryimage\"},\"thumbnailUrl\":\"https:\\\/\\\/liberchem.com\\\/wp-content\\\/uploads\\\/2025\\\/05\\\/libewipe-rtu-noir.png\",\"datePublished\":\"2025-05-05T14:02:47+00:00\",\"dateModified\":\"2025-06-01T19:43:44+00:00\",\"description\":\"D\u00e9couvrez nos lingettes d\u00e9sinfectantes, id\u00e9ales pour nettoyer, d\u00e9sinfecter et d\u00e9sodoriser efficacement toutes vos surfaces. \u00c9liminez 99% des bact\u00e9ries sans chlore ni alcool.\",\"breadcrumb\":{\"@id\":\"https:\\\/\\\/liberchem.com\\\/produits\\\/libewipe-rtu\\\/#breadcrumb\"},\"inLanguage\":\"en-CA\",\"potentialAction\":[{\"@type\":\"ReadAction\",\"target\":[\"https:\\\/\\\/liberchem.com\\\/produits\\\/libewipe-rtu\\\/\"]}]},{\"@type\":\"ImageObject\",\"inLanguage\":\"en-CA\",\"@id\":\"https:\\\/\\\/liberchem.com\\\/produits\\\/libewipe-rtu\\\/#primaryimage\",\"url\":\"https:\\\/\\\/liberchem.com\\\/wp-content\\\/uploads\\\/2025\\\/05\\\/libewipe-rtu-noir.png\",\"contentUrl\":\"https:\\\/\\\/liberchem.com\\\/wp-content\\\/uploads\\\/2025\\\/05\\\/libewipe-rtu-noir.png\",\"width\":222,\"height\":394},{\"@type\":\"BreadcrumbList\",\"@id\":\"https:\\\/\\\/liberchem.com\\\/produits\\\/libewipe-rtu\\\/#breadcrumb\",\"itemListElement\":[{\"@type\":\"ListItem\",\"position\":1,\"name\":\"Accueil\",\"item\":\"https:\\\/\\\/liberchem.com\\\/\"},{\"@type\":\"ListItem\",\"position\":2,\"name\":\"Produits\",\"item\":\"https:\\\/\\\/liberchem.com\\\/produits\\\/\"},{\"@type\":\"ListItem\",\"position\":3,\"name\":\"LIBEWIPE-RTU\"}]},{\"@type\":\"WebSite\",\"@id\":\"https:\\\/\\\/liberchem.com\\\/#website\",\"url\":\"https:\\\/\\\/liberchem.com\\\/\",\"name\":\"Liberchem\",\"description\":\"Entreprise de produits chimiques\",\"potentialAction\":[{\"@type\":\"SearchAction\",\"target\":{\"@type\":\"EntryPoint\",\"urlTemplate\":\"https:\\\/\\\/liberchem.com\\\/?s={search_term_string}\"},\"query-input\":{\"@type\":\"PropertyValueSpecification\",\"valueRequired\":true,\"valueName\":\"search_term_string\"}}],\"inLanguage\":\"en-CA\"}]}<\/script>\n<!-- \/ Yoast SEO plugin. -->","yoast_head_json":{"title":"LIBEWIPE-RTU - Liberchem","description":"Discover our disinfectant wipes, ideal for effectively cleaning, disinfecting, and deodorizing all your surfaces. Eliminate bacteria without chlorine or alcohol.","robots":{"index":"index","follow":"follow","max-snippet":"max-snippet:-1","max-image-preview":"max-image-preview:large","max-video-preview":"max-video-preview:-1"},"canonical":"https:\/\/liberchem.com\/en\/products\/libewipe-rtu\/","og_locale":"en_US","og_type":"article","og_title":"ACIDE 100 - Liberchem","og_description":"Nettoyant acide \u00e9conomique pour \u00e9quipements laitiers. \u00c9limine le calcaire sans r\u00e9sidu. Formul\u00e9 \u00e0 base d'acide phosphorique et sulfurique.","og_url":"https:\/\/liberchem.com\/en\/products\/libewipe-rtu\/","og_site_name":"Liberchem","article_modified_time":"2025-06-01T19:43:44+00:00","og_image":[{"width":763,"height":513,"url":"https:\/\/liberchem.com\/wp-content\/uploads\/2023\/12\/acide100.png","type":"image\/png"}],"twitter_card":"summary_large_image","twitter_misc":{"Est. reading time":"1 minute"},"schema":{"@context":"https:\/\/schema.org","@graph":[{"@type":"WebPage","@id":"https:\/\/liberchem.com\/produits\/libewipe-rtu\/","url":"https:\/\/liberchem.com\/produits\/libewipe-rtu\/","name":"LIBEWIPE-RTU - Liberchem","isPartOf":{"@id":"https:\/\/liberchem.com\/#website"},"primaryImageOfPage":{"@id":"https:\/\/liberchem.com\/produits\/libewipe-rtu\/#primaryimage"},"image":{"@id":"https:\/\/liberchem.com\/produits\/libewipe-rtu\/#primaryimage"},"thumbnailUrl":"https:\/\/liberchem.com\/wp-content\/uploads\/2025\/05\/libewipe-rtu-noir.png","datePublished":"2025-05-05T14:02:47+00:00","dateModified":"2025-06-01T19:43:44+00:00","description":"Discover our disinfectant wipes, ideal for effectively cleaning, disinfecting, and deodorizing all your surfaces. Eliminate bacteria without chlorine or alcohol.","breadcrumb":{"@id":"https:\/\/liberchem.com\/produits\/libewipe-rtu\/#breadcrumb"},"inLanguage":"en-CA","potentialAction":[{"@type":"ReadAction","target":["https:\/\/liberchem.com\/produits\/libewipe-rtu\/"]}]},{"@type":"ImageObject","inLanguage":"en-CA","@id":"https:\/\/liberchem.com\/produits\/libewipe-rtu\/#primaryimage","url":"https:\/\/liberchem.com\/wp-content\/uploads\/2025\/05\/libewipe-rtu-noir.png","contentUrl":"https:\/\/liberchem.com\/wp-content\/uploads\/2025\/05\/libewipe-rtu-noir.png","width":222,"height":394},{"@type":"BreadcrumbList","@id":"https:\/\/liberchem.com\/produits\/libewipe-rtu\/#breadcrumb","itemListElement":[{"@type":"ListItem","position":1,"name":"Accueil","item":"https:\/\/liberchem.com\/"},{"@type":"ListItem","position":2,"name":"Produits","item":"https:\/\/liberchem.com\/produits\/"},{"@type":"ListItem","position":3,"name":"LIBEWIPE-RTU"}]},{"@type":"WebSite","@id":"https:\/\/liberchem.com\/#website","url":"https:\/\/liberchem.com\/","name":"Liberchem","description":"Chemical company","potentialAction":[{"@type":"SearchAction","target":{"@type":"EntryPoint","urlTemplate":"https:\/\/liberchem.com\/?s={search_term_string}"},"query-input":{"@type":"PropertyValueSpecification","valueRequired":true,"valueName":"search_term_string"}}],"inLanguage":"en-CA"}]}},"_links":{"self":[{"href":"https:\/\/liberchem.com\/en\/wp-json\/wp\/v2\/product\/112917","targetHints":{"allow":["GET"]}}],"collection":[{"href":"https:\/\/liberchem.com\/en\/wp-json\/wp\/v2\/product"}],"about":[{"href":"https:\/\/liberchem.com\/en\/wp-json\/wp\/v2\/types\/product"}],"wp:featuredmedia":[{"embeddable":true,"href":"https:\/\/liberchem.com\/en\/wp-json\/wp\/v2\/media\/112922"}],"wp:attachment":[{"href":"https:\/\/liberchem.com\/en\/wp-json\/wp\/v2\/media?parent=112917"}],"wp:term":[{"taxonomy":"product_brand","embeddable":true,"href":"https:\/\/liberchem.com\/en\/wp-json\/wp\/v2\/product_brand?post=112917"},{"taxonomy":"product_cat","embeddable":true,"href":"https:\/\/liberchem.com\/en\/wp-json\/wp\/v2\/product_cat?post=112917"},{"taxonomy":"product_tag","embeddable":true,"href":"https:\/\/liberchem.com\/en\/wp-json\/wp\/v2\/product_tag?post=112917"}],"curies":[{"name":"wp","href":"https:\/\/api.w.org\/{rel}","templated":true}]}}