{"id":113466,"date":"2025-06-06T11:16:52","date_gmt":"2025-06-06T15:16:52","guid":{"rendered":"https:\/\/liberchem.com\/?post_type=product&#038;p=113466"},"modified":"2025-08-18T08:00:38","modified_gmt":"2025-08-18T12:00:38","slug":"shell-klin-nf","status":"publish","type":"product","link":"https:\/\/liberchem.com\/en\/produits\/shell-klin-nf\/","title":{"rendered":"Shell Klin NF"},"content":{"rendered":"","protected":false},"excerpt":{"rendered":"<p>SHELL KLIN NF is an ultra-concentrated chlorinated detergent, ideal for cleaning fresh eggs in farm buildings such as hatcheries, guaranteeing optimum hygiene.<\/p>\n<p class=\"p1\">BENEFITS<\/p>\n<ul>\n<li class=\"p1\"><i>2-in-1 cleaner and sanitizer<\/i><\/li>\n<li class=\"p1\"><i>Approved by Health Canada \/ CFIA<\/i><\/li>\n<li class=\"p1\"><i>Highly concentrated, economical product<\/i><\/li>\n<li class=\"p1\"><i>Use 1 \/ 125 for 240 ppm<\/i><\/li>\n<li class=\"p1\"><i>Nonyl Phenol-Free<\/i><\/li>\n<li class=\"p1\"><i>Safe on eggs<\/i><\/li>\n<li>Produits fait au Canada<\/li>\n<\/ul>","protected":false},"featured_media":113475,"template":"","meta":{"_acf_changed":false},"product_brand":[],"product_cat":[135],"product_tag":[156,155,141],"class_list":{"0":"post-113466","1":"product","2":"type-product","3":"status-publish","4":"has-post-thumbnail","6":"product_cat-ferme-avicole","7":"product_tag-chlore","8":"product_tag-concentre","9":"product_tag-economique","10":"pa_categorie-nettoyant-assainissant-pour-coquilles-doeufs","11":"pa_format-1040l","12":"pa_format-200l","13":"pa_format-20l","14":"pa_format-55l","16":"first","17":"instock","18":"taxable","19":"shipping-taxable","20":"purchasable","21":"product-type-variable"},"acf":[],"yoast_head":"<!-- This site is optimized with the Yoast SEO plugin v27.5 - https:\/\/yoast.com\/product\/yoast-seo-wordpress\/ -->\n<title>Shell Klin NF - Liberchem<\/title>\n<meta name=\"description\" content=\"Con\u00e7u pour les professionnels de l\u2019agriculture, SHELL KLIN NF est un d\u00e9tergent pour couvoirs ultra performant \u00e0 base de chlore, parfait pour le nettoyage des \u0153ufs frais.\" \/>\n<meta name=\"robots\" content=\"index, follow, max-snippet:-1, max-image-preview:large, max-video-preview:-1\" \/>\n<link rel=\"canonical\" href=\"https:\/\/liberchem.com\/en\/products\/shell-klin-nf\/\" \/>\n<meta property=\"og:locale\" content=\"en_US\" \/>\n<meta property=\"og:type\" content=\"article\" \/>\n<meta property=\"og:title\" content=\"ACIDE 100 - Liberchem\" \/>\n<meta property=\"og:description\" content=\"Nettoyant acide \u00e9conomique pour \u00e9quipements laitiers. \u00c9limine le calcaire sans r\u00e9sidu. Formul\u00e9 \u00e0 base d&#039;acide phosphorique et sulfurique.\" \/>\n<meta property=\"og:url\" content=\"https:\/\/liberchem.com\/en\/products\/shell-klin-nf\/\" \/>\n<meta property=\"og:site_name\" content=\"Liberchem\" \/>\n<meta property=\"article:modified_time\" content=\"2025-08-18T12:00:38+00:00\" \/>\n<meta property=\"og:image\" content=\"https:\/\/liberchem.com\/wp-content\/uploads\/2023\/12\/acide100.png\" \/>\n\t<meta property=\"og:image:width\" content=\"763\" \/>\n\t<meta property=\"og:image:height\" content=\"513\" \/>\n\t<meta property=\"og:image:type\" content=\"image\/png\" \/>\n<meta name=\"twitter:card\" content=\"summary_large_image\" \/>\n<meta name=\"twitter:label1\" content=\"Est. reading time\" \/>\n\t<meta name=\"twitter:data1\" content=\"1 minute\" \/>\n<script type=\"application\/ld+json\" class=\"yoast-schema-graph\">{\"@context\":\"https:\\\/\\\/schema.org\",\"@graph\":[{\"@type\":\"WebPage\",\"@id\":\"https:\\\/\\\/liberchem.com\\\/produits\\\/shell-klin-nf\\\/\",\"url\":\"https:\\\/\\\/liberchem.com\\\/produits\\\/shell-klin-nf\\\/\",\"name\":\"Shell Klin NF - Liberchem\",\"isPartOf\":{\"@id\":\"https:\\\/\\\/liberchem.com\\\/#website\"},\"primaryImageOfPage\":{\"@id\":\"https:\\\/\\\/liberchem.com\\\/produits\\\/shell-klin-nf\\\/#primaryimage\"},\"image\":{\"@id\":\"https:\\\/\\\/liberchem.com\\\/produits\\\/shell-klin-nf\\\/#primaryimage\"},\"thumbnailUrl\":\"https:\\\/\\\/liberchem.com\\\/wp-content\\\/uploads\\\/2025\\\/06\\\/Shell-Klin-NF_20L.jpg\",\"datePublished\":\"2025-06-06T15:16:52+00:00\",\"dateModified\":\"2025-08-18T12:00:38+00:00\",\"description\":\"Con\u00e7u pour les professionnels de l\u2019agriculture, SHELL KLIN NF est un d\u00e9tergent pour couvoirs ultra performant \u00e0 base de chlore, parfait pour le nettoyage des \u0153ufs frais.\",\"breadcrumb\":{\"@id\":\"https:\\\/\\\/liberchem.com\\\/produits\\\/shell-klin-nf\\\/#breadcrumb\"},\"inLanguage\":\"en-CA\",\"potentialAction\":[{\"@type\":\"ReadAction\",\"target\":[\"https:\\\/\\\/liberchem.com\\\/produits\\\/shell-klin-nf\\\/\"]}]},{\"@type\":\"ImageObject\",\"inLanguage\":\"en-CA\",\"@id\":\"https:\\\/\\\/liberchem.com\\\/produits\\\/shell-klin-nf\\\/#primaryimage\",\"url\":\"https:\\\/\\\/liberchem.com\\\/wp-content\\\/uploads\\\/2025\\\/06\\\/Shell-Klin-NF_20L.jpg\",\"contentUrl\":\"https:\\\/\\\/liberchem.com\\\/wp-content\\\/uploads\\\/2025\\\/06\\\/Shell-Klin-NF_20L.jpg\",\"width\":1100,\"height\":1422},{\"@type\":\"BreadcrumbList\",\"@id\":\"https:\\\/\\\/liberchem.com\\\/produits\\\/shell-klin-nf\\\/#breadcrumb\",\"itemListElement\":[{\"@type\":\"ListItem\",\"position\":1,\"name\":\"Accueil\",\"item\":\"https:\\\/\\\/liberchem.com\\\/\"},{\"@type\":\"ListItem\",\"position\":2,\"name\":\"Produits\",\"item\":\"https:\\\/\\\/liberchem.com\\\/produits\\\/\"},{\"@type\":\"ListItem\",\"position\":3,\"name\":\"Shell Klin NF\"}]},{\"@type\":\"WebSite\",\"@id\":\"https:\\\/\\\/liberchem.com\\\/#website\",\"url\":\"https:\\\/\\\/liberchem.com\\\/\",\"name\":\"Liberchem\",\"description\":\"Entreprise de produits chimiques\",\"potentialAction\":[{\"@type\":\"SearchAction\",\"target\":{\"@type\":\"EntryPoint\",\"urlTemplate\":\"https:\\\/\\\/liberchem.com\\\/?s={search_term_string}\"},\"query-input\":{\"@type\":\"PropertyValueSpecification\",\"valueRequired\":true,\"valueName\":\"search_term_string\"}}],\"inLanguage\":\"en-CA\"}]}<\/script>\n<!-- \/ Yoast SEO plugin. -->","yoast_head_json":{"title":"Shell Klin NF - Liberchem","description":"Con\u00e7u pour les professionnels de l\u2019agriculture, SHELL KLIN NF est un d\u00e9tergent pour couvoirs ultra performant \u00e0 base de chlore, parfait pour le nettoyage des \u0153ufs frais.","robots":{"index":"index","follow":"follow","max-snippet":"max-snippet:-1","max-image-preview":"max-image-preview:large","max-video-preview":"max-video-preview:-1"},"canonical":"https:\/\/liberchem.com\/en\/products\/shell-klin-nf\/","og_locale":"en_US","og_type":"article","og_title":"ACIDE 100 - Liberchem","og_description":"Nettoyant acide \u00e9conomique pour \u00e9quipements laitiers. \u00c9limine le calcaire sans r\u00e9sidu. Formul\u00e9 \u00e0 base d'acide phosphorique et sulfurique.","og_url":"https:\/\/liberchem.com\/en\/products\/shell-klin-nf\/","og_site_name":"Liberchem","article_modified_time":"2025-08-18T12:00:38+00:00","og_image":[{"width":763,"height":513,"url":"https:\/\/liberchem.com\/wp-content\/uploads\/2023\/12\/acide100.png","type":"image\/png"}],"twitter_card":"summary_large_image","twitter_misc":{"Est. reading time":"1 minute"},"schema":{"@context":"https:\/\/schema.org","@graph":[{"@type":"WebPage","@id":"https:\/\/liberchem.com\/produits\/shell-klin-nf\/","url":"https:\/\/liberchem.com\/produits\/shell-klin-nf\/","name":"Shell Klin NF - Liberchem","isPartOf":{"@id":"https:\/\/liberchem.com\/#website"},"primaryImageOfPage":{"@id":"https:\/\/liberchem.com\/produits\/shell-klin-nf\/#primaryimage"},"image":{"@id":"https:\/\/liberchem.com\/produits\/shell-klin-nf\/#primaryimage"},"thumbnailUrl":"https:\/\/liberchem.com\/wp-content\/uploads\/2025\/06\/Shell-Klin-NF_20L.jpg","datePublished":"2025-06-06T15:16:52+00:00","dateModified":"2025-08-18T12:00:38+00:00","description":"Con\u00e7u pour les professionnels de l\u2019agriculture, SHELL KLIN NF est un d\u00e9tergent pour couvoirs ultra performant \u00e0 base de chlore, parfait pour le nettoyage des \u0153ufs frais.","breadcrumb":{"@id":"https:\/\/liberchem.com\/produits\/shell-klin-nf\/#breadcrumb"},"inLanguage":"en-CA","potentialAction":[{"@type":"ReadAction","target":["https:\/\/liberchem.com\/produits\/shell-klin-nf\/"]}]},{"@type":"ImageObject","inLanguage":"en-CA","@id":"https:\/\/liberchem.com\/produits\/shell-klin-nf\/#primaryimage","url":"https:\/\/liberchem.com\/wp-content\/uploads\/2025\/06\/Shell-Klin-NF_20L.jpg","contentUrl":"https:\/\/liberchem.com\/wp-content\/uploads\/2025\/06\/Shell-Klin-NF_20L.jpg","width":1100,"height":1422},{"@type":"BreadcrumbList","@id":"https:\/\/liberchem.com\/produits\/shell-klin-nf\/#breadcrumb","itemListElement":[{"@type":"ListItem","position":1,"name":"Accueil","item":"https:\/\/liberchem.com\/"},{"@type":"ListItem","position":2,"name":"Produits","item":"https:\/\/liberchem.com\/produits\/"},{"@type":"ListItem","position":3,"name":"Shell Klin NF"}]},{"@type":"WebSite","@id":"https:\/\/liberchem.com\/#website","url":"https:\/\/liberchem.com\/","name":"Liberchem","description":"Chemical company","potentialAction":[{"@type":"SearchAction","target":{"@type":"EntryPoint","urlTemplate":"https:\/\/liberchem.com\/?s={search_term_string}"},"query-input":{"@type":"PropertyValueSpecification","valueRequired":true,"valueName":"search_term_string"}}],"inLanguage":"en-CA"}]}},"_links":{"self":[{"href":"https:\/\/liberchem.com\/en\/wp-json\/wp\/v2\/product\/113466","targetHints":{"allow":["GET"]}}],"collection":[{"href":"https:\/\/liberchem.com\/en\/wp-json\/wp\/v2\/product"}],"about":[{"href":"https:\/\/liberchem.com\/en\/wp-json\/wp\/v2\/types\/product"}],"wp:featuredmedia":[{"embeddable":true,"href":"https:\/\/liberchem.com\/en\/wp-json\/wp\/v2\/media\/113475"}],"wp:attachment":[{"href":"https:\/\/liberchem.com\/en\/wp-json\/wp\/v2\/media?parent=113466"}],"wp:term":[{"taxonomy":"product_brand","embeddable":true,"href":"https:\/\/liberchem.com\/en\/wp-json\/wp\/v2\/product_brand?post=113466"},{"taxonomy":"product_cat","embeddable":true,"href":"https:\/\/liberchem.com\/en\/wp-json\/wp\/v2\/product_cat?post=113466"},{"taxonomy":"product_tag","embeddable":true,"href":"https:\/\/liberchem.com\/en\/wp-json\/wp\/v2\/product_tag?post=113466"}],"curies":[{"name":"wp","href":"https:\/\/api.w.org\/{rel}","templated":true}]}}