{"id":113994,"date":"2025-09-15T09:40:59","date_gmt":"2025-09-15T13:40:59","guid":{"rendered":"https:\/\/liberchem.com\/?post_type=product&#038;p=113994"},"modified":"2025-09-15T09:46:44","modified_gmt":"2025-09-15T13:46:44","slug":"bt-detergent","status":"publish","type":"product","link":"https:\/\/liberchem.com\/en\/produits\/bt-detergent\/","title":{"rendered":"BT-DETERGENT"},"content":{"rendered":"","protected":false},"excerpt":{"rendered":"<p class=\"p1\"><i>CHLORINE-BASED ALKALINE CLEANER<\/i><\/p>\n<p class=\"p1\"><i>FOR CONDUIT, CIP TANKS\u00a0<\/i><\/p>\n<p class=\"p2\">Designed for cleaning dairy equipment. Powerful chlorinated detergent for hot water washing. Concentration of 30 ml per 11 L of water (1 oz per 3 gal.).<\/p>","protected":false},"featured_media":113950,"template":"","meta":{"_acf_changed":false},"product_brand":[204,201],"product_cat":[138],"product_tag":[156,155,191],"class_list":{"0":"post-113994","1":"product","2":"type-product","3":"status-publish","4":"has-post-thumbnail","6":"product_brand-jolco","7":"product_brand-remove","8":"product_cat-ferme-laitiere","9":"product_tag-chlore","10":"product_tag-concentre","11":"product_tag-ferme-traditionnel","12":"pa_categorie-detergents","13":"pa_format-1040l","14":"pa_format-200l","15":"pa_format-20l","16":"pa_format-55l","18":"first","19":"instock","20":"taxable","21":"shipping-taxable","22":"purchasable","23":"product-type-variable"},"acf":[],"yoast_head":"<!-- This site is optimized with the Yoast SEO plugin v27.3 - https:\/\/yoast.com\/product\/yoast-seo-wordpress\/ -->\n<title>BT-DETERGENT - Liberchem<\/title>\n<meta name=\"description\" content=\"D\u00e9couvrez notre nettoyant alcalin chlore \u00e9conomique, id\u00e9al pour nettoyer conduits et citernes C.I.P. avec une concentration efficace pour lavage \u00e0 l&#039;eau chaude.\" \/>\n<meta name=\"robots\" content=\"index, follow, max-snippet:-1, max-image-preview:large, max-video-preview:-1\" \/>\n<link rel=\"canonical\" href=\"https:\/\/liberchem.com\/en\/products\/bt-detergent\/\" \/>\n<meta property=\"og:locale\" content=\"en_US\" \/>\n<meta property=\"og:type\" content=\"article\" \/>\n<meta property=\"og:title\" content=\"ACIDE 100 - Liberchem\" \/>\n<meta property=\"og:description\" content=\"Nettoyant acide \u00e9conomique pour \u00e9quipements laitiers. \u00c9limine le calcaire sans r\u00e9sidu. Formul\u00e9 \u00e0 base d&#039;acide phosphorique et sulfurique.\" \/>\n<meta property=\"og:url\" content=\"https:\/\/liberchem.com\/en\/products\/bt-detergent\/\" \/>\n<meta property=\"og:site_name\" content=\"Liberchem\" \/>\n<meta property=\"article:modified_time\" content=\"2025-09-15T13:46:44+00:00\" \/>\n<meta property=\"og:image\" content=\"https:\/\/liberchem.com\/wp-content\/uploads\/2023\/12\/acide100.png\" \/>\n\t<meta property=\"og:image:width\" content=\"763\" \/>\n\t<meta property=\"og:image:height\" content=\"513\" \/>\n\t<meta property=\"og:image:type\" content=\"image\/png\" \/>\n<meta name=\"twitter:card\" content=\"summary_large_image\" \/>\n<meta name=\"twitter:label1\" content=\"Est. reading time\" \/>\n\t<meta name=\"twitter:data1\" content=\"1 minute\" \/>\n<script type=\"application\/ld+json\" class=\"yoast-schema-graph\">{\"@context\":\"https:\\\/\\\/schema.org\",\"@graph\":[{\"@type\":\"WebPage\",\"@id\":\"https:\\\/\\\/liberchem.com\\\/produits\\\/bt-detergent\\\/\",\"url\":\"https:\\\/\\\/liberchem.com\\\/produits\\\/bt-detergent\\\/\",\"name\":\"BT-DETERGENT - Liberchem\",\"isPartOf\":{\"@id\":\"https:\\\/\\\/liberchem.com\\\/#website\"},\"primaryImageOfPage\":{\"@id\":\"https:\\\/\\\/liberchem.com\\\/produits\\\/bt-detergent\\\/#primaryimage\"},\"image\":{\"@id\":\"https:\\\/\\\/liberchem.com\\\/produits\\\/bt-detergent\\\/#primaryimage\"},\"thumbnailUrl\":\"https:\\\/\\\/liberchem.com\\\/wp-content\\\/uploads\\\/JOLCO-BT-DETERGENT_55L.jpg\",\"datePublished\":\"2025-09-15T13:40:59+00:00\",\"dateModified\":\"2025-09-15T13:46:44+00:00\",\"description\":\"D\u00e9couvrez notre nettoyant alcalin chlore \u00e9conomique, id\u00e9al pour nettoyer conduits et citernes C.I.P. avec une concentration efficace pour lavage \u00e0 l'eau chaude.\",\"breadcrumb\":{\"@id\":\"https:\\\/\\\/liberchem.com\\\/produits\\\/bt-detergent\\\/#breadcrumb\"},\"inLanguage\":\"en-CA\",\"potentialAction\":[{\"@type\":\"ReadAction\",\"target\":[\"https:\\\/\\\/liberchem.com\\\/produits\\\/bt-detergent\\\/\"]}]},{\"@type\":\"ImageObject\",\"inLanguage\":\"en-CA\",\"@id\":\"https:\\\/\\\/liberchem.com\\\/produits\\\/bt-detergent\\\/#primaryimage\",\"url\":\"https:\\\/\\\/liberchem.com\\\/wp-content\\\/uploads\\\/JOLCO-BT-DETERGENT_55L.jpg\",\"contentUrl\":\"https:\\\/\\\/liberchem.com\\\/wp-content\\\/uploads\\\/JOLCO-BT-DETERGENT_55L.jpg\",\"width\":1500,\"height\":1500},{\"@type\":\"BreadcrumbList\",\"@id\":\"https:\\\/\\\/liberchem.com\\\/produits\\\/bt-detergent\\\/#breadcrumb\",\"itemListElement\":[{\"@type\":\"ListItem\",\"position\":1,\"name\":\"Accueil\",\"item\":\"https:\\\/\\\/liberchem.com\\\/\"},{\"@type\":\"ListItem\",\"position\":2,\"name\":\"Produits\",\"item\":\"https:\\\/\\\/liberchem.com\\\/produits\\\/\"},{\"@type\":\"ListItem\",\"position\":3,\"name\":\"BT-DETERGENT\"}]},{\"@type\":\"WebSite\",\"@id\":\"https:\\\/\\\/liberchem.com\\\/#website\",\"url\":\"https:\\\/\\\/liberchem.com\\\/\",\"name\":\"Liberchem\",\"description\":\"Entreprise de produits chimiques\",\"potentialAction\":[{\"@type\":\"SearchAction\",\"target\":{\"@type\":\"EntryPoint\",\"urlTemplate\":\"https:\\\/\\\/liberchem.com\\\/?s={search_term_string}\"},\"query-input\":{\"@type\":\"PropertyValueSpecification\",\"valueRequired\":true,\"valueName\":\"search_term_string\"}}],\"inLanguage\":\"en-CA\"}]}<\/script>\n<!-- \/ Yoast SEO plugin. -->","yoast_head_json":{"title":"BT-DETERGENT - Liberchem","description":"Discover our economical alkaline chlorine cleaner, ideal for cleaning CIP pipes and tanks with an effective concentration for hot water washing.","robots":{"index":"index","follow":"follow","max-snippet":"max-snippet:-1","max-image-preview":"max-image-preview:large","max-video-preview":"max-video-preview:-1"},"canonical":"https:\/\/liberchem.com\/en\/products\/bt-detergent\/","og_locale":"en_US","og_type":"article","og_title":"ACIDE 100 - Liberchem","og_description":"Nettoyant acide \u00e9conomique pour \u00e9quipements laitiers. \u00c9limine le calcaire sans r\u00e9sidu. Formul\u00e9 \u00e0 base d'acide phosphorique et sulfurique.","og_url":"https:\/\/liberchem.com\/en\/products\/bt-detergent\/","og_site_name":"Liberchem","article_modified_time":"2025-09-15T13:46:44+00:00","og_image":[{"width":763,"height":513,"url":"https:\/\/liberchem.com\/wp-content\/uploads\/2023\/12\/acide100.png","type":"image\/png"}],"twitter_card":"summary_large_image","twitter_misc":{"Est. reading time":"1 minute"},"schema":{"@context":"https:\/\/schema.org","@graph":[{"@type":"WebPage","@id":"https:\/\/liberchem.com\/produits\/bt-detergent\/","url":"https:\/\/liberchem.com\/produits\/bt-detergent\/","name":"BT-DETERGENT - Liberchem","isPartOf":{"@id":"https:\/\/liberchem.com\/#website"},"primaryImageOfPage":{"@id":"https:\/\/liberchem.com\/produits\/bt-detergent\/#primaryimage"},"image":{"@id":"https:\/\/liberchem.com\/produits\/bt-detergent\/#primaryimage"},"thumbnailUrl":"https:\/\/liberchem.com\/wp-content\/uploads\/JOLCO-BT-DETERGENT_55L.jpg","datePublished":"2025-09-15T13:40:59+00:00","dateModified":"2025-09-15T13:46:44+00:00","description":"Discover our economical alkaline chlorine cleaner, ideal for cleaning CIP pipes and tanks with an effective concentration for hot water washing.","breadcrumb":{"@id":"https:\/\/liberchem.com\/produits\/bt-detergent\/#breadcrumb"},"inLanguage":"en-CA","potentialAction":[{"@type":"ReadAction","target":["https:\/\/liberchem.com\/produits\/bt-detergent\/"]}]},{"@type":"ImageObject","inLanguage":"en-CA","@id":"https:\/\/liberchem.com\/produits\/bt-detergent\/#primaryimage","url":"https:\/\/liberchem.com\/wp-content\/uploads\/JOLCO-BT-DETERGENT_55L.jpg","contentUrl":"https:\/\/liberchem.com\/wp-content\/uploads\/JOLCO-BT-DETERGENT_55L.jpg","width":1500,"height":1500},{"@type":"BreadcrumbList","@id":"https:\/\/liberchem.com\/produits\/bt-detergent\/#breadcrumb","itemListElement":[{"@type":"ListItem","position":1,"name":"Accueil","item":"https:\/\/liberchem.com\/"},{"@type":"ListItem","position":2,"name":"Produits","item":"https:\/\/liberchem.com\/produits\/"},{"@type":"ListItem","position":3,"name":"BT-DETERGENT"}]},{"@type":"WebSite","@id":"https:\/\/liberchem.com\/#website","url":"https:\/\/liberchem.com\/","name":"Liberchem","description":"Chemical company","potentialAction":[{"@type":"SearchAction","target":{"@type":"EntryPoint","urlTemplate":"https:\/\/liberchem.com\/?s={search_term_string}"},"query-input":{"@type":"PropertyValueSpecification","valueRequired":true,"valueName":"search_term_string"}}],"inLanguage":"en-CA"}]}},"_links":{"self":[{"href":"https:\/\/liberchem.com\/en\/wp-json\/wp\/v2\/product\/113994","targetHints":{"allow":["GET"]}}],"collection":[{"href":"https:\/\/liberchem.com\/en\/wp-json\/wp\/v2\/product"}],"about":[{"href":"https:\/\/liberchem.com\/en\/wp-json\/wp\/v2\/types\/product"}],"wp:featuredmedia":[{"embeddable":true,"href":"https:\/\/liberchem.com\/en\/wp-json\/wp\/v2\/media\/113950"}],"wp:attachment":[{"href":"https:\/\/liberchem.com\/en\/wp-json\/wp\/v2\/media?parent=113994"}],"wp:term":[{"taxonomy":"product_brand","embeddable":true,"href":"https:\/\/liberchem.com\/en\/wp-json\/wp\/v2\/product_brand?post=113994"},{"taxonomy":"product_cat","embeddable":true,"href":"https:\/\/liberchem.com\/en\/wp-json\/wp\/v2\/product_cat?post=113994"},{"taxonomy":"product_tag","embeddable":true,"href":"https:\/\/liberchem.com\/en\/wp-json\/wp\/v2\/product_tag?post=113994"}],"curies":[{"name":"wp","href":"https:\/\/api.w.org\/{rel}","templated":true}]}}