{"id":114000,"date":"2025-09-15T09:53:05","date_gmt":"2025-09-15T13:53:05","guid":{"rendered":"https:\/\/liberchem.com\/?post_type=product&#038;p=114000"},"modified":"2025-09-15T10:01:22","modified_gmt":"2025-09-15T14:01:22","slug":"robot-alkalin","status":"publish","type":"product","link":"https:\/\/liberchem.com\/en\/produits\/robot-alkalin\/","title":{"rendered":"ROBOT ALKALIN"},"content":{"rendered":"","protected":false},"excerpt":{"rendered":"<p class=\"cvGsUA direction-ltr align-start para-style-body\">ROBOT ALKALIN<\/p>\n<p class=\"cvGsUA direction-ltr align-start para-style-body\"><span class=\"OYPEnA font-feature-liga-off font-feature-clig-off font-feature-calt-off text-decoration-none text-strikethrough-none\">Designed to clean dairy equipment and milking robots. Highly concentrated detergent, designed for high-temperature washing of milking robots. Combined with chlorine or peroxide when washing conventional systems, it is ideal for very hard water and difficult-to-clean systems. Concentration of 30 ml per 30 L of water (1 oz per 8 gal.).<\/span><\/p>\n<p><strong>BENEFITS<\/strong><br \/>\nBalance between 2 types of caustic to maximize alkalinity Our most concentrated detergent to date, 87% active Ideally combine it with a Peroxer or chlorine injection Raising alkalinity combines with surfactants, destroys fat deposits and proteins<\/p>","protected":false},"featured_media":113956,"template":"","meta":{"_acf_changed":false},"product_brand":[204,201],"product_cat":[138],"product_tag":[155,158,161],"class_list":{"0":"post-114000","1":"product","2":"type-product","3":"status-publish","4":"has-post-thumbnail","6":"product_brand-jolco","7":"product_brand-remove","8":"product_cat-ferme-laitiere","9":"product_tag-concentre","10":"product_tag-eau-dure","11":"product_tag-produit-pour-robot","12":"pa_categorie-detergents","13":"pa_format-1040l","14":"pa_format-200l","15":"pa_format-20l","16":"pa_format-55l","18":"first","19":"instock","20":"taxable","21":"shipping-taxable","22":"purchasable","23":"product-type-variable"},"acf":[],"yoast_head":"<!-- This site is optimized with the Yoast SEO plugin v27.3 - https:\/\/yoast.com\/product\/yoast-seo-wordpress\/ -->\n<title>ROBOT ALKALIN - Liberchem<\/title>\n<meta name=\"description\" content=\"ROBOT ALCALIN-R, d\u00e9tergent concentr\u00e9 pour robots de traite et \u00e9quipements laitiers. Efficace en eau dure, id\u00e9al pour lavage \u00e0 haute temp\u00e9rature.\" \/>\n<meta name=\"robots\" content=\"index, follow, max-snippet:-1, max-image-preview:large, max-video-preview:-1\" \/>\n<link rel=\"canonical\" href=\"https:\/\/liberchem.com\/en\/products\/robot-alkalin\/\" \/>\n<meta property=\"og:locale\" content=\"en_US\" \/>\n<meta property=\"og:type\" content=\"article\" \/>\n<meta property=\"og:title\" content=\"ACIDE 100 - Liberchem\" \/>\n<meta property=\"og:description\" content=\"Nettoyant acide \u00e9conomique pour \u00e9quipements laitiers. \u00c9limine le calcaire sans r\u00e9sidu. Formul\u00e9 \u00e0 base d&#039;acide phosphorique et sulfurique.\" \/>\n<meta property=\"og:url\" content=\"https:\/\/liberchem.com\/en\/products\/robot-alkalin\/\" \/>\n<meta property=\"og:site_name\" content=\"Liberchem\" \/>\n<meta property=\"article:modified_time\" content=\"2025-09-15T14:01:22+00:00\" \/>\n<meta property=\"og:image\" content=\"https:\/\/liberchem.com\/wp-content\/uploads\/2023\/12\/acide100.png\" \/>\n\t<meta property=\"og:image:width\" content=\"763\" \/>\n\t<meta property=\"og:image:height\" content=\"513\" \/>\n\t<meta property=\"og:image:type\" content=\"image\/png\" \/>\n<meta name=\"twitter:card\" content=\"summary_large_image\" \/>\n<meta name=\"twitter:label1\" content=\"Est. reading time\" \/>\n\t<meta name=\"twitter:data1\" content=\"1 minute\" \/>\n<script type=\"application\/ld+json\" class=\"yoast-schema-graph\">{\"@context\":\"https:\\\/\\\/schema.org\",\"@graph\":[{\"@type\":\"WebPage\",\"@id\":\"https:\\\/\\\/liberchem.com\\\/produits\\\/robot-alkalin\\\/\",\"url\":\"https:\\\/\\\/liberchem.com\\\/produits\\\/robot-alkalin\\\/\",\"name\":\"ROBOT ALKALIN - Liberchem\",\"isPartOf\":{\"@id\":\"https:\\\/\\\/liberchem.com\\\/#website\"},\"primaryImageOfPage\":{\"@id\":\"https:\\\/\\\/liberchem.com\\\/produits\\\/robot-alkalin\\\/#primaryimage\"},\"image\":{\"@id\":\"https:\\\/\\\/liberchem.com\\\/produits\\\/robot-alkalin\\\/#primaryimage\"},\"thumbnailUrl\":\"https:\\\/\\\/liberchem.com\\\/wp-content\\\/uploads\\\/ROBOT-ALKALIN-JOLCO-55L.png\",\"datePublished\":\"2025-09-15T13:53:05+00:00\",\"dateModified\":\"2025-09-15T14:01:22+00:00\",\"description\":\"ROBOT ALCALIN-R, d\u00e9tergent concentr\u00e9 pour robots de traite et \u00e9quipements laitiers. Efficace en eau dure, id\u00e9al pour lavage \u00e0 haute temp\u00e9rature.\",\"breadcrumb\":{\"@id\":\"https:\\\/\\\/liberchem.com\\\/produits\\\/robot-alkalin\\\/#breadcrumb\"},\"inLanguage\":\"en-CA\",\"potentialAction\":[{\"@type\":\"ReadAction\",\"target\":[\"https:\\\/\\\/liberchem.com\\\/produits\\\/robot-alkalin\\\/\"]}]},{\"@type\":\"ImageObject\",\"inLanguage\":\"en-CA\",\"@id\":\"https:\\\/\\\/liberchem.com\\\/produits\\\/robot-alkalin\\\/#primaryimage\",\"url\":\"https:\\\/\\\/liberchem.com\\\/wp-content\\\/uploads\\\/ROBOT-ALKALIN-JOLCO-55L.png\",\"contentUrl\":\"https:\\\/\\\/liberchem.com\\\/wp-content\\\/uploads\\\/ROBOT-ALKALIN-JOLCO-55L.png\",\"width\":1040,\"height\":1517},{\"@type\":\"BreadcrumbList\",\"@id\":\"https:\\\/\\\/liberchem.com\\\/produits\\\/robot-alkalin\\\/#breadcrumb\",\"itemListElement\":[{\"@type\":\"ListItem\",\"position\":1,\"name\":\"Accueil\",\"item\":\"https:\\\/\\\/liberchem.com\\\/\"},{\"@type\":\"ListItem\",\"position\":2,\"name\":\"Produits\",\"item\":\"https:\\\/\\\/liberchem.com\\\/produits\\\/\"},{\"@type\":\"ListItem\",\"position\":3,\"name\":\"ROBOT ALKALIN\"}]},{\"@type\":\"WebSite\",\"@id\":\"https:\\\/\\\/liberchem.com\\\/#website\",\"url\":\"https:\\\/\\\/liberchem.com\\\/\",\"name\":\"Liberchem\",\"description\":\"Entreprise de produits chimiques\",\"potentialAction\":[{\"@type\":\"SearchAction\",\"target\":{\"@type\":\"EntryPoint\",\"urlTemplate\":\"https:\\\/\\\/liberchem.com\\\/?s={search_term_string}\"},\"query-input\":{\"@type\":\"PropertyValueSpecification\",\"valueRequired\":true,\"valueName\":\"search_term_string\"}}],\"inLanguage\":\"en-CA\"}]}<\/script>\n<!-- \/ Yoast SEO plugin. -->","yoast_head_json":{"title":"ROBOT ALKALIN - Liberchem","description":"ROBOT ALKALINE-R, concentrated detergent for milking robots and dairy equipment. Effective in hard water, ideal for high-temperature washing.","robots":{"index":"index","follow":"follow","max-snippet":"max-snippet:-1","max-image-preview":"max-image-preview:large","max-video-preview":"max-video-preview:-1"},"canonical":"https:\/\/liberchem.com\/en\/products\/robot-alkalin\/","og_locale":"en_US","og_type":"article","og_title":"ACIDE 100 - Liberchem","og_description":"Nettoyant acide \u00e9conomique pour \u00e9quipements laitiers. \u00c9limine le calcaire sans r\u00e9sidu. Formul\u00e9 \u00e0 base d'acide phosphorique et sulfurique.","og_url":"https:\/\/liberchem.com\/en\/products\/robot-alkalin\/","og_site_name":"Liberchem","article_modified_time":"2025-09-15T14:01:22+00:00","og_image":[{"width":763,"height":513,"url":"https:\/\/liberchem.com\/wp-content\/uploads\/2023\/12\/acide100.png","type":"image\/png"}],"twitter_card":"summary_large_image","twitter_misc":{"Est. reading time":"1 minute"},"schema":{"@context":"https:\/\/schema.org","@graph":[{"@type":"WebPage","@id":"https:\/\/liberchem.com\/produits\/robot-alkalin\/","url":"https:\/\/liberchem.com\/produits\/robot-alkalin\/","name":"ROBOT ALKALIN - Liberchem","isPartOf":{"@id":"https:\/\/liberchem.com\/#website"},"primaryImageOfPage":{"@id":"https:\/\/liberchem.com\/produits\/robot-alkalin\/#primaryimage"},"image":{"@id":"https:\/\/liberchem.com\/produits\/robot-alkalin\/#primaryimage"},"thumbnailUrl":"https:\/\/liberchem.com\/wp-content\/uploads\/ROBOT-ALKALIN-JOLCO-55L.png","datePublished":"2025-09-15T13:53:05+00:00","dateModified":"2025-09-15T14:01:22+00:00","description":"ROBOT ALKALINE-R, concentrated detergent for milking robots and dairy equipment. Effective in hard water, ideal for high-temperature washing.","breadcrumb":{"@id":"https:\/\/liberchem.com\/produits\/robot-alkalin\/#breadcrumb"},"inLanguage":"en-CA","potentialAction":[{"@type":"ReadAction","target":["https:\/\/liberchem.com\/produits\/robot-alkalin\/"]}]},{"@type":"ImageObject","inLanguage":"en-CA","@id":"https:\/\/liberchem.com\/produits\/robot-alkalin\/#primaryimage","url":"https:\/\/liberchem.com\/wp-content\/uploads\/ROBOT-ALKALIN-JOLCO-55L.png","contentUrl":"https:\/\/liberchem.com\/wp-content\/uploads\/ROBOT-ALKALIN-JOLCO-55L.png","width":1040,"height":1517},{"@type":"BreadcrumbList","@id":"https:\/\/liberchem.com\/produits\/robot-alkalin\/#breadcrumb","itemListElement":[{"@type":"ListItem","position":1,"name":"Accueil","item":"https:\/\/liberchem.com\/"},{"@type":"ListItem","position":2,"name":"Produits","item":"https:\/\/liberchem.com\/produits\/"},{"@type":"ListItem","position":3,"name":"ROBOT ALKALIN"}]},{"@type":"WebSite","@id":"https:\/\/liberchem.com\/#website","url":"https:\/\/liberchem.com\/","name":"Liberchem","description":"Chemical company","potentialAction":[{"@type":"SearchAction","target":{"@type":"EntryPoint","urlTemplate":"https:\/\/liberchem.com\/?s={search_term_string}"},"query-input":{"@type":"PropertyValueSpecification","valueRequired":true,"valueName":"search_term_string"}}],"inLanguage":"en-CA"}]}},"_links":{"self":[{"href":"https:\/\/liberchem.com\/en\/wp-json\/wp\/v2\/product\/114000","targetHints":{"allow":["GET"]}}],"collection":[{"href":"https:\/\/liberchem.com\/en\/wp-json\/wp\/v2\/product"}],"about":[{"href":"https:\/\/liberchem.com\/en\/wp-json\/wp\/v2\/types\/product"}],"wp:featuredmedia":[{"embeddable":true,"href":"https:\/\/liberchem.com\/en\/wp-json\/wp\/v2\/media\/113956"}],"wp:attachment":[{"href":"https:\/\/liberchem.com\/en\/wp-json\/wp\/v2\/media?parent=114000"}],"wp:term":[{"taxonomy":"product_brand","embeddable":true,"href":"https:\/\/liberchem.com\/en\/wp-json\/wp\/v2\/product_brand?post=114000"},{"taxonomy":"product_cat","embeddable":true,"href":"https:\/\/liberchem.com\/en\/wp-json\/wp\/v2\/product_cat?post=114000"},{"taxonomy":"product_tag","embeddable":true,"href":"https:\/\/liberchem.com\/en\/wp-json\/wp\/v2\/product_tag?post=114000"}],"curies":[{"name":"wp","href":"https:\/\/api.w.org\/{rel}","templated":true}]}}