{"id":114032,"date":"2025-09-15T12:04:37","date_gmt":"2025-09-15T16:04:37","guid":{"rendered":"https:\/\/liberchem.com\/?post_type=product&#038;p=114032"},"modified":"2025-12-11T13:20:36","modified_gmt":"2025-12-11T18:20:36","slug":"phos-49-jolco","status":"publish","type":"product","link":"https:\/\/liberchem.com\/en\/produits\/phos-49-jolco\/","title":{"rendered":"PHOS 49 (JOLCO)"},"content":{"rendered":"","protected":false},"excerpt":{"rendered":"<p class=\"p2\"><b>CONCENTRATED ACID CLEANER <\/b><b><\/b><\/p>\n<p class=\"p3\">Concentrated acid cleaner. Designed for cleaning dairy equipment. Concentrated acid based on phosphoric acid 49%. Concentration of 30 ml per 45 L of water (1 oz per 12 gal).<\/p>","protected":false},"featured_media":113942,"template":"","meta":{"_acf_changed":false},"product_brand":[204,201],"product_cat":[138],"product_tag":[155,191],"class_list":{"0":"post-114032","1":"product","2":"type-product","3":"status-publish","4":"has-post-thumbnail","6":"product_brand-jolco","7":"product_brand-remove","8":"product_cat-ferme-laitiere","9":"product_tag-concentre","10":"product_tag-ferme-traditionnel","11":"pa_categorie-acides","12":"pa_format-1040l","13":"pa_format-200l","14":"pa_format-20l","15":"pa_format-55l","17":"first","18":"instock","19":"taxable","20":"shipping-taxable","21":"purchasable","22":"product-type-variable"},"acf":[],"yoast_head":"<!-- This site is optimized with the Yoast SEO plugin v27.3 - https:\/\/yoast.com\/product\/yoast-seo-wordpress\/ -->\n<title>PHOS 49 (JOLCO) - Liberchem<\/title>\n<meta name=\"description\" content=\"D\u00e9couvrez notre nettoyant acide concentr\u00e9, efficace pour les \u00e9quipements laitiers, avec 49% d\u2019acide phosphorique, \u00e0 utiliser \u00e0 30 ml pour 45 L d\u2019eau.\" \/>\n<meta name=\"robots\" content=\"noindex, follow\" \/>\n<meta property=\"og:locale\" content=\"en_US\" \/>\n<meta property=\"og:type\" content=\"article\" \/>\n<meta property=\"og:title\" content=\"ACIDE OURAGAN - LIBERCHEM\" \/>\n<meta property=\"og:description\" content=\"D\u00e9couvrez notre nettoyant acide concentr\u00e9, efficace pour les \u00e9quipements laitiers, avec 49% d\u2019acide phosphorique, \u00e0 utiliser \u00e0 30 ml pour 45 L d\u2019eau.\" \/>\n<meta property=\"og:url\" content=\"https:\/\/liberchem.com\/en\/products\/phos-49-jolco\/\" \/>\n<meta property=\"og:site_name\" content=\"Liberchem\" \/>\n<meta property=\"article:modified_time\" content=\"2025-12-11T18:20:36+00:00\" \/>\n<meta property=\"og:image\" content=\"https:\/\/liberchem.com\/wp-content\/uploads\/2025\/04\/Acide-ouragan_55L.jpg\" \/>\n\t<meta property=\"og:image:width\" content=\"1500\" \/>\n\t<meta property=\"og:image:height\" content=\"1500\" \/>\n\t<meta property=\"og:image:type\" content=\"image\/jpeg\" \/>\n<meta name=\"twitter:card\" content=\"summary_large_image\" \/>\n<meta name=\"twitter:label1\" content=\"Est. reading time\" \/>\n\t<meta name=\"twitter:data1\" content=\"1 minute\" \/>\n<script type=\"application\/ld+json\" class=\"yoast-schema-graph\">{\"@context\":\"https:\\\/\\\/schema.org\",\"@graph\":[{\"@type\":\"WebPage\",\"@id\":\"https:\\\/\\\/liberchem.com\\\/produits\\\/phos-49-jolco\\\/\",\"url\":\"https:\\\/\\\/liberchem.com\\\/produits\\\/phos-49-jolco\\\/\",\"name\":\"PHOS 49 (JOLCO) - Liberchem\",\"isPartOf\":{\"@id\":\"https:\\\/\\\/liberchem.com\\\/#website\"},\"primaryImageOfPage\":{\"@id\":\"https:\\\/\\\/liberchem.com\\\/produits\\\/phos-49-jolco\\\/#primaryimage\"},\"image\":{\"@id\":\"https:\\\/\\\/liberchem.com\\\/produits\\\/phos-49-jolco\\\/#primaryimage\"},\"thumbnailUrl\":\"https:\\\/\\\/liberchem.com\\\/wp-content\\\/uploads\\\/JOLCO-PHOS-49-55L.png\",\"datePublished\":\"2025-09-15T16:04:37+00:00\",\"dateModified\":\"2025-12-11T18:20:36+00:00\",\"description\":\"D\u00e9couvrez notre nettoyant acide concentr\u00e9, efficace pour les \u00e9quipements laitiers, avec 49% d\u2019acide phosphorique, \u00e0 utiliser \u00e0 30 ml pour 45 L d\u2019eau.\",\"breadcrumb\":{\"@id\":\"https:\\\/\\\/liberchem.com\\\/produits\\\/phos-49-jolco\\\/#breadcrumb\"},\"inLanguage\":\"en-CA\",\"potentialAction\":[{\"@type\":\"ReadAction\",\"target\":[\"https:\\\/\\\/liberchem.com\\\/produits\\\/phos-49-jolco\\\/\"]}]},{\"@type\":\"ImageObject\",\"inLanguage\":\"en-CA\",\"@id\":\"https:\\\/\\\/liberchem.com\\\/produits\\\/phos-49-jolco\\\/#primaryimage\",\"url\":\"https:\\\/\\\/liberchem.com\\\/wp-content\\\/uploads\\\/JOLCO-PHOS-49-55L.png\",\"contentUrl\":\"https:\\\/\\\/liberchem.com\\\/wp-content\\\/uploads\\\/JOLCO-PHOS-49-55L.png\",\"width\":2479,\"height\":2475},{\"@type\":\"BreadcrumbList\",\"@id\":\"https:\\\/\\\/liberchem.com\\\/produits\\\/phos-49-jolco\\\/#breadcrumb\",\"itemListElement\":[{\"@type\":\"ListItem\",\"position\":1,\"name\":\"Accueil\",\"item\":\"https:\\\/\\\/liberchem.com\\\/\"},{\"@type\":\"ListItem\",\"position\":2,\"name\":\"Produits\",\"item\":\"https:\\\/\\\/liberchem.com\\\/produits\\\/\"},{\"@type\":\"ListItem\",\"position\":3,\"name\":\"PHOS 49 (JOLCO)\"}]},{\"@type\":\"WebSite\",\"@id\":\"https:\\\/\\\/liberchem.com\\\/#website\",\"url\":\"https:\\\/\\\/liberchem.com\\\/\",\"name\":\"Liberchem\",\"description\":\"Entreprise de produits chimiques\",\"potentialAction\":[{\"@type\":\"SearchAction\",\"target\":{\"@type\":\"EntryPoint\",\"urlTemplate\":\"https:\\\/\\\/liberchem.com\\\/?s={search_term_string}\"},\"query-input\":{\"@type\":\"PropertyValueSpecification\",\"valueRequired\":true,\"valueName\":\"search_term_string\"}}],\"inLanguage\":\"en-CA\"}]}<\/script>\n<!-- \/ Yoast SEO plugin. -->","yoast_head_json":{"title":"PHOS 49 (JOLCO) - Liberchem","description":"Discover our concentrated acid cleaner, effective for dairy equipment, with 49% of phosphoric acid, to be used at 30 ml per 45 L of water.","robots":{"index":"noindex","follow":"follow"},"og_locale":"en_US","og_type":"article","og_title":"ACIDE OURAGAN - LIBERCHEM","og_description":"D\u00e9couvrez notre nettoyant acide concentr\u00e9, efficace pour les \u00e9quipements laitiers, avec 49% d\u2019acide phosphorique, \u00e0 utiliser \u00e0 30 ml pour 45 L d\u2019eau.","og_url":"https:\/\/liberchem.com\/en\/products\/phos-49-jolco\/","og_site_name":"Liberchem","article_modified_time":"2025-12-11T18:20:36+00:00","og_image":[{"width":1500,"height":1500,"url":"https:\/\/liberchem.com\/wp-content\/uploads\/2025\/04\/Acide-ouragan_55L.jpg","type":"image\/jpeg"}],"twitter_card":"summary_large_image","twitter_misc":{"Est. reading time":"1 minute"},"schema":{"@context":"https:\/\/schema.org","@graph":[{"@type":"WebPage","@id":"https:\/\/liberchem.com\/produits\/phos-49-jolco\/","url":"https:\/\/liberchem.com\/produits\/phos-49-jolco\/","name":"PHOS 49 (JOLCO) - Liberchem","isPartOf":{"@id":"https:\/\/liberchem.com\/#website"},"primaryImageOfPage":{"@id":"https:\/\/liberchem.com\/produits\/phos-49-jolco\/#primaryimage"},"image":{"@id":"https:\/\/liberchem.com\/produits\/phos-49-jolco\/#primaryimage"},"thumbnailUrl":"https:\/\/liberchem.com\/wp-content\/uploads\/JOLCO-PHOS-49-55L.png","datePublished":"2025-09-15T16:04:37+00:00","dateModified":"2025-12-11T18:20:36+00:00","description":"Discover our concentrated acid cleaner, effective for dairy equipment, with 49% of phosphoric acid, to be used at 30 ml per 45 L of water.","breadcrumb":{"@id":"https:\/\/liberchem.com\/produits\/phos-49-jolco\/#breadcrumb"},"inLanguage":"en-CA","potentialAction":[{"@type":"ReadAction","target":["https:\/\/liberchem.com\/produits\/phos-49-jolco\/"]}]},{"@type":"ImageObject","inLanguage":"en-CA","@id":"https:\/\/liberchem.com\/produits\/phos-49-jolco\/#primaryimage","url":"https:\/\/liberchem.com\/wp-content\/uploads\/JOLCO-PHOS-49-55L.png","contentUrl":"https:\/\/liberchem.com\/wp-content\/uploads\/JOLCO-PHOS-49-55L.png","width":2479,"height":2475},{"@type":"BreadcrumbList","@id":"https:\/\/liberchem.com\/produits\/phos-49-jolco\/#breadcrumb","itemListElement":[{"@type":"ListItem","position":1,"name":"Accueil","item":"https:\/\/liberchem.com\/"},{"@type":"ListItem","position":2,"name":"Produits","item":"https:\/\/liberchem.com\/produits\/"},{"@type":"ListItem","position":3,"name":"PHOS 49 (JOLCO)"}]},{"@type":"WebSite","@id":"https:\/\/liberchem.com\/#website","url":"https:\/\/liberchem.com\/","name":"Liberchem","description":"Chemical company","potentialAction":[{"@type":"SearchAction","target":{"@type":"EntryPoint","urlTemplate":"https:\/\/liberchem.com\/?s={search_term_string}"},"query-input":{"@type":"PropertyValueSpecification","valueRequired":true,"valueName":"search_term_string"}}],"inLanguage":"en-CA"}]}},"_links":{"self":[{"href":"https:\/\/liberchem.com\/en\/wp-json\/wp\/v2\/product\/114032","targetHints":{"allow":["GET"]}}],"collection":[{"href":"https:\/\/liberchem.com\/en\/wp-json\/wp\/v2\/product"}],"about":[{"href":"https:\/\/liberchem.com\/en\/wp-json\/wp\/v2\/types\/product"}],"wp:featuredmedia":[{"embeddable":true,"href":"https:\/\/liberchem.com\/en\/wp-json\/wp\/v2\/media\/113942"}],"wp:attachment":[{"href":"https:\/\/liberchem.com\/en\/wp-json\/wp\/v2\/media?parent=114032"}],"wp:term":[{"taxonomy":"product_brand","embeddable":true,"href":"https:\/\/liberchem.com\/en\/wp-json\/wp\/v2\/product_brand?post=114032"},{"taxonomy":"product_cat","embeddable":true,"href":"https:\/\/liberchem.com\/en\/wp-json\/wp\/v2\/product_cat?post=114032"},{"taxonomy":"product_tag","embeddable":true,"href":"https:\/\/liberchem.com\/en\/wp-json\/wp\/v2\/product_tag?post=114032"}],"curies":[{"name":"wp","href":"https:\/\/api.w.org\/{rel}","templated":true}]}}