{"id":114051,"date":"2025-09-15T13:50:56","date_gmt":"2025-09-15T17:50:56","guid":{"rendered":"https:\/\/liberchem.com\/?post_type=product&#038;p=114051"},"modified":"2025-12-11T13:19:27","modified_gmt":"2025-12-11T18:19:27","slug":"acide-one-jolco","status":"publish","type":"product","link":"https:\/\/liberchem.com\/en\/produits\/acide-one-jolco\/","title":{"rendered":"ACIDE ONE (JOLCO)"},"content":{"rendered":"","protected":false},"excerpt":{"rendered":"<p class=\"p2\"><b>ACID DETERGENT <\/b><\/p>\n<p class=\"p2\">Designed to clean dairy equipment in one step. Used as a single-phase cleaner after the first rinse. Saves water and time. Concentration of 30 ml per 8 L of water (1 oz per 2 gal).<\/p>","protected":false},"featured_media":113936,"template":"","meta":{"_acf_changed":false},"product_brand":[204,201],"product_cat":[138],"product_tag":[155,158,191],"class_list":{"0":"post-114051","1":"product","2":"type-product","3":"status-publish","4":"has-post-thumbnail","6":"product_brand-jolco","7":"product_brand-remove","8":"product_cat-ferme-laitiere","9":"product_tag-concentre","10":"product_tag-eau-dure","11":"product_tag-ferme-traditionnel","12":"pa_categorie-acides","13":"pa_format-1040l","14":"pa_format-200l","15":"pa_format-20l","16":"pa_format-55l","18":"first","19":"instock","20":"taxable","21":"shipping-taxable","22":"purchasable","23":"product-type-variable"},"acf":[],"yoast_head":"<!-- This site is optimized with the Yoast SEO plugin v27.3 - https:\/\/yoast.com\/product\/yoast-seo-wordpress\/ -->\n<title>ACIDE ONE (JOLCO) - Liberchem<\/title>\n<meta name=\"description\" content=\"D\u00e9couvrez notre d\u00e9tergent acide pour les conduits et les citernes C.I.P., con\u00e7u pour un nettoyage efficace des \u00e9quipements laitiers en une seule \u00e9tape.\" \/>\n<meta name=\"robots\" content=\"noindex, follow\" \/>\n<meta property=\"og:locale\" content=\"en_US\" \/>\n<meta property=\"og:type\" content=\"article\" \/>\n<meta property=\"og:title\" content=\"ACIDE ONE (JOLCO) - Liberchem\" \/>\n<meta property=\"og:description\" content=\"D\u00e9couvrez notre d\u00e9tergent acide pour les conduits et les citernes C.I.P., con\u00e7u pour un nettoyage efficace des \u00e9quipements laitiers en une seule \u00e9tape.\" \/>\n<meta property=\"og:url\" content=\"https:\/\/liberchem.com\/en\/products\/acide-one-jolco\/\" \/>\n<meta property=\"og:site_name\" content=\"Liberchem\" \/>\n<meta property=\"article:modified_time\" content=\"2025-12-11T18:19:27+00:00\" \/>\n<meta property=\"og:image\" content=\"https:\/\/liberchem.com\/wp-content\/uploads\/JOLCO-ACID-ONE-55L.png\" \/>\n\t<meta property=\"og:image:width\" content=\"2479\" \/>\n\t<meta property=\"og:image:height\" content=\"2475\" \/>\n\t<meta property=\"og:image:type\" content=\"image\/png\" \/>\n<meta name=\"twitter:card\" content=\"summary_large_image\" \/>\n<meta name=\"twitter:label1\" content=\"Est. reading time\" \/>\n\t<meta name=\"twitter:data1\" content=\"1 minute\" \/>\n<script type=\"application\/ld+json\" class=\"yoast-schema-graph\">{\"@context\":\"https:\\\/\\\/schema.org\",\"@graph\":[{\"@type\":\"WebPage\",\"@id\":\"https:\\\/\\\/liberchem.com\\\/produits\\\/acide-one-jolco\\\/\",\"url\":\"https:\\\/\\\/liberchem.com\\\/produits\\\/acide-one-jolco\\\/\",\"name\":\"ACIDE ONE (JOLCO) - Liberchem\",\"isPartOf\":{\"@id\":\"https:\\\/\\\/liberchem.com\\\/#website\"},\"primaryImageOfPage\":{\"@id\":\"https:\\\/\\\/liberchem.com\\\/produits\\\/acide-one-jolco\\\/#primaryimage\"},\"image\":{\"@id\":\"https:\\\/\\\/liberchem.com\\\/produits\\\/acide-one-jolco\\\/#primaryimage\"},\"thumbnailUrl\":\"https:\\\/\\\/liberchem.com\\\/wp-content\\\/uploads\\\/JOLCO-ACID-ONE-55L.png\",\"datePublished\":\"2025-09-15T17:50:56+00:00\",\"dateModified\":\"2025-12-11T18:19:27+00:00\",\"description\":\"D\u00e9couvrez notre d\u00e9tergent acide pour les conduits et les citernes C.I.P., con\u00e7u pour un nettoyage efficace des \u00e9quipements laitiers en une seule \u00e9tape.\",\"breadcrumb\":{\"@id\":\"https:\\\/\\\/liberchem.com\\\/produits\\\/acide-one-jolco\\\/#breadcrumb\"},\"inLanguage\":\"en-CA\",\"potentialAction\":[{\"@type\":\"ReadAction\",\"target\":[\"https:\\\/\\\/liberchem.com\\\/produits\\\/acide-one-jolco\\\/\"]}]},{\"@type\":\"ImageObject\",\"inLanguage\":\"en-CA\",\"@id\":\"https:\\\/\\\/liberchem.com\\\/produits\\\/acide-one-jolco\\\/#primaryimage\",\"url\":\"https:\\\/\\\/liberchem.com\\\/wp-content\\\/uploads\\\/JOLCO-ACID-ONE-55L.png\",\"contentUrl\":\"https:\\\/\\\/liberchem.com\\\/wp-content\\\/uploads\\\/JOLCO-ACID-ONE-55L.png\",\"width\":2479,\"height\":2475},{\"@type\":\"BreadcrumbList\",\"@id\":\"https:\\\/\\\/liberchem.com\\\/produits\\\/acide-one-jolco\\\/#breadcrumb\",\"itemListElement\":[{\"@type\":\"ListItem\",\"position\":1,\"name\":\"Accueil\",\"item\":\"https:\\\/\\\/liberchem.com\\\/\"},{\"@type\":\"ListItem\",\"position\":2,\"name\":\"Produits\",\"item\":\"https:\\\/\\\/liberchem.com\\\/produits\\\/\"},{\"@type\":\"ListItem\",\"position\":3,\"name\":\"ACIDE ONE (JOLCO)\"}]},{\"@type\":\"WebSite\",\"@id\":\"https:\\\/\\\/liberchem.com\\\/#website\",\"url\":\"https:\\\/\\\/liberchem.com\\\/\",\"name\":\"Liberchem\",\"description\":\"Entreprise de produits chimiques\",\"potentialAction\":[{\"@type\":\"SearchAction\",\"target\":{\"@type\":\"EntryPoint\",\"urlTemplate\":\"https:\\\/\\\/liberchem.com\\\/?s={search_term_string}\"},\"query-input\":{\"@type\":\"PropertyValueSpecification\",\"valueRequired\":true,\"valueName\":\"search_term_string\"}}],\"inLanguage\":\"en-CA\"}]}<\/script>\n<!-- \/ Yoast SEO plugin. -->","yoast_head_json":{"title":"ACIDE ONE (JOLCO) - Liberchem","description":"Discover our acidic detergent for CIP lines and tanks, designed for effective cleaning of dairy equipment in one step.","robots":{"index":"noindex","follow":"follow"},"og_locale":"en_US","og_type":"article","og_title":"ACIDE ONE (JOLCO) - Liberchem","og_description":"D\u00e9couvrez notre d\u00e9tergent acide pour les conduits et les citernes C.I.P., con\u00e7u pour un nettoyage efficace des \u00e9quipements laitiers en une seule \u00e9tape.","og_url":"https:\/\/liberchem.com\/en\/products\/acide-one-jolco\/","og_site_name":"Liberchem","article_modified_time":"2025-12-11T18:19:27+00:00","og_image":[{"width":2479,"height":2475,"url":"https:\/\/liberchem.com\/wp-content\/uploads\/JOLCO-ACID-ONE-55L.png","type":"image\/png"}],"twitter_card":"summary_large_image","twitter_misc":{"Est. reading time":"1 minute"},"schema":{"@context":"https:\/\/schema.org","@graph":[{"@type":"WebPage","@id":"https:\/\/liberchem.com\/produits\/acide-one-jolco\/","url":"https:\/\/liberchem.com\/produits\/acide-one-jolco\/","name":"ACIDE ONE (JOLCO) - Liberchem","isPartOf":{"@id":"https:\/\/liberchem.com\/#website"},"primaryImageOfPage":{"@id":"https:\/\/liberchem.com\/produits\/acide-one-jolco\/#primaryimage"},"image":{"@id":"https:\/\/liberchem.com\/produits\/acide-one-jolco\/#primaryimage"},"thumbnailUrl":"https:\/\/liberchem.com\/wp-content\/uploads\/JOLCO-ACID-ONE-55L.png","datePublished":"2025-09-15T17:50:56+00:00","dateModified":"2025-12-11T18:19:27+00:00","description":"Discover our acidic detergent for CIP lines and tanks, designed for effective cleaning of dairy equipment in one step.","breadcrumb":{"@id":"https:\/\/liberchem.com\/produits\/acide-one-jolco\/#breadcrumb"},"inLanguage":"en-CA","potentialAction":[{"@type":"ReadAction","target":["https:\/\/liberchem.com\/produits\/acide-one-jolco\/"]}]},{"@type":"ImageObject","inLanguage":"en-CA","@id":"https:\/\/liberchem.com\/produits\/acide-one-jolco\/#primaryimage","url":"https:\/\/liberchem.com\/wp-content\/uploads\/JOLCO-ACID-ONE-55L.png","contentUrl":"https:\/\/liberchem.com\/wp-content\/uploads\/JOLCO-ACID-ONE-55L.png","width":2479,"height":2475},{"@type":"BreadcrumbList","@id":"https:\/\/liberchem.com\/produits\/acide-one-jolco\/#breadcrumb","itemListElement":[{"@type":"ListItem","position":1,"name":"Accueil","item":"https:\/\/liberchem.com\/"},{"@type":"ListItem","position":2,"name":"Produits","item":"https:\/\/liberchem.com\/produits\/"},{"@type":"ListItem","position":3,"name":"ACIDE ONE (JOLCO)"}]},{"@type":"WebSite","@id":"https:\/\/liberchem.com\/#website","url":"https:\/\/liberchem.com\/","name":"Liberchem","description":"Chemical company","potentialAction":[{"@type":"SearchAction","target":{"@type":"EntryPoint","urlTemplate":"https:\/\/liberchem.com\/?s={search_term_string}"},"query-input":{"@type":"PropertyValueSpecification","valueRequired":true,"valueName":"search_term_string"}}],"inLanguage":"en-CA"}]}},"_links":{"self":[{"href":"https:\/\/liberchem.com\/en\/wp-json\/wp\/v2\/product\/114051","targetHints":{"allow":["GET"]}}],"collection":[{"href":"https:\/\/liberchem.com\/en\/wp-json\/wp\/v2\/product"}],"about":[{"href":"https:\/\/liberchem.com\/en\/wp-json\/wp\/v2\/types\/product"}],"wp:featuredmedia":[{"embeddable":true,"href":"https:\/\/liberchem.com\/en\/wp-json\/wp\/v2\/media\/113936"}],"wp:attachment":[{"href":"https:\/\/liberchem.com\/en\/wp-json\/wp\/v2\/media?parent=114051"}],"wp:term":[{"taxonomy":"product_brand","embeddable":true,"href":"https:\/\/liberchem.com\/en\/wp-json\/wp\/v2\/product_brand?post=114051"},{"taxonomy":"product_cat","embeddable":true,"href":"https:\/\/liberchem.com\/en\/wp-json\/wp\/v2\/product_cat?post=114051"},{"taxonomy":"product_tag","embeddable":true,"href":"https:\/\/liberchem.com\/en\/wp-json\/wp\/v2\/product_tag?post=114051"}],"curies":[{"name":"wp","href":"https:\/\/api.w.org\/{rel}","templated":true}]}}