{"id":114163,"date":"2025-09-16T11:12:38","date_gmt":"2025-09-16T15:12:38","guid":{"rendered":"https:\/\/liberchem.com\/?post_type=product&#038;p=114163"},"modified":"2025-12-11T13:10:58","modified_gmt":"2025-12-11T18:10:58","slug":"nordique-das","status":"publish","type":"product","link":"https:\/\/liberchem.com\/en\/produits\/nordique-das\/","title":{"rendered":"NORDIQUE (DAS)"},"content":{"rendered":"","protected":false},"excerpt":{"rendered":"<p class=\"p1\"><i>CHLORINE-BASED ALKALINE CLEANER <\/i><span class=\"s1\"><i>HAS <\/i><\/span><i>COLD WATER<\/i><\/p>\n<p class=\"p1\"><i>FOR CONDUIT, CIP TANKS AND FEEDERS <\/i><span class=\"s1\"><i>HAS <\/i><\/span><i>CALF<\/i><\/p>\n<p class=\"p3\">Designed for cleaning dairy equipment and calf feeders. Unique chlorinated detergent with caustics for cold wash water from 10C to 60C (50F-140F). Concentration of 30 ml per 11 L of water (1 oz per 3 gal.).<\/p>","protected":false},"featured_media":112610,"template":"","meta":{"_acf_changed":false},"product_brand":[212,201],"product_cat":[138],"product_tag":[156,155,157,191,161],"class_list":{"0":"post-114163","1":"product","2":"type-product","3":"status-publish","4":"has-post-thumbnail","6":"product_brand-depanneur-agricole","7":"product_brand-remove","8":"product_cat-ferme-laitiere","9":"product_tag-chlore","10":"product_tag-concentre","11":"product_tag-eau-froide","12":"product_tag-ferme-traditionnel","13":"product_tag-produit-pour-robot","14":"pa_categorie-detergents","15":"pa_format-1040l","16":"pa_format-200l","17":"pa_format-20l","18":"pa_format-55l","20":"first","21":"instock","22":"taxable","23":"shipping-taxable","24":"purchasable","25":"product-type-variable"},"acf":[],"yoast_head":"<!-- This site is optimized with the Yoast SEO plugin v27.3 - https:\/\/yoast.com\/product\/yoast-seo-wordpress\/ -->\n<title>NORDIQUE (DAS) - Liberchem<\/title>\n<meta name=\"description\" content=\"D\u00e9couvrez notre nettoyant alcalin chlore \u00e0 l&#039;eau froide, id\u00e9al pour les conduits, citernes C.I.P. et nourrisseurs \u00e0 veau, efficace de 10\u00b0C \u00e0 60\u00b0C.\" \/>\n<meta name=\"robots\" content=\"noindex, follow\" \/>\n<meta property=\"og:locale\" content=\"en_US\" \/>\n<meta property=\"og:type\" content=\"article\" \/>\n<meta property=\"og:title\" content=\"NORDIQUE - Liberchem\" \/>\n<meta property=\"og:description\" content=\"D\u00e9tergent alcalin chlore \u00e0 l&#039;eau froide.\" \/>\n<meta property=\"og:url\" content=\"https:\/\/liberchem.com\/en\/products\/nordique-das\/\" \/>\n<meta property=\"og:site_name\" content=\"Liberchem\" \/>\n<meta property=\"article:modified_time\" content=\"2025-12-11T18:10:58+00:00\" \/>\n<meta property=\"og:image\" content=\"https:\/\/liberchem.com\/wp-content\/uploads\/2025\/04\/Nordique_20L.jpg\" \/>\n\t<meta property=\"og:image:width\" content=\"1100\" \/>\n\t<meta property=\"og:image:height\" content=\"1422\" \/>\n\t<meta property=\"og:image:type\" content=\"image\/jpeg\" \/>\n<meta name=\"twitter:card\" content=\"summary_large_image\" \/>\n<meta name=\"twitter:label1\" content=\"Est. reading time\" \/>\n\t<meta name=\"twitter:data1\" content=\"1 minute\" \/>\n<script type=\"application\/ld+json\" class=\"yoast-schema-graph\">{\"@context\":\"https:\\\/\\\/schema.org\",\"@graph\":[{\"@type\":\"WebPage\",\"@id\":\"https:\\\/\\\/liberchem.com\\\/produits\\\/nordique-das\\\/\",\"url\":\"https:\\\/\\\/liberchem.com\\\/produits\\\/nordique-das\\\/\",\"name\":\"NORDIQUE (DAS) - Liberchem\",\"isPartOf\":{\"@id\":\"https:\\\/\\\/liberchem.com\\\/#website\"},\"primaryImageOfPage\":{\"@id\":\"https:\\\/\\\/liberchem.com\\\/produits\\\/nordique-das\\\/#primaryimage\"},\"image\":{\"@id\":\"https:\\\/\\\/liberchem.com\\\/produits\\\/nordique-das\\\/#primaryimage\"},\"thumbnailUrl\":\"https:\\\/\\\/liberchem.com\\\/wp-content\\\/uploads\\\/2025\\\/04\\\/Nordique_20L.jpg\",\"datePublished\":\"2025-09-16T15:12:38+00:00\",\"dateModified\":\"2025-12-11T18:10:58+00:00\",\"description\":\"D\u00e9couvrez notre nettoyant alcalin chlore \u00e0 l'eau froide, id\u00e9al pour les conduits, citernes C.I.P. et nourrisseurs \u00e0 veau, efficace de 10\u00b0C \u00e0 60\u00b0C.\",\"breadcrumb\":{\"@id\":\"https:\\\/\\\/liberchem.com\\\/produits\\\/nordique-das\\\/#breadcrumb\"},\"inLanguage\":\"en-CA\",\"potentialAction\":[{\"@type\":\"ReadAction\",\"target\":[\"https:\\\/\\\/liberchem.com\\\/produits\\\/nordique-das\\\/\"]}]},{\"@type\":\"ImageObject\",\"inLanguage\":\"en-CA\",\"@id\":\"https:\\\/\\\/liberchem.com\\\/produits\\\/nordique-das\\\/#primaryimage\",\"url\":\"https:\\\/\\\/liberchem.com\\\/wp-content\\\/uploads\\\/2025\\\/04\\\/Nordique_20L.jpg\",\"contentUrl\":\"https:\\\/\\\/liberchem.com\\\/wp-content\\\/uploads\\\/2025\\\/04\\\/Nordique_20L.jpg\",\"width\":1100,\"height\":1422},{\"@type\":\"BreadcrumbList\",\"@id\":\"https:\\\/\\\/liberchem.com\\\/produits\\\/nordique-das\\\/#breadcrumb\",\"itemListElement\":[{\"@type\":\"ListItem\",\"position\":1,\"name\":\"Accueil\",\"item\":\"https:\\\/\\\/liberchem.com\\\/\"},{\"@type\":\"ListItem\",\"position\":2,\"name\":\"Produits\",\"item\":\"https:\\\/\\\/liberchem.com\\\/produits\\\/\"},{\"@type\":\"ListItem\",\"position\":3,\"name\":\"NORDIQUE (DAS)\"}]},{\"@type\":\"WebSite\",\"@id\":\"https:\\\/\\\/liberchem.com\\\/#website\",\"url\":\"https:\\\/\\\/liberchem.com\\\/\",\"name\":\"Liberchem\",\"description\":\"Entreprise de produits chimiques\",\"potentialAction\":[{\"@type\":\"SearchAction\",\"target\":{\"@type\":\"EntryPoint\",\"urlTemplate\":\"https:\\\/\\\/liberchem.com\\\/?s={search_term_string}\"},\"query-input\":{\"@type\":\"PropertyValueSpecification\",\"valueRequired\":true,\"valueName\":\"search_term_string\"}}],\"inLanguage\":\"en-CA\"}]}<\/script>\n<!-- \/ Yoast SEO plugin. -->","yoast_head_json":{"title":"NORDIQUE (DAS) - Liberchem","description":"Discover our cold water alkaline chlorine cleaner, ideal for pipes, CIP tanks and calf feeders, effective from 10\u00b0C to 60\u00b0C.","robots":{"index":"noindex","follow":"follow"},"og_locale":"en_US","og_type":"article","og_title":"NORDIQUE - Liberchem","og_description":"D\u00e9tergent alcalin chlore \u00e0 l'eau froide.","og_url":"https:\/\/liberchem.com\/en\/products\/nordique-das\/","og_site_name":"Liberchem","article_modified_time":"2025-12-11T18:10:58+00:00","og_image":[{"width":1100,"height":1422,"url":"https:\/\/liberchem.com\/wp-content\/uploads\/2025\/04\/Nordique_20L.jpg","type":"image\/jpeg"}],"twitter_card":"summary_large_image","twitter_misc":{"Est. reading time":"1 minute"},"schema":{"@context":"https:\/\/schema.org","@graph":[{"@type":"WebPage","@id":"https:\/\/liberchem.com\/produits\/nordique-das\/","url":"https:\/\/liberchem.com\/produits\/nordique-das\/","name":"NORDIQUE (DAS) - Liberchem","isPartOf":{"@id":"https:\/\/liberchem.com\/#website"},"primaryImageOfPage":{"@id":"https:\/\/liberchem.com\/produits\/nordique-das\/#primaryimage"},"image":{"@id":"https:\/\/liberchem.com\/produits\/nordique-das\/#primaryimage"},"thumbnailUrl":"https:\/\/liberchem.com\/wp-content\/uploads\/2025\/04\/Nordique_20L.jpg","datePublished":"2025-09-16T15:12:38+00:00","dateModified":"2025-12-11T18:10:58+00:00","description":"Discover our cold water alkaline chlorine cleaner, ideal for pipes, CIP tanks and calf feeders, effective from 10\u00b0C to 60\u00b0C.","breadcrumb":{"@id":"https:\/\/liberchem.com\/produits\/nordique-das\/#breadcrumb"},"inLanguage":"en-CA","potentialAction":[{"@type":"ReadAction","target":["https:\/\/liberchem.com\/produits\/nordique-das\/"]}]},{"@type":"ImageObject","inLanguage":"en-CA","@id":"https:\/\/liberchem.com\/produits\/nordique-das\/#primaryimage","url":"https:\/\/liberchem.com\/wp-content\/uploads\/2025\/04\/Nordique_20L.jpg","contentUrl":"https:\/\/liberchem.com\/wp-content\/uploads\/2025\/04\/Nordique_20L.jpg","width":1100,"height":1422},{"@type":"BreadcrumbList","@id":"https:\/\/liberchem.com\/produits\/nordique-das\/#breadcrumb","itemListElement":[{"@type":"ListItem","position":1,"name":"Accueil","item":"https:\/\/liberchem.com\/"},{"@type":"ListItem","position":2,"name":"Produits","item":"https:\/\/liberchem.com\/produits\/"},{"@type":"ListItem","position":3,"name":"NORDIQUE (DAS)"}]},{"@type":"WebSite","@id":"https:\/\/liberchem.com\/#website","url":"https:\/\/liberchem.com\/","name":"Liberchem","description":"Chemical company","potentialAction":[{"@type":"SearchAction","target":{"@type":"EntryPoint","urlTemplate":"https:\/\/liberchem.com\/?s={search_term_string}"},"query-input":{"@type":"PropertyValueSpecification","valueRequired":true,"valueName":"search_term_string"}}],"inLanguage":"en-CA"}]}},"_links":{"self":[{"href":"https:\/\/liberchem.com\/en\/wp-json\/wp\/v2\/product\/114163","targetHints":{"allow":["GET"]}}],"collection":[{"href":"https:\/\/liberchem.com\/en\/wp-json\/wp\/v2\/product"}],"about":[{"href":"https:\/\/liberchem.com\/en\/wp-json\/wp\/v2\/types\/product"}],"wp:featuredmedia":[{"embeddable":true,"href":"https:\/\/liberchem.com\/en\/wp-json\/wp\/v2\/media\/112610"}],"wp:attachment":[{"href":"https:\/\/liberchem.com\/en\/wp-json\/wp\/v2\/media?parent=114163"}],"wp:term":[{"taxonomy":"product_brand","embeddable":true,"href":"https:\/\/liberchem.com\/en\/wp-json\/wp\/v2\/product_brand?post=114163"},{"taxonomy":"product_cat","embeddable":true,"href":"https:\/\/liberchem.com\/en\/wp-json\/wp\/v2\/product_cat?post=114163"},{"taxonomy":"product_tag","embeddable":true,"href":"https:\/\/liberchem.com\/en\/wp-json\/wp\/v2\/product_tag?post=114163"}],"curies":[{"name":"wp","href":"https:\/\/api.w.org\/{rel}","templated":true}]}}