{"id":114170,"date":"2025-09-16T11:21:11","date_gmt":"2025-09-16T15:21:11","guid":{"rendered":"https:\/\/liberchem.com\/?post_type=product&#038;p=114170"},"modified":"2026-03-24T19:24:51","modified_gmt":"2026-03-24T23:24:51","slug":"das-acide-das","status":"publish","type":"product","link":"https:\/\/liberchem.com\/en\/produits\/das-acide-das\/","title":{"rendered":"DAS-ACIDE (DAS)"},"content":{"rendered":"","protected":false},"excerpt":{"rendered":"<p data-start=\"104\" data-end=\"136\"><strong data-start=\"104\" data-end=\"134\">ECONOMICAL ACID CLEANER<\/strong><\/p>\n<p class=\"p2\">Designed for cleaning dairy equipment. Standard acid based on phosphoric acid and sulfuric acid. Concentration of 30 ml per 45 L of water (1 oz per 12 gal).<\/p>\n<p data-start=\"637\" data-end=\"652\"><strong data-start=\"637\" data-end=\"650\">BENEFITS<\/strong><\/p>\n<p data-start=\"654\" data-end=\"951\">Not only is this cleaner powerful, but it&#039;s also very economical. It also leaves no residue, ensuring streak-free cleaning. It also effectively removes limescale and other mineral deposits, contributing to the optimal maintenance of your equipment.<\/p>","protected":false},"featured_media":114093,"template":"","meta":{"_acf_changed":false},"product_brand":[212,201],"product_cat":[138],"product_tag":[141,191],"class_list":{"0":"post-114170","1":"product","2":"type-product","3":"status-publish","4":"has-post-thumbnail","6":"product_brand-depanneur-agricole","7":"product_brand-remove","8":"product_cat-ferme-laitiere","9":"product_tag-economique","10":"product_tag-ferme-traditionnel","11":"pa_categorie-acides","12":"pa_format-1040l","13":"pa_format-200l","14":"pa_format-20l","15":"pa_format-55l","17":"first","18":"instock","19":"taxable","20":"shipping-taxable","21":"purchasable","22":"product-type-variable"},"acf":[],"yoast_head":"<!-- This site is optimized with the Yoast SEO plugin v27.3 - https:\/\/yoast.com\/product\/yoast-seo-wordpress\/ -->\n<title>DAS-ACIDE (DAS) - Liberchem<\/title>\n<meta name=\"description\" content=\"Nettoyant acide \u00e9conomique pour \u00e9quipements laitiers. \u00c9limine le calcaire sans r\u00e9sidu. Formul\u00e9 \u00e0 base d&#039;acide phosphorique et sulfurique.\" \/>\n<meta name=\"robots\" content=\"noindex, follow\" \/>\n<meta property=\"og:locale\" content=\"en_US\" \/>\n<meta property=\"og:type\" content=\"article\" \/>\n<meta property=\"og:title\" content=\"ACIDE EL-NINO - Liberchem\" \/>\n<meta property=\"og:description\" content=\"Additif pour le nettoyage c.i.p. et citerne pour les \u00e9quipements laitiers. Acide standard \u00e0 base d\u2019acide phosphorique et acide sulfurique.\" \/>\n<meta property=\"og:url\" content=\"https:\/\/liberchem.com\/en\/products\/das-acide-das\/\" \/>\n<meta property=\"og:site_name\" content=\"Liberchem\" \/>\n<meta property=\"article:modified_time\" content=\"2026-03-24T23:24:51+00:00\" \/>\n<meta property=\"og:image\" content=\"https:\/\/liberchem.com\/wp-content\/uploads\/2025\/04\/Acid-el-nino_55L.jpg\" \/>\n\t<meta property=\"og:image:width\" content=\"1500\" \/>\n\t<meta property=\"og:image:height\" content=\"1500\" \/>\n\t<meta property=\"og:image:type\" content=\"image\/jpeg\" \/>\n<meta name=\"twitter:card\" content=\"summary_large_image\" \/>\n<meta name=\"twitter:label1\" content=\"Est. reading time\" \/>\n\t<meta name=\"twitter:data1\" content=\"1 minute\" \/>\n<script type=\"application\/ld+json\" class=\"yoast-schema-graph\">{\"@context\":\"https:\\\/\\\/schema.org\",\"@graph\":[{\"@type\":\"WebPage\",\"@id\":\"https:\\\/\\\/liberchem.com\\\/produits\\\/das-acide-das\\\/\",\"url\":\"https:\\\/\\\/liberchem.com\\\/produits\\\/das-acide-das\\\/\",\"name\":\"DAS-ACIDE (DAS) - Liberchem\",\"isPartOf\":{\"@id\":\"https:\\\/\\\/liberchem.com\\\/#website\"},\"primaryImageOfPage\":{\"@id\":\"https:\\\/\\\/liberchem.com\\\/produits\\\/das-acide-das\\\/#primaryimage\"},\"image\":{\"@id\":\"https:\\\/\\\/liberchem.com\\\/produits\\\/das-acide-das\\\/#primaryimage\"},\"thumbnailUrl\":\"https:\\\/\\\/liberchem.com\\\/wp-content\\\/uploads\\\/DEPANNEUR-DAS-ACIDE_55L.jpg\",\"datePublished\":\"2025-09-16T15:21:11+00:00\",\"dateModified\":\"2026-03-24T23:24:51+00:00\",\"description\":\"Nettoyant acide \u00e9conomique pour \u00e9quipements laitiers. \u00c9limine le calcaire sans r\u00e9sidu. Formul\u00e9 \u00e0 base d'acide phosphorique et sulfurique.\",\"breadcrumb\":{\"@id\":\"https:\\\/\\\/liberchem.com\\\/produits\\\/das-acide-das\\\/#breadcrumb\"},\"inLanguage\":\"en-CA\",\"potentialAction\":[{\"@type\":\"ReadAction\",\"target\":[\"https:\\\/\\\/liberchem.com\\\/produits\\\/das-acide-das\\\/\"]}]},{\"@type\":\"ImageObject\",\"inLanguage\":\"en-CA\",\"@id\":\"https:\\\/\\\/liberchem.com\\\/produits\\\/das-acide-das\\\/#primaryimage\",\"url\":\"https:\\\/\\\/liberchem.com\\\/wp-content\\\/uploads\\\/DEPANNEUR-DAS-ACIDE_55L.jpg\",\"contentUrl\":\"https:\\\/\\\/liberchem.com\\\/wp-content\\\/uploads\\\/DEPANNEUR-DAS-ACIDE_55L.jpg\",\"width\":1500,\"height\":1500},{\"@type\":\"BreadcrumbList\",\"@id\":\"https:\\\/\\\/liberchem.com\\\/produits\\\/das-acide-das\\\/#breadcrumb\",\"itemListElement\":[{\"@type\":\"ListItem\",\"position\":1,\"name\":\"Accueil\",\"item\":\"https:\\\/\\\/liberchem.com\\\/\"},{\"@type\":\"ListItem\",\"position\":2,\"name\":\"Produits\",\"item\":\"https:\\\/\\\/liberchem.com\\\/produits\\\/\"},{\"@type\":\"ListItem\",\"position\":3,\"name\":\"DAS-ACIDE (DAS)\"}]},{\"@type\":\"WebSite\",\"@id\":\"https:\\\/\\\/liberchem.com\\\/#website\",\"url\":\"https:\\\/\\\/liberchem.com\\\/\",\"name\":\"Liberchem\",\"description\":\"Entreprise de produits chimiques\",\"potentialAction\":[{\"@type\":\"SearchAction\",\"target\":{\"@type\":\"EntryPoint\",\"urlTemplate\":\"https:\\\/\\\/liberchem.com\\\/?s={search_term_string}\"},\"query-input\":{\"@type\":\"PropertyValueSpecification\",\"valueRequired\":true,\"valueName\":\"search_term_string\"}}],\"inLanguage\":\"en-CA\"}]}<\/script>\n<!-- \/ Yoast SEO plugin. -->","yoast_head_json":{"title":"DAS-ACIDE (DAS) - Liberchem","description":"Economical acid cleaner for dairy equipment. Removes limescale without residue. Formulated with phosphoric and sulfuric acid.","robots":{"index":"noindex","follow":"follow"},"og_locale":"en_US","og_type":"article","og_title":"ACIDE EL-NINO - Liberchem","og_description":"Additif pour le nettoyage c.i.p. et citerne pour les \u00e9quipements laitiers. Acide standard \u00e0 base d\u2019acide phosphorique et acide sulfurique.","og_url":"https:\/\/liberchem.com\/en\/products\/das-acide-das\/","og_site_name":"Liberchem","article_modified_time":"2026-03-24T23:24:51+00:00","og_image":[{"width":1500,"height":1500,"url":"https:\/\/liberchem.com\/wp-content\/uploads\/2025\/04\/Acid-el-nino_55L.jpg","type":"image\/jpeg"}],"twitter_card":"summary_large_image","twitter_misc":{"Est. reading time":"1 minute"},"schema":{"@context":"https:\/\/schema.org","@graph":[{"@type":"WebPage","@id":"https:\/\/liberchem.com\/produits\/das-acide-das\/","url":"https:\/\/liberchem.com\/produits\/das-acide-das\/","name":"DAS-ACIDE (DAS) - Liberchem","isPartOf":{"@id":"https:\/\/liberchem.com\/#website"},"primaryImageOfPage":{"@id":"https:\/\/liberchem.com\/produits\/das-acide-das\/#primaryimage"},"image":{"@id":"https:\/\/liberchem.com\/produits\/das-acide-das\/#primaryimage"},"thumbnailUrl":"https:\/\/liberchem.com\/wp-content\/uploads\/DEPANNEUR-DAS-ACIDE_55L.jpg","datePublished":"2025-09-16T15:21:11+00:00","dateModified":"2026-03-24T23:24:51+00:00","description":"Economical acid cleaner for dairy equipment. Removes limescale without residue. Formulated with phosphoric and sulfuric acid.","breadcrumb":{"@id":"https:\/\/liberchem.com\/produits\/das-acide-das\/#breadcrumb"},"inLanguage":"en-CA","potentialAction":[{"@type":"ReadAction","target":["https:\/\/liberchem.com\/produits\/das-acide-das\/"]}]},{"@type":"ImageObject","inLanguage":"en-CA","@id":"https:\/\/liberchem.com\/produits\/das-acide-das\/#primaryimage","url":"https:\/\/liberchem.com\/wp-content\/uploads\/DEPANNEUR-DAS-ACIDE_55L.jpg","contentUrl":"https:\/\/liberchem.com\/wp-content\/uploads\/DEPANNEUR-DAS-ACIDE_55L.jpg","width":1500,"height":1500},{"@type":"BreadcrumbList","@id":"https:\/\/liberchem.com\/produits\/das-acide-das\/#breadcrumb","itemListElement":[{"@type":"ListItem","position":1,"name":"Accueil","item":"https:\/\/liberchem.com\/"},{"@type":"ListItem","position":2,"name":"Produits","item":"https:\/\/liberchem.com\/produits\/"},{"@type":"ListItem","position":3,"name":"DAS-ACIDE (DAS)"}]},{"@type":"WebSite","@id":"https:\/\/liberchem.com\/#website","url":"https:\/\/liberchem.com\/","name":"Liberchem","description":"Chemical company","potentialAction":[{"@type":"SearchAction","target":{"@type":"EntryPoint","urlTemplate":"https:\/\/liberchem.com\/?s={search_term_string}"},"query-input":{"@type":"PropertyValueSpecification","valueRequired":true,"valueName":"search_term_string"}}],"inLanguage":"en-CA"}]}},"_links":{"self":[{"href":"https:\/\/liberchem.com\/en\/wp-json\/wp\/v2\/product\/114170","targetHints":{"allow":["GET"]}}],"collection":[{"href":"https:\/\/liberchem.com\/en\/wp-json\/wp\/v2\/product"}],"about":[{"href":"https:\/\/liberchem.com\/en\/wp-json\/wp\/v2\/types\/product"}],"wp:featuredmedia":[{"embeddable":true,"href":"https:\/\/liberchem.com\/en\/wp-json\/wp\/v2\/media\/114093"}],"wp:attachment":[{"href":"https:\/\/liberchem.com\/en\/wp-json\/wp\/v2\/media?parent=114170"}],"wp:term":[{"taxonomy":"product_brand","embeddable":true,"href":"https:\/\/liberchem.com\/en\/wp-json\/wp\/v2\/product_brand?post=114170"},{"taxonomy":"product_cat","embeddable":true,"href":"https:\/\/liberchem.com\/en\/wp-json\/wp\/v2\/product_cat?post=114170"},{"taxonomy":"product_tag","embeddable":true,"href":"https:\/\/liberchem.com\/en\/wp-json\/wp\/v2\/product_tag?post=114170"}],"curies":[{"name":"wp","href":"https:\/\/api.w.org\/{rel}","templated":true}]}}