{"id":114191,"date":"2025-09-16T11:50:53","date_gmt":"2025-09-16T15:50:53","guid":{"rendered":"https:\/\/liberchem.com\/?post_type=product&#038;p=114191"},"modified":"2026-03-24T19:23:40","modified_gmt":"2026-03-24T23:23:40","slug":"das-acide-hd-das","status":"publish","type":"product","link":"https:\/\/liberchem.com\/en\/produits\/das-acide-hd-das\/","title":{"rendered":"DAS-ACIDE HD (DAS)"},"content":{"rendered":"","protected":false},"excerpt":{"rendered":"<p class=\"p2\"><b>ACID CLEANER FOR IRON AND MANGANESE-MINERAL DEPOSITS <\/b><b><\/b><\/p>\n<p class=\"p3\">Designed to clean dairy equipment. Phosphoric and nitric acid based acid to remove iron and complex mineral deposits such as manganese. Concentration of 30 ml per 37 L of water (1 oz per 10 gal).<\/p>","protected":false},"featured_media":114095,"template":"","meta":{"_acf_changed":false},"product_brand":[212,201],"product_cat":[138],"product_tag":[155,159,158,191],"class_list":{"0":"post-114191","1":"product","2":"type-product","3":"status-publish","4":"has-post-thumbnail","6":"product_brand-depanneur-agricole","7":"product_brand-remove","8":"product_cat-ferme-laitiere","9":"product_tag-concentre","10":"product_tag-depot-manganese-et-mineraux","11":"product_tag-eau-dure","12":"product_tag-ferme-traditionnel","13":"pa_categorie-acides","14":"pa_format-1040l","15":"pa_format-200l","16":"pa_format-20l","17":"pa_format-55l","19":"first","20":"instock","21":"taxable","22":"shipping-taxable","23":"purchasable","24":"product-type-variable"},"acf":[],"yoast_head":"<!-- This site is optimized with the Yoast SEO plugin v27.3 - https:\/\/yoast.com\/product\/yoast-seo-wordpress\/ -->\n<title>DAS-ACIDE HD (DAS) - Liberchem<\/title>\n<meta name=\"description\" content=\"D\u00e9couvrez notre nettoyant acide pour d\u00e9p\u00f4t de fer et mangan\u00e8se-min\u00e9raux, efficace pour nettoyer les \u00e9quipements laitiers avec une concentration de 30 ml pour 37 L d\u2019eau.\" \/>\n<meta name=\"robots\" content=\"noindex, follow\" \/>\n<meta property=\"og:locale\" content=\"en_US\" \/>\n<meta property=\"og:type\" content=\"article\" \/>\n<meta property=\"og:title\" content=\"DAS-ACIDE HD (DAS) - Liberchem\" \/>\n<meta property=\"og:description\" content=\"D\u00e9couvrez notre nettoyant acide pour d\u00e9p\u00f4t de fer et mangan\u00e8se-min\u00e9raux, efficace pour nettoyer les \u00e9quipements laitiers avec une concentration de 30 ml pour 37 L d\u2019eau.\" \/>\n<meta property=\"og:url\" content=\"https:\/\/liberchem.com\/en\/products\/das-acide-hd-das\/\" \/>\n<meta property=\"og:site_name\" content=\"Liberchem\" \/>\n<meta property=\"article:modified_time\" content=\"2026-03-24T23:23:40+00:00\" \/>\n<meta property=\"og:image\" content=\"https:\/\/liberchem.com\/wp-content\/uploads\/DEPANNEUR-DAS-ACIDE-HD_55L.jpg\" \/>\n\t<meta property=\"og:image:width\" content=\"1500\" \/>\n\t<meta property=\"og:image:height\" content=\"1500\" \/>\n\t<meta property=\"og:image:type\" content=\"image\/jpeg\" \/>\n<meta name=\"twitter:card\" content=\"summary_large_image\" \/>\n<meta name=\"twitter:label1\" content=\"Est. reading time\" \/>\n\t<meta name=\"twitter:data1\" content=\"1 minute\" \/>\n<script type=\"application\/ld+json\" class=\"yoast-schema-graph\">{\"@context\":\"https:\\\/\\\/schema.org\",\"@graph\":[{\"@type\":\"WebPage\",\"@id\":\"https:\\\/\\\/liberchem.com\\\/produits\\\/das-acide-hd-das\\\/\",\"url\":\"https:\\\/\\\/liberchem.com\\\/produits\\\/das-acide-hd-das\\\/\",\"name\":\"DAS-ACIDE HD (DAS) - Liberchem\",\"isPartOf\":{\"@id\":\"https:\\\/\\\/liberchem.com\\\/#website\"},\"primaryImageOfPage\":{\"@id\":\"https:\\\/\\\/liberchem.com\\\/produits\\\/das-acide-hd-das\\\/#primaryimage\"},\"image\":{\"@id\":\"https:\\\/\\\/liberchem.com\\\/produits\\\/das-acide-hd-das\\\/#primaryimage\"},\"thumbnailUrl\":\"https:\\\/\\\/liberchem.com\\\/wp-content\\\/uploads\\\/DEPANNEUR-DAS-ACIDE-HD_55L.jpg\",\"datePublished\":\"2025-09-16T15:50:53+00:00\",\"dateModified\":\"2026-03-24T23:23:40+00:00\",\"description\":\"D\u00e9couvrez notre nettoyant acide pour d\u00e9p\u00f4t de fer et mangan\u00e8se-min\u00e9raux, efficace pour nettoyer les \u00e9quipements laitiers avec une concentration de 30 ml pour 37 L d\u2019eau.\",\"breadcrumb\":{\"@id\":\"https:\\\/\\\/liberchem.com\\\/produits\\\/das-acide-hd-das\\\/#breadcrumb\"},\"inLanguage\":\"en-CA\",\"potentialAction\":[{\"@type\":\"ReadAction\",\"target\":[\"https:\\\/\\\/liberchem.com\\\/produits\\\/das-acide-hd-das\\\/\"]}]},{\"@type\":\"ImageObject\",\"inLanguage\":\"en-CA\",\"@id\":\"https:\\\/\\\/liberchem.com\\\/produits\\\/das-acide-hd-das\\\/#primaryimage\",\"url\":\"https:\\\/\\\/liberchem.com\\\/wp-content\\\/uploads\\\/DEPANNEUR-DAS-ACIDE-HD_55L.jpg\",\"contentUrl\":\"https:\\\/\\\/liberchem.com\\\/wp-content\\\/uploads\\\/DEPANNEUR-DAS-ACIDE-HD_55L.jpg\",\"width\":1500,\"height\":1500},{\"@type\":\"BreadcrumbList\",\"@id\":\"https:\\\/\\\/liberchem.com\\\/produits\\\/das-acide-hd-das\\\/#breadcrumb\",\"itemListElement\":[{\"@type\":\"ListItem\",\"position\":1,\"name\":\"Accueil\",\"item\":\"https:\\\/\\\/liberchem.com\\\/\"},{\"@type\":\"ListItem\",\"position\":2,\"name\":\"Produits\",\"item\":\"https:\\\/\\\/liberchem.com\\\/produits\\\/\"},{\"@type\":\"ListItem\",\"position\":3,\"name\":\"DAS-ACIDE HD (DAS)\"}]},{\"@type\":\"WebSite\",\"@id\":\"https:\\\/\\\/liberchem.com\\\/#website\",\"url\":\"https:\\\/\\\/liberchem.com\\\/\",\"name\":\"Liberchem\",\"description\":\"Entreprise de produits chimiques\",\"potentialAction\":[{\"@type\":\"SearchAction\",\"target\":{\"@type\":\"EntryPoint\",\"urlTemplate\":\"https:\\\/\\\/liberchem.com\\\/?s={search_term_string}\"},\"query-input\":{\"@type\":\"PropertyValueSpecification\",\"valueRequired\":true,\"valueName\":\"search_term_string\"}}],\"inLanguage\":\"en-CA\"}]}<\/script>\n<!-- \/ Yoast SEO plugin. -->","yoast_head_json":{"title":"DAS-ACIDE HD (DAS) - Liberchem","description":"Discover our acid cleaner for iron and manganese-mineral deposits, effective for cleaning dairy equipment with a concentration of 30 ml per 37 L of water.","robots":{"index":"noindex","follow":"follow"},"og_locale":"en_US","og_type":"article","og_title":"DAS-ACIDE HD (DAS) - Liberchem","og_description":"D\u00e9couvrez notre nettoyant acide pour d\u00e9p\u00f4t de fer et mangan\u00e8se-min\u00e9raux, efficace pour nettoyer les \u00e9quipements laitiers avec une concentration de 30 ml pour 37 L d\u2019eau.","og_url":"https:\/\/liberchem.com\/en\/products\/das-acide-hd-das\/","og_site_name":"Liberchem","article_modified_time":"2026-03-24T23:23:40+00:00","og_image":[{"width":1500,"height":1500,"url":"https:\/\/liberchem.com\/wp-content\/uploads\/DEPANNEUR-DAS-ACIDE-HD_55L.jpg","type":"image\/jpeg"}],"twitter_card":"summary_large_image","twitter_misc":{"Est. reading time":"1 minute"},"schema":{"@context":"https:\/\/schema.org","@graph":[{"@type":"WebPage","@id":"https:\/\/liberchem.com\/produits\/das-acide-hd-das\/","url":"https:\/\/liberchem.com\/produits\/das-acide-hd-das\/","name":"DAS-ACIDE HD (DAS) - Liberchem","isPartOf":{"@id":"https:\/\/liberchem.com\/#website"},"primaryImageOfPage":{"@id":"https:\/\/liberchem.com\/produits\/das-acide-hd-das\/#primaryimage"},"image":{"@id":"https:\/\/liberchem.com\/produits\/das-acide-hd-das\/#primaryimage"},"thumbnailUrl":"https:\/\/liberchem.com\/wp-content\/uploads\/DEPANNEUR-DAS-ACIDE-HD_55L.jpg","datePublished":"2025-09-16T15:50:53+00:00","dateModified":"2026-03-24T23:23:40+00:00","description":"Discover our acid cleaner for iron and manganese-mineral deposits, effective for cleaning dairy equipment with a concentration of 30 ml per 37 L of water.","breadcrumb":{"@id":"https:\/\/liberchem.com\/produits\/das-acide-hd-das\/#breadcrumb"},"inLanguage":"en-CA","potentialAction":[{"@type":"ReadAction","target":["https:\/\/liberchem.com\/produits\/das-acide-hd-das\/"]}]},{"@type":"ImageObject","inLanguage":"en-CA","@id":"https:\/\/liberchem.com\/produits\/das-acide-hd-das\/#primaryimage","url":"https:\/\/liberchem.com\/wp-content\/uploads\/DEPANNEUR-DAS-ACIDE-HD_55L.jpg","contentUrl":"https:\/\/liberchem.com\/wp-content\/uploads\/DEPANNEUR-DAS-ACIDE-HD_55L.jpg","width":1500,"height":1500},{"@type":"BreadcrumbList","@id":"https:\/\/liberchem.com\/produits\/das-acide-hd-das\/#breadcrumb","itemListElement":[{"@type":"ListItem","position":1,"name":"Accueil","item":"https:\/\/liberchem.com\/"},{"@type":"ListItem","position":2,"name":"Produits","item":"https:\/\/liberchem.com\/produits\/"},{"@type":"ListItem","position":3,"name":"DAS-ACIDE HD (DAS)"}]},{"@type":"WebSite","@id":"https:\/\/liberchem.com\/#website","url":"https:\/\/liberchem.com\/","name":"Liberchem","description":"Chemical company","potentialAction":[{"@type":"SearchAction","target":{"@type":"EntryPoint","urlTemplate":"https:\/\/liberchem.com\/?s={search_term_string}"},"query-input":{"@type":"PropertyValueSpecification","valueRequired":true,"valueName":"search_term_string"}}],"inLanguage":"en-CA"}]}},"_links":{"self":[{"href":"https:\/\/liberchem.com\/en\/wp-json\/wp\/v2\/product\/114191","targetHints":{"allow":["GET"]}}],"collection":[{"href":"https:\/\/liberchem.com\/en\/wp-json\/wp\/v2\/product"}],"about":[{"href":"https:\/\/liberchem.com\/en\/wp-json\/wp\/v2\/types\/product"}],"wp:featuredmedia":[{"embeddable":true,"href":"https:\/\/liberchem.com\/en\/wp-json\/wp\/v2\/media\/114095"}],"wp:attachment":[{"href":"https:\/\/liberchem.com\/en\/wp-json\/wp\/v2\/media?parent=114191"}],"wp:term":[{"taxonomy":"product_brand","embeddable":true,"href":"https:\/\/liberchem.com\/en\/wp-json\/wp\/v2\/product_brand?post=114191"},{"taxonomy":"product_cat","embeddable":true,"href":"https:\/\/liberchem.com\/en\/wp-json\/wp\/v2\/product_cat?post=114191"},{"taxonomy":"product_tag","embeddable":true,"href":"https:\/\/liberchem.com\/en\/wp-json\/wp\/v2\/product_tag?post=114191"}],"curies":[{"name":"wp","href":"https:\/\/api.w.org\/{rel}","templated":true}]}}