{"id":114301,"date":"2025-10-08T11:20:42","date_gmt":"2025-10-08T15:20:42","guid":{"rendered":"https:\/\/liberchem.com\/?post_type=product&#038;p=114301"},"modified":"2025-12-11T12:55:13","modified_gmt":"2025-12-11T17:55:13","slug":"acide-mono-beaudry","status":"publish","type":"product","link":"https:\/\/liberchem.com\/en\/produits\/acide-mono-beaudry\/","title":{"rendered":"ACIDE MONO (Beaudry)"},"content":{"rendered":"","protected":false},"excerpt":{"rendered":"<p class=\"p2\"><b>ACID DETERGENT <\/b><\/p>\n<p class=\"p2\">Designed to clean dairy equipment in one step. Used as a single-phase cleaner after the first rinse. Saves water and time. Concentration of 30 ml per 8 L of water (1 oz per 2 gal).<\/p>","protected":false},"featured_media":112562,"template":"","meta":{"_acf_changed":false},"product_brand":[208,206,201],"product_cat":[138],"product_tag":[155,158,191],"class_list":{"0":"post-114301","1":"product","2":"type-product","3":"status-publish","4":"has-post-thumbnail","6":"product_brand-beaudry-estrie","7":"product_brand-beaudry-morin","8":"product_brand-remove","9":"product_cat-ferme-laitiere","10":"product_tag-concentre","11":"product_tag-eau-dure","12":"product_tag-ferme-traditionnel","13":"pa_categorie-acides","14":"pa_format-1040l","15":"pa_format-200l","16":"pa_format-20l","17":"pa_format-55l","19":"first","20":"instock","21":"taxable","22":"shipping-taxable","23":"purchasable","24":"product-type-variable"},"acf":[],"yoast_head":"<!-- This site is optimized with the Yoast SEO plugin v27.3 - https:\/\/yoast.com\/product\/yoast-seo-wordpress\/ -->\n<title>ACIDE MONO (Beaudry) - Liberchem<\/title>\n<meta name=\"description\" content=\"D\u00e9couvrez notre d\u00e9tergent acide pour les conduits et les citernes C.I.P., con\u00e7u pour un nettoyage efficace des \u00e9quipements laitiers en une seule \u00e9tape.\" \/>\n<meta name=\"robots\" content=\"noindex, follow\" \/>\n<meta property=\"og:locale\" content=\"en_US\" \/>\n<meta property=\"og:type\" content=\"article\" \/>\n<meta property=\"og:title\" content=\"ACIDE MONO (Beaudry) - Liberchem\" \/>\n<meta property=\"og:description\" content=\"D\u00e9couvrez notre d\u00e9tergent acide pour les conduits et les citernes C.I.P., con\u00e7u pour un nettoyage efficace des \u00e9quipements laitiers en une seule \u00e9tape.\" \/>\n<meta property=\"og:url\" content=\"https:\/\/liberchem.com\/en\/products\/acide-mono-beaudry\/\" \/>\n<meta property=\"og:site_name\" content=\"Liberchem\" \/>\n<meta property=\"article:modified_time\" content=\"2025-12-11T17:55:13+00:00\" \/>\n<meta property=\"og:image\" content=\"https:\/\/liberchem.com\/wp-content\/uploads\/2025\/04\/Acide-mono_55L.jpg\" \/>\n\t<meta property=\"og:image:width\" content=\"1500\" \/>\n\t<meta property=\"og:image:height\" content=\"1500\" \/>\n\t<meta property=\"og:image:type\" content=\"image\/jpeg\" \/>\n<meta name=\"twitter:card\" content=\"summary_large_image\" \/>\n<meta name=\"twitter:label1\" content=\"Est. reading time\" \/>\n\t<meta name=\"twitter:data1\" content=\"1 minute\" \/>\n<script type=\"application\/ld+json\" class=\"yoast-schema-graph\">{\"@context\":\"https:\\\/\\\/schema.org\",\"@graph\":[{\"@type\":\"WebPage\",\"@id\":\"https:\\\/\\\/liberchem.com\\\/produits\\\/acide-mono-beaudry\\\/\",\"url\":\"https:\\\/\\\/liberchem.com\\\/produits\\\/acide-mono-beaudry\\\/\",\"name\":\"ACIDE MONO (Beaudry) - Liberchem\",\"isPartOf\":{\"@id\":\"https:\\\/\\\/liberchem.com\\\/#website\"},\"primaryImageOfPage\":{\"@id\":\"https:\\\/\\\/liberchem.com\\\/produits\\\/acide-mono-beaudry\\\/#primaryimage\"},\"image\":{\"@id\":\"https:\\\/\\\/liberchem.com\\\/produits\\\/acide-mono-beaudry\\\/#primaryimage\"},\"thumbnailUrl\":\"https:\\\/\\\/liberchem.com\\\/wp-content\\\/uploads\\\/2025\\\/04\\\/Acide-mono_55L.jpg\",\"datePublished\":\"2025-10-08T15:20:42+00:00\",\"dateModified\":\"2025-12-11T17:55:13+00:00\",\"description\":\"D\u00e9couvrez notre d\u00e9tergent acide pour les conduits et les citernes C.I.P., con\u00e7u pour un nettoyage efficace des \u00e9quipements laitiers en une seule \u00e9tape.\",\"breadcrumb\":{\"@id\":\"https:\\\/\\\/liberchem.com\\\/produits\\\/acide-mono-beaudry\\\/#breadcrumb\"},\"inLanguage\":\"en-CA\",\"potentialAction\":[{\"@type\":\"ReadAction\",\"target\":[\"https:\\\/\\\/liberchem.com\\\/produits\\\/acide-mono-beaudry\\\/\"]}]},{\"@type\":\"ImageObject\",\"inLanguage\":\"en-CA\",\"@id\":\"https:\\\/\\\/liberchem.com\\\/produits\\\/acide-mono-beaudry\\\/#primaryimage\",\"url\":\"https:\\\/\\\/liberchem.com\\\/wp-content\\\/uploads\\\/2025\\\/04\\\/Acide-mono_55L.jpg\",\"contentUrl\":\"https:\\\/\\\/liberchem.com\\\/wp-content\\\/uploads\\\/2025\\\/04\\\/Acide-mono_55L.jpg\",\"width\":1500,\"height\":1500},{\"@type\":\"BreadcrumbList\",\"@id\":\"https:\\\/\\\/liberchem.com\\\/produits\\\/acide-mono-beaudry\\\/#breadcrumb\",\"itemListElement\":[{\"@type\":\"ListItem\",\"position\":1,\"name\":\"Accueil\",\"item\":\"https:\\\/\\\/liberchem.com\\\/\"},{\"@type\":\"ListItem\",\"position\":2,\"name\":\"Produits\",\"item\":\"https:\\\/\\\/liberchem.com\\\/produits\\\/\"},{\"@type\":\"ListItem\",\"position\":3,\"name\":\"ACIDE MONO (Beaudry)\"}]},{\"@type\":\"WebSite\",\"@id\":\"https:\\\/\\\/liberchem.com\\\/#website\",\"url\":\"https:\\\/\\\/liberchem.com\\\/\",\"name\":\"Liberchem\",\"description\":\"Entreprise de produits chimiques\",\"potentialAction\":[{\"@type\":\"SearchAction\",\"target\":{\"@type\":\"EntryPoint\",\"urlTemplate\":\"https:\\\/\\\/liberchem.com\\\/?s={search_term_string}\"},\"query-input\":{\"@type\":\"PropertyValueSpecification\",\"valueRequired\":true,\"valueName\":\"search_term_string\"}}],\"inLanguage\":\"en-CA\"}]}<\/script>\n<!-- \/ Yoast SEO plugin. -->","yoast_head_json":{"title":"ACIDE MONO (Beaudry) - Liberchem","description":"Discover our acidic detergent for CIP lines and tanks, designed for effective cleaning of dairy equipment in one step.","robots":{"index":"noindex","follow":"follow"},"og_locale":"en_US","og_type":"article","og_title":"ACIDE MONO (Beaudry) - Liberchem","og_description":"D\u00e9couvrez notre d\u00e9tergent acide pour les conduits et les citernes C.I.P., con\u00e7u pour un nettoyage efficace des \u00e9quipements laitiers en une seule \u00e9tape.","og_url":"https:\/\/liberchem.com\/en\/products\/acide-mono-beaudry\/","og_site_name":"Liberchem","article_modified_time":"2025-12-11T17:55:13+00:00","og_image":[{"width":1500,"height":1500,"url":"https:\/\/liberchem.com\/wp-content\/uploads\/2025\/04\/Acide-mono_55L.jpg","type":"image\/jpeg"}],"twitter_card":"summary_large_image","twitter_misc":{"Est. reading time":"1 minute"},"schema":{"@context":"https:\/\/schema.org","@graph":[{"@type":"WebPage","@id":"https:\/\/liberchem.com\/produits\/acide-mono-beaudry\/","url":"https:\/\/liberchem.com\/produits\/acide-mono-beaudry\/","name":"ACIDE MONO (Beaudry) - Liberchem","isPartOf":{"@id":"https:\/\/liberchem.com\/#website"},"primaryImageOfPage":{"@id":"https:\/\/liberchem.com\/produits\/acide-mono-beaudry\/#primaryimage"},"image":{"@id":"https:\/\/liberchem.com\/produits\/acide-mono-beaudry\/#primaryimage"},"thumbnailUrl":"https:\/\/liberchem.com\/wp-content\/uploads\/2025\/04\/Acide-mono_55L.jpg","datePublished":"2025-10-08T15:20:42+00:00","dateModified":"2025-12-11T17:55:13+00:00","description":"Discover our acidic detergent for CIP lines and tanks, designed for effective cleaning of dairy equipment in one step.","breadcrumb":{"@id":"https:\/\/liberchem.com\/produits\/acide-mono-beaudry\/#breadcrumb"},"inLanguage":"en-CA","potentialAction":[{"@type":"ReadAction","target":["https:\/\/liberchem.com\/produits\/acide-mono-beaudry\/"]}]},{"@type":"ImageObject","inLanguage":"en-CA","@id":"https:\/\/liberchem.com\/produits\/acide-mono-beaudry\/#primaryimage","url":"https:\/\/liberchem.com\/wp-content\/uploads\/2025\/04\/Acide-mono_55L.jpg","contentUrl":"https:\/\/liberchem.com\/wp-content\/uploads\/2025\/04\/Acide-mono_55L.jpg","width":1500,"height":1500},{"@type":"BreadcrumbList","@id":"https:\/\/liberchem.com\/produits\/acide-mono-beaudry\/#breadcrumb","itemListElement":[{"@type":"ListItem","position":1,"name":"Accueil","item":"https:\/\/liberchem.com\/"},{"@type":"ListItem","position":2,"name":"Produits","item":"https:\/\/liberchem.com\/produits\/"},{"@type":"ListItem","position":3,"name":"ACIDE MONO (Beaudry)"}]},{"@type":"WebSite","@id":"https:\/\/liberchem.com\/#website","url":"https:\/\/liberchem.com\/","name":"Liberchem","description":"Chemical company","potentialAction":[{"@type":"SearchAction","target":{"@type":"EntryPoint","urlTemplate":"https:\/\/liberchem.com\/?s={search_term_string}"},"query-input":{"@type":"PropertyValueSpecification","valueRequired":true,"valueName":"search_term_string"}}],"inLanguage":"en-CA"}]}},"_links":{"self":[{"href":"https:\/\/liberchem.com\/en\/wp-json\/wp\/v2\/product\/114301","targetHints":{"allow":["GET"]}}],"collection":[{"href":"https:\/\/liberchem.com\/en\/wp-json\/wp\/v2\/product"}],"about":[{"href":"https:\/\/liberchem.com\/en\/wp-json\/wp\/v2\/types\/product"}],"wp:featuredmedia":[{"embeddable":true,"href":"https:\/\/liberchem.com\/en\/wp-json\/wp\/v2\/media\/112562"}],"wp:attachment":[{"href":"https:\/\/liberchem.com\/en\/wp-json\/wp\/v2\/media?parent=114301"}],"wp:term":[{"taxonomy":"product_brand","embeddable":true,"href":"https:\/\/liberchem.com\/en\/wp-json\/wp\/v2\/product_brand?post=114301"},{"taxonomy":"product_cat","embeddable":true,"href":"https:\/\/liberchem.com\/en\/wp-json\/wp\/v2\/product_cat?post=114301"},{"taxonomy":"product_tag","embeddable":true,"href":"https:\/\/liberchem.com\/en\/wp-json\/wp\/v2\/product_tag?post=114301"}],"curies":[{"name":"wp","href":"https:\/\/api.w.org\/{rel}","templated":true}]}}