{"id":114421,"date":"2025-10-09T14:00:26","date_gmt":"2025-10-09T18:00:26","guid":{"rendered":"https:\/\/liberchem.com\/?post_type=product&#038;p=114421"},"modified":"2025-12-11T12:49:07","modified_gmt":"2025-12-11T17:49:07","slug":"fhc-dundas","status":"publish","type":"product","link":"https:\/\/liberchem.com\/en\/produits\/fhc-dundas\/","title":{"rendered":"FHC (DUNDAS)"},"content":{"rendered":"","protected":false},"excerpt":{"rendered":"<p class=\"p1\"><span class=\"s1\"><b>FHC<\/b><\/span><\/p>\n<p class=\"p2\"><b>CONCENTRATED FOAMING ALKALINE CLEANER <\/b><b><\/b><\/p>\n<p class=\"p3\">Designed to clean the exterior of dairy equipment.<\/p>\n<p class=\"p3\">Applied with a foaming applicator, FHC removes dirt effectively and effortlessly.<\/p>\n<p class=\"p3\">At the recommended dosage, it is safe for components susceptible to corrosion.<\/p>","protected":false},"featured_media":112590,"template":"","meta":{"_acf_changed":false},"product_brand":[210,201],"product_cat":[135,138,136],"product_tag":[155,141,191,161,165],"class_list":{"0":"post-114421","1":"product","2":"type-product","3":"status-publish","4":"has-post-thumbnail","6":"product_brand-dundas","7":"product_brand-remove","8":"product_cat-ferme-avicole","9":"product_cat-ferme-laitiere","10":"product_cat-ferme-porcine","11":"product_tag-concentre","12":"product_tag-economique","13":"product_tag-ferme-traditionnel","14":"product_tag-produit-pour-robot","15":"product_tag-traitement-choc","16":"pa_categorie-nettoyant-externe-dequipements","17":"pa_format-1040l","18":"pa_format-200l","19":"pa_format-20l","20":"pa_format-55l","22":"first","23":"instock","24":"taxable","25":"shipping-taxable","26":"purchasable","27":"product-type-variable"},"acf":[],"yoast_head":"<!-- This site is optimized with the Yoast SEO plugin v27.3 - https:\/\/yoast.com\/product\/yoast-seo-wordpress\/ -->\n<title>FHC (DUNDAS) - Liberchem<\/title>\n<meta name=\"description\" content=\"FHC est con\u00e7u pour nettoyer l&#039;ext\u00e9rieur des \u00e9quipements laitiers, \u00e9liminant efficacement la salet\u00e9 avec un applicateur moussant tout en pr\u00e9servant les surfaces fragiles.\" \/>\n<meta name=\"robots\" content=\"noindex, follow\" \/>\n<meta property=\"og:locale\" content=\"en_US\" \/>\n<meta property=\"og:type\" content=\"article\" \/>\n<meta property=\"og:title\" content=\"ACIDE 100 - Liberchem\" \/>\n<meta property=\"og:description\" content=\"Nettoyant acide \u00e9conomique pour \u00e9quipements laitiers. \u00c9limine le calcaire sans r\u00e9sidu. Formul\u00e9 \u00e0 base d&#039;acide phosphorique et sulfurique.\" \/>\n<meta property=\"og:url\" content=\"https:\/\/liberchem.com\/en\/products\/fhc-dundas\/\" \/>\n<meta property=\"og:site_name\" content=\"Liberchem\" \/>\n<meta property=\"article:modified_time\" content=\"2025-12-11T17:49:07+00:00\" \/>\n<meta property=\"og:image\" content=\"https:\/\/liberchem.com\/wp-content\/uploads\/2023\/12\/acide100.png\" \/>\n\t<meta property=\"og:image:width\" content=\"763\" \/>\n\t<meta property=\"og:image:height\" content=\"513\" \/>\n\t<meta property=\"og:image:type\" content=\"image\/png\" \/>\n<meta name=\"twitter:card\" content=\"summary_large_image\" \/>\n<meta name=\"twitter:label1\" content=\"Est. reading time\" \/>\n\t<meta name=\"twitter:data1\" content=\"1 minute\" \/>\n<script type=\"application\/ld+json\" class=\"yoast-schema-graph\">{\"@context\":\"https:\\\/\\\/schema.org\",\"@graph\":[{\"@type\":\"WebPage\",\"@id\":\"https:\\\/\\\/liberchem.com\\\/produits\\\/fhc-dundas\\\/\",\"url\":\"https:\\\/\\\/liberchem.com\\\/produits\\\/fhc-dundas\\\/\",\"name\":\"FHC (DUNDAS) - Liberchem\",\"isPartOf\":{\"@id\":\"https:\\\/\\\/liberchem.com\\\/#website\"},\"primaryImageOfPage\":{\"@id\":\"https:\\\/\\\/liberchem.com\\\/produits\\\/fhc-dundas\\\/#primaryimage\"},\"image\":{\"@id\":\"https:\\\/\\\/liberchem.com\\\/produits\\\/fhc-dundas\\\/#primaryimage\"},\"thumbnailUrl\":\"https:\\\/\\\/liberchem.com\\\/wp-content\\\/uploads\\\/2025\\\/04\\\/FHC_20L.jpg\",\"datePublished\":\"2025-10-09T18:00:26+00:00\",\"dateModified\":\"2025-12-11T17:49:07+00:00\",\"description\":\"FHC est con\u00e7u pour nettoyer l'ext\u00e9rieur des \u00e9quipements laitiers, \u00e9liminant efficacement la salet\u00e9 avec un applicateur moussant tout en pr\u00e9servant les surfaces fragiles.\",\"breadcrumb\":{\"@id\":\"https:\\\/\\\/liberchem.com\\\/produits\\\/fhc-dundas\\\/#breadcrumb\"},\"inLanguage\":\"en-CA\",\"potentialAction\":[{\"@type\":\"ReadAction\",\"target\":[\"https:\\\/\\\/liberchem.com\\\/produits\\\/fhc-dundas\\\/\"]}]},{\"@type\":\"ImageObject\",\"inLanguage\":\"en-CA\",\"@id\":\"https:\\\/\\\/liberchem.com\\\/produits\\\/fhc-dundas\\\/#primaryimage\",\"url\":\"https:\\\/\\\/liberchem.com\\\/wp-content\\\/uploads\\\/2025\\\/04\\\/FHC_20L.jpg\",\"contentUrl\":\"https:\\\/\\\/liberchem.com\\\/wp-content\\\/uploads\\\/2025\\\/04\\\/FHC_20L.jpg\",\"width\":1100,\"height\":1422},{\"@type\":\"BreadcrumbList\",\"@id\":\"https:\\\/\\\/liberchem.com\\\/produits\\\/fhc-dundas\\\/#breadcrumb\",\"itemListElement\":[{\"@type\":\"ListItem\",\"position\":1,\"name\":\"Accueil\",\"item\":\"https:\\\/\\\/liberchem.com\\\/\"},{\"@type\":\"ListItem\",\"position\":2,\"name\":\"Produits\",\"item\":\"https:\\\/\\\/liberchem.com\\\/produits\\\/\"},{\"@type\":\"ListItem\",\"position\":3,\"name\":\"FHC (DUNDAS)\"}]},{\"@type\":\"WebSite\",\"@id\":\"https:\\\/\\\/liberchem.com\\\/#website\",\"url\":\"https:\\\/\\\/liberchem.com\\\/\",\"name\":\"Liberchem\",\"description\":\"Entreprise de produits chimiques\",\"potentialAction\":[{\"@type\":\"SearchAction\",\"target\":{\"@type\":\"EntryPoint\",\"urlTemplate\":\"https:\\\/\\\/liberchem.com\\\/?s={search_term_string}\"},\"query-input\":{\"@type\":\"PropertyValueSpecification\",\"valueRequired\":true,\"valueName\":\"search_term_string\"}}],\"inLanguage\":\"en-CA\"}]}<\/script>\n<!-- \/ Yoast SEO plugin. -->","yoast_head_json":{"title":"FHC (DUNDAS) - Liberchem","description":"FHC is designed to clean the exterior of dairy equipment, effectively removing dirt with a foaming applicator while preserving delicate surfaces.","robots":{"index":"noindex","follow":"follow"},"og_locale":"en_US","og_type":"article","og_title":"ACIDE 100 - Liberchem","og_description":"Nettoyant acide \u00e9conomique pour \u00e9quipements laitiers. \u00c9limine le calcaire sans r\u00e9sidu. Formul\u00e9 \u00e0 base d'acide phosphorique et sulfurique.","og_url":"https:\/\/liberchem.com\/en\/products\/fhc-dundas\/","og_site_name":"Liberchem","article_modified_time":"2025-12-11T17:49:07+00:00","og_image":[{"width":763,"height":513,"url":"https:\/\/liberchem.com\/wp-content\/uploads\/2023\/12\/acide100.png","type":"image\/png"}],"twitter_card":"summary_large_image","twitter_misc":{"Est. reading time":"1 minute"},"schema":{"@context":"https:\/\/schema.org","@graph":[{"@type":"WebPage","@id":"https:\/\/liberchem.com\/produits\/fhc-dundas\/","url":"https:\/\/liberchem.com\/produits\/fhc-dundas\/","name":"FHC (DUNDAS) - Liberchem","isPartOf":{"@id":"https:\/\/liberchem.com\/#website"},"primaryImageOfPage":{"@id":"https:\/\/liberchem.com\/produits\/fhc-dundas\/#primaryimage"},"image":{"@id":"https:\/\/liberchem.com\/produits\/fhc-dundas\/#primaryimage"},"thumbnailUrl":"https:\/\/liberchem.com\/wp-content\/uploads\/2025\/04\/FHC_20L.jpg","datePublished":"2025-10-09T18:00:26+00:00","dateModified":"2025-12-11T17:49:07+00:00","description":"FHC is designed to clean the exterior of dairy equipment, effectively removing dirt with a foaming applicator while preserving delicate surfaces.","breadcrumb":{"@id":"https:\/\/liberchem.com\/produits\/fhc-dundas\/#breadcrumb"},"inLanguage":"en-CA","potentialAction":[{"@type":"ReadAction","target":["https:\/\/liberchem.com\/produits\/fhc-dundas\/"]}]},{"@type":"ImageObject","inLanguage":"en-CA","@id":"https:\/\/liberchem.com\/produits\/fhc-dundas\/#primaryimage","url":"https:\/\/liberchem.com\/wp-content\/uploads\/2025\/04\/FHC_20L.jpg","contentUrl":"https:\/\/liberchem.com\/wp-content\/uploads\/2025\/04\/FHC_20L.jpg","width":1100,"height":1422},{"@type":"BreadcrumbList","@id":"https:\/\/liberchem.com\/produits\/fhc-dundas\/#breadcrumb","itemListElement":[{"@type":"ListItem","position":1,"name":"Accueil","item":"https:\/\/liberchem.com\/"},{"@type":"ListItem","position":2,"name":"Produits","item":"https:\/\/liberchem.com\/produits\/"},{"@type":"ListItem","position":3,"name":"FHC (DUNDAS)"}]},{"@type":"WebSite","@id":"https:\/\/liberchem.com\/#website","url":"https:\/\/liberchem.com\/","name":"Liberchem","description":"Chemical company","potentialAction":[{"@type":"SearchAction","target":{"@type":"EntryPoint","urlTemplate":"https:\/\/liberchem.com\/?s={search_term_string}"},"query-input":{"@type":"PropertyValueSpecification","valueRequired":true,"valueName":"search_term_string"}}],"inLanguage":"en-CA"}]}},"_links":{"self":[{"href":"https:\/\/liberchem.com\/en\/wp-json\/wp\/v2\/product\/114421","targetHints":{"allow":["GET"]}}],"collection":[{"href":"https:\/\/liberchem.com\/en\/wp-json\/wp\/v2\/product"}],"about":[{"href":"https:\/\/liberchem.com\/en\/wp-json\/wp\/v2\/types\/product"}],"wp:featuredmedia":[{"embeddable":true,"href":"https:\/\/liberchem.com\/en\/wp-json\/wp\/v2\/media\/112590"}],"wp:attachment":[{"href":"https:\/\/liberchem.com\/en\/wp-json\/wp\/v2\/media?parent=114421"}],"wp:term":[{"taxonomy":"product_brand","embeddable":true,"href":"https:\/\/liberchem.com\/en\/wp-json\/wp\/v2\/product_brand?post=114421"},{"taxonomy":"product_cat","embeddable":true,"href":"https:\/\/liberchem.com\/en\/wp-json\/wp\/v2\/product_cat?post=114421"},{"taxonomy":"product_tag","embeddable":true,"href":"https:\/\/liberchem.com\/en\/wp-json\/wp\/v2\/product_tag?post=114421"}],"curies":[{"name":"wp","href":"https:\/\/api.w.org\/{rel}","templated":true}]}}