{"id":114546,"date":"2025-10-31T12:17:57","date_gmt":"2025-10-31T16:17:57","guid":{"rendered":"https:\/\/liberchem.com\/?post_type=product&#038;p=114546"},"modified":"2026-03-05T10:37:01","modified_gmt":"2026-03-05T15:37:01","slug":"iodex-brite","status":"publish","type":"product","link":"https:\/\/liberchem.com\/en\/produits\/iodex-brite\/","title":{"rendered":"IODEX-BRITE"},"content":{"rendered":"","protected":false},"excerpt":{"rendered":"<p class=\"p1\"><b>LIQUID LAUNDRY DETERGENT <\/b><b><\/b><\/p>\n<p class=\"p2\">IODEX BRITE a \u00e9t\u00e9 sp\u00e9cialement formul\u00e9 pour les besoins en lavage de tissus ou les taches d\u2019iode sont pr\u00e9sentent. Il \u00e9limine les taches d\u2019iode et laisse les tissus propres. L\u2019ajout d\u2019\u00e9mollients laissent les tissus doux pour la peau. Il est aussi un d\u00e9tergent actif dans les conditions d\u2019eau dure. Il aide \u00e0 pr\u00e9venir le grisonnement des tissus en mettant les salet\u00e9s en suspension. De plus, il rend les blancs plus blancs et les couleurs \u00e9clatantes. Il est sans danger pour tous les tissus.<\/p>","protected":false},"featured_media":114593,"template":"","meta":{"_acf_changed":false},"product_brand":[],"product_cat":[135,138,136],"product_tag":[155,157,191,161],"class_list":{"0":"post-114546","1":"product","2":"type-product","3":"status-publish","4":"has-post-thumbnail","6":"product_cat-ferme-avicole","7":"product_cat-ferme-laitiere","8":"product_cat-ferme-porcine","9":"product_tag-concentre","10":"product_tag-eau-froide","11":"product_tag-ferme-traditionnel","12":"product_tag-produit-pour-robot","13":"pa_categorie-detergent-a-lessive","14":"pa_format-10-l","15":"pa_format-20l","16":"pa_format-4x4l","18":"first","19":"instock","20":"taxable","21":"shipping-taxable","22":"purchasable","23":"product-type-variable"},"acf":[],"yoast_head":"<!-- This site is optimized with the Yoast SEO plugin v27.3 - https:\/\/yoast.com\/product\/yoast-seo-wordpress\/ -->\n<title>IODEX-BRITE - Liberchem<\/title>\n<meta name=\"description\" content=\"D\u00e9couvrez le IODEX BRITE a \u00e9t\u00e9 sp\u00e9cialement formul\u00e9 pour les besoins en lavage de tissus oules taches d\u2019iode sont pr\u00e9sentent.\" \/>\n<meta name=\"robots\" content=\"noindex, follow\" \/>\n<meta property=\"og:locale\" content=\"en_US\" \/>\n<meta property=\"og:type\" content=\"article\" \/>\n<meta property=\"og:title\" content=\"ACIDE 100 - Liberchem\" \/>\n<meta property=\"og:description\" content=\"Nettoyant acide \u00e9conomique pour \u00e9quipements laitiers. \u00c9limine le calcaire sans r\u00e9sidu. Formul\u00e9 \u00e0 base d&#039;acide phosphorique et sulfurique.\" \/>\n<meta property=\"og:url\" content=\"https:\/\/liberchem.com\/en\/products\/iodex-brite\/\" \/>\n<meta property=\"og:site_name\" content=\"Liberchem\" \/>\n<meta property=\"article:modified_time\" content=\"2026-03-05T15:37:01+00:00\" \/>\n<meta property=\"og:image\" content=\"https:\/\/liberchem.com\/wp-content\/uploads\/2023\/12\/acide100.png\" \/>\n\t<meta property=\"og:image:width\" content=\"763\" \/>\n\t<meta property=\"og:image:height\" content=\"513\" \/>\n\t<meta property=\"og:image:type\" content=\"image\/png\" \/>\n<meta name=\"twitter:card\" content=\"summary_large_image\" \/>\n<meta name=\"twitter:label1\" content=\"Est. reading time\" \/>\n\t<meta name=\"twitter:data1\" content=\"1 minute\" \/>\n<script type=\"application\/ld+json\" class=\"yoast-schema-graph\">{\"@context\":\"https:\\\/\\\/schema.org\",\"@graph\":[{\"@type\":\"WebPage\",\"@id\":\"https:\\\/\\\/liberchem.com\\\/produits\\\/iodex-brite\\\/\",\"url\":\"https:\\\/\\\/liberchem.com\\\/produits\\\/iodex-brite\\\/\",\"name\":\"IODEX-BRITE - Liberchem\",\"isPartOf\":{\"@id\":\"https:\\\/\\\/liberchem.com\\\/#website\"},\"primaryImageOfPage\":{\"@id\":\"https:\\\/\\\/liberchem.com\\\/produits\\\/iodex-brite\\\/#primaryimage\"},\"image\":{\"@id\":\"https:\\\/\\\/liberchem.com\\\/produits\\\/iodex-brite\\\/#primaryimage\"},\"thumbnailUrl\":\"https:\\\/\\\/liberchem.com\\\/wp-content\\\/uploads\\\/Iodex_Brite-10L-1.jpg\",\"datePublished\":\"2025-10-31T16:17:57+00:00\",\"dateModified\":\"2026-03-05T15:37:01+00:00\",\"description\":\"D\u00e9couvrez le IODEX BRITE a \u00e9t\u00e9 sp\u00e9cialement formul\u00e9 pour les besoins en lavage de tissus oules taches d\u2019iode sont pr\u00e9sentent.\",\"breadcrumb\":{\"@id\":\"https:\\\/\\\/liberchem.com\\\/produits\\\/iodex-brite\\\/#breadcrumb\"},\"inLanguage\":\"en-CA\",\"potentialAction\":[{\"@type\":\"ReadAction\",\"target\":[\"https:\\\/\\\/liberchem.com\\\/produits\\\/iodex-brite\\\/\"]}]},{\"@type\":\"ImageObject\",\"inLanguage\":\"en-CA\",\"@id\":\"https:\\\/\\\/liberchem.com\\\/produits\\\/iodex-brite\\\/#primaryimage\",\"url\":\"https:\\\/\\\/liberchem.com\\\/wp-content\\\/uploads\\\/Iodex_Brite-10L-1.jpg\",\"contentUrl\":\"https:\\\/\\\/liberchem.com\\\/wp-content\\\/uploads\\\/Iodex_Brite-10L-1.jpg\",\"width\":408,\"height\":482},{\"@type\":\"BreadcrumbList\",\"@id\":\"https:\\\/\\\/liberchem.com\\\/produits\\\/iodex-brite\\\/#breadcrumb\",\"itemListElement\":[{\"@type\":\"ListItem\",\"position\":1,\"name\":\"Accueil\",\"item\":\"https:\\\/\\\/liberchem.com\\\/\"},{\"@type\":\"ListItem\",\"position\":2,\"name\":\"Produits\",\"item\":\"https:\\\/\\\/liberchem.com\\\/produits\\\/\"},{\"@type\":\"ListItem\",\"position\":3,\"name\":\"IODEX-BRITE\"}]},{\"@type\":\"WebSite\",\"@id\":\"https:\\\/\\\/liberchem.com\\\/#website\",\"url\":\"https:\\\/\\\/liberchem.com\\\/\",\"name\":\"Liberchem\",\"description\":\"Entreprise de produits chimiques\",\"potentialAction\":[{\"@type\":\"SearchAction\",\"target\":{\"@type\":\"EntryPoint\",\"urlTemplate\":\"https:\\\/\\\/liberchem.com\\\/?s={search_term_string}\"},\"query-input\":{\"@type\":\"PropertyValueSpecification\",\"valueRequired\":true,\"valueName\":\"search_term_string\"}}],\"inLanguage\":\"en-CA\"}]}<\/script>\n<!-- \/ Yoast SEO plugin. -->","yoast_head_json":{"title":"IODEX-BRITE - Liberchem","description":"D\u00e9couvrez le IODEX BRITE a \u00e9t\u00e9 sp\u00e9cialement formul\u00e9 pour les besoins en lavage de tissus oules taches d\u2019iode sont pr\u00e9sentent.","robots":{"index":"noindex","follow":"follow"},"og_locale":"en_US","og_type":"article","og_title":"ACIDE 100 - Liberchem","og_description":"Nettoyant acide \u00e9conomique pour \u00e9quipements laitiers. \u00c9limine le calcaire sans r\u00e9sidu. Formul\u00e9 \u00e0 base d'acide phosphorique et sulfurique.","og_url":"https:\/\/liberchem.com\/en\/products\/iodex-brite\/","og_site_name":"Liberchem","article_modified_time":"2026-03-05T15:37:01+00:00","og_image":[{"width":763,"height":513,"url":"https:\/\/liberchem.com\/wp-content\/uploads\/2023\/12\/acide100.png","type":"image\/png"}],"twitter_card":"summary_large_image","twitter_misc":{"Est. reading time":"1 minute"},"schema":{"@context":"https:\/\/schema.org","@graph":[{"@type":"WebPage","@id":"https:\/\/liberchem.com\/produits\/iodex-brite\/","url":"https:\/\/liberchem.com\/produits\/iodex-brite\/","name":"IODEX-BRITE - Liberchem","isPartOf":{"@id":"https:\/\/liberchem.com\/#website"},"primaryImageOfPage":{"@id":"https:\/\/liberchem.com\/produits\/iodex-brite\/#primaryimage"},"image":{"@id":"https:\/\/liberchem.com\/produits\/iodex-brite\/#primaryimage"},"thumbnailUrl":"https:\/\/liberchem.com\/wp-content\/uploads\/Iodex_Brite-10L-1.jpg","datePublished":"2025-10-31T16:17:57+00:00","dateModified":"2026-03-05T15:37:01+00:00","description":"D\u00e9couvrez le IODEX BRITE a \u00e9t\u00e9 sp\u00e9cialement formul\u00e9 pour les besoins en lavage de tissus oules taches d\u2019iode sont pr\u00e9sentent.","breadcrumb":{"@id":"https:\/\/liberchem.com\/produits\/iodex-brite\/#breadcrumb"},"inLanguage":"en-CA","potentialAction":[{"@type":"ReadAction","target":["https:\/\/liberchem.com\/produits\/iodex-brite\/"]}]},{"@type":"ImageObject","inLanguage":"en-CA","@id":"https:\/\/liberchem.com\/produits\/iodex-brite\/#primaryimage","url":"https:\/\/liberchem.com\/wp-content\/uploads\/Iodex_Brite-10L-1.jpg","contentUrl":"https:\/\/liberchem.com\/wp-content\/uploads\/Iodex_Brite-10L-1.jpg","width":408,"height":482},{"@type":"BreadcrumbList","@id":"https:\/\/liberchem.com\/produits\/iodex-brite\/#breadcrumb","itemListElement":[{"@type":"ListItem","position":1,"name":"Accueil","item":"https:\/\/liberchem.com\/"},{"@type":"ListItem","position":2,"name":"Produits","item":"https:\/\/liberchem.com\/produits\/"},{"@type":"ListItem","position":3,"name":"IODEX-BRITE"}]},{"@type":"WebSite","@id":"https:\/\/liberchem.com\/#website","url":"https:\/\/liberchem.com\/","name":"Liberchem","description":"Chemical company","potentialAction":[{"@type":"SearchAction","target":{"@type":"EntryPoint","urlTemplate":"https:\/\/liberchem.com\/?s={search_term_string}"},"query-input":{"@type":"PropertyValueSpecification","valueRequired":true,"valueName":"search_term_string"}}],"inLanguage":"en-CA"}]}},"_links":{"self":[{"href":"https:\/\/liberchem.com\/en\/wp-json\/wp\/v2\/product\/114546","targetHints":{"allow":["GET"]}}],"collection":[{"href":"https:\/\/liberchem.com\/en\/wp-json\/wp\/v2\/product"}],"about":[{"href":"https:\/\/liberchem.com\/en\/wp-json\/wp\/v2\/types\/product"}],"wp:featuredmedia":[{"embeddable":true,"href":"https:\/\/liberchem.com\/en\/wp-json\/wp\/v2\/media\/114593"}],"wp:attachment":[{"href":"https:\/\/liberchem.com\/en\/wp-json\/wp\/v2\/media?parent=114546"}],"wp:term":[{"taxonomy":"product_brand","embeddable":true,"href":"https:\/\/liberchem.com\/en\/wp-json\/wp\/v2\/product_brand?post=114546"},{"taxonomy":"product_cat","embeddable":true,"href":"https:\/\/liberchem.com\/en\/wp-json\/wp\/v2\/product_cat?post=114546"},{"taxonomy":"product_tag","embeddable":true,"href":"https:\/\/liberchem.com\/en\/wp-json\/wp\/v2\/product_tag?post=114546"}],"curies":[{"name":"wp","href":"https:\/\/api.w.org\/{rel}","templated":true}]}}