{"id":114597,"date":"2026-03-05T09:04:47","date_gmt":"2026-03-05T14:04:47","guid":{"rendered":"https:\/\/liberchem.com\/?post_type=product&#038;p=114597"},"modified":"2026-03-05T09:24:15","modified_gmt":"2026-03-05T14:24:15","slug":"pro-chlor-hd","status":"publish","type":"product","link":"https:\/\/liberchem.com\/en\/produits\/pro-chlor-hd\/","title":{"rendered":"PRO-CHLOR HD"},"content":{"rendered":"","protected":false},"excerpt":{"rendered":"<p class=\"p2\"><b>PRO CHLOR HD <\/b><\/p>\n<p class=\"p2\">Con\u00e7u pour nettoyer les \u00e9quipements laitiers. Puissant d\u00e9tergent chlor\u00e9 pour lavage \u00e0 l\u2019eau chaude. Sp\u00e9cialement formul\u00e9 pour les conditions d\u2019eau dure \u00e0 tr\u00e8s dure.<\/p>\n<p class=\"p2\">Concentration de 30 ml pour 11 L d\u2019eau (1 oz par 3 gal.).<\/p>","protected":false},"featured_media":114555,"template":"","meta":{"_acf_changed":false},"product_brand":[],"product_cat":[138],"product_tag":[156,155,191],"class_list":{"0":"post-114597","1":"product","2":"type-product","3":"status-publish","4":"has-post-thumbnail","6":"product_cat-ferme-laitiere","7":"product_tag-chlore","8":"product_tag-concentre","9":"product_tag-ferme-traditionnel","10":"pa_categorie-detergents","11":"pa_format-1040l","12":"pa_format-200l","13":"pa_format-20l","14":"pa_format-55l","16":"first","17":"instock","18":"taxable","19":"shipping-taxable","20":"purchasable","21":"product-type-variable"},"acf":[],"yoast_head":"<!-- This site is optimized with the Yoast SEO plugin v27.5 - https:\/\/yoast.com\/product\/yoast-seo-wordpress\/ -->\n<title>PRO-CHLOR HD - Liberchem<\/title>\n<meta name=\"description\" content=\"D\u00e9couvrez notre nettoyant alcalin chlore \u00e9conomique, id\u00e9al pour nettoyer conduits et citernes C.I.P. avec une concentration efficace pour lavage \u00e0 l&#039;eau chaude.\" \/>\n<meta name=\"robots\" content=\"index, follow, max-snippet:-1, max-image-preview:large, max-video-preview:-1\" \/>\n<link rel=\"canonical\" href=\"https:\/\/liberchem.com\/en\/products\/pro-chlor-hd\/\" \/>\n<meta property=\"og:locale\" content=\"en_US\" \/>\n<meta property=\"og:type\" content=\"article\" \/>\n<meta property=\"og:title\" content=\"ACIDE 100 - Liberchem\" \/>\n<meta property=\"og:description\" content=\"Nettoyant acide \u00e9conomique pour \u00e9quipements laitiers. \u00c9limine le calcaire sans r\u00e9sidu. Formul\u00e9 \u00e0 base d&#039;acide phosphorique et sulfurique.\" \/>\n<meta property=\"og:url\" content=\"https:\/\/liberchem.com\/en\/products\/pro-chlor-hd\/\" \/>\n<meta property=\"og:site_name\" content=\"Liberchem\" \/>\n<meta property=\"article:modified_time\" content=\"2026-03-05T14:24:15+00:00\" \/>\n<meta property=\"og:image\" content=\"https:\/\/liberchem.com\/wp-content\/uploads\/2023\/12\/acide100.png\" \/>\n\t<meta property=\"og:image:width\" content=\"763\" \/>\n\t<meta property=\"og:image:height\" content=\"513\" \/>\n\t<meta property=\"og:image:type\" content=\"image\/png\" \/>\n<meta name=\"twitter:card\" content=\"summary_large_image\" \/>\n<meta name=\"twitter:label1\" content=\"Est. reading time\" \/>\n\t<meta name=\"twitter:data1\" content=\"1 minute\" \/>\n<script type=\"application\/ld+json\" class=\"yoast-schema-graph\">{\"@context\":\"https:\\\/\\\/schema.org\",\"@graph\":[{\"@type\":\"WebPage\",\"@id\":\"https:\\\/\\\/liberchem.com\\\/produits\\\/pro-chlor-hd\\\/\",\"url\":\"https:\\\/\\\/liberchem.com\\\/produits\\\/pro-chlor-hd\\\/\",\"name\":\"PRO-CHLOR HD - Liberchem\",\"isPartOf\":{\"@id\":\"https:\\\/\\\/liberchem.com\\\/#website\"},\"primaryImageOfPage\":{\"@id\":\"https:\\\/\\\/liberchem.com\\\/produits\\\/pro-chlor-hd\\\/#primaryimage\"},\"image\":{\"@id\":\"https:\\\/\\\/liberchem.com\\\/produits\\\/pro-chlor-hd\\\/#primaryimage\"},\"thumbnailUrl\":\"https:\\\/\\\/liberchem.com\\\/wp-content\\\/uploads\\\/Pro-Chlor_20L.jpg\",\"datePublished\":\"2026-03-05T14:04:47+00:00\",\"dateModified\":\"2026-03-05T14:24:15+00:00\",\"description\":\"D\u00e9couvrez notre nettoyant alcalin chlore \u00e9conomique, id\u00e9al pour nettoyer conduits et citernes C.I.P. avec une concentration efficace pour lavage \u00e0 l'eau chaude.\",\"breadcrumb\":{\"@id\":\"https:\\\/\\\/liberchem.com\\\/produits\\\/pro-chlor-hd\\\/#breadcrumb\"},\"inLanguage\":\"en-CA\",\"potentialAction\":[{\"@type\":\"ReadAction\",\"target\":[\"https:\\\/\\\/liberchem.com\\\/produits\\\/pro-chlor-hd\\\/\"]}]},{\"@type\":\"ImageObject\",\"inLanguage\":\"en-CA\",\"@id\":\"https:\\\/\\\/liberchem.com\\\/produits\\\/pro-chlor-hd\\\/#primaryimage\",\"url\":\"https:\\\/\\\/liberchem.com\\\/wp-content\\\/uploads\\\/Pro-Chlor_20L.jpg\",\"contentUrl\":\"https:\\\/\\\/liberchem.com\\\/wp-content\\\/uploads\\\/Pro-Chlor_20L.jpg\",\"width\":1100,\"height\":1422},{\"@type\":\"BreadcrumbList\",\"@id\":\"https:\\\/\\\/liberchem.com\\\/produits\\\/pro-chlor-hd\\\/#breadcrumb\",\"itemListElement\":[{\"@type\":\"ListItem\",\"position\":1,\"name\":\"Accueil\",\"item\":\"https:\\\/\\\/liberchem.com\\\/\"},{\"@type\":\"ListItem\",\"position\":2,\"name\":\"Produits\",\"item\":\"https:\\\/\\\/liberchem.com\\\/produits\\\/\"},{\"@type\":\"ListItem\",\"position\":3,\"name\":\"PRO-CHLOR HD\"}]},{\"@type\":\"WebSite\",\"@id\":\"https:\\\/\\\/liberchem.com\\\/#website\",\"url\":\"https:\\\/\\\/liberchem.com\\\/\",\"name\":\"Liberchem\",\"description\":\"Entreprise de produits chimiques\",\"potentialAction\":[{\"@type\":\"SearchAction\",\"target\":{\"@type\":\"EntryPoint\",\"urlTemplate\":\"https:\\\/\\\/liberchem.com\\\/?s={search_term_string}\"},\"query-input\":{\"@type\":\"PropertyValueSpecification\",\"valueRequired\":true,\"valueName\":\"search_term_string\"}}],\"inLanguage\":\"en-CA\"}]}<\/script>\n<!-- \/ Yoast SEO plugin. -->","yoast_head_json":{"title":"PRO-CHLOR HD - Liberchem","description":"Discover our economical alkaline chlorine cleaner, ideal for cleaning CIP pipes and tanks with an effective concentration for hot water washing.","robots":{"index":"index","follow":"follow","max-snippet":"max-snippet:-1","max-image-preview":"max-image-preview:large","max-video-preview":"max-video-preview:-1"},"canonical":"https:\/\/liberchem.com\/en\/products\/pro-chlor-hd\/","og_locale":"en_US","og_type":"article","og_title":"ACIDE 100 - Liberchem","og_description":"Nettoyant acide \u00e9conomique pour \u00e9quipements laitiers. \u00c9limine le calcaire sans r\u00e9sidu. Formul\u00e9 \u00e0 base d'acide phosphorique et sulfurique.","og_url":"https:\/\/liberchem.com\/en\/products\/pro-chlor-hd\/","og_site_name":"Liberchem","article_modified_time":"2026-03-05T14:24:15+00:00","og_image":[{"width":763,"height":513,"url":"https:\/\/liberchem.com\/wp-content\/uploads\/2023\/12\/acide100.png","type":"image\/png"}],"twitter_card":"summary_large_image","twitter_misc":{"Est. reading time":"1 minute"},"schema":{"@context":"https:\/\/schema.org","@graph":[{"@type":"WebPage","@id":"https:\/\/liberchem.com\/produits\/pro-chlor-hd\/","url":"https:\/\/liberchem.com\/produits\/pro-chlor-hd\/","name":"PRO-CHLOR HD - Liberchem","isPartOf":{"@id":"https:\/\/liberchem.com\/#website"},"primaryImageOfPage":{"@id":"https:\/\/liberchem.com\/produits\/pro-chlor-hd\/#primaryimage"},"image":{"@id":"https:\/\/liberchem.com\/produits\/pro-chlor-hd\/#primaryimage"},"thumbnailUrl":"https:\/\/liberchem.com\/wp-content\/uploads\/Pro-Chlor_20L.jpg","datePublished":"2026-03-05T14:04:47+00:00","dateModified":"2026-03-05T14:24:15+00:00","description":"Discover our economical alkaline chlorine cleaner, ideal for cleaning CIP pipes and tanks with an effective concentration for hot water washing.","breadcrumb":{"@id":"https:\/\/liberchem.com\/produits\/pro-chlor-hd\/#breadcrumb"},"inLanguage":"en-CA","potentialAction":[{"@type":"ReadAction","target":["https:\/\/liberchem.com\/produits\/pro-chlor-hd\/"]}]},{"@type":"ImageObject","inLanguage":"en-CA","@id":"https:\/\/liberchem.com\/produits\/pro-chlor-hd\/#primaryimage","url":"https:\/\/liberchem.com\/wp-content\/uploads\/Pro-Chlor_20L.jpg","contentUrl":"https:\/\/liberchem.com\/wp-content\/uploads\/Pro-Chlor_20L.jpg","width":1100,"height":1422},{"@type":"BreadcrumbList","@id":"https:\/\/liberchem.com\/produits\/pro-chlor-hd\/#breadcrumb","itemListElement":[{"@type":"ListItem","position":1,"name":"Accueil","item":"https:\/\/liberchem.com\/"},{"@type":"ListItem","position":2,"name":"Produits","item":"https:\/\/liberchem.com\/produits\/"},{"@type":"ListItem","position":3,"name":"PRO-CHLOR HD"}]},{"@type":"WebSite","@id":"https:\/\/liberchem.com\/#website","url":"https:\/\/liberchem.com\/","name":"Liberchem","description":"Chemical company","potentialAction":[{"@type":"SearchAction","target":{"@type":"EntryPoint","urlTemplate":"https:\/\/liberchem.com\/?s={search_term_string}"},"query-input":{"@type":"PropertyValueSpecification","valueRequired":true,"valueName":"search_term_string"}}],"inLanguage":"en-CA"}]}},"_links":{"self":[{"href":"https:\/\/liberchem.com\/en\/wp-json\/wp\/v2\/product\/114597","targetHints":{"allow":["GET"]}}],"collection":[{"href":"https:\/\/liberchem.com\/en\/wp-json\/wp\/v2\/product"}],"about":[{"href":"https:\/\/liberchem.com\/en\/wp-json\/wp\/v2\/types\/product"}],"wp:featuredmedia":[{"embeddable":true,"href":"https:\/\/liberchem.com\/en\/wp-json\/wp\/v2\/media\/114555"}],"wp:attachment":[{"href":"https:\/\/liberchem.com\/en\/wp-json\/wp\/v2\/media?parent=114597"}],"wp:term":[{"taxonomy":"product_brand","embeddable":true,"href":"https:\/\/liberchem.com\/en\/wp-json\/wp\/v2\/product_brand?post=114597"},{"taxonomy":"product_cat","embeddable":true,"href":"https:\/\/liberchem.com\/en\/wp-json\/wp\/v2\/product_cat?post=114597"},{"taxonomy":"product_tag","embeddable":true,"href":"https:\/\/liberchem.com\/en\/wp-json\/wp\/v2\/product_tag?post=114597"}],"curies":[{"name":"wp","href":"https:\/\/api.w.org\/{rel}","templated":true}]}}