{"id":114603,"date":"2026-03-05T09:24:56","date_gmt":"2026-03-05T14:24:56","guid":{"rendered":"https:\/\/liberchem.com\/?post_type=product&#038;p=114603"},"modified":"2026-03-05T10:21:23","modified_gmt":"2026-03-05T15:21:23","slug":"dp-4x","status":"publish","type":"product","link":"https:\/\/liberchem.com\/en\/produits\/dp-4x\/","title":{"rendered":"DP-4X"},"content":{"rendered":"","protected":false},"excerpt":{"rendered":"<p class=\"p1\">DP-4X<\/p>\n<p class=\"p2\">Con\u00e7u pour nettoyer les \u00e9quipements laitiers. D\u00e9tergent concentr\u00e9, con\u00e7u pour les<\/p>\n<p class=\"p2\">lavages \u00e0 haute temp\u00e9rature des r\u00e9servoirs et des syst\u00e8mes en circuit ferm\u00e9. Sa<\/p>\n<p class=\"p2\">composition de surfactant, alcalinit\u00e9 et chlore en fait aussi un produit id\u00e9al pour les<\/p>\n<p class=\"p2\">traitements chocs. de plus, il est id\u00e9al pour les conditions d\u2019eau dure et les syst\u00e8mes<\/p>\n<p class=\"p2\">difficiles \u00e0 nettoyer.<\/p>\n<p class=\"p2\">Concentration de 30 gr pour 10 \u00e0 15 L. d\u2019eau (1 oz par 2 \u00e0 4 gal.).<\/p>","protected":false},"featured_media":114606,"template":"","meta":{"_acf_changed":false},"product_brand":[],"product_cat":[135,138,136,22],"product_tag":[156,155,158,191,160,165],"class_list":{"0":"post-114603","1":"product","2":"type-product","3":"status-publish","4":"has-post-thumbnail","6":"product_cat-ferme-avicole","7":"product_cat-ferme-laitiere","8":"product_cat-ferme-porcine","9":"product_cat-produits-specialises","10":"product_tag-chlore","11":"product_tag-concentre","12":"product_tag-eau-dure","13":"product_tag-ferme-traditionnel","14":"product_tag-produit-en-poudre","15":"product_tag-traitement-choc","16":"pa_categorie-detergents","17":"pa_format-20-kg","19":"first","20":"instock","21":"taxable","22":"shipping-taxable","23":"purchasable","24":"product-type-variable"},"acf":[],"yoast_head":"<!-- This site is optimized with the Yoast SEO plugin v27.4 - https:\/\/yoast.com\/product\/yoast-seo-wordpress\/ -->\n<title>DP-4X - Liberchem<\/title>\n<meta name=\"description\" content=\"D\u00e9couvrez notre poudre nettoyant alcalin chlore pour conduits et citernes C.I.P., Id\u00e9ale pour les syst\u00e8mes et r\u00e9servoirs difficiles \u00e0 laver et pour les \u00e9quipements laitiers avec des temp\u00e9ratures d&#039;eau instables.\" \/>\n<meta name=\"robots\" content=\"index, follow, max-snippet:-1, max-image-preview:large, max-video-preview:-1\" \/>\n<link rel=\"canonical\" href=\"https:\/\/liberchem.com\/en\/products\/dp-4x\/\" \/>\n<meta property=\"og:locale\" content=\"en_US\" \/>\n<meta property=\"og:type\" content=\"article\" \/>\n<meta property=\"og:title\" content=\"ALCAVEL - Liberchem\" \/>\n<meta property=\"og:description\" content=\"Poudre d\u00e9tergent alcalin chlore - Pour laveuse \u00e0 pot\" \/>\n<meta property=\"og:url\" content=\"https:\/\/liberchem.com\/en\/products\/dp-4x\/\" \/>\n<meta property=\"og:site_name\" content=\"Liberchem\" \/>\n<meta property=\"article:modified_time\" content=\"2026-03-05T15:21:23+00:00\" \/>\n<meta property=\"og:image\" content=\"https:\/\/liberchem.com\/wp-content\/uploads\/2025\/05\/Alcavel_20kg-scaled.jpg\" \/>\n\t<meta property=\"og:image:width\" content=\"1707\" \/>\n\t<meta property=\"og:image:height\" content=\"2560\" \/>\n\t<meta property=\"og:image:type\" content=\"image\/jpeg\" \/>\n<meta name=\"twitter:card\" content=\"summary_large_image\" \/>\n<meta name=\"twitter:label1\" content=\"Est. reading time\" \/>\n\t<meta name=\"twitter:data1\" content=\"1 minute\" \/>\n<script type=\"application\/ld+json\" class=\"yoast-schema-graph\">{\"@context\":\"https:\\\/\\\/schema.org\",\"@graph\":[{\"@type\":\"WebPage\",\"@id\":\"https:\\\/\\\/liberchem.com\\\/produits\\\/dp-4x\\\/\",\"url\":\"https:\\\/\\\/liberchem.com\\\/produits\\\/dp-4x\\\/\",\"name\":\"DP-4X - Liberchem\",\"isPartOf\":{\"@id\":\"https:\\\/\\\/liberchem.com\\\/#website\"},\"primaryImageOfPage\":{\"@id\":\"https:\\\/\\\/liberchem.com\\\/produits\\\/dp-4x\\\/#primaryimage\"},\"image\":{\"@id\":\"https:\\\/\\\/liberchem.com\\\/produits\\\/dp-4x\\\/#primaryimage\"},\"thumbnailUrl\":\"https:\\\/\\\/liberchem.com\\\/wp-content\\\/uploads\\\/DP-4X.png\",\"datePublished\":\"2026-03-05T14:24:56+00:00\",\"dateModified\":\"2026-03-05T15:21:23+00:00\",\"description\":\"D\u00e9couvrez notre poudre nettoyant alcalin chlore pour conduits et citernes C.I.P., Id\u00e9ale pour les syst\u00e8mes et r\u00e9servoirs difficiles \u00e0 laver et pour les \u00e9quipements laitiers avec des temp\u00e9ratures d'eau instables.\",\"breadcrumb\":{\"@id\":\"https:\\\/\\\/liberchem.com\\\/produits\\\/dp-4x\\\/#breadcrumb\"},\"inLanguage\":\"en-CA\",\"potentialAction\":[{\"@type\":\"ReadAction\",\"target\":[\"https:\\\/\\\/liberchem.com\\\/produits\\\/dp-4x\\\/\"]}]},{\"@type\":\"ImageObject\",\"inLanguage\":\"en-CA\",\"@id\":\"https:\\\/\\\/liberchem.com\\\/produits\\\/dp-4x\\\/#primaryimage\",\"url\":\"https:\\\/\\\/liberchem.com\\\/wp-content\\\/uploads\\\/DP-4X.png\",\"contentUrl\":\"https:\\\/\\\/liberchem.com\\\/wp-content\\\/uploads\\\/DP-4X.png\",\"width\":2016,\"height\":1993},{\"@type\":\"BreadcrumbList\",\"@id\":\"https:\\\/\\\/liberchem.com\\\/produits\\\/dp-4x\\\/#breadcrumb\",\"itemListElement\":[{\"@type\":\"ListItem\",\"position\":1,\"name\":\"Accueil\",\"item\":\"https:\\\/\\\/liberchem.com\\\/\"},{\"@type\":\"ListItem\",\"position\":2,\"name\":\"Produits\",\"item\":\"https:\\\/\\\/liberchem.com\\\/produits\\\/\"},{\"@type\":\"ListItem\",\"position\":3,\"name\":\"DP-4X\"}]},{\"@type\":\"WebSite\",\"@id\":\"https:\\\/\\\/liberchem.com\\\/#website\",\"url\":\"https:\\\/\\\/liberchem.com\\\/\",\"name\":\"Liberchem\",\"description\":\"Entreprise de produits chimiques\",\"potentialAction\":[{\"@type\":\"SearchAction\",\"target\":{\"@type\":\"EntryPoint\",\"urlTemplate\":\"https:\\\/\\\/liberchem.com\\\/?s={search_term_string}\"},\"query-input\":{\"@type\":\"PropertyValueSpecification\",\"valueRequired\":true,\"valueName\":\"search_term_string\"}}],\"inLanguage\":\"en-CA\"}]}<\/script>\n<!-- \/ Yoast SEO plugin. -->","yoast_head_json":{"title":"DP-4X - Liberchem","description":"Discover our alkaline chlorine cleaning powder for CIP pipes and tanks, ideal for systems and tanks that are difficult to clean and for dairy equipment with unstable water temperatures.","robots":{"index":"index","follow":"follow","max-snippet":"max-snippet:-1","max-image-preview":"max-image-preview:large","max-video-preview":"max-video-preview:-1"},"canonical":"https:\/\/liberchem.com\/en\/products\/dp-4x\/","og_locale":"en_US","og_type":"article","og_title":"ALCAVEL - Liberchem","og_description":"Poudre d\u00e9tergent alcalin chlore - Pour laveuse \u00e0 pot","og_url":"https:\/\/liberchem.com\/en\/products\/dp-4x\/","og_site_name":"Liberchem","article_modified_time":"2026-03-05T15:21:23+00:00","og_image":[{"width":1707,"height":2560,"url":"https:\/\/liberchem.com\/wp-content\/uploads\/2025\/05\/Alcavel_20kg-scaled.jpg","type":"image\/jpeg"}],"twitter_card":"summary_large_image","twitter_misc":{"Est. reading time":"1 minute"},"schema":{"@context":"https:\/\/schema.org","@graph":[{"@type":"WebPage","@id":"https:\/\/liberchem.com\/produits\/dp-4x\/","url":"https:\/\/liberchem.com\/produits\/dp-4x\/","name":"DP-4X - Liberchem","isPartOf":{"@id":"https:\/\/liberchem.com\/#website"},"primaryImageOfPage":{"@id":"https:\/\/liberchem.com\/produits\/dp-4x\/#primaryimage"},"image":{"@id":"https:\/\/liberchem.com\/produits\/dp-4x\/#primaryimage"},"thumbnailUrl":"https:\/\/liberchem.com\/wp-content\/uploads\/DP-4X.png","datePublished":"2026-03-05T14:24:56+00:00","dateModified":"2026-03-05T15:21:23+00:00","description":"Discover our alkaline chlorine cleaning powder for CIP pipes and tanks, ideal for systems and tanks that are difficult to clean and for dairy equipment with unstable water temperatures.","breadcrumb":{"@id":"https:\/\/liberchem.com\/produits\/dp-4x\/#breadcrumb"},"inLanguage":"en-CA","potentialAction":[{"@type":"ReadAction","target":["https:\/\/liberchem.com\/produits\/dp-4x\/"]}]},{"@type":"ImageObject","inLanguage":"en-CA","@id":"https:\/\/liberchem.com\/produits\/dp-4x\/#primaryimage","url":"https:\/\/liberchem.com\/wp-content\/uploads\/DP-4X.png","contentUrl":"https:\/\/liberchem.com\/wp-content\/uploads\/DP-4X.png","width":2016,"height":1993},{"@type":"BreadcrumbList","@id":"https:\/\/liberchem.com\/produits\/dp-4x\/#breadcrumb","itemListElement":[{"@type":"ListItem","position":1,"name":"Accueil","item":"https:\/\/liberchem.com\/"},{"@type":"ListItem","position":2,"name":"Produits","item":"https:\/\/liberchem.com\/produits\/"},{"@type":"ListItem","position":3,"name":"DP-4X"}]},{"@type":"WebSite","@id":"https:\/\/liberchem.com\/#website","url":"https:\/\/liberchem.com\/","name":"Liberchem","description":"Chemical company","potentialAction":[{"@type":"SearchAction","target":{"@type":"EntryPoint","urlTemplate":"https:\/\/liberchem.com\/?s={search_term_string}"},"query-input":{"@type":"PropertyValueSpecification","valueRequired":true,"valueName":"search_term_string"}}],"inLanguage":"en-CA"}]}},"_links":{"self":[{"href":"https:\/\/liberchem.com\/en\/wp-json\/wp\/v2\/product\/114603","targetHints":{"allow":["GET"]}}],"collection":[{"href":"https:\/\/liberchem.com\/en\/wp-json\/wp\/v2\/product"}],"about":[{"href":"https:\/\/liberchem.com\/en\/wp-json\/wp\/v2\/types\/product"}],"wp:featuredmedia":[{"embeddable":true,"href":"https:\/\/liberchem.com\/en\/wp-json\/wp\/v2\/media\/114606"}],"wp:attachment":[{"href":"https:\/\/liberchem.com\/en\/wp-json\/wp\/v2\/media?parent=114603"}],"wp:term":[{"taxonomy":"product_brand","embeddable":true,"href":"https:\/\/liberchem.com\/en\/wp-json\/wp\/v2\/product_brand?post=114603"},{"taxonomy":"product_cat","embeddable":true,"href":"https:\/\/liberchem.com\/en\/wp-json\/wp\/v2\/product_cat?post=114603"},{"taxonomy":"product_tag","embeddable":true,"href":"https:\/\/liberchem.com\/en\/wp-json\/wp\/v2\/product_tag?post=114603"}],"curies":[{"name":"wp","href":"https:\/\/api.w.org\/{rel}","templated":true}]}}