{"id":114613,"date":"2026-03-05T11:07:42","date_gmt":"2026-03-05T16:07:42","guid":{"rendered":"https:\/\/liberchem.com\/?post_type=product&#038;p=114613"},"modified":"2026-03-05T11:20:25","modified_gmt":"2026-03-05T16:20:25","slug":"acid-peroxy-san","status":"publish","type":"product","link":"https:\/\/liberchem.com\/en\/produits\/acid-peroxy-san\/","title":{"rendered":"ACID PEROXY SAN"},"content":{"rendered":"","protected":false},"excerpt":{"rendered":"<p class=\"p2\"><b>NETTOYANT ACIDE ASSAINISSANTE<\/b><\/p>\n<p class=\"p2\"><b>ACID PEROXY SAN <\/b>est con\u00e7u pour nettoyer les \u00e9quipements laitiers. Acide \u00e0 base d\u2019acide sulfurique et peroxyde d\u2019hydrog\u00e8ne pour \u00e9liminer les d\u00e9p\u00f4ts de fer et de min\u00e9raux et assainir en une \u00e9tape. Concentration de 30 ml pour 12 L d\u2019eau (1 oz par 3 gal).<\/p>","protected":false},"featured_media":114611,"template":"","meta":{"_acf_changed":false},"product_brand":[],"product_cat":[138],"product_tag":[191,161],"class_list":{"0":"post-114613","1":"product","2":"type-product","3":"status-publish","4":"has-post-thumbnail","6":"product_cat-ferme-laitiere","7":"product_tag-ferme-traditionnel","8":"product_tag-produit-pour-robot","9":"pa_categorie-acides","10":"pa_format-1040l","11":"pa_format-200l","12":"pa_format-20l","13":"pa_format-55l","15":"first","16":"instock","17":"taxable","18":"shipping-taxable","19":"purchasable","20":"product-type-variable"},"acf":[],"yoast_head":"<!-- This site is optimized with the Yoast SEO plugin v27.5 - https:\/\/yoast.com\/product\/yoast-seo-wordpress\/ -->\n<title>ACID PEROXY SAN - Liberchem<\/title>\n<meta name=\"description\" content=\"D\u00e9couvrez notre acide assainissante con\u00e7u pour nettoyer les \u00e9quipements laitiers. Acide \u00e0 base d\u2019acide sulfurique et peroxyde d\u2019hydrog\u00e8ne\" \/>\n<meta name=\"robots\" content=\"index, follow, max-snippet:-1, max-image-preview:large, max-video-preview:-1\" \/>\n<link rel=\"canonical\" href=\"https:\/\/liberchem.com\/en\/products\/acid-peroxy-san\/\" \/>\n<meta property=\"og:locale\" content=\"en_US\" \/>\n<meta property=\"og:type\" content=\"article\" \/>\n<meta property=\"og:title\" content=\"ACID PEROXY SAN - Liberchem\" \/>\n<meta property=\"og:description\" content=\"D\u00e9couvrez notre acide assainissante con\u00e7u pour nettoyer les \u00e9quipements laitiers. Acide \u00e0 base d\u2019acide sulfurique et peroxyde d\u2019hydrog\u00e8ne\" \/>\n<meta property=\"og:url\" content=\"https:\/\/liberchem.com\/en\/products\/acid-peroxy-san\/\" \/>\n<meta property=\"og:site_name\" content=\"Liberchem\" \/>\n<meta property=\"article:modified_time\" content=\"2026-03-05T16:20:25+00:00\" \/>\n<meta property=\"og:image\" content=\"https:\/\/liberchem.com\/wp-content\/uploads\/Acide-peroxy-san_20L.jpg\" \/>\n\t<meta property=\"og:image:width\" content=\"1100\" \/>\n\t<meta property=\"og:image:height\" content=\"1422\" \/>\n\t<meta property=\"og:image:type\" content=\"image\/jpeg\" \/>\n<meta name=\"twitter:card\" content=\"summary_large_image\" \/>\n<meta name=\"twitter:label1\" content=\"Est. reading time\" \/>\n\t<meta name=\"twitter:data1\" content=\"1 minute\" \/>\n<script type=\"application\/ld+json\" class=\"yoast-schema-graph\">{\"@context\":\"https:\\\/\\\/schema.org\",\"@graph\":[{\"@type\":\"WebPage\",\"@id\":\"https:\\\/\\\/liberchem.com\\\/produits\\\/acid-peroxy-san\\\/\",\"url\":\"https:\\\/\\\/liberchem.com\\\/produits\\\/acid-peroxy-san\\\/\",\"name\":\"ACID PEROXY SAN - Liberchem\",\"isPartOf\":{\"@id\":\"https:\\\/\\\/liberchem.com\\\/#website\"},\"primaryImageOfPage\":{\"@id\":\"https:\\\/\\\/liberchem.com\\\/produits\\\/acid-peroxy-san\\\/#primaryimage\"},\"image\":{\"@id\":\"https:\\\/\\\/liberchem.com\\\/produits\\\/acid-peroxy-san\\\/#primaryimage\"},\"thumbnailUrl\":\"https:\\\/\\\/liberchem.com\\\/wp-content\\\/uploads\\\/Acide-peroxy-san_20L.jpg\",\"datePublished\":\"2026-03-05T16:07:42+00:00\",\"dateModified\":\"2026-03-05T16:20:25+00:00\",\"description\":\"D\u00e9couvrez notre acide assainissante con\u00e7u pour nettoyer les \u00e9quipements laitiers. Acide \u00e0 base d\u2019acide sulfurique et peroxyde d\u2019hydrog\u00e8ne\",\"breadcrumb\":{\"@id\":\"https:\\\/\\\/liberchem.com\\\/produits\\\/acid-peroxy-san\\\/#breadcrumb\"},\"inLanguage\":\"en-CA\",\"potentialAction\":[{\"@type\":\"ReadAction\",\"target\":[\"https:\\\/\\\/liberchem.com\\\/produits\\\/acid-peroxy-san\\\/\"]}]},{\"@type\":\"ImageObject\",\"inLanguage\":\"en-CA\",\"@id\":\"https:\\\/\\\/liberchem.com\\\/produits\\\/acid-peroxy-san\\\/#primaryimage\",\"url\":\"https:\\\/\\\/liberchem.com\\\/wp-content\\\/uploads\\\/Acide-peroxy-san_20L.jpg\",\"contentUrl\":\"https:\\\/\\\/liberchem.com\\\/wp-content\\\/uploads\\\/Acide-peroxy-san_20L.jpg\",\"width\":1100,\"height\":1422},{\"@type\":\"BreadcrumbList\",\"@id\":\"https:\\\/\\\/liberchem.com\\\/produits\\\/acid-peroxy-san\\\/#breadcrumb\",\"itemListElement\":[{\"@type\":\"ListItem\",\"position\":1,\"name\":\"Accueil\",\"item\":\"https:\\\/\\\/liberchem.com\\\/\"},{\"@type\":\"ListItem\",\"position\":2,\"name\":\"Produits\",\"item\":\"https:\\\/\\\/liberchem.com\\\/produits\\\/\"},{\"@type\":\"ListItem\",\"position\":3,\"name\":\"ACID PEROXY SAN\"}]},{\"@type\":\"WebSite\",\"@id\":\"https:\\\/\\\/liberchem.com\\\/#website\",\"url\":\"https:\\\/\\\/liberchem.com\\\/\",\"name\":\"Liberchem\",\"description\":\"Entreprise de produits chimiques\",\"potentialAction\":[{\"@type\":\"SearchAction\",\"target\":{\"@type\":\"EntryPoint\",\"urlTemplate\":\"https:\\\/\\\/liberchem.com\\\/?s={search_term_string}\"},\"query-input\":{\"@type\":\"PropertyValueSpecification\",\"valueRequired\":true,\"valueName\":\"search_term_string\"}}],\"inLanguage\":\"en-CA\"}]}<\/script>\n<!-- \/ Yoast SEO plugin. -->","yoast_head_json":{"title":"ACID PEROXY SAN - Liberchem","description":"D\u00e9couvrez notre acide assainissante con\u00e7u pour nettoyer les \u00e9quipements laitiers. Acide \u00e0 base d\u2019acide sulfurique et peroxyde d\u2019hydrog\u00e8ne","robots":{"index":"index","follow":"follow","max-snippet":"max-snippet:-1","max-image-preview":"max-image-preview:large","max-video-preview":"max-video-preview:-1"},"canonical":"https:\/\/liberchem.com\/en\/products\/acid-peroxy-san\/","og_locale":"en_US","og_type":"article","og_title":"ACID PEROXY SAN - Liberchem","og_description":"D\u00e9couvrez notre acide assainissante con\u00e7u pour nettoyer les \u00e9quipements laitiers. Acide \u00e0 base d\u2019acide sulfurique et peroxyde d\u2019hydrog\u00e8ne","og_url":"https:\/\/liberchem.com\/en\/products\/acid-peroxy-san\/","og_site_name":"Liberchem","article_modified_time":"2026-03-05T16:20:25+00:00","og_image":[{"width":1100,"height":1422,"url":"https:\/\/liberchem.com\/wp-content\/uploads\/Acide-peroxy-san_20L.jpg","type":"image\/jpeg"}],"twitter_card":"summary_large_image","twitter_misc":{"Est. reading time":"1 minute"},"schema":{"@context":"https:\/\/schema.org","@graph":[{"@type":"WebPage","@id":"https:\/\/liberchem.com\/produits\/acid-peroxy-san\/","url":"https:\/\/liberchem.com\/produits\/acid-peroxy-san\/","name":"ACID PEROXY SAN - Liberchem","isPartOf":{"@id":"https:\/\/liberchem.com\/#website"},"primaryImageOfPage":{"@id":"https:\/\/liberchem.com\/produits\/acid-peroxy-san\/#primaryimage"},"image":{"@id":"https:\/\/liberchem.com\/produits\/acid-peroxy-san\/#primaryimage"},"thumbnailUrl":"https:\/\/liberchem.com\/wp-content\/uploads\/Acide-peroxy-san_20L.jpg","datePublished":"2026-03-05T16:07:42+00:00","dateModified":"2026-03-05T16:20:25+00:00","description":"D\u00e9couvrez notre acide assainissante con\u00e7u pour nettoyer les \u00e9quipements laitiers. Acide \u00e0 base d\u2019acide sulfurique et peroxyde d\u2019hydrog\u00e8ne","breadcrumb":{"@id":"https:\/\/liberchem.com\/produits\/acid-peroxy-san\/#breadcrumb"},"inLanguage":"en-CA","potentialAction":[{"@type":"ReadAction","target":["https:\/\/liberchem.com\/produits\/acid-peroxy-san\/"]}]},{"@type":"ImageObject","inLanguage":"en-CA","@id":"https:\/\/liberchem.com\/produits\/acid-peroxy-san\/#primaryimage","url":"https:\/\/liberchem.com\/wp-content\/uploads\/Acide-peroxy-san_20L.jpg","contentUrl":"https:\/\/liberchem.com\/wp-content\/uploads\/Acide-peroxy-san_20L.jpg","width":1100,"height":1422},{"@type":"BreadcrumbList","@id":"https:\/\/liberchem.com\/produits\/acid-peroxy-san\/#breadcrumb","itemListElement":[{"@type":"ListItem","position":1,"name":"Accueil","item":"https:\/\/liberchem.com\/"},{"@type":"ListItem","position":2,"name":"Produits","item":"https:\/\/liberchem.com\/produits\/"},{"@type":"ListItem","position":3,"name":"ACID PEROXY SAN"}]},{"@type":"WebSite","@id":"https:\/\/liberchem.com\/#website","url":"https:\/\/liberchem.com\/","name":"Liberchem","description":"Chemical company","potentialAction":[{"@type":"SearchAction","target":{"@type":"EntryPoint","urlTemplate":"https:\/\/liberchem.com\/?s={search_term_string}"},"query-input":{"@type":"PropertyValueSpecification","valueRequired":true,"valueName":"search_term_string"}}],"inLanguage":"en-CA"}]}},"_links":{"self":[{"href":"https:\/\/liberchem.com\/en\/wp-json\/wp\/v2\/product\/114613","targetHints":{"allow":["GET"]}}],"collection":[{"href":"https:\/\/liberchem.com\/en\/wp-json\/wp\/v2\/product"}],"about":[{"href":"https:\/\/liberchem.com\/en\/wp-json\/wp\/v2\/types\/product"}],"wp:featuredmedia":[{"embeddable":true,"href":"https:\/\/liberchem.com\/en\/wp-json\/wp\/v2\/media\/114611"}],"wp:attachment":[{"href":"https:\/\/liberchem.com\/en\/wp-json\/wp\/v2\/media?parent=114613"}],"wp:term":[{"taxonomy":"product_brand","embeddable":true,"href":"https:\/\/liberchem.com\/en\/wp-json\/wp\/v2\/product_brand?post=114613"},{"taxonomy":"product_cat","embeddable":true,"href":"https:\/\/liberchem.com\/en\/wp-json\/wp\/v2\/product_cat?post=114613"},{"taxonomy":"product_tag","embeddable":true,"href":"https:\/\/liberchem.com\/en\/wp-json\/wp\/v2\/product_tag?post=114613"}],"curies":[{"name":"wp","href":"https:\/\/api.w.org\/{rel}","templated":true}]}}