{"id":114766,"date":"2026-05-04T11:14:29","date_gmt":"2026-05-04T15:14:29","guid":{"rendered":"https:\/\/liberchem.com\/?post_type=product&#038;p=114766"},"modified":"2026-05-04T11:25:15","modified_gmt":"2026-05-04T15:25:15","slug":"aci-peroxeur","status":"publish","type":"product","link":"https:\/\/liberchem.com\/en\/produits\/aci-peroxeur\/","title":{"rendered":"ACI PEROXEUR"},"content":{"rendered":"","protected":false},"excerpt":{"rendered":"<p class=\"p1\"><span class=\"a_GcMg font-feature-liga-off font-feature-clig-off font-feature-calt-off text-decoration-none text-strikethrough-none\">ACI PEROXEUR est con\u00e7u pour l\u2019assainissement et le nettoyage des \u00e9quipements laitiers. Solution d\u2019assainissant pour r\u00e9servoir et C.I.P. \u00e0 base d&rsquo;acide perac\u00e9tique (acide peroxyac\u00e9tique + peroxyde d&rsquo;hydrog\u00e8ne) offre un pouvoir oxydant encore plus puissant que le chlore ou le dioxyde de chlore. Il r\u00e9duit consid\u00e9rablement le nombre de bact\u00e9ries dans le syst\u00e8me de traite. Efficace dans une eau dont la duret\u00e9 peut atteindre 400 ppm (environ 23 grains).<\/span><\/p>","protected":false},"featured_media":114621,"template":"","meta":{"_acf_changed":false},"product_brand":[],"product_cat":[138,22],"product_tag":[155,159,158,141,191,167],"class_list":{"0":"post-114766","1":"product","2":"type-product","3":"status-publish","4":"has-post-thumbnail","6":"product_cat-ferme-laitiere","7":"product_cat-produits-specialises","8":"product_tag-concentre","9":"product_tag-depot-manganese-et-mineraux","10":"product_tag-eau-dure","11":"product_tag-economique","12":"product_tag-ferme-traditionnel","13":"product_tag-produit-ecologique","14":"pa_categorie-peroxyde","15":"pa_format-1040l","16":"pa_format-200l","17":"pa_format-20l","18":"pa_format-55l","20":"first","21":"instock","22":"taxable","23":"shipping-taxable","24":"purchasable","25":"product-type-variable"},"acf":[],"yoast_head":"<!-- This site is optimized with the Yoast SEO plugin v27.5 - https:\/\/yoast.com\/product\/yoast-seo-wordpress\/ -->\n<title>ACI PEROXEUR - Liberchem<\/title>\n<meta name=\"description\" content=\"PEROXEUR est un assainisseur \u00e9cologique pour \u00e9quipements laitiers, remplace le chlore et am\u00e9liore la qualit\u00e9 des fumiers sans r\u00e9sidus.\" \/>\n<meta name=\"robots\" content=\"index, follow, max-snippet:-1, max-image-preview:large, max-video-preview:-1\" \/>\n<link rel=\"canonical\" href=\"https:\/\/liberchem.com\/en\/products\/aci-peroxeur\/\" \/>\n<meta property=\"og:locale\" content=\"en_US\" \/>\n<meta property=\"og:type\" content=\"article\" \/>\n<meta property=\"og:title\" content=\"ACI PEROXEUR - Liberchem\" \/>\n<meta property=\"og:description\" content=\"PEROXEUR est un assainisseur \u00e9cologique pour \u00e9quipements laitiers, remplace le chlore et am\u00e9liore la qualit\u00e9 des fumiers sans r\u00e9sidus.\" \/>\n<meta property=\"og:url\" content=\"https:\/\/liberchem.com\/en\/products\/aci-peroxeur\/\" \/>\n<meta property=\"og:site_name\" content=\"Liberchem\" \/>\n<meta property=\"article:modified_time\" content=\"2026-05-04T15:25:15+00:00\" \/>\n<meta property=\"og:image\" content=\"https:\/\/liberchem.com\/wp-content\/uploads\/Aci-Peroxeur_20L.jpg\" \/>\n\t<meta property=\"og:image:width\" content=\"1100\" \/>\n\t<meta property=\"og:image:height\" content=\"1422\" \/>\n\t<meta property=\"og:image:type\" content=\"image\/jpeg\" \/>\n<meta name=\"twitter:card\" content=\"summary_large_image\" \/>\n<meta name=\"twitter:label1\" content=\"Est. reading time\" \/>\n\t<meta name=\"twitter:data1\" content=\"1 minute\" \/>\n<script type=\"application\/ld+json\" class=\"yoast-schema-graph\">{\"@context\":\"https:\\\/\\\/schema.org\",\"@graph\":[{\"@type\":\"WebPage\",\"@id\":\"https:\\\/\\\/liberchem.com\\\/produits\\\/aci-peroxeur\\\/\",\"url\":\"https:\\\/\\\/liberchem.com\\\/produits\\\/aci-peroxeur\\\/\",\"name\":\"ACI PEROXEUR - Liberchem\",\"isPartOf\":{\"@id\":\"https:\\\/\\\/liberchem.com\\\/#website\"},\"primaryImageOfPage\":{\"@id\":\"https:\\\/\\\/liberchem.com\\\/produits\\\/aci-peroxeur\\\/#primaryimage\"},\"image\":{\"@id\":\"https:\\\/\\\/liberchem.com\\\/produits\\\/aci-peroxeur\\\/#primaryimage\"},\"thumbnailUrl\":\"https:\\\/\\\/liberchem.com\\\/wp-content\\\/uploads\\\/Aci-Peroxeur_20L.jpg\",\"datePublished\":\"2026-05-04T15:14:29+00:00\",\"dateModified\":\"2026-05-04T15:25:15+00:00\",\"description\":\"PEROXEUR est un assainisseur \u00e9cologique pour \u00e9quipements laitiers, remplace le chlore et am\u00e9liore la qualit\u00e9 des fumiers sans r\u00e9sidus.\",\"breadcrumb\":{\"@id\":\"https:\\\/\\\/liberchem.com\\\/produits\\\/aci-peroxeur\\\/#breadcrumb\"},\"inLanguage\":\"en-CA\",\"potentialAction\":[{\"@type\":\"ReadAction\",\"target\":[\"https:\\\/\\\/liberchem.com\\\/produits\\\/aci-peroxeur\\\/\"]}]},{\"@type\":\"ImageObject\",\"inLanguage\":\"en-CA\",\"@id\":\"https:\\\/\\\/liberchem.com\\\/produits\\\/aci-peroxeur\\\/#primaryimage\",\"url\":\"https:\\\/\\\/liberchem.com\\\/wp-content\\\/uploads\\\/Aci-Peroxeur_20L.jpg\",\"contentUrl\":\"https:\\\/\\\/liberchem.com\\\/wp-content\\\/uploads\\\/Aci-Peroxeur_20L.jpg\",\"width\":1100,\"height\":1422},{\"@type\":\"BreadcrumbList\",\"@id\":\"https:\\\/\\\/liberchem.com\\\/produits\\\/aci-peroxeur\\\/#breadcrumb\",\"itemListElement\":[{\"@type\":\"ListItem\",\"position\":1,\"name\":\"Accueil\",\"item\":\"https:\\\/\\\/liberchem.com\\\/\"},{\"@type\":\"ListItem\",\"position\":2,\"name\":\"Produits\",\"item\":\"https:\\\/\\\/liberchem.com\\\/produits\\\/\"},{\"@type\":\"ListItem\",\"position\":3,\"name\":\"ACI PEROXEUR\"}]},{\"@type\":\"WebSite\",\"@id\":\"https:\\\/\\\/liberchem.com\\\/#website\",\"url\":\"https:\\\/\\\/liberchem.com\\\/\",\"name\":\"Liberchem\",\"description\":\"Entreprise de produits chimiques\",\"potentialAction\":[{\"@type\":\"SearchAction\",\"target\":{\"@type\":\"EntryPoint\",\"urlTemplate\":\"https:\\\/\\\/liberchem.com\\\/?s={search_term_string}\"},\"query-input\":{\"@type\":\"PropertyValueSpecification\",\"valueRequired\":true,\"valueName\":\"search_term_string\"}}],\"inLanguage\":\"en-CA\"}]}<\/script>\n<!-- \/ Yoast SEO plugin. -->","yoast_head_json":{"title":"ACI PEROXEUR - Liberchem","description":"PEROXEUR is an ecological sanitizer for dairy equipment, replaces chlorine and improves the quality of manure without residue.","robots":{"index":"index","follow":"follow","max-snippet":"max-snippet:-1","max-image-preview":"max-image-preview:large","max-video-preview":"max-video-preview:-1"},"canonical":"https:\/\/liberchem.com\/en\/products\/aci-peroxeur\/","og_locale":"en_US","og_type":"article","og_title":"ACI PEROXEUR - Liberchem","og_description":"PEROXEUR est un assainisseur \u00e9cologique pour \u00e9quipements laitiers, remplace le chlore et am\u00e9liore la qualit\u00e9 des fumiers sans r\u00e9sidus.","og_url":"https:\/\/liberchem.com\/en\/products\/aci-peroxeur\/","og_site_name":"Liberchem","article_modified_time":"2026-05-04T15:25:15+00:00","og_image":[{"width":1100,"height":1422,"url":"https:\/\/liberchem.com\/wp-content\/uploads\/Aci-Peroxeur_20L.jpg","type":"image\/jpeg"}],"twitter_card":"summary_large_image","twitter_misc":{"Est. reading time":"1 minute"},"schema":{"@context":"https:\/\/schema.org","@graph":[{"@type":"WebPage","@id":"https:\/\/liberchem.com\/produits\/aci-peroxeur\/","url":"https:\/\/liberchem.com\/produits\/aci-peroxeur\/","name":"ACI PEROXEUR - Liberchem","isPartOf":{"@id":"https:\/\/liberchem.com\/#website"},"primaryImageOfPage":{"@id":"https:\/\/liberchem.com\/produits\/aci-peroxeur\/#primaryimage"},"image":{"@id":"https:\/\/liberchem.com\/produits\/aci-peroxeur\/#primaryimage"},"thumbnailUrl":"https:\/\/liberchem.com\/wp-content\/uploads\/Aci-Peroxeur_20L.jpg","datePublished":"2026-05-04T15:14:29+00:00","dateModified":"2026-05-04T15:25:15+00:00","description":"PEROXEUR is an ecological sanitizer for dairy equipment, replaces chlorine and improves the quality of manure without residue.","breadcrumb":{"@id":"https:\/\/liberchem.com\/produits\/aci-peroxeur\/#breadcrumb"},"inLanguage":"en-CA","potentialAction":[{"@type":"ReadAction","target":["https:\/\/liberchem.com\/produits\/aci-peroxeur\/"]}]},{"@type":"ImageObject","inLanguage":"en-CA","@id":"https:\/\/liberchem.com\/produits\/aci-peroxeur\/#primaryimage","url":"https:\/\/liberchem.com\/wp-content\/uploads\/Aci-Peroxeur_20L.jpg","contentUrl":"https:\/\/liberchem.com\/wp-content\/uploads\/Aci-Peroxeur_20L.jpg","width":1100,"height":1422},{"@type":"BreadcrumbList","@id":"https:\/\/liberchem.com\/produits\/aci-peroxeur\/#breadcrumb","itemListElement":[{"@type":"ListItem","position":1,"name":"Accueil","item":"https:\/\/liberchem.com\/"},{"@type":"ListItem","position":2,"name":"Produits","item":"https:\/\/liberchem.com\/produits\/"},{"@type":"ListItem","position":3,"name":"ACI PEROXEUR"}]},{"@type":"WebSite","@id":"https:\/\/liberchem.com\/#website","url":"https:\/\/liberchem.com\/","name":"Liberchem","description":"Chemical company","potentialAction":[{"@type":"SearchAction","target":{"@type":"EntryPoint","urlTemplate":"https:\/\/liberchem.com\/?s={search_term_string}"},"query-input":{"@type":"PropertyValueSpecification","valueRequired":true,"valueName":"search_term_string"}}],"inLanguage":"en-CA"}]}},"_links":{"self":[{"href":"https:\/\/liberchem.com\/en\/wp-json\/wp\/v2\/product\/114766","targetHints":{"allow":["GET"]}}],"collection":[{"href":"https:\/\/liberchem.com\/en\/wp-json\/wp\/v2\/product"}],"about":[{"href":"https:\/\/liberchem.com\/en\/wp-json\/wp\/v2\/types\/product"}],"wp:featuredmedia":[{"embeddable":true,"href":"https:\/\/liberchem.com\/en\/wp-json\/wp\/v2\/media\/114621"}],"wp:attachment":[{"href":"https:\/\/liberchem.com\/en\/wp-json\/wp\/v2\/media?parent=114766"}],"wp:term":[{"taxonomy":"product_brand","embeddable":true,"href":"https:\/\/liberchem.com\/en\/wp-json\/wp\/v2\/product_brand?post=114766"},{"taxonomy":"product_cat","embeddable":true,"href":"https:\/\/liberchem.com\/en\/wp-json\/wp\/v2\/product_cat?post=114766"},{"taxonomy":"product_tag","embeddable":true,"href":"https:\/\/liberchem.com\/en\/wp-json\/wp\/v2\/product_tag?post=114766"}],"curies":[{"name":"wp","href":"https:\/\/api.w.org\/{rel}","templated":true}]}}